{"id":6164,"date":"2023-12-29T09:55:00","date_gmt":"2023-12-29T09:55:00","guid":{"rendered":"https:\/\/broadbent.bnodeltd.co.uk\/unsere-geschichte\/"},"modified":"2025-04-30T12:05:59","modified_gmt":"2025-04-30T11:05:59","slug":"unsere-geschichte","status":"publish","type":"page","link":"https:\/\/broadbent.co.uk\/de\/unsere-geschichte\/","title":{"rendered":"Unsere Geschichte"},"content":{"rendered":"","protected":false},"excerpt":{"rendered":"","protected":false},"author":1,"featured_media":0,"parent":0,"menu_order":0,"comment_status":"closed","ping_status":"closed","template":"","meta":{"_acf_changed":false,"footnotes":""},"class_list":["post-6164","page","type-page","status-publish","hentry"],"acf":{"content":[{"acf_fc_layout":"heading_block","id":"","slide":[{"background":"dark","title_heading":"h3","title":"Thomas Broadbents Gegr\u00fcndet 1864 - 160 Jahre und mehr","title_font_size":"gro\u00df","title_text_align":"centre","show_content":"","content":"","content_align":"left","show_background_image":"","background_image":null,"show_divider":"","text_below":{"show_text_below":"","show_buttons":"","buttons":null,"button_align":"left","text_columns":null},"vertical_align":"top"}]},{"acf_fc_layout":"timeline_block","event":[{"year":"1864","title":"Im Alter von 31 Jahren","subtitle":"","description":"Thomas Broadbent macht sich in einer bescheidenen Werkstatt in Huddersfield, West Yorkshire, als Ingenieur und M\u00fchlenbauer selbstst\u00e4ndig.","image":4983,"alignment":"left"},{"year":"1870","title":"1. Zentrifuge","subtitle":"","description":"Thomas Broadbent stellt seine erste Zentrifuge f\u00fcr die Extraktion von Wasser aus gewaschener Wolle und Stoff her.","image":5003,"alignment":"right"},{"year":"1874","title":"Dampfmaschinen","subtitle":"","description":"Gro\u00dfe Dampfmaschinen f\u00fcr den Antrieb von Textilfabriken.","image":4988,"alignment":"left"},{"year":"1875","title":"1. dampfbetriebener Hydro-Extraktor.","subtitle":"","description":"Die Krone erteilt Thomas ein Patent f\u00fcr den ersten dampfbetriebenen Hydro-Extraktor.","image":4993,"alignment":"right"},{"year":"1880","title":"Thomas Broadbent stirbt","subtitle":"","description":"Thomas stirbt im Alter von 47 Jahren. Seine Frau Ellen f\u00fchrt das Gesch\u00e4ft erfolgreich allein weiter, bis ihre S\u00f6hne William und Horace es \u00fcbernehmen k\u00f6nnen. ","image":5083,"alignment":"left"},{"year":"1888 - 1889","title":"Ausstellung in Melbourne","subtitle":"","description":"Horace Broadbent besucht die internationale Ausstellung zur Hundertjahrfeier in Melbourne.","image":4998,"alignment":"right"},{"year":"1895","title":"Thomas Broadbent & S\u00f6hne Ltd.","subtitle":"","description":"Das Unternehmen ist offiziell als Thomas Broadbent & Sons Ltd. registriert. Das Unternehmen stellt die erste elektrisch betriebene Zentrifugenextraktionsmaschine her und verkauft die ersten Zuckerzentrifugen.","image":5008,"alignment":"left"},{"year":"1901","title":"Eine neue Maschine vom Typ 4","subtitle":"","description":"Ein innovativer neuer Maschinentyp 4 mit Zentrifugalkupplungen (der Vorl\u00e4ufer vieler heute noch verwendeter Antriebskupplungen) wird von Horace Broadbent patentiert.","image":5013,"alignment":"right"},{"year":"1914 - 1945","title":"Unterst\u00fctzung f\u00fcr den Zweiten Weltkrieg","subtitle":"","description":"Broadbent stellte Zentrifugen f\u00fcr die Produktion von Sprengstoffen und Chemikalien her. Mit einer qualifizierten Belegschaft von 500 Mitarbeitern wurde das Unternehmen auch beauftragt, die Kriegsanstrengungen durch die Herstellung von Munitionsaufz\u00fcgen und U-Booten zu unterst\u00fctzen. ","image":5018,"alignment":"left"},{"year":"1930 - 1932","title":"Zentrifugen f\u00fcr die W\u00e4schereiindustrie","subtitle":"","description":"Die ersten Zentrifugen f\u00fcr die W\u00e4scherei- und chemische Reinigungsindustrie werden eingef\u00fchrt. Der erste Extraktor Gro\u00dfbritanniens wird in der chemischen Reinigungsindustrie eingef\u00fchrt - der Bantam 7LB. ","image":5023,"alignment":"right"},{"year":"1937","title":"Eine neue untermotorisierte Zentrifuge","subtitle":"","description":"Broadbent installiert die erste untergetriebene Zentrifuge f\u00fcr die Textilindustrie - die 36\" Jelly Belly 39. Eine neue Generation von Zentrifugen mit Unterantrieb, die die Effizienz in der Textilindustrie verbessern sollte. ","image":5028,"alignment":"left"},{"year":"1939 - 1945","title":"Der Haupthersteller des X-craft  ","subtitle":"","description":"Broadbent war der Haupthersteller der kleinen einmotorigen seeg\u00e4ngigen U-Boote X-craft.\n\n4000 Black Bombard leichte Bombenwerfer.\n\n2490 2-Pf\u00fcnder MK10 Panzerabwehrkanonen pro Monat produziert","image":5033,"alignment":"right"},{"year":"1948","title":"Mobil montierte W\u00e4scherei","subtitle":"","description":"Der erste gefederte Hochgeschwindigkeits-Waschschleuderer wurde hergestellt.","image":5038,"alignment":"left"},{"year":"1959","title":"Vollst\u00e4ndig automatisiert","subtitle":"","description":"Vollautomatische F\u00fctterungs- und Pflugmaschinen.","image":5073,"alignment":"right"},{"year":"1960 - 1970","title":"JBW horizontale Trommeln installiert","subtitle":"","description":"JBW horizontale Trommelwaschmaschinen, die in den meisten kommerziellen W\u00e4schereien installiert sind.","image":5078,"alignment":"left"},{"year":"1964","title":"Eine Einladung zum hundertsten Geburtstag","subtitle":"","description":"Broadbent's feiert sein hundertj\u00e4hriges Bestehen, indem es seine Mitarbeiter zu einer Zugfahrt an die Ostk\u00fcste einl\u00e4dt.","image":5048,"alignment":"right"},{"year":"1980 - 1990","title":"Partnerschaften mit Herstellern","subtitle":"","description":"Partnerschaft mit sorgf\u00e4ltig ausgew\u00e4hlten Herstellern, um ein komplettes Angebot an Anlagen und Ausr\u00fcstung f\u00fcr den W\u00e4schereisektor anbieten zu k\u00f6nnen.","image":5053,"alignment":"left"},{"year":"1990","title":"Geo-Tech","subtitle":"","description":"Forschung und Produktion von geotechnischen Zentrifugalbalken.","image":5058,"alignment":"right"},{"year":"2000's","title":"Kapazit\u00e4ten bis zu 60 T\/H","subtitle":"","description":"Die Kapazit\u00e4ten der Batch-Zentrifugen f\u00fcr Zucker erreichen bis zu 60 Tonnen pro Stunde.","image":5063,"alignment":"left"},{"year":"2010 - 2020","title":"Globale Expansion","subtitle":"","description":"Globale Expansion in die USA, Thailand, China und Indien.","image":5068,"alignment":"right"}]},{"acf_fc_layout":"video","id":"","embed_code":"<iframe src=\"https:\/\/player.vimeo.com\/video\/1075612571?h=a59a2f5423\" width=\"640\" height=\"360\" frameborder=\"0\" allow=\"autoplay; fullscreen; picture-in-picture\" allowfullscreen><\/iframe>"}]},"yoast_head":"<!-- This site is optimized with the Yoast SEO plugin v27.4 - https:\/\/yoast.com\/product\/yoast-seo-wordpress\/ -->\n<title>- Broadbent<\/title>\n<meta name=\"description\" content=\"Broadbent - Unsere Geschichte: die Geschichte von Broadbent, einschlie\u00dflich einer Zeitleiste. Thomas Broadbent gr\u00fcndete das Unternehmen 1864 im Alter von 31 Jahren in Huddersfield.\" \/>\n<meta name=\"robots\" content=\"index, follow, max-snippet:-1, max-image-preview:large, max-video-preview:-1\" \/>\n<link rel=\"canonical\" href=\"https:\/\/broadbent.co.uk\/our-story\/\" \/>\n<meta property=\"og:locale\" content=\"de_DE\" \/>\n<meta property=\"og:type\" content=\"article\" \/>\n<meta property=\"og:title\" content=\"- Broadbent\" \/>\n<meta property=\"og:description\" content=\"Broadbent - Unsere Geschichte: die Geschichte von Broadbent, einschlie\u00dflich einer Zeitleiste. Thomas Broadbent gr\u00fcndete das Unternehmen 1864 im Alter von 31 Jahren in Huddersfield.\" \/>\n<meta property=\"og:url\" content=\"https:\/\/broadbent.co.uk\/our-story\/\" \/>\n<meta property=\"og:site_name\" content=\"Broadbent\" \/>\n<meta property=\"article:modified_time\" content=\"2025-04-30T11:05:59+00:00\" \/>\n<meta property=\"og:image\" content=\"https:\/\/broadbent.co.uk\/wp-content\/uploads\/2023\/12\/logo-broadbent.jpg\" \/>\n\t<meta property=\"og:image:width\" content=\"973\" \/>\n\t<meta property=\"og:image:height\" content=\"345\" \/>\n\t<meta property=\"og:image:type\" content=\"image\/jpeg\" \/>\n<meta name=\"twitter:card\" content=\"summary_large_image\" \/>\n<script type=\"application\/ld+json\" class=\"yoast-schema-graph\">{\"@context\":\"https:\\\/\\\/schema.org\",\"@graph\":[{\"@type\":\"WebPage\",\"@id\":\"https:\\\/\\\/broadbent.co.uk\\\/our-story\\\/\",\"url\":\"https:\\\/\\\/broadbent.co.uk\\\/our-story\\\/\",\"name\":\"- Broadbent\",\"isPartOf\":{\"@id\":\"https:\\\/\\\/broadbent.co.uk\\\/#website\"},\"datePublished\":\"2023-12-29T09:55:00+00:00\",\"dateModified\":\"2025-04-30T11:05:59+00:00\",\"description\":\"Broadbent - Unsere Geschichte: die Geschichte von Broadbent, einschlie\u00dflich einer Zeitleiste. Thomas Broadbent gr\u00fcndete das Unternehmen 1864 im Alter von 31 Jahren in Huddersfield.\",\"breadcrumb\":{\"@id\":\"https:\\\/\\\/broadbent.co.uk\\\/our-story\\\/#breadcrumb\"},\"inLanguage\":\"de\",\"potentialAction\":[{\"@type\":\"ReadAction\",\"target\":[\"https:\\\/\\\/broadbent.co.uk\\\/our-story\\\/\"]}]},{\"@type\":\"BreadcrumbList\",\"@id\":\"https:\\\/\\\/broadbent.co.uk\\\/our-story\\\/#breadcrumb\",\"itemListElement\":[{\"@type\":\"ListItem\",\"position\":1,\"name\":\"Home\",\"item\":\"https:\\\/\\\/broadbent.co.uk\\\/de\\\/\"},{\"@type\":\"ListItem\",\"position\":2,\"name\":\"Unsere Geschichte\"}]},{\"@type\":\"WebSite\",\"@id\":\"https:\\\/\\\/broadbent.co.uk\\\/#website\",\"url\":\"https:\\\/\\\/broadbent.co.uk\\\/\",\"name\":\"Broadbent\",\"description\":\"Thomas Broadbent - Centrifugal machines\",\"publisher\":{\"@id\":\"https:\\\/\\\/broadbent.co.uk\\\/#organization\"},\"alternateName\":\"Thomas Broadbent\",\"potentialAction\":[{\"@type\":\"SearchAction\",\"target\":{\"@type\":\"EntryPoint\",\"urlTemplate\":\"https:\\\/\\\/broadbent.co.uk\\\/?s={search_term_string}\"},\"query-input\":{\"@type\":\"PropertyValueSpecification\",\"valueRequired\":true,\"valueName\":\"search_term_string\"}}],\"inLanguage\":\"de\"},{\"@type\":\"Organization\",\"@id\":\"https:\\\/\\\/broadbent.co.uk\\\/#organization\",\"name\":\"Thomas Broadbent & Sons Ltd\",\"alternateName\":\"Broadbent\",\"url\":\"https:\\\/\\\/broadbent.co.uk\\\/\",\"logo\":{\"@type\":\"ImageObject\",\"inLanguage\":\"de\",\"@id\":\"https:\\\/\\\/broadbent.co.uk\\\/#\\\/schema\\\/logo\\\/image\\\/\",\"url\":\"https:\\\/\\\/broadbent.co.uk\\\/wp-content\\\/uploads\\\/2024\\\/09\\\/LogoLogoWorld-400x250-1.jpg\",\"contentUrl\":\"https:\\\/\\\/broadbent.co.uk\\\/wp-content\\\/uploads\\\/2024\\\/09\\\/LogoLogoWorld-400x250-1.jpg\",\"width\":400,\"height\":250,\"caption\":\"Thomas Broadbent & Sons Ltd\"},\"image\":{\"@id\":\"https:\\\/\\\/broadbent.co.uk\\\/#\\\/schema\\\/logo\\\/image\\\/\"},\"sameAs\":[\"https:\\\/\\\/www.linkedin.com\\\/company\\\/broadbent-centrifuges\\\/posts\\\/?feedView=all\"]}]}<\/script>\n<!-- \/ Yoast SEO plugin. -->","yoast_head_json":{"title":"- Broadbent","description":"Broadbent - Unsere Geschichte: die Geschichte von Broadbent, einschlie\u00dflich einer Zeitleiste. Thomas Broadbent gr\u00fcndete das Unternehmen 1864 im Alter von 31 Jahren in Huddersfield.","robots":{"index":"index","follow":"follow","max-snippet":"max-snippet:-1","max-image-preview":"max-image-preview:large","max-video-preview":"max-video-preview:-1"},"canonical":"https:\/\/broadbent.co.uk\/our-story\/","og_locale":"de_DE","og_type":"article","og_title":"- Broadbent","og_description":"Broadbent - Unsere Geschichte: die Geschichte von Broadbent, einschlie\u00dflich einer Zeitleiste. Thomas Broadbent gr\u00fcndete das Unternehmen 1864 im Alter von 31 Jahren in Huddersfield.","og_url":"https:\/\/broadbent.co.uk\/our-story\/","og_site_name":"Broadbent","article_modified_time":"2025-04-30T11:05:59+00:00","og_image":[{"width":973,"height":345,"url":"https:\/\/broadbent.co.uk\/wp-content\/uploads\/2023\/12\/logo-broadbent.jpg","type":"image\/jpeg"}],"twitter_card":"summary_large_image","schema":{"@context":"https:\/\/schema.org","@graph":[{"@type":"WebPage","@id":"https:\/\/broadbent.co.uk\/our-story\/","url":"https:\/\/broadbent.co.uk\/our-story\/","name":"- Broadbent","isPartOf":{"@id":"https:\/\/broadbent.co.uk\/#website"},"datePublished":"2023-12-29T09:55:00+00:00","dateModified":"2025-04-30T11:05:59+00:00","description":"Broadbent - Unsere Geschichte: die Geschichte von Broadbent, einschlie\u00dflich einer Zeitleiste. Thomas Broadbent gr\u00fcndete das Unternehmen 1864 im Alter von 31 Jahren in Huddersfield.","breadcrumb":{"@id":"https:\/\/broadbent.co.uk\/our-story\/#breadcrumb"},"inLanguage":"de","potentialAction":[{"@type":"ReadAction","target":["https:\/\/broadbent.co.uk\/our-story\/"]}]},{"@type":"BreadcrumbList","@id":"https:\/\/broadbent.co.uk\/our-story\/#breadcrumb","itemListElement":[{"@type":"ListItem","position":1,"name":"Home","item":"https:\/\/broadbent.co.uk\/de\/"},{"@type":"ListItem","position":2,"name":"Unsere Geschichte"}]},{"@type":"WebSite","@id":"https:\/\/broadbent.co.uk\/#website","url":"https:\/\/broadbent.co.uk\/","name":"Broadbent","description":"Thomas Broadbent - Centrifugal machines","publisher":{"@id":"https:\/\/broadbent.co.uk\/#organization"},"alternateName":"Thomas Broadbent","potentialAction":[{"@type":"SearchAction","target":{"@type":"EntryPoint","urlTemplate":"https:\/\/broadbent.co.uk\/?s={search_term_string}"},"query-input":{"@type":"PropertyValueSpecification","valueRequired":true,"valueName":"search_term_string"}}],"inLanguage":"de"},{"@type":"Organization","@id":"https:\/\/broadbent.co.uk\/#organization","name":"Thomas Broadbent & Sons Ltd","alternateName":"Broadbent","url":"https:\/\/broadbent.co.uk\/","logo":{"@type":"ImageObject","inLanguage":"de","@id":"https:\/\/broadbent.co.uk\/#\/schema\/logo\/image\/","url":"https:\/\/broadbent.co.uk\/wp-content\/uploads\/2024\/09\/LogoLogoWorld-400x250-1.jpg","contentUrl":"https:\/\/broadbent.co.uk\/wp-content\/uploads\/2024\/09\/LogoLogoWorld-400x250-1.jpg","width":400,"height":250,"caption":"Thomas Broadbent & Sons Ltd"},"image":{"@id":"https:\/\/broadbent.co.uk\/#\/schema\/logo\/image\/"},"sameAs":["https:\/\/www.linkedin.com\/company\/broadbent-centrifuges\/posts\/?feedView=all"]}]}},"_links":{"self":[{"href":"https:\/\/broadbent.co.uk\/de\/wp-json\/wp\/v2\/pages\/6164","targetHints":{"allow":["GET"]}}],"collection":[{"href":"https:\/\/broadbent.co.uk\/de\/wp-json\/wp\/v2\/pages"}],"about":[{"href":"https:\/\/broadbent.co.uk\/de\/wp-json\/wp\/v2\/types\/page"}],"author":[{"embeddable":true,"href":"https:\/\/broadbent.co.uk\/de\/wp-json\/wp\/v2\/users\/1"}],"replies":[{"embeddable":true,"href":"https:\/\/broadbent.co.uk\/de\/wp-json\/wp\/v2\/comments?post=6164"}],"version-history":[{"count":2,"href":"https:\/\/broadbent.co.uk\/de\/wp-json\/wp\/v2\/pages\/6164\/revisions"}],"predecessor-version":[{"id":6310,"href":"https:\/\/broadbent.co.uk\/de\/wp-json\/wp\/v2\/pages\/6164\/revisions\/6310"}],"wp:attachment":[{"href":"https:\/\/broadbent.co.uk\/de\/wp-json\/wp\/v2\/media?parent=6164"}],"curies":[{"name":"wp","href":"https:\/\/api.w.org\/{rel}","templated":true}]}}