{"id":6165,"date":"2023-12-29T10:00:00","date_gmt":"2023-12-29T10:00:00","guid":{"rendered":"https:\/\/broadbent.bnodeltd.co.uk\/kontaktieren-sie-uns\/"},"modified":"2025-08-14T11:38:53","modified_gmt":"2025-08-14T10:38:53","slug":"kontaktieren-sie-uns","status":"publish","type":"page","link":"https:\/\/broadbent.co.uk\/de\/kontaktieren-sie-uns\/","title":{"rendered":"Kontaktieren Sie uns"},"content":{"rendered":"","protected":false},"excerpt":{"rendered":"","protected":false},"author":1,"featured_media":0,"parent":0,"menu_order":0,"comment_status":"closed","ping_status":"closed","template":"","meta":{"_acf_changed":false,"footnotes":""},"class_list":["post-6165","page","type-page","status-publish","hentry"],"acf":{"content":[{"acf_fc_layout":"hero_content_v3","id":"hero","hero-slide-v2":[{"title":"Kontakt Broadbent","text":"Broadbent hat Standorte in Gro\u00dfbritannien, China, Indien, Thailand und den USA. Bitte verwenden Sie das untenstehende Kontaktformular und geben Sie an, ob Sie mit einem unserer Standorte au\u00dferhalb Gro\u00dfbritanniens in Kontakt treten m\u00f6chten. Oder klicken Sie auf die Schaltfl\u00e4che unten, um herauszufinden, wie Sie uns anrufen k\u00f6nnen. ","button":"yes","button_text":"Telefonnummern","button_link":"#telephone","background_image":6053}]},{"acf_fc_layout":"shortcode_content","id":"Contact","background":"dark","show_content_before_rows":["yes"],"title":"Kontakt-Formular","description_to_the_side_of_title":{"show_description":"","description_text":""},"content":"","shortcode":"[contact-form-7 id=\"\" title=\"Kontakt-Formular\"]"},{"acf_fc_layout":"text_and_image_content","id":"telephone","title_heading":"h2","title":"Telefonnummern","content":"\u00a0\r\nB\u00fcro Gro\u00dfbritannien - (UK) <a href=\"tel:+441484477200\">+44 (0)1484 477200<\/a>\r\n\r\nKontaktinformationen f\u00fcr den Dienst au\u00dferhalb der \u00d6ffnungszeiten. (GROSSBRITANNIEN) <a href=\"tel:+447967237170\">+44 (0)7967 237170<\/a> \r\n\r\nF\u00fcr Anrufe nach 19:00 Uhr und vor 07:00 Uhr hinterlassen Sie bitte eine Nachricht. Wir werden Ihren Anruf so schnell wie m\u00f6glich zur\u00fcckrufen. \r\n\r\nWenn wir Ihren Anruf zur\u00fcckrufen, werden Sie um folgende Angaben gebeten:\r\n<ul>\r\n \t<li>Name des Kunden<\/li>\r\n \t<li>Kontaktangaben<\/li>\r\n \t<li>Art des Problems (z.B. Ersatzteile, technische Unterst\u00fctzung oder Anfrage eines Ingenieurs)<\/li>\r\n \t<li>Details zur Maschine<\/li>\r\n \t<li>PO, falls zutreffend.<\/li>\r\n<\/ul>","text_align":"left","add_image":"no","image":null,"image_align":false,"image_width":"w50","background_colour":"none","add_background_image":"no","background_image":null,"button":"no","button_links":null,"remove_padding_top":""},{"acf_fc_layout":"text_and_image_content","id":"ukcontacts","title_heading":"h2","title":"UK Abteilung Direkte Kontakte","content":"\u00a0\r\n<h3>IPD-Abteilung<\/h3>\r\nKontakt-Nummern: <a href=\"tel:07980757632\">07980757632<\/a> \/ <a href=\"tel:01484477292\">01484477292<\/a>\r\nE-Mail Adresse:    <a href=\"mailto:ipd@broadbent.co.uk\">ipd@broadbent.co.uk<\/a>\r\n<h3>Abteilung FEED<\/h3>\r\nKontakt-Nummern: <a href=\"tel:07970431246\">07970431246<\/a> \/ <a href=\"tel:01484477261\">01484477261<\/a>\r\nE-Mail Adresse:    <a href=\"mailto:feed@broadbent.co.uk\">feed@broadbent.co.uk<\/a>\r\n<h3>Abteilung Ersatzteile<\/h3>\r\nKontakt-Nummern: <a href=\"tel:07967237232\">07967237232<\/a> \/ <a href=\"tel:01484477327\">01484477327<\/a>\r\nE-Mail Adresse:    <a href=\"mailto:wmorrison@broadbent.co.uk\">wmorrison@broadbent.co.uk<\/a>\r\n<h3>Abteilung f\u00fcr Reparaturen<\/h3>\r\nKontakt-Nummern: <a href=\"tel:07914539208\">07914539208<\/a> \/ <a href=\"tel:01484477296\">01484477296<\/a>\r\nE-Mail Adresse:    <a href=\"mailto:cbeaumont@broadbent.co.uk\">cbeaumont@broadbent.co.uk<\/a>\r\n<h3>Dienstleistungen vor Ort<\/h3>\r\nKontakt-Nummern: <a href=\"tel:07967238144\">07967238144<\/a> \/ <a href=\"tel:01484477283\">01484477283<\/a>\r\nE-Mail Adresse:    <a href=\"mailto:rjohnson@broadbent.co.uk\">rjohnson@broadbent.co.uk<\/a>\r\n<h3>Fertigungsdienstleistungen<\/h3>\r\nKontakt-Nummern: <a href=\"tel:07970431253\">07970431253<\/a> \/ <a href=\"tel:01484477271\">01484477271<\/a>\r\nE-Mail Adresse:    <a href=\"mailto:awhite@broadbent.co.uk\">awhite@broadbent.co.uk<\/a>\r\n<h3>Labortests \/ Nachweis des Konzepts<\/h3>\r\nKontakt-Nummern: <a href=\"tel:07800685212\">07800685212<\/a> \/ <a href=\"tel:01484477236\">01484477236<\/a>\r\nE-Mail Adresse:    <a href=\"mailto:nhaigh@broadbent.co.uk\">nhaigh@broadbent.co.uk<\/a>\r\n<h3>Abteilung W\u00e4scherei<\/h3>\r\nKontakt-Nummern: <a href=\"tel:07970463819\">07970463819<\/a> \/ <a href=\"tel:01484477262\">01484477262<\/a>\r\nE-Mail Adresse:    <a href=\"mailto:BCSL@broadbent.co.uk\">BCSL@broadbent.co.uk<\/a>\r\n<h3>Karriere \/ Lehrstellen<\/h3>\r\nKontakt-Nummern: <a href=\"tel:07811941256\">07811941256<\/a> \/ <a href=\"tel:01484477228\">01484477228<\/a>\r\nE-Mail Adresse:    <a href=\"mailto:cilkiw@broadbent.co.uk\">cilkiw@broadbent.co.uk<\/a>\r\n\u00a0\r\n<h2>Technische Hilfe<\/h2>\r\n\u00a0\r\nWenn Sie technische Unterst\u00fctzung oder einen Besuch eines Ingenieurs vor Ort ben\u00f6tigen, verbinden wir Sie mit einem Ingenieur f\u00fcr technische Beratung oder um einen Besuch zu vereinbaren.\r\n\r\nWenn Sie Ersatzteile ben\u00f6tigen, geben Sie bitte die Teilenummer an. Wenn wir Ihre Ersatzteile auf Lager haben, bieten wir neben der Standardlieferung auch eine Notfallkurieroption f\u00fcr dringende Bestellungen an. Alternativ k\u00f6nnen Sie Ihre Bestellung auch gerne in unserem Werk abholen.  \r\n\r\nBitte beachten Sie, dass Ihr Anruf au\u00dferhalb der Gesch\u00e4ftszeiten von einem Mitglied des Broadbent Service-Teams entgegengenommen wird. Sollte zu dieser Zeit niemand erreichbar sein, hinterlassen Sie bitte eine Nachricht, die wir dann so schnell wie m\u00f6glich bearbeiten werden. \r\n\r\nAlternative Kontaktnummern f\u00fcr den Support in Asien oder Amerika sind:\r\n<h3>USA<\/h3>\r\n<h4>Broadbent Incorporated USA - Service und Reparaturen<\/h4>\r\nRichard Walker <a href=\"mailto:rwalker@broadbent-americas.com\">rwalker@broadbent-americas.com<\/a>\r\nT:   <a href=\"tel:+18177734494\">+1 817 773 4494<\/a>\r\n<h4>Broadbent Incorporated USA - Ersatzteile<\/h4>\r\nTimothy O'Brien <a href=\"mailto:general@broadbent-americas.com\">general@broadbent-americas.com<\/a>\r\nT:   <a href=\"tel:+18175952411\">+1 817 595 2411<\/a>\r\n<h3>China<\/h3>\r\n<h4>Broadbent China - Ersatzteile und Service<\/h4>\r\nJenny Xi <a href=\"mailto:jennyxi@broadbent-asia.com\">jennyxi@broadbent-asia.com<\/a>\r\nT: <a href=\"tel:+8651487871962\">+ 86 (0)514 8787 1962<\/a>\r\n<h3>Thailand<\/h3>\r\n<h4>Broadbent Thailand - IPD Ersatzteile und Service<\/h4>\r\nAunchinee Ponghiyanon <a href=\"mailto:aunchinee@broadbent-asia.com\">aunchinee@broadbent-asia.com<\/a>\r\nT: <a href=\"tel:+66864244229\">+66 (0)86 424 4229<\/a>\r\n<h4>Zucker-Ersatzteile und Service<\/h4>\r\nGannawee Lertpeerakorn <a href=\"mailto:gannawee@broadbent.co.uk\">gannawee@broadbent.co.uk<\/a>\r\nT:   <a href=\"tel:+66891119113\">+66 (0)89 111 9113<\/a>\r\n<h3>Indien<\/h3>\r\n<h4>Broadbent Indien - Ersatzteile und Service<\/h4>\r\nSourabh Kamal <a href=\"mailto:Ksourabh@broadbent-india.com\">Ksourabh@broadbent-india.com<\/a>\r\nT: <a href=\"tel:+918349543233\">+91 (0)834 954 3233<\/a>\r\n<h3>Polen<\/h3>\r\n<h4>Broadbent Polen - Ersatzteile und Service<\/h4>\r\nRadoslaw Witkowski <a href=\"mailto:rwitkoswski@broadbent.co.uk\">rwitkoswski@broadbent.co.uk<\/a>\r\nT:   <a href=\"tel:+48512577902\">+48 (0)512 577 902<\/a>","text_align":"left","add_image":"no","image":null,"image_align":false,"image_width":"w50","background_colour":"none","add_background_image":"no","background_image":null,"button":"no","button_links":null,"remove_padding_top":["yes"]}]},"yoast_head":"<!-- This site is optimized with the Yoast SEO plugin v27.5 - https:\/\/yoast.com\/product\/yoast-seo-wordpress\/ -->\n<title>- Broadbent<\/title>\n<meta name=\"description\" content=\"Wenden Sie sich an Broadbent, die schl\u00fcsselfertige Komplettl\u00f6sungen f\u00fcr alle Ihre Bed\u00fcrfnisse im Bereich der Zentrifugenseparation anbieten.\" \/>\n<meta name=\"robots\" content=\"index, follow, max-snippet:-1, max-image-preview:large, max-video-preview:-1\" \/>\n<link rel=\"canonical\" href=\"https:\/\/broadbent.co.uk\/de\/kontaktieren-sie-uns\/\" \/>\n<meta property=\"og:locale\" content=\"de_DE\" \/>\n<meta property=\"og:type\" content=\"article\" \/>\n<meta property=\"og:title\" content=\"- Broadbent\" \/>\n<meta property=\"og:description\" content=\"Wenden Sie sich an Broadbent, die schl\u00fcsselfertige Komplettl\u00f6sungen f\u00fcr alle Ihre Bed\u00fcrfnisse im Bereich der Zentrifugenseparation anbieten.\" \/>\n<meta property=\"og:url\" content=\"https:\/\/broadbent.co.uk\/de\/kontaktieren-sie-uns\/\" \/>\n<meta property=\"og:site_name\" content=\"Broadbent\" \/>\n<meta property=\"article:modified_time\" content=\"2025-08-14T10:38:53+00:00\" \/>\n<meta property=\"og:image\" content=\"https:\/\/broadbent.co.uk\/wp-content\/uploads\/2023\/12\/logo-broadbent.jpg\" \/>\n\t<meta property=\"og:image:width\" content=\"973\" \/>\n\t<meta property=\"og:image:height\" content=\"345\" \/>\n\t<meta property=\"og:image:type\" content=\"image\/jpeg\" \/>\n<meta name=\"twitter:card\" content=\"summary_large_image\" \/>\n<script type=\"application\/ld+json\" class=\"yoast-schema-graph\">{\"@context\":\"https:\\\/\\\/schema.org\",\"@graph\":[{\"@type\":\"WebPage\",\"@id\":\"https:\\\/\\\/broadbent.co.uk\\\/de\\\/kontaktieren-sie-uns\\\/\",\"url\":\"https:\\\/\\\/broadbent.co.uk\\\/de\\\/kontaktieren-sie-uns\\\/\",\"name\":\"- Broadbent\",\"isPartOf\":{\"@id\":\"https:\\\/\\\/broadbent.co.uk\\\/#website\"},\"datePublished\":\"2023-12-29T10:00:00+00:00\",\"dateModified\":\"2025-08-14T10:38:53+00:00\",\"description\":\"Wenden Sie sich an Broadbent, die schl\u00fcsselfertige Komplettl\u00f6sungen f\u00fcr alle Ihre Bed\u00fcrfnisse im Bereich der Zentrifugenseparation anbieten.\",\"breadcrumb\":{\"@id\":\"https:\\\/\\\/broadbent.co.uk\\\/de\\\/kontaktieren-sie-uns\\\/#breadcrumb\"},\"inLanguage\":\"de\",\"potentialAction\":[{\"@type\":\"ReadAction\",\"target\":[\"https:\\\/\\\/broadbent.co.uk\\\/de\\\/kontaktieren-sie-uns\\\/\"]}]},{\"@type\":\"BreadcrumbList\",\"@id\":\"https:\\\/\\\/broadbent.co.uk\\\/de\\\/kontaktieren-sie-uns\\\/#breadcrumb\",\"itemListElement\":[{\"@type\":\"ListItem\",\"position\":1,\"name\":\"Home\",\"item\":\"https:\\\/\\\/broadbent.co.uk\\\/de\\\/\"},{\"@type\":\"ListItem\",\"position\":2,\"name\":\"Kontaktieren Sie uns\"}]},{\"@type\":\"WebSite\",\"@id\":\"https:\\\/\\\/broadbent.co.uk\\\/#website\",\"url\":\"https:\\\/\\\/broadbent.co.uk\\\/\",\"name\":\"Broadbent\",\"description\":\"Thomas Broadbent - Centrifugal machines\",\"publisher\":{\"@id\":\"https:\\\/\\\/broadbent.co.uk\\\/#organization\"},\"alternateName\":\"Thomas Broadbent\",\"potentialAction\":[{\"@type\":\"SearchAction\",\"target\":{\"@type\":\"EntryPoint\",\"urlTemplate\":\"https:\\\/\\\/broadbent.co.uk\\\/?s={search_term_string}\"},\"query-input\":{\"@type\":\"PropertyValueSpecification\",\"valueRequired\":true,\"valueName\":\"search_term_string\"}}],\"inLanguage\":\"de\"},{\"@type\":\"Organization\",\"@id\":\"https:\\\/\\\/broadbent.co.uk\\\/#organization\",\"name\":\"Thomas Broadbent & Sons Ltd\",\"alternateName\":\"Broadbent\",\"url\":\"https:\\\/\\\/broadbent.co.uk\\\/\",\"logo\":{\"@type\":\"ImageObject\",\"inLanguage\":\"de\",\"@id\":\"https:\\\/\\\/broadbent.co.uk\\\/#\\\/schema\\\/logo\\\/image\\\/\",\"url\":\"https:\\\/\\\/broadbent.co.uk\\\/wp-content\\\/uploads\\\/2024\\\/09\\\/LogoLogoWorld-400x250-1.jpg\",\"contentUrl\":\"https:\\\/\\\/broadbent.co.uk\\\/wp-content\\\/uploads\\\/2024\\\/09\\\/LogoLogoWorld-400x250-1.jpg\",\"width\":400,\"height\":250,\"caption\":\"Thomas Broadbent & Sons Ltd\"},\"image\":{\"@id\":\"https:\\\/\\\/broadbent.co.uk\\\/#\\\/schema\\\/logo\\\/image\\\/\"},\"sameAs\":[\"https:\\\/\\\/www.linkedin.com\\\/company\\\/broadbent-centrifuges\\\/posts\\\/?feedView=all\"]}]}<\/script>\n<!-- \/ Yoast SEO plugin. -->","yoast_head_json":{"title":"- Broadbent","description":"Wenden Sie sich an Broadbent, die schl\u00fcsselfertige Komplettl\u00f6sungen f\u00fcr alle Ihre Bed\u00fcrfnisse im Bereich der Zentrifugenseparation anbieten.","robots":{"index":"index","follow":"follow","max-snippet":"max-snippet:-1","max-image-preview":"max-image-preview:large","max-video-preview":"max-video-preview:-1"},"canonical":"https:\/\/broadbent.co.uk\/de\/kontaktieren-sie-uns\/","og_locale":"de_DE","og_type":"article","og_title":"- Broadbent","og_description":"Wenden Sie sich an Broadbent, die schl\u00fcsselfertige Komplettl\u00f6sungen f\u00fcr alle Ihre Bed\u00fcrfnisse im Bereich der Zentrifugenseparation anbieten.","og_url":"https:\/\/broadbent.co.uk\/de\/kontaktieren-sie-uns\/","og_site_name":"Broadbent","article_modified_time":"2025-08-14T10:38:53+00:00","og_image":[{"width":973,"height":345,"url":"https:\/\/broadbent.co.uk\/wp-content\/uploads\/2023\/12\/logo-broadbent.jpg","type":"image\/jpeg"}],"twitter_card":"summary_large_image","schema":{"@context":"https:\/\/schema.org","@graph":[{"@type":"WebPage","@id":"https:\/\/broadbent.co.uk\/de\/kontaktieren-sie-uns\/","url":"https:\/\/broadbent.co.uk\/de\/kontaktieren-sie-uns\/","name":"- Broadbent","isPartOf":{"@id":"https:\/\/broadbent.co.uk\/#website"},"datePublished":"2023-12-29T10:00:00+00:00","dateModified":"2025-08-14T10:38:53+00:00","description":"Wenden Sie sich an Broadbent, die schl\u00fcsselfertige Komplettl\u00f6sungen f\u00fcr alle Ihre Bed\u00fcrfnisse im Bereich der Zentrifugenseparation anbieten.","breadcrumb":{"@id":"https:\/\/broadbent.co.uk\/de\/kontaktieren-sie-uns\/#breadcrumb"},"inLanguage":"de","potentialAction":[{"@type":"ReadAction","target":["https:\/\/broadbent.co.uk\/de\/kontaktieren-sie-uns\/"]}]},{"@type":"BreadcrumbList","@id":"https:\/\/broadbent.co.uk\/de\/kontaktieren-sie-uns\/#breadcrumb","itemListElement":[{"@type":"ListItem","position":1,"name":"Home","item":"https:\/\/broadbent.co.uk\/de\/"},{"@type":"ListItem","position":2,"name":"Kontaktieren Sie uns"}]},{"@type":"WebSite","@id":"https:\/\/broadbent.co.uk\/#website","url":"https:\/\/broadbent.co.uk\/","name":"Broadbent","description":"Thomas Broadbent - Centrifugal machines","publisher":{"@id":"https:\/\/broadbent.co.uk\/#organization"},"alternateName":"Thomas Broadbent","potentialAction":[{"@type":"SearchAction","target":{"@type":"EntryPoint","urlTemplate":"https:\/\/broadbent.co.uk\/?s={search_term_string}"},"query-input":{"@type":"PropertyValueSpecification","valueRequired":true,"valueName":"search_term_string"}}],"inLanguage":"de"},{"@type":"Organization","@id":"https:\/\/broadbent.co.uk\/#organization","name":"Thomas Broadbent & Sons Ltd","alternateName":"Broadbent","url":"https:\/\/broadbent.co.uk\/","logo":{"@type":"ImageObject","inLanguage":"de","@id":"https:\/\/broadbent.co.uk\/#\/schema\/logo\/image\/","url":"https:\/\/broadbent.co.uk\/wp-content\/uploads\/2024\/09\/LogoLogoWorld-400x250-1.jpg","contentUrl":"https:\/\/broadbent.co.uk\/wp-content\/uploads\/2024\/09\/LogoLogoWorld-400x250-1.jpg","width":400,"height":250,"caption":"Thomas Broadbent & Sons Ltd"},"image":{"@id":"https:\/\/broadbent.co.uk\/#\/schema\/logo\/image\/"},"sameAs":["https:\/\/www.linkedin.com\/company\/broadbent-centrifuges\/posts\/?feedView=all"]}]}},"_links":{"self":[{"href":"https:\/\/broadbent.co.uk\/de\/wp-json\/wp\/v2\/pages\/6165","targetHints":{"allow":["GET"]}}],"collection":[{"href":"https:\/\/broadbent.co.uk\/de\/wp-json\/wp\/v2\/pages"}],"about":[{"href":"https:\/\/broadbent.co.uk\/de\/wp-json\/wp\/v2\/types\/page"}],"author":[{"embeddable":true,"href":"https:\/\/broadbent.co.uk\/de\/wp-json\/wp\/v2\/users\/1"}],"replies":[{"embeddable":true,"href":"https:\/\/broadbent.co.uk\/de\/wp-json\/wp\/v2\/comments?post=6165"}],"version-history":[{"count":4,"href":"https:\/\/broadbent.co.uk\/de\/wp-json\/wp\/v2\/pages\/6165\/revisions"}],"predecessor-version":[{"id":7094,"href":"https:\/\/broadbent.co.uk\/de\/wp-json\/wp\/v2\/pages\/6165\/revisions\/7094"}],"wp:attachment":[{"href":"https:\/\/broadbent.co.uk\/de\/wp-json\/wp\/v2\/media?parent=6165"}],"curies":[{"name":"wp","href":"https:\/\/api.w.org\/{rel}","templated":true}]}}