{"id":6168,"date":"2024-09-08T16:14:19","date_gmt":"2024-09-08T15:14:19","guid":{"rendered":"https:\/\/broadbent.bnodeltd.co.uk\/rekrutierung\/"},"modified":"2025-05-16T11:44:00","modified_gmt":"2025-05-16T10:44:00","slug":"rekrutierung","status":"publish","type":"page","link":"https:\/\/broadbent.co.uk\/de\/rekrutierung\/","title":{"rendered":"Rekrutierung"},"content":{"rendered":"","protected":false},"excerpt":{"rendered":"","protected":false},"author":1,"featured_media":0,"parent":0,"menu_order":0,"comment_status":"closed","ping_status":"closed","template":"","meta":{"_acf_changed":false,"footnotes":""},"class_list":["post-6168","page","type-page","status-publish","hentry"],"acf":{"content":[{"acf_fc_layout":"hero_content_v3","id":"hero","hero-slide-v2":[{"title":"Werden Sie Mitglied bei Broadbent's","text":"Broadbent's, ein Erbe von Innovation und Exzellenz. Wenn Sie sich f\u00fcr Technik begeistern und sich der Qualit\u00e4t verpflichtet f\u00fchlen, sollten Sie sich \u00fcberlegen, ob Sie sich unserem Team von Fachleuten anschlie\u00dfen wollen. Gemeinsam werden wir die Zukunft der Industriestandards gestalten.  ","button":"yes","button_text":"Senden Sie uns Ihren Lebenslauf","button_link":"#CV","background_image":5928}]},{"acf_fc_layout":"rows","id":"","background":"grey","show_content_before_rows":["yes"],"title":"Ein Tag im Leben von Broadbent","description":{"show_description":["yes"],"description_text":"Das Team von Broadbent besteht aus rund 140 Mitarbeitern, die \u00fcber einen enormen Reichtum an F\u00e4higkeiten, Wissen, Erfahrung und Einblicken verf\u00fcgen. Entscheidend ist auch, dass unsere Mitarbeiter sich daf\u00fcr einsetzen, unsere Kunden zu unterst\u00fctzen und ihre Prozessprobleme zu l\u00f6sen. "},"content":"","row":[{"box":[{"style":"column","width":"1\/2","image":6078,"title":"","add_title_background":"","text":"","text_style":"standard","show_checklist":"","checklist":null,"show_buttons":"","button_link":"","button_text":""},{"style":"column","width":"1\/2","image":"","title":"","add_title_background":"","text":"Broadbent verf\u00fcgt \u00fcber Fachwissen in allen wichtigen Disziplinen, einschlie\u00dflich Verfahrenstechnik, mechanisches und elektrisches Design, industrielle Steuerungstechnik und Produktionstechnik. Wir investieren auch in unsere F\u00e4higkeiten mit einem kontinuierlichen Programm f\u00fcr Auszubildende im Handwerk. \n\nUnsere Ingenieurteams sind in der Lage, Gro\u00dfprojekte zu bew\u00e4ltigen, die mit der Installation kompletter Zentrifugenbatterien und der Spezifikation und Lieferung von Zusatzausr\u00fcstungen wie Unterbauten, Speisetanks, F\u00f6rderanlagen und Pumpen usw. verbunden sind.","text_style":"standard","show_checklist":"","checklist":null,"show_buttons":"","button_link":"","button_text":""}],"vertical_alignment":"top"},{"box":[{"style":"column","width":"1","image":"","title":"","add_title_background":"","text":"","text_style":"standard","show_checklist":["yes"],"checklist":[{"checklist_item":"4-day week roles"},{"checklist_item":"Company pension"},{"checklist_item":"Family run business"},{"checklist_item":"Promotion opportunities"},{"checklist_item":"Award-winning healthcare provision"},{"checklist_item":"Competitive salaries"},{"checklist_item":"160 years in business"},{"checklist_item":"On-site town centre parking"}],"show_buttons":"","button_link":"","button_text":""}],"vertical_alignment":"top"}]},{"acf_fc_layout":"vacancies","background":"dark","show_content_before_vacancies":["yes"],"title":"Stellenangebote","description":{"show_description":"","description_text":""},"content":"","vacancies":[{"title":"No Current Vacancies","address":"Queen Street South, Huddersfield","salary":"N\/A","description":"Zurzeit sind keine Stellenangebote verf\u00fcgbar.\n\nBitte behalten Sie diese Seite im Auge und senden Sie uns Ihren Lebenslauf zu.","link":"#CV"}]},{"acf_fc_layout":"shortcode_content","id":"CV","background":"light:","show_content_before_rows":["yes"],"title":"Senden Sie uns Ihren Lebenslauf","description_to_the_side_of_title":{"show_description":"","description_text":""},"content":"","shortcode":"[contact-form-7 id=\"57cf694\" title=\"Send CV Form\"]"},{"acf_fc_layout":"columns","id":"","background":"light:","show_content_before_columns":["yes"],"title":"Akkreditierungen","description":{"show_description":"","description_text":""},"content":"","column":[{"col_image":4923,"col_title":"","add_title_background":"","col_text":"","add_link":"","link":"","add_link_to_image":[],"show_button":[],"button_text":"","images":null,"images_style":"row"},{"col_image":4928,"col_title":"","add_title_background":"","col_text":"","add_link":"","link":"","add_link_to_image":[],"show_button":[],"button_text":"","images":null,"images_style":"row"},{"col_image":4918,"col_title":"","add_title_background":"","col_text":"","add_link":"","link":"","add_link_to_image":[],"show_button":[],"button_text":"","images":null,"images_style":"row"},{"col_image":4933,"col_title":"","add_title_background":"","col_text":"","add_link":"","link":"","add_link_to_image":[],"show_button":[],"button_text":"","images":null,"images_style":"row"}],"col_display":"four_col","images_full_width_of_column":"","show_large_text":"","line_1":"","line_2":""},{"acf_fc_layout":"shortcode_content","id":"","background":"dark","show_content_before_rows":["yes"],"title":"Kontaktieren Sie uns","description_to_the_side_of_title":{"show_description":"","description_text":""},"content":"","shortcode":"[contact-form-7 id=\"9f61392\" title=\"Contact Form\"]"}]},"yoast_head":"<!-- This site is optimized with the Yoast SEO plugin v27.5 - https:\/\/yoast.com\/product\/yoast-seo-wordpress\/ -->\n<title>- Broadbent<\/title>\n<meta name=\"description\" content=\"Broadbent Recruitment: die neuesten Stellenangebote und Karriereinformationen von Broadbent, einschlie\u00dflich Informationen dar\u00fcber, wie Sie sich f\u00fcr unsere Stellen und Ausbildungspl\u00e4tze bewerben k\u00f6nnen.\" \/>\n<meta name=\"robots\" content=\"index, follow, max-snippet:-1, max-image-preview:large, max-video-preview:-1\" \/>\n<link rel=\"canonical\" href=\"https:\/\/broadbent.co.uk\/de\/rekrutierung\/\" \/>\n<meta property=\"og:locale\" content=\"de_DE\" \/>\n<meta property=\"og:type\" content=\"article\" \/>\n<meta property=\"og:title\" content=\"- Broadbent\" \/>\n<meta property=\"og:description\" content=\"Broadbent Recruitment: die neuesten Stellenangebote und Karriereinformationen von Broadbent, einschlie\u00dflich Informationen dar\u00fcber, wie Sie sich f\u00fcr unsere Stellen und Ausbildungspl\u00e4tze bewerben k\u00f6nnen.\" \/>\n<meta property=\"og:url\" content=\"https:\/\/broadbent.co.uk\/de\/rekrutierung\/\" \/>\n<meta property=\"og:site_name\" content=\"Broadbent\" \/>\n<meta property=\"article:modified_time\" content=\"2025-05-16T10:44:00+00:00\" \/>\n<meta property=\"og:image\" content=\"https:\/\/broadbent.co.uk\/wp-content\/uploads\/2023\/12\/logo-broadbent.jpg\" \/>\n\t<meta property=\"og:image:width\" content=\"973\" \/>\n\t<meta property=\"og:image:height\" content=\"345\" \/>\n\t<meta property=\"og:image:type\" content=\"image\/jpeg\" \/>\n<meta name=\"twitter:card\" content=\"summary_large_image\" \/>\n<script type=\"application\/ld+json\" class=\"yoast-schema-graph\">{\"@context\":\"https:\\\/\\\/schema.org\",\"@graph\":[{\"@type\":\"WebPage\",\"@id\":\"https:\\\/\\\/broadbent.co.uk\\\/de\\\/rekrutierung\\\/\",\"url\":\"https:\\\/\\\/broadbent.co.uk\\\/de\\\/rekrutierung\\\/\",\"name\":\"- Broadbent\",\"isPartOf\":{\"@id\":\"https:\\\/\\\/broadbent.co.uk\\\/#website\"},\"datePublished\":\"2024-09-08T15:14:19+00:00\",\"dateModified\":\"2025-05-16T10:44:00+00:00\",\"description\":\"Broadbent Recruitment: die neuesten Stellenangebote und Karriereinformationen von Broadbent, einschlie\u00dflich Informationen dar\u00fcber, wie Sie sich f\u00fcr unsere Stellen und Ausbildungspl\u00e4tze bewerben k\u00f6nnen.\",\"breadcrumb\":{\"@id\":\"https:\\\/\\\/broadbent.co.uk\\\/de\\\/rekrutierung\\\/#breadcrumb\"},\"inLanguage\":\"de\",\"potentialAction\":[{\"@type\":\"ReadAction\",\"target\":[\"https:\\\/\\\/broadbent.co.uk\\\/de\\\/rekrutierung\\\/\"]}]},{\"@type\":\"BreadcrumbList\",\"@id\":\"https:\\\/\\\/broadbent.co.uk\\\/de\\\/rekrutierung\\\/#breadcrumb\",\"itemListElement\":[{\"@type\":\"ListItem\",\"position\":1,\"name\":\"Home\",\"item\":\"https:\\\/\\\/broadbent.co.uk\\\/de\\\/\"},{\"@type\":\"ListItem\",\"position\":2,\"name\":\"Rekrutierung\"}]},{\"@type\":\"WebSite\",\"@id\":\"https:\\\/\\\/broadbent.co.uk\\\/#website\",\"url\":\"https:\\\/\\\/broadbent.co.uk\\\/\",\"name\":\"Broadbent\",\"description\":\"Thomas Broadbent - Centrifugal machines\",\"publisher\":{\"@id\":\"https:\\\/\\\/broadbent.co.uk\\\/#organization\"},\"alternateName\":\"Thomas Broadbent\",\"potentialAction\":[{\"@type\":\"SearchAction\",\"target\":{\"@type\":\"EntryPoint\",\"urlTemplate\":\"https:\\\/\\\/broadbent.co.uk\\\/?s={search_term_string}\"},\"query-input\":{\"@type\":\"PropertyValueSpecification\",\"valueRequired\":true,\"valueName\":\"search_term_string\"}}],\"inLanguage\":\"de\"},{\"@type\":\"Organization\",\"@id\":\"https:\\\/\\\/broadbent.co.uk\\\/#organization\",\"name\":\"Thomas Broadbent & Sons Ltd\",\"alternateName\":\"Broadbent\",\"url\":\"https:\\\/\\\/broadbent.co.uk\\\/\",\"logo\":{\"@type\":\"ImageObject\",\"inLanguage\":\"de\",\"@id\":\"https:\\\/\\\/broadbent.co.uk\\\/#\\\/schema\\\/logo\\\/image\\\/\",\"url\":\"https:\\\/\\\/broadbent.co.uk\\\/wp-content\\\/uploads\\\/2024\\\/09\\\/LogoLogoWorld-400x250-1.jpg\",\"contentUrl\":\"https:\\\/\\\/broadbent.co.uk\\\/wp-content\\\/uploads\\\/2024\\\/09\\\/LogoLogoWorld-400x250-1.jpg\",\"width\":400,\"height\":250,\"caption\":\"Thomas Broadbent & Sons Ltd\"},\"image\":{\"@id\":\"https:\\\/\\\/broadbent.co.uk\\\/#\\\/schema\\\/logo\\\/image\\\/\"},\"sameAs\":[\"https:\\\/\\\/www.linkedin.com\\\/company\\\/broadbent-centrifuges\\\/posts\\\/?feedView=all\"]}]}<\/script>\n<!-- \/ Yoast SEO plugin. -->","yoast_head_json":{"title":"- Broadbent","description":"Broadbent Recruitment: die neuesten Stellenangebote und Karriereinformationen von Broadbent, einschlie\u00dflich Informationen dar\u00fcber, wie Sie sich f\u00fcr unsere Stellen und Ausbildungspl\u00e4tze bewerben k\u00f6nnen.","robots":{"index":"index","follow":"follow","max-snippet":"max-snippet:-1","max-image-preview":"max-image-preview:large","max-video-preview":"max-video-preview:-1"},"canonical":"https:\/\/broadbent.co.uk\/de\/rekrutierung\/","og_locale":"de_DE","og_type":"article","og_title":"- Broadbent","og_description":"Broadbent Recruitment: die neuesten Stellenangebote und Karriereinformationen von Broadbent, einschlie\u00dflich Informationen dar\u00fcber, wie Sie sich f\u00fcr unsere Stellen und Ausbildungspl\u00e4tze bewerben k\u00f6nnen.","og_url":"https:\/\/broadbent.co.uk\/de\/rekrutierung\/","og_site_name":"Broadbent","article_modified_time":"2025-05-16T10:44:00+00:00","og_image":[{"width":973,"height":345,"url":"https:\/\/broadbent.co.uk\/wp-content\/uploads\/2023\/12\/logo-broadbent.jpg","type":"image\/jpeg"}],"twitter_card":"summary_large_image","schema":{"@context":"https:\/\/schema.org","@graph":[{"@type":"WebPage","@id":"https:\/\/broadbent.co.uk\/de\/rekrutierung\/","url":"https:\/\/broadbent.co.uk\/de\/rekrutierung\/","name":"- Broadbent","isPartOf":{"@id":"https:\/\/broadbent.co.uk\/#website"},"datePublished":"2024-09-08T15:14:19+00:00","dateModified":"2025-05-16T10:44:00+00:00","description":"Broadbent Recruitment: die neuesten Stellenangebote und Karriereinformationen von Broadbent, einschlie\u00dflich Informationen dar\u00fcber, wie Sie sich f\u00fcr unsere Stellen und Ausbildungspl\u00e4tze bewerben k\u00f6nnen.","breadcrumb":{"@id":"https:\/\/broadbent.co.uk\/de\/rekrutierung\/#breadcrumb"},"inLanguage":"de","potentialAction":[{"@type":"ReadAction","target":["https:\/\/broadbent.co.uk\/de\/rekrutierung\/"]}]},{"@type":"BreadcrumbList","@id":"https:\/\/broadbent.co.uk\/de\/rekrutierung\/#breadcrumb","itemListElement":[{"@type":"ListItem","position":1,"name":"Home","item":"https:\/\/broadbent.co.uk\/de\/"},{"@type":"ListItem","position":2,"name":"Rekrutierung"}]},{"@type":"WebSite","@id":"https:\/\/broadbent.co.uk\/#website","url":"https:\/\/broadbent.co.uk\/","name":"Broadbent","description":"Thomas Broadbent - Centrifugal machines","publisher":{"@id":"https:\/\/broadbent.co.uk\/#organization"},"alternateName":"Thomas Broadbent","potentialAction":[{"@type":"SearchAction","target":{"@type":"EntryPoint","urlTemplate":"https:\/\/broadbent.co.uk\/?s={search_term_string}"},"query-input":{"@type":"PropertyValueSpecification","valueRequired":true,"valueName":"search_term_string"}}],"inLanguage":"de"},{"@type":"Organization","@id":"https:\/\/broadbent.co.uk\/#organization","name":"Thomas Broadbent & Sons Ltd","alternateName":"Broadbent","url":"https:\/\/broadbent.co.uk\/","logo":{"@type":"ImageObject","inLanguage":"de","@id":"https:\/\/broadbent.co.uk\/#\/schema\/logo\/image\/","url":"https:\/\/broadbent.co.uk\/wp-content\/uploads\/2024\/09\/LogoLogoWorld-400x250-1.jpg","contentUrl":"https:\/\/broadbent.co.uk\/wp-content\/uploads\/2024\/09\/LogoLogoWorld-400x250-1.jpg","width":400,"height":250,"caption":"Thomas Broadbent & Sons Ltd"},"image":{"@id":"https:\/\/broadbent.co.uk\/#\/schema\/logo\/image\/"},"sameAs":["https:\/\/www.linkedin.com\/company\/broadbent-centrifuges\/posts\/?feedView=all"]}]}},"_links":{"self":[{"href":"https:\/\/broadbent.co.uk\/de\/wp-json\/wp\/v2\/pages\/6168","targetHints":{"allow":["GET"]}}],"collection":[{"href":"https:\/\/broadbent.co.uk\/de\/wp-json\/wp\/v2\/pages"}],"about":[{"href":"https:\/\/broadbent.co.uk\/de\/wp-json\/wp\/v2\/types\/page"}],"author":[{"embeddable":true,"href":"https:\/\/broadbent.co.uk\/de\/wp-json\/wp\/v2\/users\/1"}],"replies":[{"embeddable":true,"href":"https:\/\/broadbent.co.uk\/de\/wp-json\/wp\/v2\/comments?post=6168"}],"version-history":[{"count":3,"href":"https:\/\/broadbent.co.uk\/de\/wp-json\/wp\/v2\/pages\/6168\/revisions"}],"predecessor-version":[{"id":6290,"href":"https:\/\/broadbent.co.uk\/de\/wp-json\/wp\/v2\/pages\/6168\/revisions\/6290"}],"wp:attachment":[{"href":"https:\/\/broadbent.co.uk\/de\/wp-json\/wp\/v2\/media?parent=6168"}],"curies":[{"name":"wp","href":"https:\/\/api.w.org\/{rel}","templated":true}]}}