{"id":6169,"date":"2024-09-02T15:42:33","date_gmt":"2024-09-02T14:42:33","guid":{"rendered":"https:\/\/broadbent.bnodeltd.co.uk\/abteilungen\/"},"modified":"2025-05-23T10:06:56","modified_gmt":"2025-05-23T09:06:56","slug":"abteilungen","status":"publish","type":"page","link":"https:\/\/broadbent.co.uk\/de\/abteilungen\/","title":{"rendered":"Abteilungen"},"content":{"rendered":"","protected":false},"excerpt":{"rendered":"","protected":false},"author":5,"featured_media":0,"parent":0,"menu_order":0,"comment_status":"closed","ping_status":"closed","template":"","meta":{"_acf_changed":false,"footnotes":""},"class_list":["post-6169","page","type-page","status-publish","hentry"],"acf":{"content":[{"acf_fc_layout":"hero_content_v3","id":"header","hero-slide-v2":[{"title":"Broadbent Abteilungen","text":"Broadbent bedient verschiedene Industrien durch sieben Abteilungen, darunter Industrial Process, FEED, Laundry Services, Manufacturing, Lab Testing, Spares & Repairs und On-Site Services.","button":"yes","button_text":"Kontaktieren Sie uns","button_link":"#contactform","background_image":5893}]},{"acf_fc_layout":"columns","id":"","background":"grey","show_content_before_columns":["yes"],"title":"Wonach suchen Sie?","description":{"show_description":"","description_text":""},"content":"","column":[{"col_image":5978,"col_title":"Industrielle Verarbeitung","add_title_background":["yes"],"col_text":"Broadbent Industrial Process Division - eine einzigartige technische Ressource: Design, Test, Herstellung und Support","add_link":["yes"],"link":"https:\/\/broadbent.co.uk\/de\/abteilung-industrielle-prozesse\/","add_link_to_image":["yes"],"show_button":"","button_text":"","images":null,"images_style":"row"},{"col_image":5983,"col_title":"Lebensmittel, Umwelt, Experimentell","add_title_background":["yes"],"col_text":"Lebensmittel-, Umwelt- und Versuchsabteilung - Weltklasse-F\u00e4higkeiten bei Batch- und kontinuierlichen Zentrifugen","add_link":["yes"],"link":"https:\/\/broadbent.co.uk\/de\/abteilung-lebensmittel-umwelt-und-experimente\/","add_link_to_image":["yes"],"show_button":"","button_text":"","images":null,"images_style":"row"},{"col_image":5998,"col_title":"Zentrifugen-Ersatzteile und Reparaturen","add_title_background":["yes"],"col_text":"Ersatzteile und Reparaturen - hochwertige OEM-Produkte zu wettbewerbsf\u00e4higen Preisen, damit Ihre Zentrifugen immer einsatzbereit sind","add_link":["yes"],"link":"https:\/\/broadbent.co.uk\/de\/ersatzteile-und-reparaturen\/","add_link_to_image":["yes"],"show_button":"","button_text":"","images":null,"images_style":"row"},{"col_image":5993,"col_title":"Zentrifuge Vor-Ort-Dienstleistungen","add_title_background":["yes"],"col_text":"Pannenhilfe durch unsere spezialisierten Techniker, die mit umfangreichen Ersatzteilen ausgestattet sind, um Ihren Betrieb aufrechtzuerhalten","add_link":["yes"],"link":"https:\/\/broadbent.co.uk\/de\/zentrifuge-vor-ort-dienstleistungen\/","add_link_to_image":["yes"],"show_button":"","button_text":"","images":null,"images_style":"row"},{"col_image":6008,"col_title":"Fertigungsdienstleistungen","add_title_background":["yes"],"col_text":"Broadbent's Manufacturing Division - Komplettl\u00f6sungen f\u00fcr Zulieferer: von der Herstellung und Bearbeitung bis zur Montage und Pr\u00fcfung","add_link":["yes"],"link":"https:\/\/broadbent.co.uk\/de\/fertigungsdienstleistungen\/","add_link_to_image":["yes"],"show_button":"","button_text":"","images":null,"images_style":"row"},{"col_image":6003,"col_title":"Labortests und Konzeptnachweis","add_title_background":["yes"],"col_text":"Broadbents Prozesslabor - eine hochspezialisierte Testumgebung","add_link":["yes"],"link":"https:\/\/broadbent.co.uk\/de\/labortests-und-konzeptnachweis\/","add_link_to_image":["yes"],"show_button":"","button_text":"","images":null,"images_style":"row"},{"col_image":5988,"col_title":"W\u00e4scherei-Systeme","add_title_background":["yes"],"col_text":"Laundry Services Division - mehr Produktivit\u00e4t, Qualit\u00e4t und Rentabilit\u00e4t f\u00fcr Ihren W\u00e4schereibetrieb","add_link":["yes"],"link":"https:\/\/broadbent.co.uk\/de\/waescherei-dienstleistungen\/","add_link_to_image":["yes"],"show_button":"","button_text":"","images":null,"images_style":"row"},{"col_image":6013,"col_title":"Rekrutierung und Lehrlingsausbildung","add_title_background":["yes"],"col_text":"Karriere und Ausbildung bei Broadbent - Stellenangebote bei Broadbent, in unseren verschiedenen Abteilungen","add_link":["yes"],"link":"https:\/\/broadbent.co.uk\/de\/rekrutierung\/","add_link_to_image":["yes"],"show_button":"","button_text":"","images":null,"images_style":"row"}],"col_display":"two_col","images_full_width_of_column":["yes"],"show_large_text":"","line_1":"","line_2":""},{"acf_fc_layout":"text_and_image_content","id":"","title_heading":"h2","title":"Warum Broadbent?","content":"<strong>\u00dcber 160 Jahre L\u00f6sungen f\u00fcr die Separation.<\/strong>\n\nSeit seinen Anf\u00e4ngen in der Mitte des 19. Jahrhunderts ist Broadbent f\u00fchrend in der Prozesstrennung.\n\nUrspr\u00fcnglich zur Unterst\u00fctzung der florierenden Textilindustrie in Yorkshire entwickelt und hergestellt, liefern Broadbent-Zentrifugen heute innovative Trennl\u00f6sungen f\u00fcr Kunden in der chemischen, mineralischen, pharmazeutischen, Zucker- und S\u00fc\u00dfstoff-, W\u00e4scherei-, Verarbeitungs- und geotechnischen Industrie weltweit.\n\nDie erfahrenen Broadbent-Ingenieure verf\u00fcgen \u00fcber die F\u00e4higkeit und den Einblick, um Probleme jeglicher Art im Bereich der Prozesstrennung anzugehen. Sie wollen Ihre vertrauensw\u00fcrdigen Berater und Partner werden und gemeinsam mit Ihnen au\u00dfergew\u00f6hnliche L\u00f6sungen erarbeiten, sowohl Standard- als auch ma\u00dfgeschneiderte L\u00f6sungen. Die Verf\u00fcgbarkeit der Anlagen ist von gr\u00f6\u00dfter Bedeutung. Damit Ihre Zentrifugen 24 Stunden am Tag, 7 Tage die Woche und Jahr f\u00fcr Jahr reibungslos funktionieren, k\u00f6nnen Sie sich auf Broadbent verlassen, wenn es um schnellen, spezialisierten Service, Ersatzteile und Reparaturen in aller Welt geht.  \n\nIndem wir auf unserem Erbe aufbauen und die grenzenlosen M\u00f6glichkeiten fortschrittlicher Technologie nutzen, haben wir uns in unserem Bereich einen weltweiten Ruf erworben, weil wir Organisationen wie der Ihren helfen, ihre Ziele bei der Prozesstrennung zu erreichen.","text_align":"left","add_image":"no","image":null,"image_align":false,"image_width":"w50","background_colour":"none","add_background_image":"no","background_image":null,"button":"no","button_links":null,"remove_padding_top":""},{"acf_fc_layout":"faq_content","background":"grey","id":"","title":"FAQ","questions_answers":[{"question":"Wie kann ich die Broadbent Industrial Process Division kontaktieren?","answer":"Die Abteilung Industrielle Verfahren besteht aus einem sehr erfahrenen Team, das seinen Kunden eine schnelle und effiziente Reaktion bietet. Ihre Anfragen an den Vertrieb oder den technischen Support werden immer sofort an die zust\u00e4ndigen Mitarbeiter weitergeleitet, die sie beurteilen und Empfehlungen aussprechen. \n\nThomas Broadbent & Sons Ltd\nQueen Street South\nHuddersfield\nWest Yorkshire\nHD1 3EA\n\nT: <a href=\"tel:+441484477292\">+44 (0)1484 477292<\/a>\nE: <a href=\"mailto:ipd@broadbent.co.uk\">ipd@broadbent.co.uk<\/a>"},{"question":"Welche Gesch\u00e4ftsbereiche deckt die Broadbent Industrial Process Division ab?","answer":"<h3>Verkauf<\/h3>\n<ul>\n \t<li>Dolmetschen von Kundenanfragen<\/li>\n \t<li>Erstellung von Kostenvoranschl\u00e4gen<\/li>\n \t<li>Verhandlung und Vertragskontrolle<\/li>\n<\/ul>\n<h3>Prozessgestaltung<\/h3>\n<ul>\n \t<li>Vorhersagen zur Prozessleistung \u00fcber unser Prozesslabor<\/li>\n \t<li>Organisation von Pilot-\/Laborversuchen nach Bedarf<\/li>\n<\/ul>\n<h3>Einkaufen<\/h3>\nBeschaffung aller eingekauften Materialien, die f\u00fcr die Ausf\u00fchrung eines Kundenauftrags erforderlich sind.\n<h3>Technik<\/h3>\n<ul>\n \t<li>Technische Unterst\u00fctzung<\/li>\n \t<li>Spezifikation der Komponenten<\/li>\n \t<li>Mechanisches, elektrisches und Kontrollsystemdesign<\/li>\n \t<li>Vorbereitung von St\u00fccklisten<\/li>\n<\/ul>"},{"question":"Wo kann ich Ersatzteile bekommen?","answer":"Sie k\u00f6nnen unsere spezielle Seite f\u00fcr Ersatzteile und Reparaturen hier besuchen: <a href=\"https:\/\/broadbent.co.uk\/spares-and-repairs\/\">https:\/\/broadbent.co.uk\/spares-and-repairs\/<\/a>\n<h3>UK Ersatzteil-Support-Team<\/h3>\nWenn Sie Ersatzteile f\u00fcr die chemische, pharmazeutische, mineralische, Zucker- und Prozessindustrie ben\u00f6tigen, wenden Sie sich bitte an uns:\n\nWill Morrison Ersatzteilmanager - <a href=\"mailto:wmorrison@broadbent.co.uk\">wmorrison@broadbent.co.uk<\/a>\nT<a href=\"tel:01484477327\">:01484 477327<\/a>\n\nMike Kerr Spares Senior Processor - <a href=\"mailto:mkerr@broadbent.co.uk\">mkerr@broadbent.co.uk<\/a>\nT<a href=\"tel:01484477303\">:01484 477303<\/a>\n\nUK Technical Service Team - Pannen und Eins\u00e4tze\nRob Johnson - Service Manager - <a href=\"mailto:rjohnson@broadbent.co.uk\">rjohnson@broadbent.co.uk<\/a>\nT<a href=\"tel:01484477283\">:01484 477283<\/a>\n\nUK Technical Service Team - Reparaturen, \u00dcberholungen, Wiederaufbereitung und Upgrade-Projekte im eigenen Haus.\n\n<strong>F\u00fcr Zentrifugen:<\/strong>\n\nCharlie Beaumont - Teamleiter Ersatzteile & Reparaturen - <a href=\"mailto:cbeaumont@broadbent.co.uk\">cbeaumont@broadbent.co.uk<\/a>\nT: <a href=\"tel:01484477296\">01484 477296<\/a>\n\nAndrew Selway - Ingenieur f\u00fcr Sonderprojekte - <a href=\"mailto:aselway@broadbent.co.uk\">aselway@broadbent.co.uk<\/a>\nT<a href=\"tel:01484477295\">:01484 477295<\/a>\n\nRob Johnson - Service Manager - <a href=\"mailto:rjohnson@broadbent.co.uk\">rjohnson@broadbent.co.uk<\/a>\nT<a href=\"tel:01484477283\">:01484 477283<\/a>\n<h3>USA<\/h3>\n<h4>Broadbent Incorporated USA - Dienstleistung<\/h4>\nRichard Walker <a href=\"mailto:rwalker@broadbent-americas.com\">rwalker@broadbent-americas.com<\/a>\nT:   <a href=\"tel:+18177734494\">+1 817 773 4494<\/a>\n<h4>Broadbent Incorporated USA - Ersatzteile<\/h4>\nTimothy O'Brien <a href=\"mailto:general@broadbent-americas.com\">general@broadbent-americas.com<\/a>\nT:   <a href=\"tel:+18177734494\">+1 817 773 4494<\/a>\n<h3>China<\/h3>\n<h4>Broadbent China - Dienstleistung<\/h4>\nBCSL Weihong Zhao <a href=\"mailto:wzhao@broadbent-asia.com\">wzhao@broadbent-asia.com<\/a>\nT: <a href=\"tel:+8651487871962\">+ 86 (0)514 8787 1962<\/a>\n\nJenny Xi <a href=\"mailto:jennyxi@broadbent-asia.com\">jennyxi@broadbent-asia.com<\/a>\nT: <a href=\"tel:+8613952525718\">+86 (0)139 525 25718<\/a>\n<h3>Thailand<\/h3>\n<h4>Broadbent Thailand - Dienstleistung<\/h4>\nRobert Capewell <a href=\"mailto:rcapewell@broadbent-asia.com\">rcapewell@broadbent-asia.com<\/a>\nT: <a href=\"tel:+6623729262\">+66 (0)2372 9262<\/a>\n\nTim Sellars <a href=\"mailto:tsellars@broadbent-asia.com\">tsellars@broadbent-asia.com<\/a>\nT: <a href=\"tel:+66857044626\">+66 (0)857 044626<\/a>\n<h3>Polen<\/h3>\n<h4>Broadbent Polen - Dienstleistung<\/h4>\nRadoslaw Witkowski <a href=\"mailto:rwitkoswski@broadbent.co.uk\">rwitkoswski@broadbent.co.uk<\/a>\nT:   <a href=\"tel:+48512577902\">+48 (0)512 577 902<\/a>"},{"question":"Wie kann ich die Abteilung Service & Ersatzteile au\u00dferhalb der normalen Gesch\u00e4ftszeiten kontaktieren?","answer":"B\u00fcro Gro\u00dfbritannien - (UK) <a href=\"tel:+441484477200\">+44 (0)1484 477200<\/a>\n\nKontaktinformationen f\u00fcr den Dienst au\u00dferhalb der \u00d6ffnungszeiten. (GROSSBRITANNIEN) <a href=\"tel:+447967237170\">+44 (0)7967 237170<\/a> \n\nF\u00fcr Anrufe nach 19:00 Uhr und vor 07:00 Uhr hinterlassen Sie bitte eine Nachricht. Wir werden Ihren Anruf so schnell wie m\u00f6glich zur\u00fcckrufen. \n\nWenn wir Ihren Anruf zur\u00fcckrufen, werden Sie um folgende Angaben gebeten:\n<ul>\n \t<li>Name des Kunden<\/li>\n \t<li>Kontaktangaben<\/li>\n \t<li>Art des Problems (z.B. Ersatzteile, technische Unterst\u00fctzung oder Anfrage eines Ingenieurs)<\/li>\n \t<li>Details zur Maschine<\/li>\n \t<li>PO, falls zutreffend.<\/li>\n<\/ul>\n\u00a0\n<h2>Technische Hilfe<\/h2>\nWenn Sie technische Unterst\u00fctzung oder einen Besuch eines Ingenieurs vor Ort ben\u00f6tigen, verbinden wir Sie mit einem Ingenieur f\u00fcr technische Beratung oder um einen Besuch zu vereinbaren.\n\nWenn Sie Ersatzteile ben\u00f6tigen, geben Sie bitte die Teilenummer an. Wenn wir Ihre Ersatzteile auf Lager haben, bieten wir neben der Standardlieferung auch eine Notfallkurieroption f\u00fcr dringende Bestellungen an. Alternativ k\u00f6nnen Sie Ihre Bestellung auch gerne in unserem Werk abholen.  \n\nBitte beachten Sie, dass Ihr Anruf au\u00dferhalb der Gesch\u00e4ftszeiten von einem Mitglied des Broadbent Service-Teams entgegengenommen wird. Sollte zu dieser Zeit niemand erreichbar sein, hinterlassen Sie bitte eine Nachricht, die wir dann so schnell wie m\u00f6glich bearbeiten werden. \n\nAlternative Kontaktnummern f\u00fcr den Support in Asien oder Amerika sind:\n<h3>USA<\/h3>\nZeitzone GMT -6 Stunden. Der Kontakt f\u00fcr alle Zentrifugen ist: <a href=\"tel:+18175952411\">+1 817 5952411<\/a> \n<h3>China<\/h3>\nZeitzone GMT +8 Stunden. Kontakt f\u00fcr alle Zentrifugen ist: <a href=\"tel:+8651487871962\">+ 86 (0)514 8787 1962<\/a>\nF\u00fcr Unterst\u00fctzung bei Zuckerzentrifugen in China kontaktieren Sie <a href=\"tel:+867715602695\">+ 86 (0)771 5602695<\/a> \n<h3>Thailand<\/h3>\nZeitzone GMT +7 Stunden. Kontakt f\u00fcr alle Zentrifugen ist: <a href=\"tel:+66857044626\">+66 (0)857 044626<\/a> "},{"question":"Wo kann ich gebrauchte, \u00fcberholte und wiederaufbereitete Broadbent Zentrifugen kaufen?","answer":"<h3>Gebrauchte, \u00fcberholte und wiederaufbereitete Zuckerzentrifugen<\/h3>\nWenn Sie Ihre Zuckerzentrifugen anschaffen oder ersetzen m\u00fcssen, k\u00f6nnen \u00fcberholte Ger\u00e4te eine kosteng\u00fcnstige Alternative zum Kauf neuer Ger\u00e4te sein. Unsere Mechanik- und Elektroingenieure k\u00f6nnen die Leistung der meisten Zuckerzentrifugenmarken zu einem Bruchteil der Kosten eines Neukaufs aufr\u00fcsten und verbessern. \n\nEine Auflistung unserer \u00fcberholten, \u00fcberholten und gebrauchten Zentrifugen finden Sie, wenn Sie unsere Reparaturabteilung \u00fcber die spezielle <a href=\"https:\/\/broadbent.co.uk\/spares-and-repairs\/\">Broadbent Ersatzteil- und Reparaturseite hier<\/a> kontaktieren."},{"question":"Wo erhalte ich Handb\u00fccher f\u00fcr Broadbent Zentrifugen?","answer":"Hier auf unserer Website finden Sie PDF-Handb\u00fccher, Brosch\u00fcren und Datenbl\u00e4tter f\u00fcr viele unserer Zentrifugenprodukte und zugeh\u00f6rige Ger\u00e4te.\n\nDie Kategorien umfassen:\n- unsere Broadbent Ltd Unternehmensbrosch\u00fcre\n- Brosch\u00fcren f\u00fcr die Produkte der Broadbent Process Division (Dekanter- und Batch-Zentrifugen f\u00fcr die Prozessindustrie)\n- Brosch\u00fcren f\u00fcr Broadbent Geotechnische Zentrifugen f\u00fcr die Forschungs- und Bauindustrie\n- Brosch\u00fcren f\u00fcr die Produktpalette der Broadbent Batch- und kontinuierlichen Zentrifugen f\u00fcr die Zucker- und S\u00fc\u00dfstoffindustrie\n- Brosch\u00fcren f\u00fcr Broadbent Laundry System Produkte\n- Datenbl\u00e4tter f\u00fcr Broadbent Laundry Systems Produkte\n- technische Support-Informationen und ver\u00f6ffentlichte Artikel"},{"question":"Welche Stellen gibt es in den verschiedenen Abteilungen von Broadbent?","answer":"Wenn Sie sich f\u00fcr Technik begeistern und sich der Qualit\u00e4t verpflichtet f\u00fchlen, sollten Sie sich \u00fcberlegen, ob Sie sich unserem Team von Fachleuten anschlie\u00dfen wollen. Gemeinsam werden wir die Zukunft der Industriestandards gestalten. \n\nDas Team von Broadbent besteht derzeit aus rund 140 Mitarbeitern, die \u00fcber einen gro\u00dfen Reichtum an F\u00e4higkeiten, Wissen, Erfahrung und Einblicken verf\u00fcgen. Entscheidend ist auch, dass unsere Mitarbeiter sich f\u00fcr die Unterst\u00fctzung unserer Kunden und die L\u00f6sung ihrer Prozessprobleme einsetzen. Das Fachwissen von Broadbent deckt alle wichtigen Disziplinen ab, einschlie\u00dflich Verfahrenstechnik, mechanisches und elektrisches Design, industrielle Steuerung und Produktionstechnik. Wir investieren auch in unsere Fachkenntnisse mit einem kontinuierlichen Programm f\u00fcr Handwerkslehrlinge und Lehrstellen.   \n\nUnsere aktuellen Stellenangebote finden Sie auf <a href=\"https:\/\/broadbent.bnodeltd.co.uk\/recruitment\/\">unserer Recruitment-Seite<\/a>."}],"button":"no","button_text":"","button_link":"","button_colour":false,"button_icon":"life_ring_icon"},{"acf_fc_layout":"shortcode_content","id":"contactform","background":"dark","show_content_before_rows":["yes"],"title":"Kontaktieren Sie uns","description_to_the_side_of_title":{"show_description":"","description_text":""},"content":"","shortcode":"[contact-form-7 id=\"9f61392\" title=\"Contact Form\"]"}]},"yoast_head":"<!-- This site is optimized with the Yoast SEO plugin v27.6 - https:\/\/yoast.com\/product\/yoast-seo-wordpress\/ -->\n<title>- Broadbent<\/title>\n<meta name=\"description\" content=\"Broadbent Divisions: die verschiedenen Abteilungen innerhalb von Broadbent, einschlie\u00dflich Industrial Process, Sugar, Laundry, Servicing &amp; Maintenance usw.\" \/>\n<meta name=\"robots\" content=\"index, follow, max-snippet:-1, max-image-preview:large, max-video-preview:-1\" \/>\n<link rel=\"canonical\" href=\"https:\/\/broadbent.co.uk\/de\/abteilungen\/\" \/>\n<meta property=\"og:locale\" content=\"de_DE\" \/>\n<meta property=\"og:type\" content=\"article\" \/>\n<meta property=\"og:title\" content=\"- Broadbent\" \/>\n<meta property=\"og:description\" content=\"Broadbent Divisions: die verschiedenen Abteilungen innerhalb von Broadbent, einschlie\u00dflich Industrial Process, Sugar, Laundry, Servicing &amp; Maintenance usw.\" \/>\n<meta property=\"og:url\" content=\"https:\/\/broadbent.co.uk\/de\/abteilungen\/\" \/>\n<meta property=\"og:site_name\" content=\"Broadbent\" \/>\n<meta property=\"article:modified_time\" content=\"2025-05-23T09:06:56+00:00\" \/>\n<meta property=\"og:image\" content=\"https:\/\/broadbent.co.uk\/wp-content\/uploads\/2023\/12\/logo-broadbent.jpg\" \/>\n\t<meta property=\"og:image:width\" content=\"973\" \/>\n\t<meta property=\"og:image:height\" content=\"345\" \/>\n\t<meta property=\"og:image:type\" content=\"image\/jpeg\" \/>\n<meta name=\"twitter:card\" content=\"summary_large_image\" \/>\n<script type=\"application\/ld+json\" class=\"yoast-schema-graph\">{\"@context\":\"https:\\\/\\\/schema.org\",\"@graph\":[{\"@type\":\"WebPage\",\"@id\":\"https:\\\/\\\/broadbent.co.uk\\\/de\\\/abteilungen\\\/\",\"url\":\"https:\\\/\\\/broadbent.co.uk\\\/de\\\/abteilungen\\\/\",\"name\":\"- Broadbent\",\"isPartOf\":{\"@id\":\"https:\\\/\\\/broadbent.co.uk\\\/#website\"},\"datePublished\":\"2024-09-02T14:42:33+00:00\",\"dateModified\":\"2025-05-23T09:06:56+00:00\",\"description\":\"Broadbent Divisions: die verschiedenen Abteilungen innerhalb von Broadbent, einschlie\u00dflich Industrial Process, Sugar, Laundry, Servicing & Maintenance usw.\",\"breadcrumb\":{\"@id\":\"https:\\\/\\\/broadbent.co.uk\\\/de\\\/abteilungen\\\/#breadcrumb\"},\"inLanguage\":\"de\",\"potentialAction\":[{\"@type\":\"ReadAction\",\"target\":[\"https:\\\/\\\/broadbent.co.uk\\\/de\\\/abteilungen\\\/\"]}]},{\"@type\":\"BreadcrumbList\",\"@id\":\"https:\\\/\\\/broadbent.co.uk\\\/de\\\/abteilungen\\\/#breadcrumb\",\"itemListElement\":[{\"@type\":\"ListItem\",\"position\":1,\"name\":\"Home\",\"item\":\"https:\\\/\\\/broadbent.co.uk\\\/de\\\/\"},{\"@type\":\"ListItem\",\"position\":2,\"name\":\"Abteilungen\"}]},{\"@type\":\"WebSite\",\"@id\":\"https:\\\/\\\/broadbent.co.uk\\\/#website\",\"url\":\"https:\\\/\\\/broadbent.co.uk\\\/\",\"name\":\"Broadbent\",\"description\":\"Thomas Broadbent - Centrifugal machines\",\"publisher\":{\"@id\":\"https:\\\/\\\/broadbent.co.uk\\\/#organization\"},\"alternateName\":\"Thomas Broadbent\",\"potentialAction\":[{\"@type\":\"SearchAction\",\"target\":{\"@type\":\"EntryPoint\",\"urlTemplate\":\"https:\\\/\\\/broadbent.co.uk\\\/?s={search_term_string}\"},\"query-input\":{\"@type\":\"PropertyValueSpecification\",\"valueRequired\":true,\"valueName\":\"search_term_string\"}}],\"inLanguage\":\"de\"},{\"@type\":\"Organization\",\"@id\":\"https:\\\/\\\/broadbent.co.uk\\\/#organization\",\"name\":\"Thomas Broadbent & Sons Ltd\",\"alternateName\":\"Broadbent\",\"url\":\"https:\\\/\\\/broadbent.co.uk\\\/\",\"logo\":{\"@type\":\"ImageObject\",\"inLanguage\":\"de\",\"@id\":\"https:\\\/\\\/broadbent.co.uk\\\/#\\\/schema\\\/logo\\\/image\\\/\",\"url\":\"https:\\\/\\\/broadbent.co.uk\\\/wp-content\\\/uploads\\\/2024\\\/09\\\/LogoLogoWorld-400x250-1.jpg\",\"contentUrl\":\"https:\\\/\\\/broadbent.co.uk\\\/wp-content\\\/uploads\\\/2024\\\/09\\\/LogoLogoWorld-400x250-1.jpg\",\"width\":400,\"height\":250,\"caption\":\"Thomas Broadbent & Sons Ltd\"},\"image\":{\"@id\":\"https:\\\/\\\/broadbent.co.uk\\\/#\\\/schema\\\/logo\\\/image\\\/\"},\"sameAs\":[\"https:\\\/\\\/www.linkedin.com\\\/company\\\/broadbent-centrifuges\\\/posts\\\/?feedView=all\"]}]}<\/script>\n<!-- \/ Yoast SEO plugin. -->","yoast_head_json":{"title":"- Broadbent","description":"Broadbent Divisions: die verschiedenen Abteilungen innerhalb von Broadbent, einschlie\u00dflich Industrial Process, Sugar, Laundry, Servicing & Maintenance usw.","robots":{"index":"index","follow":"follow","max-snippet":"max-snippet:-1","max-image-preview":"max-image-preview:large","max-video-preview":"max-video-preview:-1"},"canonical":"https:\/\/broadbent.co.uk\/de\/abteilungen\/","og_locale":"de_DE","og_type":"article","og_title":"- Broadbent","og_description":"Broadbent Divisions: die verschiedenen Abteilungen innerhalb von Broadbent, einschlie\u00dflich Industrial Process, Sugar, Laundry, Servicing & Maintenance usw.","og_url":"https:\/\/broadbent.co.uk\/de\/abteilungen\/","og_site_name":"Broadbent","article_modified_time":"2025-05-23T09:06:56+00:00","og_image":[{"width":973,"height":345,"url":"https:\/\/broadbent.co.uk\/wp-content\/uploads\/2023\/12\/logo-broadbent.jpg","type":"image\/jpeg"}],"twitter_card":"summary_large_image","schema":{"@context":"https:\/\/schema.org","@graph":[{"@type":"WebPage","@id":"https:\/\/broadbent.co.uk\/de\/abteilungen\/","url":"https:\/\/broadbent.co.uk\/de\/abteilungen\/","name":"- Broadbent","isPartOf":{"@id":"https:\/\/broadbent.co.uk\/#website"},"datePublished":"2024-09-02T14:42:33+00:00","dateModified":"2025-05-23T09:06:56+00:00","description":"Broadbent Divisions: die verschiedenen Abteilungen innerhalb von Broadbent, einschlie\u00dflich Industrial Process, Sugar, Laundry, Servicing & Maintenance usw.","breadcrumb":{"@id":"https:\/\/broadbent.co.uk\/de\/abteilungen\/#breadcrumb"},"inLanguage":"de","potentialAction":[{"@type":"ReadAction","target":["https:\/\/broadbent.co.uk\/de\/abteilungen\/"]}]},{"@type":"BreadcrumbList","@id":"https:\/\/broadbent.co.uk\/de\/abteilungen\/#breadcrumb","itemListElement":[{"@type":"ListItem","position":1,"name":"Home","item":"https:\/\/broadbent.co.uk\/de\/"},{"@type":"ListItem","position":2,"name":"Abteilungen"}]},{"@type":"WebSite","@id":"https:\/\/broadbent.co.uk\/#website","url":"https:\/\/broadbent.co.uk\/","name":"Broadbent","description":"Thomas Broadbent - Centrifugal machines","publisher":{"@id":"https:\/\/broadbent.co.uk\/#organization"},"alternateName":"Thomas Broadbent","potentialAction":[{"@type":"SearchAction","target":{"@type":"EntryPoint","urlTemplate":"https:\/\/broadbent.co.uk\/?s={search_term_string}"},"query-input":{"@type":"PropertyValueSpecification","valueRequired":true,"valueName":"search_term_string"}}],"inLanguage":"de"},{"@type":"Organization","@id":"https:\/\/broadbent.co.uk\/#organization","name":"Thomas Broadbent & Sons Ltd","alternateName":"Broadbent","url":"https:\/\/broadbent.co.uk\/","logo":{"@type":"ImageObject","inLanguage":"de","@id":"https:\/\/broadbent.co.uk\/#\/schema\/logo\/image\/","url":"https:\/\/broadbent.co.uk\/wp-content\/uploads\/2024\/09\/LogoLogoWorld-400x250-1.jpg","contentUrl":"https:\/\/broadbent.co.uk\/wp-content\/uploads\/2024\/09\/LogoLogoWorld-400x250-1.jpg","width":400,"height":250,"caption":"Thomas Broadbent & Sons Ltd"},"image":{"@id":"https:\/\/broadbent.co.uk\/#\/schema\/logo\/image\/"},"sameAs":["https:\/\/www.linkedin.com\/company\/broadbent-centrifuges\/posts\/?feedView=all"]}]}},"_links":{"self":[{"href":"https:\/\/broadbent.co.uk\/de\/wp-json\/wp\/v2\/pages\/6169","targetHints":{"allow":["GET"]}}],"collection":[{"href":"https:\/\/broadbent.co.uk\/de\/wp-json\/wp\/v2\/pages"}],"about":[{"href":"https:\/\/broadbent.co.uk\/de\/wp-json\/wp\/v2\/types\/page"}],"author":[{"embeddable":true,"href":"https:\/\/broadbent.co.uk\/de\/wp-json\/wp\/v2\/users\/5"}],"replies":[{"embeddable":true,"href":"https:\/\/broadbent.co.uk\/de\/wp-json\/wp\/v2\/comments?post=6169"}],"version-history":[{"count":8,"href":"https:\/\/broadbent.co.uk\/de\/wp-json\/wp\/v2\/pages\/6169\/revisions"}],"predecessor-version":[{"id":6278,"href":"https:\/\/broadbent.co.uk\/de\/wp-json\/wp\/v2\/pages\/6169\/revisions\/6278"}],"wp:attachment":[{"href":"https:\/\/broadbent.co.uk\/de\/wp-json\/wp\/v2\/media?parent=6169"}],"curies":[{"name":"wp","href":"https:\/\/api.w.org\/{rel}","templated":true}]}}