{"id":6172,"date":"2024-09-09T13:18:53","date_gmt":"2024-09-09T12:18:53","guid":{"rendered":"https:\/\/broadbent.bnodeltd.co.uk\/ersatzteile-und-reparaturen\/"},"modified":"2025-05-16T10:56:57","modified_gmt":"2025-05-16T09:56:57","slug":"ersatzteile-und-reparaturen","status":"publish","type":"page","link":"https:\/\/broadbent.co.uk\/de\/ersatzteile-und-reparaturen\/","title":{"rendered":"Ersatzteile und Reparaturen"},"content":{"rendered":"","protected":false},"excerpt":{"rendered":"","protected":false},"author":6,"featured_media":0,"parent":0,"menu_order":0,"comment_status":"closed","ping_status":"closed","template":"","meta":{"_acf_changed":false,"footnotes":""},"class_list":["post-6172","page","type-page","status-publish","hentry"],"acf":{"content":[{"acf_fc_layout":"hero_content_v3","id":"page-top","hero-slide-v2":[{"title":"Zentrifugen-Ersatzteile & Reparaturen","text":"Effizienter Kundendienst, der Ihre Ausfallzeiten durch schnelle, zuverl\u00e4ssige und hochwertige OEM-Ersatzteile und Reparaturen zu wettbewerbsf\u00e4higen Preisen minimiert. Original-OEM-Ersatzteile, um die Leistung Ihrer Maschinen zu sichern, ihre Lebensdauer zu verl\u00e4ngern und die langfristigen Wartungskosten zu senken. ","button":"yes","button_text":"Zentrifugen-Reparaturen","button_link":"#refurb","background_image":5913},{"title":"Reverse Engineering","text":"Reverse Engineering von Teilen f\u00fcr Maschinen von Wettbewerbern, damit Sie Ihre aktuellen Systeme aufr\u00fcsten, verbessern und optimieren k\u00f6nnen. L\u00f6sungen, die auf Ihre spezifischen betrieblichen Anforderungen zugeschnitten sind und Ihnen helfen, der Konkurrenz einen Schritt voraus zu sein. ","button":"yes","button_text":"Reverse-Engineering-Teile","button_link":"#reverse","background_image":6133},{"title":"Ersatzteile","text":"Wenn es um Zentrifugen-Ersatzteile geht, verf\u00fcgen wir \u00fcber einen Bestand von mehr als 3 Millionen Pfund. Au\u00dferdem befinden wir uns in unmittelbarer N\u00e4he zu allen wichtigen britischen Luft- und Seeh\u00e4fen, so dass wir im Falle eines unerwarteten Ausfalls sicherstellen k\u00f6nnen, dass Ihr Betrieb mit minimaler Unterbrechung wieder aufgenommen werden kann.","button":"yes","button_text":"Ersatzteile","button_link":"#spares","background_image":6043}]},{"acf_fc_layout":"rows","id":"","background":"light:","show_content_before_rows":"","title":"","description":{"show_description":"","description_text":""},"content":"","row":[{"box":[{"style":"column","width":"1\/2","image":5088,"title":"","add_title_background":"","text":"","text_style":"standard","show_checklist":"","checklist":null,"show_buttons":"","button_link":"","button_text":""},{"style":"column","width":"1\/2","image":"","title":"","add_title_background":"","text":"<h3>Ersatzteile & Reparaturen<\/h3>\nBei Thomas Broadbent hat sich unsere Abteilung f\u00fcr Ersatzteile und Reparaturen der Bereitstellung eines hervorragenden Kundendienstes verschrieben, der jedem Kunden schnelle und effiziente Unterst\u00fctzung bietet. Mit zahlreichen Standorten rund um den Globus sind wir gut ger\u00fcstet, um Ihre Bed\u00fcrfnisse zu erf\u00fcllen, wo immer Sie sich befinden, und bieten zuverl\u00e4ssigen Zugang zu einem umfassenden Bestand an hochwertigen Ersatzteilen und fachkundigen Reparaturen. Unser Spezialistenteam setzt sich daf\u00fcr ein, die optimale Leistung Ihrer Ger\u00e4te aufrechtzuerhalten, Ausfallzeiten zu minimieren und die betriebliche Effizienz zu steigern - und das in h\u00f6chster Qualit\u00e4t und mit einem Service, dem Sie vertrauen k\u00f6nnen.  ","text_style":"standard","show_checklist":"","checklist":null,"show_buttons":"","button_link":"","button_text":""}],"vertical_alignment":"top"},{"box":null,"vertical_alignment":"top"}]},{"acf_fc_layout":"rows","id":"","background":"light:","show_content_before_rows":"","title":"","description":{"show_description":"","description_text":""},"content":"","row":[{"box":[{"style":"column","width":"1\/3","image":5613,"title":"","add_title_background":"","text":"","text_style":"standard","show_checklist":"","checklist":null,"show_buttons":"","button_link":"","button_text":""},{"style":"column","width":"1\/3","image":4393,"title":"","add_title_background":"","text":"","text_style":"standard","show_checklist":"","checklist":null,"show_buttons":"","button_link":"","button_text":""},{"style":"column","width":"1\/3","image":4388,"title":"","add_title_background":"","text":"","text_style":"standard","show_checklist":"","checklist":null,"show_buttons":"","button_link":"","button_text":""}],"vertical_alignment":"top"}]},{"acf_fc_layout":"columns","id":"spares","background":"grey","show_content_before_columns":["yes"],"title":"Ersatzteile","description":{"show_description":"","description_text":""},"content":"\u00a0\nUnser Engagement f\u00fcr die Bereitstellung von Original-Ersatzteilen bedeutet, dass Sie von Komponenten profitieren, die die Effizienz, Produktivit\u00e4t und Langlebigkeit Ihrer Zentrifugensysteme verbessern. Diese Teile werden nach den h\u00f6chsten Spezifikationen hergestellt und genau auf die Bed\u00fcrfnisse Ihrer Anlage zugeschnitten, um eine nahtlose Integration und zuverl\u00e4ssige Leistung zu gew\u00e4hrleisten. ","column":[{"col_image":5333,"col_title":"","add_title_background":"","col_text":"","add_link":"","link":"","add_link_to_image":[],"show_button":[],"button_text":"","images":null,"images_style":"column"},{"col_image":"","col_title":"","add_title_background":"","col_text":"Durch die Wahl von OEM-Originalteilen sichern Sie nicht nur die Leistung Ihrer Maschinen, sondern verl\u00e4ngern auch deren Lebensdauer und senken so die langfristigen Wartungskosten.\n\nDar\u00fcber hinaus kann unser Expertenteam Ihnen empfehlen, welche kritischen Ersatzteile Sie vor Ort vorr\u00e4tig halten sollten. So k\u00f6nnen Sie m\u00f6gliche Probleme schnell beheben und Verz\u00f6gerungen vermeiden, die durch die kurzfristige Beschaffung von Teilen entstehen. Unser Team unterst\u00fctzt Ihre Betriebskontinuit\u00e4t mit fachkundiger Beratung und schnellem Zugriff auf die ben\u00f6tigten Teile. \n\nF\u00fcr zus\u00e4tzliche Flexibilit\u00e4t k\u00f6nnen wir auch Ersatzteile f\u00fcr Maschinen von Mitbewerbern beschaffen und so sicherstellen, dass Ihre gesamte Ausr\u00fcstung unter einem Dach betreut wird.\n\nWenn Sie Hilfe ben\u00f6tigen oder ein Angebot anfordern m\u00f6chten, wenden Sie sich bitte an einen Mitarbeiter unserer Ersatzteilabteilung - <a href=\"mailto:SSR@broadbent.co.uk\">SSR@broadbent.co.uk<\/a>","add_link":"","link":"","add_link_to_image":[],"show_button":[],"button_text":"","images":null,"images_style":"column"}],"col_display":"two_col","images_full_width_of_column":["yes"],"show_large_text":"","line_1":"","line_2":""},{"acf_fc_layout":"columns","id":"","background":"dark","show_content_before_columns":["yes"],"title":"Ersatzteile","description":{"show_description":["yes"],"description_text":"Es lohnt sich immer, bei uns nachzufragen, wenn Sie Ersatzteile f\u00fcr Broadbent Zentrifugen ben\u00f6tigen. Wir bieten der Zuckerindustrie, der W\u00e4schereiindustrie und anderen Sektoren einen umfassenden Support-Service, 24 Stunden am Tag und 365 Tage im Jahr. In ganz Gro\u00dfbritannien, Europa, den USA und weltweit. Unsere Lager in Gro\u00dfbritannien und den USA verf\u00fcgen \u00fcber umfangreiche Best\u00e4nde an wichtigen Verbrauchsmaterialien und Artikeln f\u00fcr den regelm\u00e4\u00dfigen Bedarf f\u00fcr die gesamte Palette der Broadbent Batch- und kontinuierlichen Zentrifugen.     "},"content":"","column":[{"col_image":5303,"col_title":"","add_title_background":"","col_text":"","add_link":"","link":"","add_link_to_image":[],"show_button":[],"button_text":"","images":null,"images_style":"row"},{"col_image":5308,"col_title":"","add_title_background":"","col_text":"","add_link":"","link":"","add_link_to_image":[],"show_button":[],"button_text":"","images":null,"images_style":"row"},{"col_image":5313,"col_title":"","add_title_background":"","col_text":"","add_link":"","link":"","add_link_to_image":[],"show_button":[],"button_text":"","images":null,"images_style":"row"},{"col_image":5318,"col_title":"","add_title_background":"","col_text":"","add_link":"","link":"","add_link_to_image":[],"show_button":[],"button_text":"","images":null,"images_style":"row"},{"col_image":5323,"col_title":"","add_title_background":"","col_text":"","add_link":"","link":"","add_link_to_image":[],"show_button":[],"button_text":"","images":null,"images_style":"row"},{"col_image":5328,"col_title":"","add_title_background":"","col_text":"","add_link":"","link":"","add_link_to_image":[],"show_button":[],"button_text":"","images":null,"images_style":"row"}],"col_display":"four_col","images_full_width_of_column":["yes"],"show_large_text":["yes"],"line_1":"Rufen Sie unser Ersatzteilteam noch heute an:","line_2":"+44 (0)1484 477 305"},{"acf_fc_layout":"text_and_image_content","id":"brands-supplied","title_heading":"h2","title":"Einige Marken, die wir liefern","content":"\u00a0\nWir bieten ein umfassendes Sortiment an hochwertigen Ersatzteilen nicht nur f\u00fcr unsere eigenen Zentrifugen, sondern auch f\u00fcr eine gro\u00dfe Auswahl an Maschinen von Wettbewerbern. Unser Bestand umfasst kompatible Ersatzteile f\u00fcr Ger\u00e4te von Ferrum, Western States, KHD, Andritz, Flottweg, Krauss-Maffei, Alfa Laval und Henkel. Dank unseres umfangreichen Netzwerks und unserer Branchenkenntnis k\u00f6nnen wir Sie bei der laufenden Wartung und bei Notreparaturen unterst\u00fctzen, um Ausfallzeiten zu minimieren und eine optimale Leistung f\u00fcr eine Vielzahl von Zentrifugenmodellen zu gew\u00e4hrleisten.  ","text_align":"left","add_image":"no","image":null,"image_align":false,"image_width":"w50","background_colour":"none","add_background_image":"no","background_image":null,"button":"no","button_links":null,"remove_padding_top":""},{"acf_fc_layout":"columns","id":"reverse","background":"light:","show_content_before_columns":["yes"],"title":"Reverse-Engineering-Teile","description":{"show_description":"","description_text":""},"content":"","column":[{"col_image":"","col_title":"","add_title_background":"","col_text":"","add_link":"","link":"","add_link_to_image":[],"show_button":[],"button_text":"","images":[{"image":5263},{"image":5268},{"image":5273},{"image":5278},{"image":5283}],"images_style":"column"},{"col_image":"","col_title":"Wir bieten fachkundige Reverse-Engineering-Dienste f\u00fcr Maschinen von Wettbewerbern an, damit Sie Ihre aktuellen Systeme verbessern und optimieren k\u00f6nnen.","add_title_background":"","col_text":"Unser Team ist in der Lage, jedes Ger\u00e4t gr\u00fcndlich zu analysieren, zu zerlegen und seine Funktionsweise zu verstehen, um eine genaue Reproduktion von Teilen oder kompletten Systemdesigns zu gew\u00e4hrleisten.\n\nDurch den Einsatz von Spitzentechnologie und unsere umfassende Branchenkenntnis k\u00f6nnen wir L\u00f6sungen anbieten, die auf Ihre spezifischen betrieblichen Anforderungen zugeschnitten sind und Ihnen helfen, der Konkurrenz einen Schritt voraus zu sein.\n\nOb es um die Verbesserung der Effizienz oder die Beschaffung schwer zu findender Komponenten geht, wir sorgen f\u00fcr zuverl\u00e4ssige, pr\u00e4zise Ergebnisse, die das Potenzial Ihrer Ger\u00e4te maximieren.","add_link":"","link":"","add_link_to_image":[],"show_button":[],"button_text":"","images":[{"image":5293},{"image":5288}],"images_style":"column"}],"col_display":"two_col","images_full_width_of_column":["yes"],"show_large_text":"","line_1":"","line_2":""},{"acf_fc_layout":"columns","id":"refurb","background":"grey","show_content_before_columns":["yes"],"title":"Zentrifugen-Reparaturen","description":{"show_description":"","description_text":""},"content":"\u00a0\nUnsere engagierte Reparaturabteilung ist mit einer hochmodernen Werkstatt und sehr erfahrenen Ingenieuren ausgestattet, die sich um all Ihre Reparatur- und \u00dcberholungsanforderungen k\u00fcmmern. Ganz gleich, ob es sich um eine kleine Reparatur oder eine komplette \u00dcberholung handelt, unser erfahrenes Team sorgt daf\u00fcr, dass Ihre Ger\u00e4te bei minimaler Ausfallzeit wieder optimal funktionieren. ","column":[{"col_image":"","col_title":"","add_title_background":"","col_text":"","add_link":"","link":"","add_link_to_image":[],"show_button":[],"button_text":"","images":[{"image":5338}],"images_style":"column"},{"col_image":"","col_title":"","add_title_background":"","col_text":"Die Entscheidung f\u00fcr eine Reparatur oder \u00dcberholung verl\u00e4ngert nicht nur die Lebensdauer Ihrer Maschinen, sondern bietet auch erhebliche Kosteneinsparungen im Vergleich zum Kauf neuer Ger\u00e4te. Dar\u00fcber hinaus funktionieren \u00fcberholte Teile und Systeme oft wie neu, verbessern die Effizienz, reduzieren den Abfall und tragen zu einem nachhaltigeren Betrieb bei. Vertrauen Sie auf unser Fachwissen, um Ihre Systeme schnell wieder zum Laufen zu bringen - mit garantierter Qualit\u00e4t und Pr\u00e4zision. Wir bieten auch vollst\u00e4ndige Inspektionen, einschlie\u00dflich zerst\u00f6rungsfreier Pr\u00fcfungen (NDT), mit umfassenden Berichten an, um die Integrit\u00e4t und Leistung Ihrer Ger\u00e4te sicherzustellen. Dieser Service ist sowohl in unserer Werkstatt als auch, wenn m\u00f6glich, vor Ort verf\u00fcgbar, um Ihnen Flexibilit\u00e4t und Bequemlichkeit zu bieten und Ihre betrieblichen Anforderungen zu erf\u00fcllen.    ","add_link":"","link":"","add_link_to_image":[],"show_button":[],"button_text":"","images":null,"images_style":"row"}],"col_display":"two_col","images_full_width_of_column":"","show_large_text":"","line_1":"","line_2":""},{"acf_fc_layout":"columns","id":"refurbished","background":"light:","show_content_before_columns":["yes"],"title":"\u00dcberholte Ger\u00e4te","description":{"show_description":"","description_text":""},"content":"<h3>Sparen Sie Kosten ohne Qualit\u00e4tseinbu\u00dfen<\/h3>","column":[{"col_image":"","col_title":"","add_title_background":"","col_text":"Wenn die Kosten f\u00fcr fabrikneue Ger\u00e4te das Projektbudget \u00fcbersteigen, kann ein general\u00fcberholtes Gebrauchtger\u00e4t oder eine \u00dcberholung Ihres vorhandenen Ger\u00e4ts Ihrem Projekt eine wertvolle Rettungsleine sein. Die SSR-Abteilung von Broadbent bietet general\u00fcberholte und \u00fcberholte Maschinen zu einem Bruchteil des Preises von Neuger\u00e4ten - und oft mit einer k\u00fcrzeren Vorlaufzeit als bei Neuger\u00e4ten. \n\n<strong>Broadbent - weltweit bekannt f\u00fcr Leistungsf\u00e4higkeit und Produktpalette<\/strong>\n\nUnsere hochmodernen R\u00e4umlichkeiten, Werkzeugmaschinen und Schwei\u00df-, Fertigungs- und dynamischen Auswuchtkapazit\u00e4ten erf\u00fcllen eine Vielzahl von Anforderungen an die \u00dcberholung oder Instandsetzung Ihrer Zentrifugen und anderer Maschinen oder Anlagen, ganz gleich in welchem Umfang. Wir sind stolz darauf, dass Broadbent SSR nicht nur von den Nutzern unserer eigenen Maschinen, sondern auch von immer mehr Nutzern anderer Marken von Zentrifugenmaschinen vertraut wird. ","add_link":"","link":"","add_link_to_image":[],"show_button":[],"button_text":"","images":null,"images_style":"column"},{"col_image":"","col_title":"","add_title_background":"","col_text":"","add_link":"","link":"","add_link_to_image":[],"show_button":[],"button_text":"","images":[{"image":5298}],"images_style":"column"}],"col_display":"two_col","images_full_width_of_column":["yes"],"show_large_text":"","line_1":"","line_2":""},{"acf_fc_layout":"shortcode_content","id":"","background":"dark","show_content_before_rows":["yes"],"title":"Kontaktieren Sie uns","description_to_the_side_of_title":{"show_description":"","description_text":""},"content":"","shortcode":"[contact-form-7 id=\"9f61392\" title=\"Contact Form\"]"}]},"yoast_head":"<!-- This site is optimized with the Yoast SEO plugin v27.4 - https:\/\/yoast.com\/product\/yoast-seo-wordpress\/ -->\n<title>- Broadbent<\/title>\n<meta name=\"description\" content=\"Unsere engagierte Ersatzteil- und Reparaturabteilung bietet schnellen und effizienten Kundendienst und bietet hochwertige OEM-Produkte zu wettbewerbsf\u00e4higen Preisen.\" \/>\n<meta name=\"robots\" content=\"index, follow, max-snippet:-1, max-image-preview:large, max-video-preview:-1\" \/>\n<link rel=\"canonical\" href=\"https:\/\/broadbent.co.uk\/de\/ersatzteile-und-reparaturen\/\" \/>\n<meta property=\"og:locale\" content=\"de_DE\" \/>\n<meta property=\"og:type\" content=\"article\" \/>\n<meta property=\"og:title\" content=\"- Broadbent\" \/>\n<meta property=\"og:description\" content=\"Unsere engagierte Ersatzteil- und Reparaturabteilung bietet schnellen und effizienten Kundendienst und bietet hochwertige OEM-Produkte zu wettbewerbsf\u00e4higen Preisen.\" \/>\n<meta property=\"og:url\" content=\"https:\/\/broadbent.co.uk\/de\/ersatzteile-und-reparaturen\/\" \/>\n<meta property=\"og:site_name\" content=\"Broadbent\" \/>\n<meta property=\"article:modified_time\" content=\"2025-05-16T09:56:57+00:00\" \/>\n<meta property=\"og:image\" content=\"https:\/\/broadbent.co.uk\/wp-content\/uploads\/2023\/12\/logo-broadbent.jpg\" \/>\n\t<meta property=\"og:image:width\" content=\"973\" \/>\n\t<meta property=\"og:image:height\" content=\"345\" \/>\n\t<meta property=\"og:image:type\" content=\"image\/jpeg\" \/>\n<meta name=\"twitter:card\" content=\"summary_large_image\" \/>\n<script type=\"application\/ld+json\" class=\"yoast-schema-graph\">{\"@context\":\"https:\\\/\\\/schema.org\",\"@graph\":[{\"@type\":\"WebPage\",\"@id\":\"https:\\\/\\\/broadbent.co.uk\\\/de\\\/ersatzteile-und-reparaturen\\\/\",\"url\":\"https:\\\/\\\/broadbent.co.uk\\\/de\\\/ersatzteile-und-reparaturen\\\/\",\"name\":\"- Broadbent\",\"isPartOf\":{\"@id\":\"https:\\\/\\\/broadbent.co.uk\\\/#website\"},\"datePublished\":\"2024-09-09T12:18:53+00:00\",\"dateModified\":\"2025-05-16T09:56:57+00:00\",\"description\":\"Unsere engagierte Ersatzteil- und Reparaturabteilung bietet schnellen und effizienten Kundendienst und bietet hochwertige OEM-Produkte zu wettbewerbsf\u00e4higen Preisen.\",\"breadcrumb\":{\"@id\":\"https:\\\/\\\/broadbent.co.uk\\\/de\\\/ersatzteile-und-reparaturen\\\/#breadcrumb\"},\"inLanguage\":\"de\",\"potentialAction\":[{\"@type\":\"ReadAction\",\"target\":[\"https:\\\/\\\/broadbent.co.uk\\\/de\\\/ersatzteile-und-reparaturen\\\/\"]}]},{\"@type\":\"BreadcrumbList\",\"@id\":\"https:\\\/\\\/broadbent.co.uk\\\/de\\\/ersatzteile-und-reparaturen\\\/#breadcrumb\",\"itemListElement\":[{\"@type\":\"ListItem\",\"position\":1,\"name\":\"Home\",\"item\":\"https:\\\/\\\/broadbent.co.uk\\\/de\\\/\"},{\"@type\":\"ListItem\",\"position\":2,\"name\":\"Ersatzteile und Reparaturen\"}]},{\"@type\":\"WebSite\",\"@id\":\"https:\\\/\\\/broadbent.co.uk\\\/#website\",\"url\":\"https:\\\/\\\/broadbent.co.uk\\\/\",\"name\":\"Broadbent\",\"description\":\"Thomas Broadbent - Centrifugal machines\",\"publisher\":{\"@id\":\"https:\\\/\\\/broadbent.co.uk\\\/#organization\"},\"alternateName\":\"Thomas Broadbent\",\"potentialAction\":[{\"@type\":\"SearchAction\",\"target\":{\"@type\":\"EntryPoint\",\"urlTemplate\":\"https:\\\/\\\/broadbent.co.uk\\\/?s={search_term_string}\"},\"query-input\":{\"@type\":\"PropertyValueSpecification\",\"valueRequired\":true,\"valueName\":\"search_term_string\"}}],\"inLanguage\":\"de\"},{\"@type\":\"Organization\",\"@id\":\"https:\\\/\\\/broadbent.co.uk\\\/#organization\",\"name\":\"Thomas Broadbent & Sons Ltd\",\"alternateName\":\"Broadbent\",\"url\":\"https:\\\/\\\/broadbent.co.uk\\\/\",\"logo\":{\"@type\":\"ImageObject\",\"inLanguage\":\"de\",\"@id\":\"https:\\\/\\\/broadbent.co.uk\\\/#\\\/schema\\\/logo\\\/image\\\/\",\"url\":\"https:\\\/\\\/broadbent.co.uk\\\/wp-content\\\/uploads\\\/2024\\\/09\\\/LogoLogoWorld-400x250-1.jpg\",\"contentUrl\":\"https:\\\/\\\/broadbent.co.uk\\\/wp-content\\\/uploads\\\/2024\\\/09\\\/LogoLogoWorld-400x250-1.jpg\",\"width\":400,\"height\":250,\"caption\":\"Thomas Broadbent & Sons Ltd\"},\"image\":{\"@id\":\"https:\\\/\\\/broadbent.co.uk\\\/#\\\/schema\\\/logo\\\/image\\\/\"},\"sameAs\":[\"https:\\\/\\\/www.linkedin.com\\\/company\\\/broadbent-centrifuges\\\/posts\\\/?feedView=all\"]}]}<\/script>\n<!-- \/ Yoast SEO plugin. -->","yoast_head_json":{"title":"- Broadbent","description":"Unsere engagierte Ersatzteil- und Reparaturabteilung bietet schnellen und effizienten Kundendienst und bietet hochwertige OEM-Produkte zu wettbewerbsf\u00e4higen Preisen.","robots":{"index":"index","follow":"follow","max-snippet":"max-snippet:-1","max-image-preview":"max-image-preview:large","max-video-preview":"max-video-preview:-1"},"canonical":"https:\/\/broadbent.co.uk\/de\/ersatzteile-und-reparaturen\/","og_locale":"de_DE","og_type":"article","og_title":"- Broadbent","og_description":"Unsere engagierte Ersatzteil- und Reparaturabteilung bietet schnellen und effizienten Kundendienst und bietet hochwertige OEM-Produkte zu wettbewerbsf\u00e4higen Preisen.","og_url":"https:\/\/broadbent.co.uk\/de\/ersatzteile-und-reparaturen\/","og_site_name":"Broadbent","article_modified_time":"2025-05-16T09:56:57+00:00","og_image":[{"width":973,"height":345,"url":"https:\/\/broadbent.co.uk\/wp-content\/uploads\/2023\/12\/logo-broadbent.jpg","type":"image\/jpeg"}],"twitter_card":"summary_large_image","schema":{"@context":"https:\/\/schema.org","@graph":[{"@type":"WebPage","@id":"https:\/\/broadbent.co.uk\/de\/ersatzteile-und-reparaturen\/","url":"https:\/\/broadbent.co.uk\/de\/ersatzteile-und-reparaturen\/","name":"- Broadbent","isPartOf":{"@id":"https:\/\/broadbent.co.uk\/#website"},"datePublished":"2024-09-09T12:18:53+00:00","dateModified":"2025-05-16T09:56:57+00:00","description":"Unsere engagierte Ersatzteil- und Reparaturabteilung bietet schnellen und effizienten Kundendienst und bietet hochwertige OEM-Produkte zu wettbewerbsf\u00e4higen Preisen.","breadcrumb":{"@id":"https:\/\/broadbent.co.uk\/de\/ersatzteile-und-reparaturen\/#breadcrumb"},"inLanguage":"de","potentialAction":[{"@type":"ReadAction","target":["https:\/\/broadbent.co.uk\/de\/ersatzteile-und-reparaturen\/"]}]},{"@type":"BreadcrumbList","@id":"https:\/\/broadbent.co.uk\/de\/ersatzteile-und-reparaturen\/#breadcrumb","itemListElement":[{"@type":"ListItem","position":1,"name":"Home","item":"https:\/\/broadbent.co.uk\/de\/"},{"@type":"ListItem","position":2,"name":"Ersatzteile und Reparaturen"}]},{"@type":"WebSite","@id":"https:\/\/broadbent.co.uk\/#website","url":"https:\/\/broadbent.co.uk\/","name":"Broadbent","description":"Thomas Broadbent - Centrifugal machines","publisher":{"@id":"https:\/\/broadbent.co.uk\/#organization"},"alternateName":"Thomas Broadbent","potentialAction":[{"@type":"SearchAction","target":{"@type":"EntryPoint","urlTemplate":"https:\/\/broadbent.co.uk\/?s={search_term_string}"},"query-input":{"@type":"PropertyValueSpecification","valueRequired":true,"valueName":"search_term_string"}}],"inLanguage":"de"},{"@type":"Organization","@id":"https:\/\/broadbent.co.uk\/#organization","name":"Thomas Broadbent & Sons Ltd","alternateName":"Broadbent","url":"https:\/\/broadbent.co.uk\/","logo":{"@type":"ImageObject","inLanguage":"de","@id":"https:\/\/broadbent.co.uk\/#\/schema\/logo\/image\/","url":"https:\/\/broadbent.co.uk\/wp-content\/uploads\/2024\/09\/LogoLogoWorld-400x250-1.jpg","contentUrl":"https:\/\/broadbent.co.uk\/wp-content\/uploads\/2024\/09\/LogoLogoWorld-400x250-1.jpg","width":400,"height":250,"caption":"Thomas Broadbent & Sons Ltd"},"image":{"@id":"https:\/\/broadbent.co.uk\/#\/schema\/logo\/image\/"},"sameAs":["https:\/\/www.linkedin.com\/company\/broadbent-centrifuges\/posts\/?feedView=all"]}]}},"_links":{"self":[{"href":"https:\/\/broadbent.co.uk\/de\/wp-json\/wp\/v2\/pages\/6172","targetHints":{"allow":["GET"]}}],"collection":[{"href":"https:\/\/broadbent.co.uk\/de\/wp-json\/wp\/v2\/pages"}],"about":[{"href":"https:\/\/broadbent.co.uk\/de\/wp-json\/wp\/v2\/types\/page"}],"author":[{"embeddable":true,"href":"https:\/\/broadbent.co.uk\/de\/wp-json\/wp\/v2\/users\/6"}],"replies":[{"embeddable":true,"href":"https:\/\/broadbent.co.uk\/de\/wp-json\/wp\/v2\/comments?post=6172"}],"version-history":[{"count":5,"href":"https:\/\/broadbent.co.uk\/de\/wp-json\/wp\/v2\/pages\/6172\/revisions"}],"predecessor-version":[{"id":6358,"href":"https:\/\/broadbent.co.uk\/de\/wp-json\/wp\/v2\/pages\/6172\/revisions\/6358"}],"wp:attachment":[{"href":"https:\/\/broadbent.co.uk\/de\/wp-json\/wp\/v2\/media?parent=6172"}],"curies":[{"name":"wp","href":"https:\/\/api.w.org\/{rel}","templated":true}]}}