{"id":6177,"date":"2024-11-14T17:19:50","date_gmt":"2024-11-14T17:19:50","guid":{"rendered":"https:\/\/broadbent.bnodeltd.co.uk\/fertigungsdienstleistungen\/"},"modified":"2025-05-16T11:10:42","modified_gmt":"2025-05-16T10:10:42","slug":"fertigungsdienstleistungen","status":"publish","type":"page","link":"https:\/\/broadbent.co.uk\/de\/fertigungsdienstleistungen\/","title":{"rendered":"Fertigungsdienstleistungen"},"content":{"rendered":"","protected":false},"excerpt":{"rendered":"","protected":false},"author":6,"featured_media":0,"parent":0,"menu_order":0,"comment_status":"closed","ping_status":"closed","template":"","meta":{"_acf_changed":false,"footnotes":""},"class_list":["post-6177","page","type-page","status-publish","hentry"],"acf":{"content":[{"acf_fc_layout":"hero_content_v3","id":"page-top","hero-slide-v2":[{"title":"Abteilung Fertigung","text":"Das Team von Broadbent Manufacturing, Machining, Subcontracting & White Labelling ist ein vielseitiges Produktionsteam, das sich auf die Herstellung von Zentrifugen spezialisiert hat. Es bietet auch kosteneffiziente Zulieferdienste f\u00fcr externe Nutzer gro\u00dfer, komplexer technischer Komponenten an. Wir freuen uns, Ihnen ein Angebot f\u00fcr Ihre Anforderungen unterbreiten zu d\u00fcrfen.  ","button":"yes","button_text":"Kontaktieren Sie uns","button_link":"#contact-form","background_image":5923},{"title":"Fertigung - Kapazit\u00e4t","text":"Unten k\u00f6nnen Sie unsere vollst\u00e4ndige Kapazit\u00e4tsliste herunterladen, in der unsere hauseigenen Fertigungsmaschinen vorgestellt werden und die Informationen \u00fcber ihre F\u00e4higkeiten und Kapazit\u00e4ten enth\u00e4lt.","button":"yes","button_text":"Laden Sie unsere Kapazit\u00e4tsbrosch\u00fcre herunter","button_link":"\/wp-content\/uploads\/2025\/03\/manufacturing-capacities-2025-for-web.pdf","background_image":6088},{"title":"Herstellung - Fabrikation","text":"Die Fertigungsabteilung ist mit einer gro\u00dfen Auswahl an Anlagen ausgestattet, die den mittleren bis schweren Fertigungsanforderungen von Zentrifugen und \u00e4hnlichen Ger\u00e4ten gerecht werden.  ","button":"yes","button_text":"Laden Sie unsere Brosch\u00fcre zur Herstellung herunter","button_link":"\/wp-content\/uploads\/2024\/10\/Thomas-Broadbent-Capacity-List-Updated.pdf","background_image":6023}]},{"acf_fc_layout":"columns","id":"video","background":"light:","show_content_before_columns":"","title":"","description":{"show_description":"","description_text":""},"content":"","column":[{"col_image":"","col_title":"","add_title_background":"","col_text":"<iframe src=\"https:\/\/player.vimeo.com\/video\/1075058124?h=95f9c02741\" width=\"640\" height=\"360\" frameborder=\"0\" allowfullscreen=\"allowfullscreen\"><\/iframe>","add_link":"","link":"","add_link_to_image":[],"show_button":[],"button_text":"","images":null,"images_style":"row"},{"col_image":"","col_title":"","add_title_background":"","col_text":"<h3>Herstellung, Schwei\u00dfen & Fertigung, Bearbeitung, Spezialmontage und Pr\u00fcfung<\/h3>\n<h4>Einrichtungen von Weltklasse<\/h4>\nUnsere 8.000m2 (85.000ft2) gro\u00dfen R\u00e4umlichkeiten sind Weltklasse und umfassen drei Hauptfertigungshallen mit 6 x 6m (20 x 20ft) Zugang und Hebevorrichtungen bis zu 25 Tonnen. Unsere Pr\u00e4zisionsdienstleistungen umfassen: \n\n*Fertigung *Bearbeitung *Montage *dynamisches Auswuchten *Strahlen *Lackieren *Testen","add_link":"","link":"","add_link_to_image":[],"show_button":[],"button_text":"","images":null,"images_style":"row"}],"col_display":"two_col","images_full_width_of_column":"","show_large_text":"","line_1":"","line_2":""},{"acf_fc_layout":"text_and_image_content","id":"","title_heading":"h4","title":"Vielf\u00e4ltige Materialm\u00f6glichkeiten","content":"Die Abteilung verf\u00fcgt \u00fcber eine beeindruckende Erfahrung und Expertise in der Arbeit mit einer Vielzahl von Materialien - von den traditionellen bis hin zu den exotischeren. Wir verarbeiten alles, von unlegierten St\u00e4hlen bis hin zu rostfreien St\u00e4hlen der Serie 300, Duplex- und Superduplexst\u00e4hlen sowie Nickel, Monel, Hastelloy und Titan, die alle zu Komponenten verarbeitet und bearbeitet werden k\u00f6nnen. ","text_align":"left","add_image":"no","image":null,"image_align":false,"image_width":"w50","background_colour":"none","add_background_image":"no","background_image":null,"button":"no","button_links":null,"remove_padding_top":["yes"]},{"acf_fc_layout":"rows","id":"","background":"light:","show_content_before_rows":"","title":"","description":{"show_description":"","description_text":""},"content":"","row":[{"box":[{"style":"column","width":"1\/3","image":5428,"title":"","add_title_background":"","text":"<h4>Herstellung<\/h4>\nDie Fertigungsabteilung von Broadbent mit Sitz in Huddersfield, West Yorkshire, bietet eine umfassende Zulieferl\u00f6sung f\u00fcr alle technischen Disziplinen, von der Herstellung und Bearbeitung bis zur Montage und Pr\u00fcfung. Unsere hochqualifizierten, in der Ausbildung befindlichen Mitarbeiter zeichnen sich durch Pr\u00e4zisionsfertigung, Herstellung, Bearbeitung, Montage und Pr\u00fcfung der gro\u00dfen industriellen Zentrifugen von Broadbent aus und erf\u00fcllen die anspruchsvollen Toleranzen und Standards, die unsere Kunden verlangen. ","text_style":"standard","show_checklist":"","checklist":null,"show_buttons":"","button_link":"","button_text":""},{"style":"column","width":"1\/3","image":5738,"title":"","add_title_background":"","text":"<h4>Fabriken<\/h4>\nDie Fertigungsabteilung ist mit einer gro\u00dfen Auswahl an Anlagen ausgestattet, die den mittleren bis schweren Fertigungsanforderungen von Zentrifugen und \u00e4hnlichen Ger\u00e4ten gerecht werden. Unser geschultes Personal ist nach ASME IX und NACE f\u00fcr SMAW, GTAW, SAW, GMAW und FCAW an einer Vielzahl von Materialien qualifiziert, darunter 2205, 2507, Zeron und Hastelloy. Schwei\u00dfen gem\u00e4\u00df ISO3834-Zertifizierung. ","text_style":"standard","show_checklist":"","checklist":null,"show_buttons":"","button_link":"","button_text":""},{"style":"column","width":"1\/3","image":5433,"title":"","add_title_background":"","text":"<h4>Bearbeitung<\/h4>\nUnsere Bearbeitungsabteilung ist spezialisiert auf vertikales und horizontales Drehen, R\u00e4umen, Bohren und Fr\u00e4sen. Die besondere Kompetenz von Broadbent liegt in der Bearbeitung gro\u00dfer, komplexer Komponenten mit den engen Toleranzen, die f\u00fcr industrielle Gro\u00dfzentrifugen und \u00e4hnliche Produkte erforderlich sind. ","text_style":"standard","show_checklist":"","checklist":null,"show_buttons":"","button_link":"","button_text":""}],"vertical_alignment":"top"},{"box":[{"style":"column","width":"1\/3","image":5423,"title":"","add_title_background":"","text":"<h4>Montage<\/h4>\nBroadbent verf\u00fcgt \u00fcber einen gro\u00dfen, ger\u00e4umigen Montagebereich mit Hebevorrichtungen f\u00fcr bis zu 25 Tonnen. Die gut ausgebildeten Mitarbeiter sind in pneumatischen, hydraulischen, mechanischen und elektrischen Montagetechniken geschult. ","text_style":"standard","show_checklist":"","checklist":null,"show_buttons":"","button_link":"","button_text":""},{"style":"column","width":"1\/3","image":5418,"title":"","add_title_background":"","text":"<h4>Ausgleichen<\/h4>\nDynamische Ausgleichsleistung:\nMax. Gewicht 6 Tonnen\nMaximale L\u00e4nge 3050mms\nMaximaler Durchmesser 2030mm\nFortschrittliche Auswuchtelektronik mit zwei Ebenen","text_style":"standard","show_checklist":"","checklist":null,"show_buttons":"","button_link":"","button_text":""},{"style":"column","width":"1\/3","image":5413,"title":"","add_title_background":"","text":"<h4>Testen Sie<\/h4>\nUnsere eigens eingerichtete Testanlage bietet eine Auswahl an Testumgebungen, in denen repr\u00e4sentative mechanische\/elektrische Abschlusstests f\u00fcr alle Produkte durchgef\u00fchrt werden k\u00f6nnen.","text_style":"standard","show_checklist":"","checklist":null,"show_buttons":"","button_link":"","button_text":""}],"vertical_alignment":"top"}]},{"acf_fc_layout":"columns","id":"","background":"grey","show_content_before_columns":["yes"],"title":"Schl\u00fcsselfertige Komplettl\u00f6sung","description":{"show_description":"","description_text":""},"content":"","column":[{"col_image":5433,"col_title":"","add_title_background":"","col_text":"","add_link":"","link":"","add_link_to_image":[],"show_button":[],"button_text":"","images":null,"images_style":"column"},{"col_image":"","col_title":"Bei Broadbent verf\u00fcgen wir \u00fcber eine gro\u00dfe Auswahl an Maschinen, die Sie f\u00fcr Ihre Lohnfertigung einsetzen k\u00f6nnen.","add_title_background":"","col_text":"Unten k\u00f6nnen Sie unsere vollst\u00e4ndige Kapazit\u00e4tsliste herunterladen, in der unsere hauseigenen Fertigungsmaschinen vorgestellt werden und die Informationen \u00fcber ihre F\u00e4higkeiten und Kapazit\u00e4ten enth\u00e4lt.","add_link":["yes"],"link":"\/wp-content\/uploads\/2024\/10\/Thomas-Broadbent-Capacity-List-Updated.pdf","add_link_to_image":"","show_button":["yes"],"button_text":"Laden Sie hier unsere Kapazit\u00e4tsliste herunter","images":null,"images_style":"row"}],"col_display":"two_col","images_full_width_of_column":["yes"],"show_large_text":"","line_1":"","line_2":""},{"acf_fc_layout":"rows","id":"","background":"light:","show_content_before_rows":["yes"],"title":"Sektoren, die Broadbent abdeckt","description":{"show_description":"","description_text":""},"content":"","row":[{"box":[{"style":"column","width":"1\/2","image":5388,"title":"Oil and Gas","add_title_background":["yes"],"text":"","text_style":"standard","show_checklist":"","checklist":null,"show_buttons":"","button_link":"","button_text":""},{"style":"column","width":"1\/2","image":5398,"title":"Renewable Energy","add_title_background":["yes"],"text":"","text_style":"standard","show_checklist":"","checklist":null,"show_buttons":"","button_link":"","button_text":""},{"style":"column","width":"1\/2","image":6259,"title":"MOD","add_title_background":["yes"],"text":"","text_style":"standard","show_checklist":"","checklist":null,"show_buttons":"","button_link":"","button_text":""},{"style":"column","width":"1\/2","image":5393,"title":"Nuclear","add_title_background":["yes"],"text":"","text_style":"standard","show_checklist":"","checklist":null,"show_buttons":"","button_link":"","button_text":""},{"style":"column","width":"1\/2","image":6253,"title":"Marine","add_title_background":["yes"],"text":"","text_style":"standard","show_checklist":"","checklist":null,"show_buttons":"","button_link":"","button_text":""},{"style":"column","width":"1\/2","image":6247,"title":"Aerospace","add_title_background":["yes"],"text":"","text_style":"standard","show_checklist":"","checklist":null,"show_buttons":"","button_link":"","button_text":""}],"vertical_alignment":"top"}]},{"acf_fc_layout":"shortcode_content","id":"contact-form","background":"dark","show_content_before_rows":["yes"],"title":"Kontaktieren Sie uns","description_to_the_side_of_title":{"show_description":"","description_text":""},"content":"","shortcode":"[contact-form-7 id=\"9f61392\" title=\"Contact Form\"]"}]},"yoast_head":"<!-- This site is optimized with the Yoast SEO plugin v27.6 - https:\/\/yoast.com\/product\/yoast-seo-wordpress\/ -->\n<title>- Broadbent<\/title>\n<meta name=\"description\" content=\"Broadbent Manufacturing Services: kosteneffiziente Dienstleistungen f\u00fcr die Bearbeitung von Teilen f\u00fcr externe Nutzer von gro\u00dfen, komplexen Maschinenbaul\u00f6sungen.\" \/>\n<meta name=\"robots\" content=\"index, follow, max-snippet:-1, max-image-preview:large, max-video-preview:-1\" \/>\n<link rel=\"canonical\" href=\"https:\/\/broadbent.co.uk\/de\/fertigungsdienstleistungen\/\" \/>\n<meta property=\"og:locale\" content=\"de_DE\" \/>\n<meta property=\"og:type\" content=\"article\" \/>\n<meta property=\"og:title\" content=\"- Broadbent\" \/>\n<meta property=\"og:description\" content=\"Broadbent Manufacturing Services: kosteneffiziente Dienstleistungen f\u00fcr die Bearbeitung von Teilen f\u00fcr externe Nutzer von gro\u00dfen, komplexen Maschinenbaul\u00f6sungen.\" \/>\n<meta property=\"og:url\" content=\"https:\/\/broadbent.co.uk\/de\/fertigungsdienstleistungen\/\" \/>\n<meta property=\"og:site_name\" content=\"Broadbent\" \/>\n<meta property=\"article:modified_time\" content=\"2025-05-16T10:10:42+00:00\" \/>\n<meta property=\"og:image\" content=\"https:\/\/broadbent.co.uk\/wp-content\/uploads\/2023\/12\/logo-broadbent.jpg\" \/>\n\t<meta property=\"og:image:width\" content=\"973\" \/>\n\t<meta property=\"og:image:height\" content=\"345\" \/>\n\t<meta property=\"og:image:type\" content=\"image\/jpeg\" \/>\n<meta name=\"twitter:card\" content=\"summary_large_image\" \/>\n<script type=\"application\/ld+json\" class=\"yoast-schema-graph\">{\"@context\":\"https:\\\/\\\/schema.org\",\"@graph\":[{\"@type\":\"WebPage\",\"@id\":\"https:\\\/\\\/broadbent.co.uk\\\/de\\\/fertigungsdienstleistungen\\\/\",\"url\":\"https:\\\/\\\/broadbent.co.uk\\\/de\\\/fertigungsdienstleistungen\\\/\",\"name\":\"- Broadbent\",\"isPartOf\":{\"@id\":\"https:\\\/\\\/broadbent.co.uk\\\/#website\"},\"datePublished\":\"2024-11-14T17:19:50+00:00\",\"dateModified\":\"2025-05-16T10:10:42+00:00\",\"description\":\"Broadbent Manufacturing Services: kosteneffiziente Dienstleistungen f\u00fcr die Bearbeitung von Teilen f\u00fcr externe Nutzer von gro\u00dfen, komplexen Maschinenbaul\u00f6sungen.\",\"breadcrumb\":{\"@id\":\"https:\\\/\\\/broadbent.co.uk\\\/de\\\/fertigungsdienstleistungen\\\/#breadcrumb\"},\"inLanguage\":\"de\",\"potentialAction\":[{\"@type\":\"ReadAction\",\"target\":[\"https:\\\/\\\/broadbent.co.uk\\\/de\\\/fertigungsdienstleistungen\\\/\"]}]},{\"@type\":\"BreadcrumbList\",\"@id\":\"https:\\\/\\\/broadbent.co.uk\\\/de\\\/fertigungsdienstleistungen\\\/#breadcrumb\",\"itemListElement\":[{\"@type\":\"ListItem\",\"position\":1,\"name\":\"Home\",\"item\":\"https:\\\/\\\/broadbent.co.uk\\\/de\\\/\"},{\"@type\":\"ListItem\",\"position\":2,\"name\":\"Fertigungsdienstleistungen\"}]},{\"@type\":\"WebSite\",\"@id\":\"https:\\\/\\\/broadbent.co.uk\\\/#website\",\"url\":\"https:\\\/\\\/broadbent.co.uk\\\/\",\"name\":\"Broadbent\",\"description\":\"Thomas Broadbent - Centrifugal machines\",\"publisher\":{\"@id\":\"https:\\\/\\\/broadbent.co.uk\\\/#organization\"},\"alternateName\":\"Thomas Broadbent\",\"potentialAction\":[{\"@type\":\"SearchAction\",\"target\":{\"@type\":\"EntryPoint\",\"urlTemplate\":\"https:\\\/\\\/broadbent.co.uk\\\/?s={search_term_string}\"},\"query-input\":{\"@type\":\"PropertyValueSpecification\",\"valueRequired\":true,\"valueName\":\"search_term_string\"}}],\"inLanguage\":\"de\"},{\"@type\":\"Organization\",\"@id\":\"https:\\\/\\\/broadbent.co.uk\\\/#organization\",\"name\":\"Thomas Broadbent & Sons Ltd\",\"alternateName\":\"Broadbent\",\"url\":\"https:\\\/\\\/broadbent.co.uk\\\/\",\"logo\":{\"@type\":\"ImageObject\",\"inLanguage\":\"de\",\"@id\":\"https:\\\/\\\/broadbent.co.uk\\\/#\\\/schema\\\/logo\\\/image\\\/\",\"url\":\"https:\\\/\\\/broadbent.co.uk\\\/wp-content\\\/uploads\\\/2024\\\/09\\\/LogoLogoWorld-400x250-1.jpg\",\"contentUrl\":\"https:\\\/\\\/broadbent.co.uk\\\/wp-content\\\/uploads\\\/2024\\\/09\\\/LogoLogoWorld-400x250-1.jpg\",\"width\":400,\"height\":250,\"caption\":\"Thomas Broadbent & Sons Ltd\"},\"image\":{\"@id\":\"https:\\\/\\\/broadbent.co.uk\\\/#\\\/schema\\\/logo\\\/image\\\/\"},\"sameAs\":[\"https:\\\/\\\/www.linkedin.com\\\/company\\\/broadbent-centrifuges\\\/posts\\\/?feedView=all\"]}]}<\/script>\n<!-- \/ Yoast SEO plugin. -->","yoast_head_json":{"title":"- Broadbent","description":"Broadbent Manufacturing Services: kosteneffiziente Dienstleistungen f\u00fcr die Bearbeitung von Teilen f\u00fcr externe Nutzer von gro\u00dfen, komplexen Maschinenbaul\u00f6sungen.","robots":{"index":"index","follow":"follow","max-snippet":"max-snippet:-1","max-image-preview":"max-image-preview:large","max-video-preview":"max-video-preview:-1"},"canonical":"https:\/\/broadbent.co.uk\/de\/fertigungsdienstleistungen\/","og_locale":"de_DE","og_type":"article","og_title":"- Broadbent","og_description":"Broadbent Manufacturing Services: kosteneffiziente Dienstleistungen f\u00fcr die Bearbeitung von Teilen f\u00fcr externe Nutzer von gro\u00dfen, komplexen Maschinenbaul\u00f6sungen.","og_url":"https:\/\/broadbent.co.uk\/de\/fertigungsdienstleistungen\/","og_site_name":"Broadbent","article_modified_time":"2025-05-16T10:10:42+00:00","og_image":[{"width":973,"height":345,"url":"https:\/\/broadbent.co.uk\/wp-content\/uploads\/2023\/12\/logo-broadbent.jpg","type":"image\/jpeg"}],"twitter_card":"summary_large_image","schema":{"@context":"https:\/\/schema.org","@graph":[{"@type":"WebPage","@id":"https:\/\/broadbent.co.uk\/de\/fertigungsdienstleistungen\/","url":"https:\/\/broadbent.co.uk\/de\/fertigungsdienstleistungen\/","name":"- Broadbent","isPartOf":{"@id":"https:\/\/broadbent.co.uk\/#website"},"datePublished":"2024-11-14T17:19:50+00:00","dateModified":"2025-05-16T10:10:42+00:00","description":"Broadbent Manufacturing Services: kosteneffiziente Dienstleistungen f\u00fcr die Bearbeitung von Teilen f\u00fcr externe Nutzer von gro\u00dfen, komplexen Maschinenbaul\u00f6sungen.","breadcrumb":{"@id":"https:\/\/broadbent.co.uk\/de\/fertigungsdienstleistungen\/#breadcrumb"},"inLanguage":"de","potentialAction":[{"@type":"ReadAction","target":["https:\/\/broadbent.co.uk\/de\/fertigungsdienstleistungen\/"]}]},{"@type":"BreadcrumbList","@id":"https:\/\/broadbent.co.uk\/de\/fertigungsdienstleistungen\/#breadcrumb","itemListElement":[{"@type":"ListItem","position":1,"name":"Home","item":"https:\/\/broadbent.co.uk\/de\/"},{"@type":"ListItem","position":2,"name":"Fertigungsdienstleistungen"}]},{"@type":"WebSite","@id":"https:\/\/broadbent.co.uk\/#website","url":"https:\/\/broadbent.co.uk\/","name":"Broadbent","description":"Thomas Broadbent - Centrifugal machines","publisher":{"@id":"https:\/\/broadbent.co.uk\/#organization"},"alternateName":"Thomas Broadbent","potentialAction":[{"@type":"SearchAction","target":{"@type":"EntryPoint","urlTemplate":"https:\/\/broadbent.co.uk\/?s={search_term_string}"},"query-input":{"@type":"PropertyValueSpecification","valueRequired":true,"valueName":"search_term_string"}}],"inLanguage":"de"},{"@type":"Organization","@id":"https:\/\/broadbent.co.uk\/#organization","name":"Thomas Broadbent & Sons Ltd","alternateName":"Broadbent","url":"https:\/\/broadbent.co.uk\/","logo":{"@type":"ImageObject","inLanguage":"de","@id":"https:\/\/broadbent.co.uk\/#\/schema\/logo\/image\/","url":"https:\/\/broadbent.co.uk\/wp-content\/uploads\/2024\/09\/LogoLogoWorld-400x250-1.jpg","contentUrl":"https:\/\/broadbent.co.uk\/wp-content\/uploads\/2024\/09\/LogoLogoWorld-400x250-1.jpg","width":400,"height":250,"caption":"Thomas Broadbent & Sons Ltd"},"image":{"@id":"https:\/\/broadbent.co.uk\/#\/schema\/logo\/image\/"},"sameAs":["https:\/\/www.linkedin.com\/company\/broadbent-centrifuges\/posts\/?feedView=all"]}]}},"_links":{"self":[{"href":"https:\/\/broadbent.co.uk\/de\/wp-json\/wp\/v2\/pages\/6177","targetHints":{"allow":["GET"]}}],"collection":[{"href":"https:\/\/broadbent.co.uk\/de\/wp-json\/wp\/v2\/pages"}],"about":[{"href":"https:\/\/broadbent.co.uk\/de\/wp-json\/wp\/v2\/types\/page"}],"author":[{"embeddable":true,"href":"https:\/\/broadbent.co.uk\/de\/wp-json\/wp\/v2\/users\/6"}],"replies":[{"embeddable":true,"href":"https:\/\/broadbent.co.uk\/de\/wp-json\/wp\/v2\/comments?post=6177"}],"version-history":[{"count":3,"href":"https:\/\/broadbent.co.uk\/de\/wp-json\/wp\/v2\/pages\/6177\/revisions"}],"predecessor-version":[{"id":6339,"href":"https:\/\/broadbent.co.uk\/de\/wp-json\/wp\/v2\/pages\/6177\/revisions\/6339"}],"wp:attachment":[{"href":"https:\/\/broadbent.co.uk\/de\/wp-json\/wp\/v2\/media?parent=6177"}],"curies":[{"name":"wp","href":"https:\/\/api.w.org\/{rel}","templated":true}]}}