{"id":6181,"date":"2024-09-16T12:19:18","date_gmt":"2024-09-16T11:19:18","guid":{"rendered":"https:\/\/broadbent.bnodeltd.co.uk\/labortests-und-konzeptnachweis\/"},"modified":"2025-05-16T11:08:07","modified_gmt":"2025-05-16T10:08:07","slug":"labortests-und-konzeptnachweis","status":"publish","type":"page","link":"https:\/\/broadbent.co.uk\/de\/labortests-und-konzeptnachweis\/","title":{"rendered":"Labortests und Konzeptnachweis"},"content":{"rendered":"","protected":false},"excerpt":{"rendered":"","protected":false},"author":6,"featured_media":0,"parent":0,"menu_order":0,"comment_status":"closed","ping_status":"closed","template":"","meta":{"_acf_changed":false,"footnotes":""},"class_list":["post-6181","page","type-page","status-publish","hentry"],"acf":{"content":[{"acf_fc_layout":"hero_content_v3","id":"page-top","hero-slide-v2":[{"title":"Labortests & Konzeptnachweis","text":"Die F\u00e4higkeit von Broadbent, Herausforderungen aller Art im Bereich der Prozesstrennung zu l\u00f6sen, beruht auf den F\u00e4higkeiten, der Erfahrung und dem Ethos seiner Mitarbeiter sowie dem au\u00dfergew\u00f6hnlichen Umfang seines Prozesslabors.  ","button":"yes","button_text":"Kontaktieren Sie uns","button_link":"#contactform","background_image":5918}]},{"acf_fc_layout":"text_and_image_content","id":"","title_heading":"h4","title":"","content":"<h3>Prozess-Labor<\/h3>\nEine spezialisierte Testumgebung, die detaillierte Prozessinformationen liefert, um einen Prozess bis zum vollen Betrieb der Anlage hochzufahren.\n\nWir bieten eine breite Palette an Einrichtungen und Dienstleistungen, darunter:\n<ul>\n<li>Vollst\u00e4ndige Pr\u00fcfung der Prozessmerkmale Ihrer Proben<\/li>\n<li>Testen Sie Zentrifugen aller Gr\u00f6\u00dfen, vom Laborma\u00dfstab bis zu kleinen Produktionseinheiten<\/li>\n<li>Partikel- und Schlammanalyse<\/li>\n<li>Speziell gebautes Testlabor mit gro\u00dfer Rauchabzugsanlage und elektrischem Status der Zone 2.<\/li>\n<li>Testen entweder im eigenen Haus oder im Werk des Endverbrauchers<\/li>\n<li>Vollst\u00e4ndiger Vor-Ort-Service f\u00fcr Schulung, Optimierung und Inbetriebnahme<\/li>\n<\/ul>","text_align":"left","add_image":"yes","image":4503,"image_align":"left","image_width":"w50","background_colour":"none","add_background_image":"no","background_image":null,"button":"no","button_links":null,"remove_padding_top":""},{"acf_fc_layout":"text_and_image_content","id":"","title_heading":"h4","title":"","content":"<h3>Forschung und Technologie<\/h3>\nUnser umfangreiches hauseigenes Forschungs- und Technologieteam hat im Laufe der Jahre Tausende von Fest-Fl\u00fcssig-Trennungsmustern entworfen, entwickelt und getestet, und wir sind bestrebt, bei jeder neuen Gelegenheit hervorragende Ergebnisse zu liefern. Wir arbeiten mit anderen Spezialisten in akademischen und industriellen Exzellenzzentren zusammen, darunter: \n<ul>\n \t<li><a href=\"http:\/\/www.eng.cam.ac.uk\/\" target=\"_blank\" rel=\"noopener\">Die Abteilung f\u00fcr Ingenieurwesen, Universit\u00e4t von Cambridge<\/a><\/li>\n \t<li><a href=\"https:\/\/www-geo.eng.cam.ac.uk\/\" target=\"_blank\" rel=\"noopener\">Die Forschungsgruppe f\u00fcr Geotechnik und Umwelt, Universit\u00e4t von Cambridge<\/a><\/li>\n \t<li><a href=\"https:\/\/www.wfius.org\/items-1\/the-filtration-society\/\" target=\"_blank\" rel=\"noopener\">Die Filtrationsgesellschaft<\/a><\/li>\n \t<li><a href=\"https:\/\/www.tsa-uk.org\/\" target=\"_blank\" rel=\"noopener\">Verband f\u00fcr textile Dienstleistungen<\/a> (TSA)<\/li>\n \t<li><a href=\"https:\/\/www.bsigroup.com\/\" target=\"_blank\" rel=\"noopener\">Britisches Normungsinstitut<\/a> (BSI)<\/li>\n \t<li><a href=\"https:\/\/www.twi-global.com\/\" target=\"_blank\" rel=\"noopener\">Das Institut f\u00fcr Schwei\u00dfen<\/a> (TWI)<\/li>\n<\/ul>","text_align":"left","add_image":"yes","image":5373,"image_align":"left","image_width":"w50","background_colour":"none","add_background_image":"no","background_image":null,"button":"no","button_links":null,"remove_padding_top":["yes"]},{"acf_fc_layout":"columns","id":"turnkey","background":"dark","show_content_before_columns":["yes"],"title":"Schl\u00fcsselfertige Komplettl\u00f6sungen","description":{"show_description":"","description_text":""},"content":"","column":[{"col_image":5343,"col_title":"Konzept","add_title_background":"","col_text":"Interne Konzeption und Prototyping","add_link":"","link":"","add_link_to_image":[],"show_button":[],"button_text":"","images":null,"images_style":"column"},{"col_image":4973,"col_title":"Entwurf","add_title_background":"","col_text":"Eigene mechanische, verfahrenstechnische und elektrische Konstruktionskapazit\u00e4ten","add_link":"","link":"","add_link_to_image":[],"show_button":[],"button_text":"","images":null,"images_style":"row"},{"col_image":5348,"col_title":"Technik","add_title_background":"","col_text":"Umfassende technische M\u00f6glichkeiten, intern und vor Ort","add_link":"","link":"","add_link_to_image":[],"show_button":[],"button_text":"","images":null,"images_style":"row"},{"col_image":5353,"col_title":"Herstellung","add_title_background":"","col_text":"Herstellung und Bearbeitung bis hin zu Montage und Pr\u00fcfung","add_link":"","link":"","add_link_to_image":[],"show_button":[],"button_text":"","images":null,"images_style":"row"}],"col_display":"four_col","images_full_width_of_column":["yes"],"show_large_text":"","line_1":"","line_2":""},{"acf_fc_layout":"columns","id":"","background":"light:","show_content_before_columns":["yes"],"title":"Technische und gestalterische F\u00e4higkeiten","description":{"show_description":"","description_text":""},"content":"","column":[{"col_image":"","col_title":"","add_title_background":"","col_text":"","add_link":"","link":"","add_link_to_image":[],"show_button":[],"button_text":"","images":[{"image":4728}],"images_style":"column"},{"col_image":"","col_title":"","add_title_background":"","col_text":"Seit \u00fcber 150 Jahren wird die \u00fcberwiegende Mehrheit der Produkte, die Broadbent an die M\u00e4rkte f\u00fcr Fest-Fl\u00fcssig-Trennung, Abwasser- und Wasserr\u00fcckgewinnung liefert, von unseren eigenen Teams hier in unseren R\u00e4umlichkeiten in Huddersfield, Gro\u00dfbritannien, entwickelt und hergestellt.\n\nUnser anhaltender Erfolg auf diesen M\u00e4rkten ist ein Beweis f\u00fcr unser kompromissloses Engagement f\u00fcr hervorragendes Produktdesign.\n\nUnsere F\u00e4higkeiten umfassen:\n<ul>\n \t<li>Vollst\u00e4ndige mechanische, verfahrenstechnische und elektrische Konstruktion im Haus<\/li>\n \t<li>3D-CAE-Systeme f\u00fcr Konstruktion, Modellierung, Zeichnung, Vibration und FEA, Modal- und ODS-Analyse<\/li>\n \t<li>3D-CAM-Systeme f\u00fcr mehrachsige NC-Werkzeugmaschinen<\/li>\n \t<li>Design f\u00fcr Gefahrenbewertung, Risikoanalyse, Zertifizierung GAMP, ATEX usw.<\/li>\n \t<li>Programmierung f\u00fcr eine breite Palette von Industriestandard-SPS-Systemen<\/li>\n \t<li>Umfassende Testeinrichtungen mit computergest\u00fctzter Datenprotokollierung, Vibrationsanalyse, Schall-\/Leistungsintensit\u00e4t und EMC-Konformit\u00e4t<\/li>\n<\/ul>","add_link":"","link":"","add_link_to_image":[],"show_button":[],"button_text":"","images":null,"images_style":"row"}],"col_display":"two_col","images_full_width_of_column":["yes"],"show_large_text":"","line_1":"","line_2":""},{"acf_fc_layout":"columns","id":"","background":"light:","show_content_before_columns":["yes"],"title":"F&E-Zusammenarbeit","description":{"show_description":"","description_text":""},"content":"","column":[{"col_image":"","col_title":"Forschung & Entwicklung","add_title_background":"","col_text":"Wir treiben die Forschung und Entwicklung (F&E) immer weiter voran, um neue Produkte und Dienstleistungen zu entwickeln und unsere bestehenden zu verbessern. Wir tun dies intern, k\u00f6nnen dies aber auch als Dienstleistung oder in Partnerschaft anbieten. \n<h3>Partnerschaften<\/h3>\nDurch aktive Forschung und unsere enge Zusammenarbeit mit f\u00fchrenden akademischen Institutionen, anderen externen Forschungseinrichtungen und Industrieexperten bleiben wir stets auf dem neuesten Stand.\n\nDiese Verbindungen zu externen Institutionen verschaffen uns auch zus\u00e4tzlichen Zugang zu Fachwissen, Ausr\u00fcstung, Techniken und Einrichtungen, die Broadbent an der Spitze der industriellen Trenntechnik halten.\n<h3>Universit\u00e4ten<\/h3>\nWir arbeiten mit f\u00fchrenden Universit\u00e4ten und akademischen Einrichtungen zusammen, darunter das Department of Engineering der University of Cambridge und die Geotechnical & Environmental Research Group, University of Cambridge.","add_link":"","link":"","add_link_to_image":[],"show_button":[],"button_text":"","images":null,"images_style":"row"},{"col_image":"","col_title":"","add_title_background":"","col_text":"","add_link":"","link":"","add_link_to_image":[],"show_button":[],"button_text":"","images":[{"image":4853},{"image":5368}],"images_style":"column"}],"col_display":"two_col","images_full_width_of_column":"","show_large_text":"","line_1":"Rufen Sie unser Team noch heute an, unter:","line_2":"+44 (0) 1484 477 236"},{"acf_fc_layout":"columns","id":"innovate","background":"grey","show_content_before_columns":["yes"],"title":"Innovieren Sie mit uns: <br>Labortests & Forschung","description":{"show_description":"","description_text":""},"content":"","column":[{"col_image":"","col_title":"","add_title_background":"","col_text":"","add_link":"","link":"","add_link_to_image":[],"show_button":[],"button_text":"","images":[{"image":4968}],"images_style":"column"},{"col_image":"","col_title":"","add_title_background":"","col_text":"<h3>Laboruntersuchungen<\/h3>\nEine unserer seltenen Spezialit\u00e4ten ist die F\u00e4higkeit, einzigartige Zentrifugen zu entwerfen und zu konstruieren, die den pr\u00e4zisen, individuellen Anforderungen der Benutzer von Trennsystemen weltweit entsprechen.\n\nUnsere Prozessabteilung bietet:\n\n- Interne Prozesstests im Labor- und Pilotma\u00dfstab\n\n- Tests im Pilotma\u00dfstab am Standort des Kunden\n\n- Vollst\u00e4ndige Schulung vor Ort, Prozessinbetriebnahme und Optimierungsservice\n\n\u00a0\n<h3>Rufen Sie unser Team noch heute an:\n<a href=\"tel:+441484477236\">+44 (0) 1484 477 236<\/a><\/h3>","add_link":"","link":"","add_link_to_image":[],"show_button":[],"button_text":"","images":null,"images_style":"row"}],"col_display":"two_col","images_full_width_of_column":"","show_large_text":"","line_1":"Rufen Sie unser Team noch heute an, unter:","line_2":"+44 (0) 1484 477 236"},{"acf_fc_layout":"shortcode_content","id":"contactform","background":"dark","show_content_before_rows":["yes"],"title":"Kontaktieren Sie uns","description_to_the_side_of_title":{"show_description":"","description_text":""},"content":"","shortcode":"[contact-form-7 id=\"9f61392\" title=\"Contact Form\"]"}]},"yoast_head":"<!-- This site is optimized with the Yoast SEO plugin v27.5 - https:\/\/yoast.com\/product\/yoast-seo-wordpress\/ -->\n<title>- Broadbent<\/title>\n<meta name=\"description\" content=\"Broadbent Lab Testing &amp; Proof of Concept: L\u00f6sen Sie die Herausforderungen der Prozesstrennung mit Hilfe der F\u00e4higkeiten, der Erfahrung und des Ethos unseres Prozesslabors.\" \/>\n<meta name=\"robots\" content=\"index, follow, max-snippet:-1, max-image-preview:large, max-video-preview:-1\" \/>\n<link rel=\"canonical\" href=\"https:\/\/broadbent.co.uk\/de\/labortests-und-konzeptnachweis\/\" \/>\n<meta property=\"og:locale\" content=\"de_DE\" \/>\n<meta property=\"og:type\" content=\"article\" \/>\n<meta property=\"og:title\" content=\"- Broadbent\" \/>\n<meta property=\"og:description\" content=\"Broadbent Lab Testing &amp; Proof of Concept: L\u00f6sen Sie die Herausforderungen der Prozesstrennung mit Hilfe der F\u00e4higkeiten, der Erfahrung und des Ethos unseres Prozesslabors.\" \/>\n<meta property=\"og:url\" content=\"https:\/\/broadbent.co.uk\/de\/labortests-und-konzeptnachweis\/\" \/>\n<meta property=\"og:site_name\" content=\"Broadbent\" \/>\n<meta property=\"article:modified_time\" content=\"2025-05-16T10:08:07+00:00\" \/>\n<meta property=\"og:image\" content=\"https:\/\/broadbent.co.uk\/wp-content\/uploads\/2023\/12\/logo-broadbent.jpg\" \/>\n\t<meta property=\"og:image:width\" content=\"973\" \/>\n\t<meta property=\"og:image:height\" content=\"345\" \/>\n\t<meta property=\"og:image:type\" content=\"image\/jpeg\" \/>\n<meta name=\"twitter:card\" content=\"summary_large_image\" \/>\n<script type=\"application\/ld+json\" class=\"yoast-schema-graph\">{\"@context\":\"https:\\\/\\\/schema.org\",\"@graph\":[{\"@type\":\"WebPage\",\"@id\":\"https:\\\/\\\/broadbent.co.uk\\\/de\\\/labortests-und-konzeptnachweis\\\/\",\"url\":\"https:\\\/\\\/broadbent.co.uk\\\/de\\\/labortests-und-konzeptnachweis\\\/\",\"name\":\"- Broadbent\",\"isPartOf\":{\"@id\":\"https:\\\/\\\/broadbent.co.uk\\\/#website\"},\"datePublished\":\"2024-09-16T11:19:18+00:00\",\"dateModified\":\"2025-05-16T10:08:07+00:00\",\"description\":\"Broadbent Lab Testing & Proof of Concept: L\u00f6sen Sie die Herausforderungen der Prozesstrennung mit Hilfe der F\u00e4higkeiten, der Erfahrung und des Ethos unseres Prozesslabors.\",\"breadcrumb\":{\"@id\":\"https:\\\/\\\/broadbent.co.uk\\\/de\\\/labortests-und-konzeptnachweis\\\/#breadcrumb\"},\"inLanguage\":\"de\",\"potentialAction\":[{\"@type\":\"ReadAction\",\"target\":[\"https:\\\/\\\/broadbent.co.uk\\\/de\\\/labortests-und-konzeptnachweis\\\/\"]}]},{\"@type\":\"BreadcrumbList\",\"@id\":\"https:\\\/\\\/broadbent.co.uk\\\/de\\\/labortests-und-konzeptnachweis\\\/#breadcrumb\",\"itemListElement\":[{\"@type\":\"ListItem\",\"position\":1,\"name\":\"Home\",\"item\":\"https:\\\/\\\/broadbent.co.uk\\\/de\\\/\"},{\"@type\":\"ListItem\",\"position\":2,\"name\":\"Labortests und Konzeptnachweis\"}]},{\"@type\":\"WebSite\",\"@id\":\"https:\\\/\\\/broadbent.co.uk\\\/#website\",\"url\":\"https:\\\/\\\/broadbent.co.uk\\\/\",\"name\":\"Broadbent\",\"description\":\"Thomas Broadbent - Centrifugal machines\",\"publisher\":{\"@id\":\"https:\\\/\\\/broadbent.co.uk\\\/#organization\"},\"alternateName\":\"Thomas Broadbent\",\"potentialAction\":[{\"@type\":\"SearchAction\",\"target\":{\"@type\":\"EntryPoint\",\"urlTemplate\":\"https:\\\/\\\/broadbent.co.uk\\\/?s={search_term_string}\"},\"query-input\":{\"@type\":\"PropertyValueSpecification\",\"valueRequired\":true,\"valueName\":\"search_term_string\"}}],\"inLanguage\":\"de\"},{\"@type\":\"Organization\",\"@id\":\"https:\\\/\\\/broadbent.co.uk\\\/#organization\",\"name\":\"Thomas Broadbent & Sons Ltd\",\"alternateName\":\"Broadbent\",\"url\":\"https:\\\/\\\/broadbent.co.uk\\\/\",\"logo\":{\"@type\":\"ImageObject\",\"inLanguage\":\"de\",\"@id\":\"https:\\\/\\\/broadbent.co.uk\\\/#\\\/schema\\\/logo\\\/image\\\/\",\"url\":\"https:\\\/\\\/broadbent.co.uk\\\/wp-content\\\/uploads\\\/2024\\\/09\\\/LogoLogoWorld-400x250-1.jpg\",\"contentUrl\":\"https:\\\/\\\/broadbent.co.uk\\\/wp-content\\\/uploads\\\/2024\\\/09\\\/LogoLogoWorld-400x250-1.jpg\",\"width\":400,\"height\":250,\"caption\":\"Thomas Broadbent & Sons Ltd\"},\"image\":{\"@id\":\"https:\\\/\\\/broadbent.co.uk\\\/#\\\/schema\\\/logo\\\/image\\\/\"},\"sameAs\":[\"https:\\\/\\\/www.linkedin.com\\\/company\\\/broadbent-centrifuges\\\/posts\\\/?feedView=all\"]}]}<\/script>\n<!-- \/ Yoast SEO plugin. -->","yoast_head_json":{"title":"- Broadbent","description":"Broadbent Lab Testing & Proof of Concept: L\u00f6sen Sie die Herausforderungen der Prozesstrennung mit Hilfe der F\u00e4higkeiten, der Erfahrung und des Ethos unseres Prozesslabors.","robots":{"index":"index","follow":"follow","max-snippet":"max-snippet:-1","max-image-preview":"max-image-preview:large","max-video-preview":"max-video-preview:-1"},"canonical":"https:\/\/broadbent.co.uk\/de\/labortests-und-konzeptnachweis\/","og_locale":"de_DE","og_type":"article","og_title":"- Broadbent","og_description":"Broadbent Lab Testing & Proof of Concept: L\u00f6sen Sie die Herausforderungen der Prozesstrennung mit Hilfe der F\u00e4higkeiten, der Erfahrung und des Ethos unseres Prozesslabors.","og_url":"https:\/\/broadbent.co.uk\/de\/labortests-und-konzeptnachweis\/","og_site_name":"Broadbent","article_modified_time":"2025-05-16T10:08:07+00:00","og_image":[{"width":973,"height":345,"url":"https:\/\/broadbent.co.uk\/wp-content\/uploads\/2023\/12\/logo-broadbent.jpg","type":"image\/jpeg"}],"twitter_card":"summary_large_image","schema":{"@context":"https:\/\/schema.org","@graph":[{"@type":"WebPage","@id":"https:\/\/broadbent.co.uk\/de\/labortests-und-konzeptnachweis\/","url":"https:\/\/broadbent.co.uk\/de\/labortests-und-konzeptnachweis\/","name":"- Broadbent","isPartOf":{"@id":"https:\/\/broadbent.co.uk\/#website"},"datePublished":"2024-09-16T11:19:18+00:00","dateModified":"2025-05-16T10:08:07+00:00","description":"Broadbent Lab Testing & Proof of Concept: L\u00f6sen Sie die Herausforderungen der Prozesstrennung mit Hilfe der F\u00e4higkeiten, der Erfahrung und des Ethos unseres Prozesslabors.","breadcrumb":{"@id":"https:\/\/broadbent.co.uk\/de\/labortests-und-konzeptnachweis\/#breadcrumb"},"inLanguage":"de","potentialAction":[{"@type":"ReadAction","target":["https:\/\/broadbent.co.uk\/de\/labortests-und-konzeptnachweis\/"]}]},{"@type":"BreadcrumbList","@id":"https:\/\/broadbent.co.uk\/de\/labortests-und-konzeptnachweis\/#breadcrumb","itemListElement":[{"@type":"ListItem","position":1,"name":"Home","item":"https:\/\/broadbent.co.uk\/de\/"},{"@type":"ListItem","position":2,"name":"Labortests und Konzeptnachweis"}]},{"@type":"WebSite","@id":"https:\/\/broadbent.co.uk\/#website","url":"https:\/\/broadbent.co.uk\/","name":"Broadbent","description":"Thomas Broadbent - Centrifugal machines","publisher":{"@id":"https:\/\/broadbent.co.uk\/#organization"},"alternateName":"Thomas Broadbent","potentialAction":[{"@type":"SearchAction","target":{"@type":"EntryPoint","urlTemplate":"https:\/\/broadbent.co.uk\/?s={search_term_string}"},"query-input":{"@type":"PropertyValueSpecification","valueRequired":true,"valueName":"search_term_string"}}],"inLanguage":"de"},{"@type":"Organization","@id":"https:\/\/broadbent.co.uk\/#organization","name":"Thomas Broadbent & Sons Ltd","alternateName":"Broadbent","url":"https:\/\/broadbent.co.uk\/","logo":{"@type":"ImageObject","inLanguage":"de","@id":"https:\/\/broadbent.co.uk\/#\/schema\/logo\/image\/","url":"https:\/\/broadbent.co.uk\/wp-content\/uploads\/2024\/09\/LogoLogoWorld-400x250-1.jpg","contentUrl":"https:\/\/broadbent.co.uk\/wp-content\/uploads\/2024\/09\/LogoLogoWorld-400x250-1.jpg","width":400,"height":250,"caption":"Thomas Broadbent & Sons Ltd"},"image":{"@id":"https:\/\/broadbent.co.uk\/#\/schema\/logo\/image\/"},"sameAs":["https:\/\/www.linkedin.com\/company\/broadbent-centrifuges\/posts\/?feedView=all"]}]}},"_links":{"self":[{"href":"https:\/\/broadbent.co.uk\/de\/wp-json\/wp\/v2\/pages\/6181","targetHints":{"allow":["GET"]}}],"collection":[{"href":"https:\/\/broadbent.co.uk\/de\/wp-json\/wp\/v2\/pages"}],"about":[{"href":"https:\/\/broadbent.co.uk\/de\/wp-json\/wp\/v2\/types\/page"}],"author":[{"embeddable":true,"href":"https:\/\/broadbent.co.uk\/de\/wp-json\/wp\/v2\/users\/6"}],"replies":[{"embeddable":true,"href":"https:\/\/broadbent.co.uk\/de\/wp-json\/wp\/v2\/comments?post=6181"}],"version-history":[{"count":3,"href":"https:\/\/broadbent.co.uk\/de\/wp-json\/wp\/v2\/pages\/6181\/revisions"}],"predecessor-version":[{"id":6345,"href":"https:\/\/broadbent.co.uk\/de\/wp-json\/wp\/v2\/pages\/6181\/revisions\/6345"}],"wp:attachment":[{"href":"https:\/\/broadbent.co.uk\/de\/wp-json\/wp\/v2\/media?parent=6181"}],"curies":[{"name":"wp","href":"https:\/\/api.w.org\/{rel}","templated":true}]}}