{"id":7049,"date":"2024-09-09T13:18:53","date_gmt":"2024-09-09T12:18:53","guid":{"rendered":"https:\/\/broadbent.co.uk\/recambios-y-reparaciones\/"},"modified":"2025-07-16T16:04:42","modified_gmt":"2025-07-16T15:04:42","slug":"recambios-y-reparaciones","status":"publish","type":"page","link":"https:\/\/broadbent.co.uk\/es\/recambios-y-reparaciones\/","title":{"rendered":"Recambios y reparaciones"},"content":{"rendered":"","protected":false},"excerpt":{"rendered":"","protected":false},"author":6,"featured_media":0,"parent":0,"menu_order":0,"comment_status":"closed","ping_status":"closed","template":"","meta":{"_acf_changed":false,"footnotes":""},"class_list":["post-7049","page","type-page","status-publish","hentry"],"acf":{"content":[{"acf_fc_layout":"hero_content_v3","id":"page-top","hero-slide-v2":[{"title":"Recambios y reparaciones de centrifugadoras","text":"Asistencia posventa eficaz, que minimiza el tiempo de inactividad ofreciendo repuestos y reparaciones OEM r\u00e1pidos, fiables y de calidad a precios competitivos. Piezas originales OEM para garantizar el rendimiento de tu maquinaria, prolongar su vida \u00fatil y reducir los costes de mantenimiento a largo plazo. ","button":"yes","button_text":"Reparaciones de centrifugadoras","button_link":"#refurb","background_image":5916},{"title":"Ingenier\u00eda inversa","text":"Ingenier\u00eda inversa de piezas para maquinaria de la competencia, lo que te permite actualizar, mejorar y optimizar tus sistemas actuales. Soluciones adaptadas a tus necesidades operativas espec\u00edficas, que te ayudar\u00e1n a mantenerte por delante de la competencia ","button":"yes","button_text":"Piezas de ingenier\u00eda inversa","button_link":"#reverse","background_image":6136},{"title":"Recambios","text":"Cuando se trata de piezas de repuesto para centrifugadoras, disponemos de un inventario de m\u00e1s de 3 millones de libras esterlinas, adem\u00e1s de estar situados muy cerca de los principales puertos a\u00e9reos y mar\u00edtimos del Reino Unido, por lo que si te ves afectado por un tiempo de inactividad inesperado, podemos garantizar que tus operaciones vuelvan a funcionar con una interrupci\u00f3n m\u00ednima.","button":"yes","button_text":"Recambios","button_link":"#spares","background_image":6046}]},{"acf_fc_layout":"rows","id":"","background":"light:","show_content_before_rows":"","title":"","description":{"show_description":"","description_text":""},"content":"","row":[{"box":[{"style":"column","width":"1\/2","image":5091,"title":"","add_title_background":"","text":"","text_style":"standard","show_checklist":"","checklist":null,"show_buttons":"","button_link":"","button_text":""},{"style":"column","width":"1\/2","image":"","title":"","add_title_background":"","text":"<h3>Recambios y reparaciones<\/h3>\nEn Thomas Broadbent, nuestra divisi\u00f3n de Recambios y Reparaciones se dedica a ofrecer un servicio al cliente excepcional, garantizando una asistencia r\u00e1pida y eficaz a cada cliente. Con numerosas sedes situadas en todo el mundo, estamos bien equipados para satisfacer tus necesidades est\u00e9s donde est\u00e9s, proporcion\u00e1ndote un acceso fiable a un amplio inventario de piezas de repuesto de alta calidad y reparaciones expertas. Nuestro equipo de especialistas se compromete a mantener el rendimiento \u00f3ptimo de tus equipos, minimizar el tiempo de inactividad y mejorar la eficacia operativa conforme a la m\u00e1s alta calidad y un servicio en el que puedes confiar.  ","text_style":"standard","show_checklist":"","checklist":null,"show_buttons":"","button_link":"","button_text":""}],"vertical_alignment":"top"},{"box":null,"vertical_alignment":"top"}]},{"acf_fc_layout":"rows","id":"","background":"light:","show_content_before_rows":"","title":"","description":{"show_description":"","description_text":""},"content":"","row":[{"box":[{"style":"column","width":"1\/3","image":5616,"title":"","add_title_background":"","text":"","text_style":"standard","show_checklist":"","checklist":null,"show_buttons":"","button_link":"","button_text":""},{"style":"column","width":"1\/3","image":4396,"title":"","add_title_background":"","text":"","text_style":"standard","show_checklist":"","checklist":null,"show_buttons":"","button_link":"","button_text":""},{"style":"column","width":"1\/3","image":4391,"title":"","add_title_background":"","text":"","text_style":"standard","show_checklist":"","checklist":null,"show_buttons":"","button_link":"","button_text":""}],"vertical_alignment":"top"}]},{"acf_fc_layout":"columns","id":"spares","background":"grey","show_content_before_columns":["yes"],"title":"Recambios","description":{"show_description":"","description_text":""},"content":"Nuestro compromiso de suministrar recambios originales OEM significa que te beneficias de componentes dise\u00f1ados para mejorar la eficacia, productividad y longevidad de tus sistemas de centrifugado. Estas piezas se fabrican seg\u00fan las especificaciones m\u00e1s exigentes y se adaptan con precisi\u00f3n a las necesidades de tu equipo, garantizando una integraci\u00f3n perfecta y un rendimiento fiable. ","column":[{"col_image":5336,"col_title":"","add_title_background":"","col_text":"","add_link":"","link":"","add_link_to_image":[],"show_button":[],"button_text":"","images":null,"images_style":"column"},{"col_image":"","col_title":"","add_title_background":"","col_text":"Al elegir piezas originales OEM, no s\u00f3lo proteges el rendimiento de tu maquinaria, sino que tambi\u00e9n prolongas su vida \u00fatil, reduciendo los costes de mantenimiento a largo plazo.\n\nAdem\u00e1s, nuestro equipo de expertos puede recomendarte qu\u00e9 repuestos cr\u00edticos debes tener in situ, lo que te permitir\u00e1 abordar cualquier problema potencial con rapidez y evitar los retrasos causados por la b\u00fasqueda de piezas con poca antelaci\u00f3n. Nuestro equipo est\u00e1 aqu\u00ed para apoyar tu continuidad operativa con asesoramiento experto y acceso r\u00e1pido a las piezas que necesitas. \n\nPara una mayor flexibilidad, tambi\u00e9n podemos suministrar piezas para m\u00e1quinas de la competencia, garantizando que todo tu equipo est\u00e9 totalmente respaldado bajo un mismo techo.\n\nPara cualquier ayuda o para solicitar un presupuesto, ponte en contacto con un miembro de nuestro Departamento de Recambios - <a href=\"mailto:SSR@broadbent.co.uk\">SSR@broadbent.co.uk<\/a>","add_link":"","link":"","add_link_to_image":[],"show_button":[],"button_text":"","images":null,"images_style":"column"}],"col_display":"two_col","images_full_width_of_column":["yes"],"show_large_text":"","line_1":"","line_2":""},{"acf_fc_layout":"columns","id":"","background":"dark","show_content_before_columns":["yes"],"title":"Recambios","description":{"show_description":["yes"],"description_text":"Siempre merece la pena consultar con nosotros cualquier duda sobre recambios para centrifugadoras Broadbent. Ofrecemos un servicio de asistencia integral a la industria azucarera, la lavander\u00eda y otros sectores, 24 horas al d\u00eda y 365 d\u00edas al a\u00f1o. En todo el Reino Unido, Europa, EE.UU. y en todo el mundo. Nuestros almacenes en el Reino Unido y EE.UU. tienen importantes existencias de art\u00edculos esenciales, consumibles y de demanda regular para toda la gama de centrifugadoras continuas y discontinuas Broadbent.     "},"content":"","column":[{"col_image":5306,"col_title":"","add_title_background":"","col_text":"","add_link":"","link":"","add_link_to_image":[],"show_button":[],"button_text":"","images":null,"images_style":"row"},{"col_image":5311,"col_title":"","add_title_background":"","col_text":"","add_link":"","link":"","add_link_to_image":[],"show_button":[],"button_text":"","images":null,"images_style":"row"},{"col_image":5316,"col_title":"","add_title_background":"","col_text":"","add_link":"","link":"","add_link_to_image":[],"show_button":[],"button_text":"","images":null,"images_style":"row"},{"col_image":5321,"col_title":"","add_title_background":"","col_text":"","add_link":"","link":"","add_link_to_image":[],"show_button":[],"button_text":"","images":null,"images_style":"row"},{"col_image":5326,"col_title":"","add_title_background":"","col_text":"","add_link":"","link":"","add_link_to_image":[],"show_button":[],"button_text":"","images":null,"images_style":"row"},{"col_image":5331,"col_title":"","add_title_background":"","col_text":"","add_link":"","link":"","add_link_to_image":[],"show_button":[],"button_text":"","images":null,"images_style":"row"}],"col_display":"four_col","images_full_width_of_column":["yes"],"show_large_text":["yes"],"line_1":"Llama hoy mismo a nuestro equipo de Recambios:","line_2":"+44 (0)1484 477 305"},{"acf_fc_layout":"text_and_image_content","id":"brands-supplied","title_heading":"h2","title":"Algunas marcas que suministramos","content":"Ofrecemos una amplia gama de piezas de recambio de alta calidad, no s\u00f3lo para nuestras propias centrifugadoras, sino tambi\u00e9n para una amplia selecci\u00f3n de m\u00e1quinas de la competencia. Nuestro inventario incluye repuestos compatibles para unidades fabricadas por Ferrum, Western States, KHD, Andritz, Flottweg, Krauss-Maffei, Alfa Laval y Henkel. Gracias a nuestra amplia red y a nuestra experiencia en el sector, podemos prestar apoyo al mantenimiento continuo y a las reparaciones de emergencia, ayudando a minimizar el tiempo de inactividad y garantizando un rendimiento \u00f3ptimo en una gran variedad de modelos de centrifugadoras.  ","text_align":"left","add_image":"no","image":null,"image_align":false,"image_width":"w50","background_colour":"none","add_background_image":"no","background_image":null,"button":"no","button_links":null,"remove_padding_top":""},{"acf_fc_layout":"columns","id":"reverse","background":"light:","show_content_before_columns":["yes"],"title":"Piezas de ingenier\u00eda inversa","description":{"show_description":"","description_text":""},"content":"","column":[{"col_image":"","col_title":"","add_title_background":"","col_text":"","add_link":"","link":"","add_link_to_image":[],"show_button":[],"button_text":"","images":[{"image":5266},{"image":5271},{"image":5276},{"image":5281},{"image":5286}],"images_style":"column"},{"col_image":"","col_title":"Ofrecemos servicios expertos de ingenier\u00eda inversa en maquinaria de la competencia, lo que te permite mejorar y optimizar tus sistemas actuales.","add_title_background":"","col_text":"Nuestro equipo puede analizar a fondo, desmontar y comprender la funcionalidad de cualquier equipo, garantizando la reproducci\u00f3n exacta de piezas o dise\u00f1os de sistemas completos.\n\nUtilizando tecnolog\u00eda punta y nuestro profundo conocimiento del sector, podemos ofrecer soluciones adaptadas a tus necesidades operativas espec\u00edficas, ayud\u00e1ndote a mantenerte por delante de la competencia.\n\nTanto si se trata de mejorar la eficacia como de buscar componentes dif\u00edciles de encontrar, garantizamos resultados fiables y precisos que maximizan el potencial de tu equipo.","add_link":"","link":"","add_link_to_image":[],"show_button":[],"button_text":"","images":[{"image":5296},{"image":5291}],"images_style":"column"}],"col_display":"two_col","images_full_width_of_column":["yes"],"show_large_text":"","line_1":"","line_2":""},{"acf_fc_layout":"columns","id":"refurb","background":"grey","show_content_before_columns":["yes"],"title":"Reparaci\u00f3n de centrifugadoras","description":{"show_description":"","description_text":""},"content":"Nuestro departamento especializado en reparaciones est\u00e1 equipado con un taller de \u00faltima generaci\u00f3n e ingenieros altamente experimentados, listos para ocuparse de todas tus necesidades de reparaci\u00f3n y reacondicionamiento. Tanto si se trata de un arreglo menor como de una revisi\u00f3n completa, nuestro cualificado equipo garantiza que tu equipo recupere un rendimiento \u00f3ptimo con un tiempo de inactividad m\u00ednimo. ","column":[{"col_image":"","col_title":"","add_title_background":"","col_text":"","add_link":"","link":"","add_link_to_image":[],"show_button":[],"button_text":"","images":[{"image":5341}],"images_style":"column"},{"col_image":"","col_title":"","add_title_background":"","col_text":"Optar por la reparaci\u00f3n o el reacondicionamiento no s\u00f3lo prolonga la vida \u00fatil de tu maquinaria, sino que tambi\u00e9n supone un importante ahorro de costes en comparaci\u00f3n con la compra de equipos nuevos. Adem\u00e1s, las piezas y los sistemas reacondicionados suelen funcionar como si fueran nuevos, lo que mejora la eficacia al tiempo que reduce los residuos y contribuye a un funcionamiento m\u00e1s sostenible. Conf\u00eda en nuestra experiencia para que tus sistemas vuelvan a funcionar r\u00e1pidamente, con calidad y precisi\u00f3n garantizadas. Tambi\u00e9n ofrecemos inspecciones completas, incluidas pruebas no destructivas (END), con informes exhaustivos para garantizar la integridad y el rendimiento de tus equipos. Este servicio est\u00e1 disponible tanto en nuestro taller como in situ, si es posible, para proporcionarte flexibilidad y comodidad, satisfaciendo las necesidades operativas.    ","add_link":"","link":"","add_link_to_image":[],"show_button":[],"button_text":"","images":null,"images_style":"row"}],"col_display":"two_col","images_full_width_of_column":"","show_large_text":"","line_1":"","line_2":""},{"acf_fc_layout":"columns","id":"refurbished","background":"light:","show_content_before_columns":["yes"],"title":"Equipos reacondicionados","description":{"show_description":"","description_text":""},"content":"<h3>Ahorra costes sin comprometer la calidad<\/h3>","column":[{"col_image":"","col_title":"","add_title_background":"","col_text":"Cuando el coste de un equipo nuevo supera el presupuesto de un proyecto, una unidad reacondicionada, de segunda mano o una renovaci\u00f3n de tu unidad existente podr\u00eda dar a tu proyecto un valioso salvavidas. La divisi\u00f3n SSR de Broadbent ofrece maquinaria totalmente restaurada y reacondicionada a una fracci\u00f3n del precio de los equipos nuevos, y a menudo con un plazo de entrega m\u00e1s corto en comparaci\u00f3n con los equipos nuevos. \n\n<strong>Broadbent - reconocido mundialmente por su capacidad y gama de productos<\/strong>\n\nNuestras avanzadas instalaciones, m\u00e1quinas-herramienta y capacidades de soldadura, fabricaci\u00f3n y equilibrado din\u00e1mico satisfacen multitud de requisitos de renovaci\u00f3n o reacondicionamiento de tus centrifugadoras y otra maquinaria o equipo, sea cual sea su escala. Estamos orgullosos de que Broadbent SSR cuente con la confianza no s\u00f3lo de los usuarios de nuestras propias m\u00e1quinas, sino tambi\u00e9n de un n\u00famero cada vez mayor de los que utilizan otras marcas de maquinaria centrifugadora. ","add_link":"","link":"","add_link_to_image":[],"show_button":[],"button_text":"","images":null,"images_style":"column"},{"col_image":"","col_title":"","add_title_background":"","col_text":"","add_link":"","link":"","add_link_to_image":[],"show_button":[],"button_text":"","images":[{"image":5301}],"images_style":"column"}],"col_display":"two_col","images_full_width_of_column":["yes"],"show_large_text":"","line_1":"","line_2":""},{"acf_fc_layout":"shortcode_content","id":"","background":"dark","show_content_before_rows":["yes"],"title":"Contacta con nosotros","description_to_the_side_of_title":{"show_description":"","description_text":""},"content":"","shortcode":"[contact-form-7 id=\"\" title=\"Formulario de contacto\"]"}]},"yoast_head":"<!-- This site is optimized with the Yoast SEO plugin v27.4 - https:\/\/yoast.com\/product\/yoast-seo-wordpress\/ -->\n<title>- Broadbent<\/title>\n<meta name=\"description\" content=\"Nuestro Departamento de Recambios y Reparaciones ofrece un servicio posventa r\u00e1pido y eficaz, con productos OEM de calidad a precios competitivos.\" \/>\n<meta name=\"robots\" content=\"index, follow, max-snippet:-1, max-image-preview:large, max-video-preview:-1\" \/>\n<link rel=\"canonical\" href=\"https:\/\/broadbent.co.uk\/es\/recambios-y-reparaciones\/\" \/>\n<meta property=\"og:locale\" content=\"es_ES\" \/>\n<meta property=\"og:type\" content=\"article\" \/>\n<meta property=\"og:title\" content=\"- Broadbent\" \/>\n<meta property=\"og:description\" content=\"Nuestro Departamento de Recambios y Reparaciones ofrece un servicio posventa r\u00e1pido y eficaz, con productos OEM de calidad a precios competitivos.\" \/>\n<meta property=\"og:url\" content=\"https:\/\/broadbent.co.uk\/es\/recambios-y-reparaciones\/\" \/>\n<meta property=\"og:site_name\" content=\"Broadbent\" \/>\n<meta property=\"article:modified_time\" content=\"2025-07-16T15:04:42+00:00\" \/>\n<meta property=\"og:image\" content=\"https:\/\/broadbent.co.uk\/wp-content\/uploads\/2023\/12\/logo-broadbent.jpg\" \/>\n\t<meta property=\"og:image:width\" content=\"973\" \/>\n\t<meta property=\"og:image:height\" content=\"345\" \/>\n\t<meta property=\"og:image:type\" content=\"image\/jpeg\" \/>\n<meta name=\"twitter:card\" content=\"summary_large_image\" \/>\n<script type=\"application\/ld+json\" class=\"yoast-schema-graph\">{\"@context\":\"https:\\\/\\\/schema.org\",\"@graph\":[{\"@type\":\"WebPage\",\"@id\":\"https:\\\/\\\/broadbent.co.uk\\\/es\\\/recambios-y-reparaciones\\\/\",\"url\":\"https:\\\/\\\/broadbent.co.uk\\\/es\\\/recambios-y-reparaciones\\\/\",\"name\":\"- Broadbent\",\"isPartOf\":{\"@id\":\"https:\\\/\\\/broadbent.co.uk\\\/#website\"},\"datePublished\":\"2024-09-09T12:18:53+00:00\",\"dateModified\":\"2025-07-16T15:04:42+00:00\",\"description\":\"Nuestro Departamento de Recambios y Reparaciones ofrece un servicio posventa r\u00e1pido y eficaz, con productos OEM de calidad a precios competitivos.\",\"breadcrumb\":{\"@id\":\"https:\\\/\\\/broadbent.co.uk\\\/es\\\/recambios-y-reparaciones\\\/#breadcrumb\"},\"inLanguage\":\"es\",\"potentialAction\":[{\"@type\":\"ReadAction\",\"target\":[\"https:\\\/\\\/broadbent.co.uk\\\/es\\\/recambios-y-reparaciones\\\/\"]}]},{\"@type\":\"BreadcrumbList\",\"@id\":\"https:\\\/\\\/broadbent.co.uk\\\/es\\\/recambios-y-reparaciones\\\/#breadcrumb\",\"itemListElement\":[{\"@type\":\"ListItem\",\"position\":1,\"name\":\"Home\",\"item\":\"https:\\\/\\\/broadbent.co.uk\\\/es\\\/\"},{\"@type\":\"ListItem\",\"position\":2,\"name\":\"Recambios y reparaciones\"}]},{\"@type\":\"WebSite\",\"@id\":\"https:\\\/\\\/broadbent.co.uk\\\/#website\",\"url\":\"https:\\\/\\\/broadbent.co.uk\\\/\",\"name\":\"Broadbent\",\"description\":\"Thomas Broadbent - Centrifugal machines\",\"publisher\":{\"@id\":\"https:\\\/\\\/broadbent.co.uk\\\/#organization\"},\"alternateName\":\"Thomas Broadbent\",\"potentialAction\":[{\"@type\":\"SearchAction\",\"target\":{\"@type\":\"EntryPoint\",\"urlTemplate\":\"https:\\\/\\\/broadbent.co.uk\\\/?s={search_term_string}\"},\"query-input\":{\"@type\":\"PropertyValueSpecification\",\"valueRequired\":true,\"valueName\":\"search_term_string\"}}],\"inLanguage\":\"es\"},{\"@type\":\"Organization\",\"@id\":\"https:\\\/\\\/broadbent.co.uk\\\/#organization\",\"name\":\"Thomas Broadbent & Sons Ltd\",\"alternateName\":\"Broadbent\",\"url\":\"https:\\\/\\\/broadbent.co.uk\\\/\",\"logo\":{\"@type\":\"ImageObject\",\"inLanguage\":\"es\",\"@id\":\"https:\\\/\\\/broadbent.co.uk\\\/#\\\/schema\\\/logo\\\/image\\\/\",\"url\":\"https:\\\/\\\/broadbent.co.uk\\\/wp-content\\\/uploads\\\/2024\\\/09\\\/LogoLogoWorld-400x250-1.jpg\",\"contentUrl\":\"https:\\\/\\\/broadbent.co.uk\\\/wp-content\\\/uploads\\\/2024\\\/09\\\/LogoLogoWorld-400x250-1.jpg\",\"width\":400,\"height\":250,\"caption\":\"Thomas Broadbent & Sons Ltd\"},\"image\":{\"@id\":\"https:\\\/\\\/broadbent.co.uk\\\/#\\\/schema\\\/logo\\\/image\\\/\"},\"sameAs\":[\"https:\\\/\\\/www.linkedin.com\\\/company\\\/broadbent-centrifuges\\\/posts\\\/?feedView=all\"]}]}<\/script>\n<!-- \/ Yoast SEO plugin. -->","yoast_head_json":{"title":"- Broadbent","description":"Nuestro Departamento de Recambios y Reparaciones ofrece un servicio posventa r\u00e1pido y eficaz, con productos OEM de calidad a precios competitivos.","robots":{"index":"index","follow":"follow","max-snippet":"max-snippet:-1","max-image-preview":"max-image-preview:large","max-video-preview":"max-video-preview:-1"},"canonical":"https:\/\/broadbent.co.uk\/es\/recambios-y-reparaciones\/","og_locale":"es_ES","og_type":"article","og_title":"- Broadbent","og_description":"Nuestro Departamento de Recambios y Reparaciones ofrece un servicio posventa r\u00e1pido y eficaz, con productos OEM de calidad a precios competitivos.","og_url":"https:\/\/broadbent.co.uk\/es\/recambios-y-reparaciones\/","og_site_name":"Broadbent","article_modified_time":"2025-07-16T15:04:42+00:00","og_image":[{"width":973,"height":345,"url":"https:\/\/broadbent.co.uk\/wp-content\/uploads\/2023\/12\/logo-broadbent.jpg","type":"image\/jpeg"}],"twitter_card":"summary_large_image","schema":{"@context":"https:\/\/schema.org","@graph":[{"@type":"WebPage","@id":"https:\/\/broadbent.co.uk\/es\/recambios-y-reparaciones\/","url":"https:\/\/broadbent.co.uk\/es\/recambios-y-reparaciones\/","name":"- Broadbent","isPartOf":{"@id":"https:\/\/broadbent.co.uk\/#website"},"datePublished":"2024-09-09T12:18:53+00:00","dateModified":"2025-07-16T15:04:42+00:00","description":"Nuestro Departamento de Recambios y Reparaciones ofrece un servicio posventa r\u00e1pido y eficaz, con productos OEM de calidad a precios competitivos.","breadcrumb":{"@id":"https:\/\/broadbent.co.uk\/es\/recambios-y-reparaciones\/#breadcrumb"},"inLanguage":"es","potentialAction":[{"@type":"ReadAction","target":["https:\/\/broadbent.co.uk\/es\/recambios-y-reparaciones\/"]}]},{"@type":"BreadcrumbList","@id":"https:\/\/broadbent.co.uk\/es\/recambios-y-reparaciones\/#breadcrumb","itemListElement":[{"@type":"ListItem","position":1,"name":"Home","item":"https:\/\/broadbent.co.uk\/es\/"},{"@type":"ListItem","position":2,"name":"Recambios y reparaciones"}]},{"@type":"WebSite","@id":"https:\/\/broadbent.co.uk\/#website","url":"https:\/\/broadbent.co.uk\/","name":"Broadbent","description":"Thomas Broadbent - Centrifugal machines","publisher":{"@id":"https:\/\/broadbent.co.uk\/#organization"},"alternateName":"Thomas Broadbent","potentialAction":[{"@type":"SearchAction","target":{"@type":"EntryPoint","urlTemplate":"https:\/\/broadbent.co.uk\/?s={search_term_string}"},"query-input":{"@type":"PropertyValueSpecification","valueRequired":true,"valueName":"search_term_string"}}],"inLanguage":"es"},{"@type":"Organization","@id":"https:\/\/broadbent.co.uk\/#organization","name":"Thomas Broadbent & Sons Ltd","alternateName":"Broadbent","url":"https:\/\/broadbent.co.uk\/","logo":{"@type":"ImageObject","inLanguage":"es","@id":"https:\/\/broadbent.co.uk\/#\/schema\/logo\/image\/","url":"https:\/\/broadbent.co.uk\/wp-content\/uploads\/2024\/09\/LogoLogoWorld-400x250-1.jpg","contentUrl":"https:\/\/broadbent.co.uk\/wp-content\/uploads\/2024\/09\/LogoLogoWorld-400x250-1.jpg","width":400,"height":250,"caption":"Thomas Broadbent & Sons Ltd"},"image":{"@id":"https:\/\/broadbent.co.uk\/#\/schema\/logo\/image\/"},"sameAs":["https:\/\/www.linkedin.com\/company\/broadbent-centrifuges\/posts\/?feedView=all"]}]}},"_links":{"self":[{"href":"https:\/\/broadbent.co.uk\/es\/wp-json\/wp\/v2\/pages\/7049","targetHints":{"allow":["GET"]}}],"collection":[{"href":"https:\/\/broadbent.co.uk\/es\/wp-json\/wp\/v2\/pages"}],"about":[{"href":"https:\/\/broadbent.co.uk\/es\/wp-json\/wp\/v2\/types\/page"}],"author":[{"embeddable":true,"href":"https:\/\/broadbent.co.uk\/es\/wp-json\/wp\/v2\/users\/6"}],"replies":[{"embeddable":true,"href":"https:\/\/broadbent.co.uk\/es\/wp-json\/wp\/v2\/comments?post=7049"}],"version-history":[{"count":2,"href":"https:\/\/broadbent.co.uk\/es\/wp-json\/wp\/v2\/pages\/7049\/revisions"}],"predecessor-version":[{"id":7073,"href":"https:\/\/broadbent.co.uk\/es\/wp-json\/wp\/v2\/pages\/7049\/revisions\/7073"}],"wp:attachment":[{"href":"https:\/\/broadbent.co.uk\/es\/wp-json\/wp\/v2\/media?parent=7049"}],"curies":[{"name":"wp","href":"https:\/\/api.w.org\/{rel}","templated":true}]}}