{"id":7051,"date":"2024-11-14T17:19:50","date_gmt":"2024-11-14T17:19:50","guid":{"rendered":"https:\/\/broadbent.co.uk\/servicios-de-fabricacion\/"},"modified":"2025-07-16T16:10:49","modified_gmt":"2025-07-16T15:10:49","slug":"servicios-de-fabricacion","status":"publish","type":"page","link":"https:\/\/broadbent.co.uk\/es\/servicios-de-fabricacion\/","title":{"rendered":"Servicios de fabricaci\u00f3n"},"content":{"rendered":"","protected":false},"excerpt":{"rendered":"","protected":false},"author":6,"featured_media":0,"parent":0,"menu_order":0,"comment_status":"closed","ping_status":"closed","template":"","meta":{"_acf_changed":false,"footnotes":""},"class_list":["post-7051","page","type-page","status-publish","hentry"],"acf":{"content":[{"acf_fc_layout":"hero_content_v3","id":"page-top","hero-slide-v2":[{"title":"Divisi\u00f3n de Fabricaci\u00f3n","text":"El equipo multidisciplinar de fabricaci\u00f3n, mecanizado, subcontrataci\u00f3n y marca blanca de Broadbent destaca en la fabricaci\u00f3n de centrifugadoras. Tambi\u00e9n ofrece servicios de subcontrataci\u00f3n rentables a usuarios externos de componentes de ingenier\u00eda grandes y complejos. Estaremos encantados de ofrecerte un presupuesto para tus necesidades.  ","button":"yes","button_text":"Contacta con nosotros","button_link":"#contact-form","background_image":5926},{"title":"Fabricaci\u00f3n - Capacidad","text":"A continuaci\u00f3n puedes descargar nuestra Lista de Capacidades completa, que muestra nuestras m\u00e1quinas de fabricaci\u00f3n propia y contiene informaci\u00f3n sobre sus capacidades y las capacidades de cada una.","button":"yes","button_text":"Descarga nuestro folleto sobre capacidad","button_link":"\/wp-content\/uploads\/2025\/03\/manufacturing-capacities-2025-for-web.pdf","background_image":6091},{"title":"Fabricaci\u00f3n","text":"El departamento de fabricaci\u00f3n est\u00e1 equipado con una amplia selecci\u00f3n de instalaciones para hacer frente a las necesidades de fabricaci\u00f3n medias y pesadas de centrifugadoras y equipos similares.  ","button":"yes","button_text":"Descarga nuestro folleto de fabricaci\u00f3n","button_link":"\/wp-content\/uploads\/2024\/10\/Thomas-Broadbent-Capacity-List-Updated.pdf","background_image":6026}]},{"acf_fc_layout":"columns","id":"video","background":"light:","show_content_before_columns":"","title":"","description":{"show_description":"","description_text":""},"content":"","column":[{"col_image":"","col_title":"","add_title_background":"","col_text":"<iframe src=\"https:\/\/player.vimeo.com\/video\/1075058124?h=95f9c02741\" width=\"640\" height=\"360\" frameborder=\"0\" allowfullscreen=\"allowfullscreen\"><\/iframe>","add_link":"","link":"","add_link_to_image":[],"show_button":[],"button_text":"","images":null,"images_style":"row"},{"col_image":"","col_title":"","add_title_background":"","col_text":"<h3>Fabricaci\u00f3n, Soldadura y Fabricaci\u00f3n, Mecanizado, Montaje Especializado y Pruebas<\/h3>\r\n<h4>Instalaciones de categor\u00eda mundial<\/h4>\r\nNuestras instalaciones de 8.000 m2 (85.000 pies2) son de categor\u00eda mundial y constan de tres naves principales de fabricaci\u00f3n con acceso de 6 x 6 m (20 x 20 pies) e instalaciones de elevaci\u00f3n de hasta 25 toneladas. Nuestros servicios de precisi\u00f3n incluyen: \r\n\r\n*fabricaci\u00f3n *mecanizado *montaje *equilibrado din\u00e1mico *chorreado *pintado *pruebas","add_link":"","link":"","add_link_to_image":[],"show_button":[],"button_text":"","images":null,"images_style":"row"}],"col_display":"two_col","images_full_width_of_column":"","show_large_text":"","line_1":"","line_2":""},{"acf_fc_layout":"text_and_image_content","id":"","title_heading":"h4","title":"Amplia capacidad de materiales","content":"La Divisi\u00f3n re\u00fane una experiencia y unos conocimientos impresionantes en el trabajo con una amplia gama de materiales, desde los tradicionales hasta los m\u00e1s ex\u00f3ticos. Manejamos desde aceros suaves hasta aceros inoxidables de la serie 300, d\u00faplex y superd\u00faplex, as\u00ed como n\u00edquel, Monel, Hastelloy y titanio, todos los cuales pueden ser componentes fabricados y mecanizados. ","text_align":"left","add_image":"no","image":null,"image_align":false,"image_width":"w50","background_colour":"none","add_background_image":"no","background_image":null,"button":"no","button_links":null,"remove_padding_top":["yes"]},{"acf_fc_layout":"rows","id":"","background":"light:","show_content_before_rows":"","title":"","description":{"show_description":"","description_text":""},"content":"","row":[{"box":[{"style":"column","width":"1\/3","image":5431,"title":"","add_title_background":"","text":"<h4>Fabricaci\u00f3n<\/h4>\r\nCon sede en Huddersfield, West Yorkshire, la Divisi\u00f3n de Fabricaci\u00f3n de Broadbent ofrece una soluci\u00f3n completa de subcontrataci\u00f3n en todas las disciplinas de ingenier\u00eda, desde la fabricaci\u00f3n y el mecanizado hasta el montaje y las pruebas. Nuestra mano de obra, altamente cualificada y formada por aprendices, destaca en la fabricaci\u00f3n de precisi\u00f3n, la fabricaci\u00f3n, el mecanizado, el montaje y las pruebas de las grandes centrifugadoras industriales de Broadbent con las tolerancias y normas exactas que exigen nuestros clientes. ","text_style":"standard","show_checklist":"","checklist":null,"show_buttons":"","button_link":"","button_text":""},{"style":"column","width":"1\/3","image":5741,"title":"","add_title_background":"","text":"<h4>Fabricaciones<\/h4>\r\nEl departamento de fabricaci\u00f3n est\u00e1 equipado con una amplia selecci\u00f3n de instalaciones para hacer frente a las necesidades de fabricaci\u00f3n de centrifugadoras y equipos similares, tanto medianas como pesadas. El personal formado como aprendiz est\u00e1 cualificado seg\u00fan ASME IX, NACE en SMAW, GTAW, SAW, GMAW y FCAW en una amplia gama de materiales, incluidos 2205, 2507, Zeron y Hastelloy. Soldadura conforme a la acreditaci\u00f3n ISO3834.  ","text_style":"standard","show_checklist":"","checklist":null,"show_buttons":"","button_link":"","button_text":""},{"style":"column","width":"1\/3","image":5436,"title":"","add_title_background":"","text":"<h4>Mecanizado<\/h4>\r\nNuestro departamento de mecanizado est\u00e1 especializado en torneado vertical y horizontal, brochado, taladrado y fresado. La especial habilidad de Broadbent reside en el mecanizado de grandes componentes complejos con las estrechas tolerancias necesarias para centrifugadoras industriales a gran escala y productos similares. ","text_style":"standard","show_checklist":"","checklist":null,"show_buttons":"","button_link":"","button_text":""}],"vertical_alignment":"top"},{"box":[{"style":"column","width":"1\/3","image":5426,"title":"","add_title_background":"","text":"<h4>Montaje<\/h4>\r\nBroadbent dispone de una amplia y espaciosa zona de montaje con instalaciones de elevaci\u00f3n a\u00e9rea de hasta 25 toneladas. El personal, bien formado, domina las t\u00e9cnicas de montaje neum\u00e1ticas, hidr\u00e1ulicas, mec\u00e1nicas y el\u00e9ctricas. ","text_style":"standard","show_checklist":"","checklist":null,"show_buttons":"","button_link":"","button_text":""},{"style":"column","width":"1\/3","image":5421,"title":"","add_title_background":"","text":"<h4>Equilibrando<\/h4>\r\nCapacidad de Equilibrio Din\u00e1mico:\r\nPeso m\u00e1ximo 6 toneladas\r\nLongitud m\u00e1xima 3050mms\r\nDi\u00e1metro m\u00e1ximo 2030 mm\r\nElectr\u00f3nica avanzada de equilibrado en dos planos","text_style":"standard","show_checklist":"","checklist":null,"show_buttons":"","button_link":"","button_text":""},{"style":"column","width":"1\/3","image":5416,"title":"","add_title_background":"","text":"<h4>Prueba<\/h4>\r\nNuestras instalaciones de pruebas, construidas expresamente, ofrecen una selecci\u00f3n de entornos de prueba que permiten realizar pruebas finales mec\u00e1nicas\/el\u00e9ctricas representativas de todos los productos.","text_style":"standard","show_checklist":"","checklist":null,"show_buttons":"","button_link":"","button_text":""}],"vertical_alignment":"top"}]},{"acf_fc_layout":"columns","id":"","background":"grey","show_content_before_columns":["yes"],"title":"Soluci\u00f3n completa llave en mano","description":{"show_description":"","description_text":""},"content":"","column":[{"col_image":5436,"col_title":"","add_title_background":"","col_text":"","add_link":"","link":"","add_link_to_image":[],"show_button":[],"button_text":"","images":null,"images_style":"column"},{"col_image":"","col_title":"En Broadbent, disponemos de una gran variedad de m\u00e1quinas que pueden utilizarse para facilitar tus necesidades de fabricaci\u00f3n por subcontrataci\u00f3n.","add_title_background":"","col_text":"A continuaci\u00f3n puedes descargar nuestra Lista de Capacidades completa, que muestra nuestras m\u00e1quinas de fabricaci\u00f3n propia y contiene informaci\u00f3n sobre sus capacidades y las capacidades de cada una.","add_link":["yes"],"link":"\/wp-content\/uploads\/2024\/10\/Thomas-Broadbent-Capacity-List-Updated.pdf","add_link_to_image":"","show_button":["yes"],"button_text":"Descarga aqu\u00ed nuestra Lista de capacidades","images":null,"images_style":"row"}],"col_display":"two_col","images_full_width_of_column":["yes"],"show_large_text":"","line_1":"","line_2":""},{"acf_fc_layout":"rows","id":"","background":"light:","show_content_before_rows":["yes"],"title":"Sectores que cubre Broadbent","description":{"show_description":"","description_text":""},"content":"","row":[{"box":[{"style":"column","width":"1\/2","image":5391,"title":"Oil and Gas","add_title_background":["yes"],"text":"","text_style":"standard","show_checklist":"","checklist":null,"show_buttons":"","button_link":"","button_text":""},{"style":"column","width":"1\/2","image":5401,"title":"Renewable Energy","add_title_background":["yes"],"text":"","text_style":"standard","show_checklist":"","checklist":null,"show_buttons":"","button_link":"","button_text":""},{"style":"column","width":"1\/2","image":6262,"title":"MOD","add_title_background":["yes"],"text":"","text_style":"standard","show_checklist":"","checklist":null,"show_buttons":"","button_link":"","button_text":""},{"style":"column","width":"1\/2","image":5396,"title":"Nuclear","add_title_background":["yes"],"text":"","text_style":"standard","show_checklist":"","checklist":null,"show_buttons":"","button_link":"","button_text":""},{"style":"column","width":"1\/2","image":6256,"title":"Marine","add_title_background":["yes"],"text":"","text_style":"standard","show_checklist":"","checklist":null,"show_buttons":"","button_link":"","button_text":""},{"style":"column","width":"1\/2","image":6250,"title":"Aerospace","add_title_background":["yes"],"text":"","text_style":"standard","show_checklist":"","checklist":null,"show_buttons":"","button_link":"","button_text":""}],"vertical_alignment":"top"}]},{"acf_fc_layout":"shortcode_content","id":"contact-form","background":"dark","show_content_before_rows":["yes"],"title":"Contacta con nosotros","description_to_the_side_of_title":{"show_description":"","description_text":""},"content":"","shortcode":"[contact-form-7 id=\"\" title=\"Formulario de contacto\"]"}]},"yoast_head":"<!-- This site is optimized with the Yoast SEO plugin v27.4 - https:\/\/yoast.com\/product\/yoast-seo-wordpress\/ -->\n<title>- Broadbent<\/title>\n<meta name=\"description\" content=\"Servicios de Fabricaci\u00f3n Broadbent: servicios rentables de mecanizado de piezas para usuarios externos de grandes y complejas soluciones de maquinaria de ingenier\u00eda.\" \/>\n<meta name=\"robots\" content=\"index, follow, max-snippet:-1, max-image-preview:large, max-video-preview:-1\" \/>\n<link rel=\"canonical\" href=\"https:\/\/broadbent.co.uk\/es\/servicios-de-fabricacion\/\" \/>\n<meta property=\"og:locale\" content=\"es_ES\" \/>\n<meta property=\"og:type\" content=\"article\" \/>\n<meta property=\"og:title\" content=\"- Broadbent\" \/>\n<meta property=\"og:description\" content=\"Servicios de Fabricaci\u00f3n Broadbent: servicios rentables de mecanizado de piezas para usuarios externos de grandes y complejas soluciones de maquinaria de ingenier\u00eda.\" \/>\n<meta property=\"og:url\" content=\"https:\/\/broadbent.co.uk\/es\/servicios-de-fabricacion\/\" \/>\n<meta property=\"og:site_name\" content=\"Broadbent\" \/>\n<meta property=\"article:modified_time\" content=\"2025-07-16T15:10:49+00:00\" \/>\n<meta property=\"og:image\" content=\"https:\/\/broadbent.co.uk\/wp-content\/uploads\/2023\/12\/logo-broadbent.jpg\" \/>\n\t<meta property=\"og:image:width\" content=\"973\" \/>\n\t<meta property=\"og:image:height\" content=\"345\" \/>\n\t<meta property=\"og:image:type\" content=\"image\/jpeg\" \/>\n<meta name=\"twitter:card\" content=\"summary_large_image\" \/>\n<script type=\"application\/ld+json\" class=\"yoast-schema-graph\">{\"@context\":\"https:\\\/\\\/schema.org\",\"@graph\":[{\"@type\":\"WebPage\",\"@id\":\"https:\\\/\\\/broadbent.co.uk\\\/es\\\/servicios-de-fabricacion\\\/\",\"url\":\"https:\\\/\\\/broadbent.co.uk\\\/es\\\/servicios-de-fabricacion\\\/\",\"name\":\"- Broadbent\",\"isPartOf\":{\"@id\":\"https:\\\/\\\/broadbent.co.uk\\\/#website\"},\"datePublished\":\"2024-11-14T17:19:50+00:00\",\"dateModified\":\"2025-07-16T15:10:49+00:00\",\"description\":\"Servicios de Fabricaci\u00f3n Broadbent: servicios rentables de mecanizado de piezas para usuarios externos de grandes y complejas soluciones de maquinaria de ingenier\u00eda.\",\"breadcrumb\":{\"@id\":\"https:\\\/\\\/broadbent.co.uk\\\/es\\\/servicios-de-fabricacion\\\/#breadcrumb\"},\"inLanguage\":\"es\",\"potentialAction\":[{\"@type\":\"ReadAction\",\"target\":[\"https:\\\/\\\/broadbent.co.uk\\\/es\\\/servicios-de-fabricacion\\\/\"]}]},{\"@type\":\"BreadcrumbList\",\"@id\":\"https:\\\/\\\/broadbent.co.uk\\\/es\\\/servicios-de-fabricacion\\\/#breadcrumb\",\"itemListElement\":[{\"@type\":\"ListItem\",\"position\":1,\"name\":\"Home\",\"item\":\"https:\\\/\\\/broadbent.co.uk\\\/es\\\/\"},{\"@type\":\"ListItem\",\"position\":2,\"name\":\"Servicios de fabricaci\u00f3n\"}]},{\"@type\":\"WebSite\",\"@id\":\"https:\\\/\\\/broadbent.co.uk\\\/#website\",\"url\":\"https:\\\/\\\/broadbent.co.uk\\\/\",\"name\":\"Broadbent\",\"description\":\"Thomas Broadbent - Centrifugal machines\",\"publisher\":{\"@id\":\"https:\\\/\\\/broadbent.co.uk\\\/#organization\"},\"alternateName\":\"Thomas Broadbent\",\"potentialAction\":[{\"@type\":\"SearchAction\",\"target\":{\"@type\":\"EntryPoint\",\"urlTemplate\":\"https:\\\/\\\/broadbent.co.uk\\\/?s={search_term_string}\"},\"query-input\":{\"@type\":\"PropertyValueSpecification\",\"valueRequired\":true,\"valueName\":\"search_term_string\"}}],\"inLanguage\":\"es\"},{\"@type\":\"Organization\",\"@id\":\"https:\\\/\\\/broadbent.co.uk\\\/#organization\",\"name\":\"Thomas Broadbent & Sons Ltd\",\"alternateName\":\"Broadbent\",\"url\":\"https:\\\/\\\/broadbent.co.uk\\\/\",\"logo\":{\"@type\":\"ImageObject\",\"inLanguage\":\"es\",\"@id\":\"https:\\\/\\\/broadbent.co.uk\\\/#\\\/schema\\\/logo\\\/image\\\/\",\"url\":\"https:\\\/\\\/broadbent.co.uk\\\/wp-content\\\/uploads\\\/2024\\\/09\\\/LogoLogoWorld-400x250-1.jpg\",\"contentUrl\":\"https:\\\/\\\/broadbent.co.uk\\\/wp-content\\\/uploads\\\/2024\\\/09\\\/LogoLogoWorld-400x250-1.jpg\",\"width\":400,\"height\":250,\"caption\":\"Thomas Broadbent & Sons Ltd\"},\"image\":{\"@id\":\"https:\\\/\\\/broadbent.co.uk\\\/#\\\/schema\\\/logo\\\/image\\\/\"},\"sameAs\":[\"https:\\\/\\\/www.linkedin.com\\\/company\\\/broadbent-centrifuges\\\/posts\\\/?feedView=all\"]}]}<\/script>\n<!-- \/ Yoast SEO plugin. -->","yoast_head_json":{"title":"- Broadbent","description":"Servicios de Fabricaci\u00f3n Broadbent: servicios rentables de mecanizado de piezas para usuarios externos de grandes y complejas soluciones de maquinaria de ingenier\u00eda.","robots":{"index":"index","follow":"follow","max-snippet":"max-snippet:-1","max-image-preview":"max-image-preview:large","max-video-preview":"max-video-preview:-1"},"canonical":"https:\/\/broadbent.co.uk\/es\/servicios-de-fabricacion\/","og_locale":"es_ES","og_type":"article","og_title":"- Broadbent","og_description":"Servicios de Fabricaci\u00f3n Broadbent: servicios rentables de mecanizado de piezas para usuarios externos de grandes y complejas soluciones de maquinaria de ingenier\u00eda.","og_url":"https:\/\/broadbent.co.uk\/es\/servicios-de-fabricacion\/","og_site_name":"Broadbent","article_modified_time":"2025-07-16T15:10:49+00:00","og_image":[{"width":973,"height":345,"url":"https:\/\/broadbent.co.uk\/wp-content\/uploads\/2023\/12\/logo-broadbent.jpg","type":"image\/jpeg"}],"twitter_card":"summary_large_image","schema":{"@context":"https:\/\/schema.org","@graph":[{"@type":"WebPage","@id":"https:\/\/broadbent.co.uk\/es\/servicios-de-fabricacion\/","url":"https:\/\/broadbent.co.uk\/es\/servicios-de-fabricacion\/","name":"- Broadbent","isPartOf":{"@id":"https:\/\/broadbent.co.uk\/#website"},"datePublished":"2024-11-14T17:19:50+00:00","dateModified":"2025-07-16T15:10:49+00:00","description":"Servicios de Fabricaci\u00f3n Broadbent: servicios rentables de mecanizado de piezas para usuarios externos de grandes y complejas soluciones de maquinaria de ingenier\u00eda.","breadcrumb":{"@id":"https:\/\/broadbent.co.uk\/es\/servicios-de-fabricacion\/#breadcrumb"},"inLanguage":"es","potentialAction":[{"@type":"ReadAction","target":["https:\/\/broadbent.co.uk\/es\/servicios-de-fabricacion\/"]}]},{"@type":"BreadcrumbList","@id":"https:\/\/broadbent.co.uk\/es\/servicios-de-fabricacion\/#breadcrumb","itemListElement":[{"@type":"ListItem","position":1,"name":"Home","item":"https:\/\/broadbent.co.uk\/es\/"},{"@type":"ListItem","position":2,"name":"Servicios de fabricaci\u00f3n"}]},{"@type":"WebSite","@id":"https:\/\/broadbent.co.uk\/#website","url":"https:\/\/broadbent.co.uk\/","name":"Broadbent","description":"Thomas Broadbent - Centrifugal machines","publisher":{"@id":"https:\/\/broadbent.co.uk\/#organization"},"alternateName":"Thomas Broadbent","potentialAction":[{"@type":"SearchAction","target":{"@type":"EntryPoint","urlTemplate":"https:\/\/broadbent.co.uk\/?s={search_term_string}"},"query-input":{"@type":"PropertyValueSpecification","valueRequired":true,"valueName":"search_term_string"}}],"inLanguage":"es"},{"@type":"Organization","@id":"https:\/\/broadbent.co.uk\/#organization","name":"Thomas Broadbent & Sons Ltd","alternateName":"Broadbent","url":"https:\/\/broadbent.co.uk\/","logo":{"@type":"ImageObject","inLanguage":"es","@id":"https:\/\/broadbent.co.uk\/#\/schema\/logo\/image\/","url":"https:\/\/broadbent.co.uk\/wp-content\/uploads\/2024\/09\/LogoLogoWorld-400x250-1.jpg","contentUrl":"https:\/\/broadbent.co.uk\/wp-content\/uploads\/2024\/09\/LogoLogoWorld-400x250-1.jpg","width":400,"height":250,"caption":"Thomas Broadbent & Sons Ltd"},"image":{"@id":"https:\/\/broadbent.co.uk\/#\/schema\/logo\/image\/"},"sameAs":["https:\/\/www.linkedin.com\/company\/broadbent-centrifuges\/posts\/?feedView=all"]}]}},"_links":{"self":[{"href":"https:\/\/broadbent.co.uk\/es\/wp-json\/wp\/v2\/pages\/7051","targetHints":{"allow":["GET"]}}],"collection":[{"href":"https:\/\/broadbent.co.uk\/es\/wp-json\/wp\/v2\/pages"}],"about":[{"href":"https:\/\/broadbent.co.uk\/es\/wp-json\/wp\/v2\/types\/page"}],"author":[{"embeddable":true,"href":"https:\/\/broadbent.co.uk\/es\/wp-json\/wp\/v2\/users\/6"}],"replies":[{"embeddable":true,"href":"https:\/\/broadbent.co.uk\/es\/wp-json\/wp\/v2\/comments?post=7051"}],"version-history":[{"count":1,"href":"https:\/\/broadbent.co.uk\/es\/wp-json\/wp\/v2\/pages\/7051\/revisions"}],"predecessor-version":[{"id":7077,"href":"https:\/\/broadbent.co.uk\/es\/wp-json\/wp\/v2\/pages\/7051\/revisions\/7077"}],"wp:attachment":[{"href":"https:\/\/broadbent.co.uk\/es\/wp-json\/wp\/v2\/media?parent=7051"}],"curies":[{"name":"wp","href":"https:\/\/api.w.org\/{rel}","templated":true}]}}