{"id":7052,"date":"2024-09-16T12:19:18","date_gmt":"2024-09-16T11:19:18","guid":{"rendered":"https:\/\/broadbent.co.uk\/pruebas-de-laboratorio-y-de-concepto\/"},"modified":"2025-07-16T16:12:17","modified_gmt":"2025-07-16T15:12:17","slug":"pruebas-de-laboratorio-y-de-concepto","status":"publish","type":"page","link":"https:\/\/broadbent.co.uk\/es\/pruebas-de-laboratorio-y-de-concepto\/","title":{"rendered":"Pruebas de laboratorio y de concepto"},"content":{"rendered":"","protected":false},"excerpt":{"rendered":"","protected":false},"author":6,"featured_media":0,"parent":0,"menu_order":0,"comment_status":"closed","ping_status":"closed","template":"","meta":{"_acf_changed":false,"footnotes":""},"class_list":["post-7052","page","type-page","status-publish","hentry"],"acf":{"content":[{"acf_fc_layout":"hero_content_v3","id":"page-top","hero-slide-v2":[{"title":"Pruebas de laboratorio y de concepto","text":"La capacidad de Broadbent para resolver retos de separaci\u00f3n de procesos de todo tipo se basa en las habilidades, la experiencia y la \u00e9tica de su personal, as\u00ed como en el excepcional alcance de su Laboratorio de Procesos.  ","button":"yes","button_text":"Contacta con nosotros","button_link":"#contactform","background_image":5921}]},{"acf_fc_layout":"text_and_image_content","id":"","title_heading":"h4","title":"","content":"<h3>Laboratorio de Procesos<\/h3>\r\nUn entorno de pruebas especializado que proporciona informaci\u00f3n detallada del proceso para ayudar a escalar un proceso hasta el funcionamiento completo de la planta.\r\n\r\nOfrecemos una amplia gama de instalaciones y servicios, entre ellos\r\n<ul>\r\n<li>Pruebas completas de las caracter\u00edsticas del proceso de tus muestras<\/li>\r\n<li>Centrifugadoras de prueba de todos los tama\u00f1os, desde las de banco hasta las peque\u00f1as unidades de producci\u00f3n<\/li>\r\n<li>An\u00e1lisis de part\u00edculas y lodos<\/li>\r\n<li>Laboratorio de pruebas construido expresamente con una gran nave de extracci\u00f3n de humos y estado el\u00e9ctrico de zona 2.<\/li>\r\n<li>Pruebas internas o en la planta del usuario final<\/li>\r\n<li>Servicio completo de formaci\u00f3n in situ, optimizaci\u00f3n y apoyo a la puesta en marcha<\/li>\r\n<\/ul>","text_align":"left","add_image":"yes","image":4506,"image_align":"left","image_width":"w50","background_colour":"none","add_background_image":"no","background_image":null,"button":"no","button_links":null,"remove_padding_top":""},{"acf_fc_layout":"text_and_image_content","id":"","title_heading":"h4","title":"","content":"<h3>Investigaci\u00f3n y Tecnolog\u00eda<\/h3>\r\nNuestro importante equipo interno de Investigaci\u00f3n y Tecnolog\u00eda ha dise\u00f1ado, ingeniado y probado miles de muestras de separaci\u00f3n s\u00f3lido-l\u00edquido a lo largo de los a\u00f1os, y nos comprometemos a ofrecer resultados sobresalientes en cada nueva oportunidad. Estamos en contacto y colaboramos con otros especialistas de centros acad\u00e9micos e industriales de excelencia, como: \r\n<ul>\r\n \t<li><a href=\"http:\/\/www.eng.cam.ac.uk\/\" target=\"_blank\" rel=\"noopener\">Departamento de Ingenier\u00eda de la Universidad de Cambridge<\/a><\/li>\r\n \t<li><a href=\"https:\/\/www-geo.eng.cam.ac.uk\/\" target=\"_blank\" rel=\"noopener\">Grupo de Investigaci\u00f3n Geot\u00e9cnica y Medioambiental, Universidad de Cambridge<\/a><\/li>\r\n \t<li><a href=\"https:\/\/www.wfius.org\/items-1\/the-filtration-society\/\" target=\"_blank\" rel=\"noopener\">La Sociedad de Filtraci\u00f3n<\/a><\/li>\r\n \t<li><a href=\"https:\/\/www.tsa-uk.org\/\" target=\"_blank\" rel=\"noopener\">Asociaci\u00f3n de Servicios Textiles<\/a> (TSA)<\/li>\r\n \t<li><a href=\"https:\/\/www.bsigroup.com\/\" target=\"_blank\" rel=\"noopener\">Instituci\u00f3n Brit\u00e1nica de Normalizaci\u00f3n<\/a> (BSI)<\/li>\r\n \t<li><a href=\"https:\/\/www.twi-global.com\/\" target=\"_blank\" rel=\"noopener\">El Instituto de Soldadura<\/a> (TWI)<\/li>\r\n<\/ul>","text_align":"left","add_image":"yes","image":5376,"image_align":"left","image_width":"w50","background_colour":"none","add_background_image":"no","background_image":null,"button":"no","button_links":null,"remove_padding_top":["yes"]},{"acf_fc_layout":"columns","id":"turnkey","background":"dark","show_content_before_columns":["yes"],"title":"Soluciones completas llave en mano","description":{"show_description":"","description_text":""},"content":"","column":[{"col_image":5346,"col_title":"Concepto","add_title_background":"","col_text":"Conceptualizaci\u00f3n y prototipado internos","add_link":"","link":"","add_link_to_image":[],"show_button":[],"button_text":"","images":null,"images_style":"column"},{"col_image":4976,"col_title":"Dise\u00f1o","add_title_background":"","col_text":"Capacidades internas de dise\u00f1o mec\u00e1nico, el\u00e9ctrico y de procesos","add_link":"","link":"","add_link_to_image":[],"show_button":[],"button_text":"","images":null,"images_style":"row"},{"col_image":5351,"col_title":"Ingenier\u00eda","add_title_background":"","col_text":"Capacidades completas de ingenier\u00eda, en la empresa y en el lugar de trabajo","add_link":"","link":"","add_link_to_image":[],"show_button":[],"button_text":"","images":null,"images_style":"row"},{"col_image":5356,"col_title":"Fabricaci\u00f3n","add_title_background":"","col_text":"Desde la fabricaci\u00f3n y el mecanizado hasta el montaje y las pruebas","add_link":"","link":"","add_link_to_image":[],"show_button":[],"button_text":"","images":null,"images_style":"row"}],"col_display":"four_col","images_full_width_of_column":["yes"],"show_large_text":"","line_1":"","line_2":""},{"acf_fc_layout":"columns","id":"","background":"light:","show_content_before_columns":["yes"],"title":"Capacidad t\u00e9cnica y de dise\u00f1o","description":{"show_description":"","description_text":""},"content":"","column":[{"col_image":"","col_title":"","add_title_background":"","col_text":"","add_link":"","link":"","add_link_to_image":[],"show_button":[],"button_text":"","images":[{"image":4731}],"images_style":"column"},{"col_image":"","col_title":"","add_title_background":"","col_text":"Durante m\u00e1s de 150 a\u00f1os, la gran mayor\u00eda de los productos suministrados por Broadbent a los mercados de separaci\u00f3n s\u00f3lido-l\u00edquido, efluentes y recuperaci\u00f3n de agua han sido dise\u00f1ados y fabricados por nuestros propios equipos internos, aqu\u00ed, en nuestras instalaciones de Huddersfield, Reino Unido.\r\n\r\nNuestro \u00e9xito sostenido en estos mercados es testimonio de nuestro compromiso inflexible con un dise\u00f1o de producto excelente.\r\n\r\nNuestras capacidades incluyen:\r\n<ul>\r\n \t<li>Dise\u00f1o interno mec\u00e1nico, de proceso y el\u00e9ctrico completo<\/li>\r\n \t<li>Sistemas 3D-CAE para dise\u00f1o de ingenier\u00eda, modelado, dibujo, vibraciones y an\u00e1lisis de elementos finitos, modales y SAD<\/li>\r\n \t<li>Sistemas de CAM 3D para m\u00e1quinas herramienta multieje de control num\u00e9rico<\/li>\r\n \t<li>Dise\u00f1o para la evaluaci\u00f3n de peligros, an\u00e1lisis de riesgos, certificaci\u00f3n GAMP, ATEX, etc.<\/li>\r\n \t<li>Programaci\u00f3n para una amplia gama de sistemas PLC est\u00e1ndar de la industria<\/li>\r\n \t<li>Instalaciones de prueba completas con registro de datos por ordenador, an\u00e1lisis de vibraciones, intensidad de sonido\/potencia y conformidad CEM<\/li>\r\n<\/ul>","add_link":"","link":"","add_link_to_image":[],"show_button":[],"button_text":"","images":null,"images_style":"row"}],"col_display":"two_col","images_full_width_of_column":["yes"],"show_large_text":"","line_1":"","line_2":""},{"acf_fc_layout":"columns","id":"","background":"light:","show_content_before_columns":["yes"],"title":"Colaboraci\u00f3n en I+D","description":{"show_description":"","description_text":""},"content":"","column":[{"col_image":"","col_title":"Investigaci\u00f3n y desarrollo","add_title_background":"","col_text":"Siempre estamos impulsando la Investigaci\u00f3n y el Desarrollo (I+D) para crear nuevos productos y servicios, y mejorar los que ya tenemos. Lo hacemos internamente, pero tambi\u00e9n podemos ofrecerlo como servicio o en asociaci\u00f3n. \r\n<h3>Asociaciones<\/h3>\r\nGracias a la investigaci\u00f3n activa y a nuestras estrechas alianzas mutuas con instituciones acad\u00e9micas punteras, otros organismos de investigaci\u00f3n externos y expertos de la industria, nos mantenemos constantemente en lo m\u00e1s alto.\r\n\r\nEstos v\u00ednculos con instituciones externas tambi\u00e9n nos dan acceso adicional a conocimientos especializados, equipos, t\u00e9cnicas e instalaciones, todo lo cual mantiene a Broadbent a la vanguardia de la tecnolog\u00eda de separaci\u00f3n industrial.\r\n<h3>Universidades<\/h3>\r\nTrabajamos con las principales universidades e instituciones acad\u00e9micas, como el Departamento de Ingenier\u00eda de la Universidad de Cambridge y el Grupo de Investigaci\u00f3n Geot\u00e9cnica y Medioambiental de la Universidad de Cambridge.","add_link":"","link":"","add_link_to_image":[],"show_button":[],"button_text":"","images":null,"images_style":"row"},{"col_image":"","col_title":"","add_title_background":"","col_text":"","add_link":"","link":"","add_link_to_image":[],"show_button":[],"button_text":"","images":[{"image":4856},{"image":5371}],"images_style":"column"}],"col_display":"two_col","images_full_width_of_column":"","show_large_text":"","line_1":"Llama hoy mismo a nuestro equipo, al","line_2":"+44 (0) 1484 477 236"},{"acf_fc_layout":"columns","id":"innovate","background":"grey","show_content_before_columns":["yes"],"title":"Innova con nosotros: <br>Pruebas de laboratorio e investigaci\u00f3n","description":{"show_description":"","description_text":""},"content":"","column":[{"col_image":"","col_title":"","add_title_background":"","col_text":"","add_link":"","link":"","add_link_to_image":[],"show_button":[],"button_text":"","images":[{"image":4971}],"images_style":"column"},{"col_image":"","col_title":"","add_title_background":"","col_text":"<h3>Pruebas de laboratorio<\/h3>\r\nUna de nuestras raras especialidades es la capacidad de crear y dise\u00f1ar centrifugadoras \u00fanicas que se ajusten a los requisitos precisos e individuales de los usuarios de sistemas de separaci\u00f3n de todo el mundo.\r\n\r\nNuestro departamento de procesos ofrece:\r\n\r\n- Pruebas internas del proceso a escala de laboratorio y piloto\r\n\r\n- Pruebas piloto en las instalaciones del cliente\r\n\r\n- Formaci\u00f3n completa in situ, puesta en marcha del proceso y servicio de optimizaci\u00f3n\r\n\r\n\u00a0\r\n<h3>Llama hoy mismo a nuestro equipo:\r\n +44<a href=\"tel:+441484477236\">(0) 1484 477 236<\/a><\/h3>","add_link":"","link":"","add_link_to_image":[],"show_button":[],"button_text":"","images":null,"images_style":"row"}],"col_display":"two_col","images_full_width_of_column":"","show_large_text":"","line_1":"Llama hoy mismo a nuestro equipo, al","line_2":"+44 (0) 1484 477 236"},{"acf_fc_layout":"shortcode_content","id":"contactform","background":"dark","show_content_before_rows":["yes"],"title":"Contacta con nosotros","description_to_the_side_of_title":{"show_description":"","description_text":""},"content":"","shortcode":"[contact-form-7 id=\"\" title=\"Formulario de contacto\"]"}]},"yoast_head":"<!-- This site is optimized with the Yoast SEO plugin v27.6 - https:\/\/yoast.com\/product\/yoast-seo-wordpress\/ -->\n<title>- Broadbent<\/title>\n<meta name=\"description\" content=\"Pruebas de laboratorio y pruebas de concepto de Broadbent: resolver los retos de separaci\u00f3n de procesos mediante las habilidades, la experiencia y la \u00e9tica de nuestro Laboratorio de Procesos.\" \/>\n<meta name=\"robots\" content=\"index, follow, max-snippet:-1, max-image-preview:large, max-video-preview:-1\" \/>\n<link rel=\"canonical\" href=\"https:\/\/broadbent.co.uk\/es\/pruebas-de-laboratorio-y-de-concepto\/\" \/>\n<meta property=\"og:locale\" content=\"es_ES\" \/>\n<meta property=\"og:type\" content=\"article\" \/>\n<meta property=\"og:title\" content=\"- Broadbent\" \/>\n<meta property=\"og:description\" content=\"Pruebas de laboratorio y pruebas de concepto de Broadbent: resolver los retos de separaci\u00f3n de procesos mediante las habilidades, la experiencia y la \u00e9tica de nuestro Laboratorio de Procesos.\" \/>\n<meta property=\"og:url\" content=\"https:\/\/broadbent.co.uk\/es\/pruebas-de-laboratorio-y-de-concepto\/\" \/>\n<meta property=\"og:site_name\" content=\"Broadbent\" \/>\n<meta property=\"article:modified_time\" content=\"2025-07-16T15:12:17+00:00\" \/>\n<meta property=\"og:image\" content=\"https:\/\/broadbent.co.uk\/wp-content\/uploads\/2023\/12\/logo-broadbent.jpg\" \/>\n\t<meta property=\"og:image:width\" content=\"973\" \/>\n\t<meta property=\"og:image:height\" content=\"345\" \/>\n\t<meta property=\"og:image:type\" content=\"image\/jpeg\" \/>\n<meta name=\"twitter:card\" content=\"summary_large_image\" \/>\n<script type=\"application\/ld+json\" class=\"yoast-schema-graph\">{\"@context\":\"https:\\\/\\\/schema.org\",\"@graph\":[{\"@type\":\"WebPage\",\"@id\":\"https:\\\/\\\/broadbent.co.uk\\\/es\\\/pruebas-de-laboratorio-y-de-concepto\\\/\",\"url\":\"https:\\\/\\\/broadbent.co.uk\\\/es\\\/pruebas-de-laboratorio-y-de-concepto\\\/\",\"name\":\"- Broadbent\",\"isPartOf\":{\"@id\":\"https:\\\/\\\/broadbent.co.uk\\\/#website\"},\"datePublished\":\"2024-09-16T11:19:18+00:00\",\"dateModified\":\"2025-07-16T15:12:17+00:00\",\"description\":\"Pruebas de laboratorio y pruebas de concepto de Broadbent: resolver los retos de separaci\u00f3n de procesos mediante las habilidades, la experiencia y la \u00e9tica de nuestro Laboratorio de Procesos.\",\"breadcrumb\":{\"@id\":\"https:\\\/\\\/broadbent.co.uk\\\/es\\\/pruebas-de-laboratorio-y-de-concepto\\\/#breadcrumb\"},\"inLanguage\":\"es\",\"potentialAction\":[{\"@type\":\"ReadAction\",\"target\":[\"https:\\\/\\\/broadbent.co.uk\\\/es\\\/pruebas-de-laboratorio-y-de-concepto\\\/\"]}]},{\"@type\":\"BreadcrumbList\",\"@id\":\"https:\\\/\\\/broadbent.co.uk\\\/es\\\/pruebas-de-laboratorio-y-de-concepto\\\/#breadcrumb\",\"itemListElement\":[{\"@type\":\"ListItem\",\"position\":1,\"name\":\"Home\",\"item\":\"https:\\\/\\\/broadbent.co.uk\\\/es\\\/\"},{\"@type\":\"ListItem\",\"position\":2,\"name\":\"Pruebas de laboratorio y de concepto\"}]},{\"@type\":\"WebSite\",\"@id\":\"https:\\\/\\\/broadbent.co.uk\\\/#website\",\"url\":\"https:\\\/\\\/broadbent.co.uk\\\/\",\"name\":\"Broadbent\",\"description\":\"Thomas Broadbent - Centrifugal machines\",\"publisher\":{\"@id\":\"https:\\\/\\\/broadbent.co.uk\\\/#organization\"},\"alternateName\":\"Thomas Broadbent\",\"potentialAction\":[{\"@type\":\"SearchAction\",\"target\":{\"@type\":\"EntryPoint\",\"urlTemplate\":\"https:\\\/\\\/broadbent.co.uk\\\/?s={search_term_string}\"},\"query-input\":{\"@type\":\"PropertyValueSpecification\",\"valueRequired\":true,\"valueName\":\"search_term_string\"}}],\"inLanguage\":\"es\"},{\"@type\":\"Organization\",\"@id\":\"https:\\\/\\\/broadbent.co.uk\\\/#organization\",\"name\":\"Thomas Broadbent & Sons Ltd\",\"alternateName\":\"Broadbent\",\"url\":\"https:\\\/\\\/broadbent.co.uk\\\/\",\"logo\":{\"@type\":\"ImageObject\",\"inLanguage\":\"es\",\"@id\":\"https:\\\/\\\/broadbent.co.uk\\\/#\\\/schema\\\/logo\\\/image\\\/\",\"url\":\"https:\\\/\\\/broadbent.co.uk\\\/wp-content\\\/uploads\\\/2024\\\/09\\\/LogoLogoWorld-400x250-1.jpg\",\"contentUrl\":\"https:\\\/\\\/broadbent.co.uk\\\/wp-content\\\/uploads\\\/2024\\\/09\\\/LogoLogoWorld-400x250-1.jpg\",\"width\":400,\"height\":250,\"caption\":\"Thomas Broadbent & Sons Ltd\"},\"image\":{\"@id\":\"https:\\\/\\\/broadbent.co.uk\\\/#\\\/schema\\\/logo\\\/image\\\/\"},\"sameAs\":[\"https:\\\/\\\/www.linkedin.com\\\/company\\\/broadbent-centrifuges\\\/posts\\\/?feedView=all\"]}]}<\/script>\n<!-- \/ Yoast SEO plugin. -->","yoast_head_json":{"title":"- Broadbent","description":"Pruebas de laboratorio y pruebas de concepto de Broadbent: resolver los retos de separaci\u00f3n de procesos mediante las habilidades, la experiencia y la \u00e9tica de nuestro Laboratorio de Procesos.","robots":{"index":"index","follow":"follow","max-snippet":"max-snippet:-1","max-image-preview":"max-image-preview:large","max-video-preview":"max-video-preview:-1"},"canonical":"https:\/\/broadbent.co.uk\/es\/pruebas-de-laboratorio-y-de-concepto\/","og_locale":"es_ES","og_type":"article","og_title":"- Broadbent","og_description":"Pruebas de laboratorio y pruebas de concepto de Broadbent: resolver los retos de separaci\u00f3n de procesos mediante las habilidades, la experiencia y la \u00e9tica de nuestro Laboratorio de Procesos.","og_url":"https:\/\/broadbent.co.uk\/es\/pruebas-de-laboratorio-y-de-concepto\/","og_site_name":"Broadbent","article_modified_time":"2025-07-16T15:12:17+00:00","og_image":[{"width":973,"height":345,"url":"https:\/\/broadbent.co.uk\/wp-content\/uploads\/2023\/12\/logo-broadbent.jpg","type":"image\/jpeg"}],"twitter_card":"summary_large_image","schema":{"@context":"https:\/\/schema.org","@graph":[{"@type":"WebPage","@id":"https:\/\/broadbent.co.uk\/es\/pruebas-de-laboratorio-y-de-concepto\/","url":"https:\/\/broadbent.co.uk\/es\/pruebas-de-laboratorio-y-de-concepto\/","name":"- Broadbent","isPartOf":{"@id":"https:\/\/broadbent.co.uk\/#website"},"datePublished":"2024-09-16T11:19:18+00:00","dateModified":"2025-07-16T15:12:17+00:00","description":"Pruebas de laboratorio y pruebas de concepto de Broadbent: resolver los retos de separaci\u00f3n de procesos mediante las habilidades, la experiencia y la \u00e9tica de nuestro Laboratorio de Procesos.","breadcrumb":{"@id":"https:\/\/broadbent.co.uk\/es\/pruebas-de-laboratorio-y-de-concepto\/#breadcrumb"},"inLanguage":"es","potentialAction":[{"@type":"ReadAction","target":["https:\/\/broadbent.co.uk\/es\/pruebas-de-laboratorio-y-de-concepto\/"]}]},{"@type":"BreadcrumbList","@id":"https:\/\/broadbent.co.uk\/es\/pruebas-de-laboratorio-y-de-concepto\/#breadcrumb","itemListElement":[{"@type":"ListItem","position":1,"name":"Home","item":"https:\/\/broadbent.co.uk\/es\/"},{"@type":"ListItem","position":2,"name":"Pruebas de laboratorio y de concepto"}]},{"@type":"WebSite","@id":"https:\/\/broadbent.co.uk\/#website","url":"https:\/\/broadbent.co.uk\/","name":"Broadbent","description":"Thomas Broadbent - Centrifugal machines","publisher":{"@id":"https:\/\/broadbent.co.uk\/#organization"},"alternateName":"Thomas Broadbent","potentialAction":[{"@type":"SearchAction","target":{"@type":"EntryPoint","urlTemplate":"https:\/\/broadbent.co.uk\/?s={search_term_string}"},"query-input":{"@type":"PropertyValueSpecification","valueRequired":true,"valueName":"search_term_string"}}],"inLanguage":"es"},{"@type":"Organization","@id":"https:\/\/broadbent.co.uk\/#organization","name":"Thomas Broadbent & Sons Ltd","alternateName":"Broadbent","url":"https:\/\/broadbent.co.uk\/","logo":{"@type":"ImageObject","inLanguage":"es","@id":"https:\/\/broadbent.co.uk\/#\/schema\/logo\/image\/","url":"https:\/\/broadbent.co.uk\/wp-content\/uploads\/2024\/09\/LogoLogoWorld-400x250-1.jpg","contentUrl":"https:\/\/broadbent.co.uk\/wp-content\/uploads\/2024\/09\/LogoLogoWorld-400x250-1.jpg","width":400,"height":250,"caption":"Thomas Broadbent & Sons Ltd"},"image":{"@id":"https:\/\/broadbent.co.uk\/#\/schema\/logo\/image\/"},"sameAs":["https:\/\/www.linkedin.com\/company\/broadbent-centrifuges\/posts\/?feedView=all"]}]}},"_links":{"self":[{"href":"https:\/\/broadbent.co.uk\/es\/wp-json\/wp\/v2\/pages\/7052","targetHints":{"allow":["GET"]}}],"collection":[{"href":"https:\/\/broadbent.co.uk\/es\/wp-json\/wp\/v2\/pages"}],"about":[{"href":"https:\/\/broadbent.co.uk\/es\/wp-json\/wp\/v2\/types\/page"}],"author":[{"embeddable":true,"href":"https:\/\/broadbent.co.uk\/es\/wp-json\/wp\/v2\/users\/6"}],"replies":[{"embeddable":true,"href":"https:\/\/broadbent.co.uk\/es\/wp-json\/wp\/v2\/comments?post=7052"}],"version-history":[{"count":1,"href":"https:\/\/broadbent.co.uk\/es\/wp-json\/wp\/v2\/pages\/7052\/revisions"}],"predecessor-version":[{"id":7078,"href":"https:\/\/broadbent.co.uk\/es\/wp-json\/wp\/v2\/pages\/7052\/revisions\/7078"}],"wp:attachment":[{"href":"https:\/\/broadbent.co.uk\/es\/wp-json\/wp\/v2\/media?parent=7052"}],"curies":[{"name":"wp","href":"https:\/\/api.w.org\/{rel}","templated":true}]}}