{"id":7055,"date":"2024-09-08T16:14:19","date_gmt":"2024-09-08T15:14:19","guid":{"rendered":"https:\/\/broadbent.co.uk\/contratacion\/"},"modified":"2025-07-16T16:22:24","modified_gmt":"2025-07-16T15:22:24","slug":"contratacion","status":"publish","type":"page","link":"https:\/\/broadbent.co.uk\/es\/contratacion\/","title":{"rendered":"Contrataci\u00f3n"},"content":{"rendered":"","protected":false},"excerpt":{"rendered":"","protected":false},"author":1,"featured_media":0,"parent":0,"menu_order":0,"comment_status":"closed","ping_status":"closed","template":"","meta":{"_acf_changed":false,"footnotes":""},"class_list":["post-7055","page","type-page","status-publish","hentry"],"acf":{"content":[{"acf_fc_layout":"hero_content_v3","id":"hero","hero-slide-v2":[{"title":"\u00danete a Broadbent's","text":"Broadbent's, un legado de Innovaci\u00f3n y Excelencia. Si te apasiona la ingenier\u00eda y est\u00e1s comprometido con la calidad, considera la posibilidad de unirte a nuestro equipo de profesionales cualificados. Juntos, daremos forma al futuro de los est\u00e1ndares de la industria.  ","button":"yes","button_text":"Env\u00edanos tu CV","button_link":"#CV","background_image":5931}]},{"acf_fc_layout":"rows","id":"","background":"grey","show_content_before_rows":["yes"],"title":"Un d\u00eda en la vida de Broadbent","description":{"show_description":["yes"],"description_text":"El equipo de Broadbent est\u00e1 formado por unas 140 personas con una gran riqueza de habilidades, conocimientos, experiencia y perspicacia. Y lo que es m\u00e1s importante, a nuestro personal tambi\u00e9n le mueve el compromiso de apoyar a nuestros clientes y resolver sus problemas de procesos. "},"content":"","row":[{"box":[{"style":"column","width":"1\/2","image":6081,"title":"","add_title_background":"","text":"","text_style":"standard","show_checklist":"","checklist":null,"show_buttons":"","button_link":"","button_text":""},{"style":"column","width":"1\/2","image":"","title":"","add_title_background":"","text":"La experiencia de Broadbent abarca todas las disciplinas principales, incluida la ingenier\u00eda de procesos, el dise\u00f1o mec\u00e1nico y el\u00e9ctrico, los controles industriales y la ingenier\u00eda de producci\u00f3n. Tambi\u00e9n invertimos en nuestra base de competencias con un programa continuo de aprendices de oficios. \r\n\r\nNuestros equipos de ingenier\u00eda pueden encargarse de proyectos a gran escala relacionados con la instalaci\u00f3n de bater\u00edas completas de centrifugadoras, y la especificaci\u00f3n y el suministro de equipos auxiliares como subestructuras, dep\u00f3sitos de alimentaci\u00f3n, transportadores y bombas, etc.","text_style":"standard","show_checklist":"","checklist":null,"show_buttons":"","button_link":"","button_text":""}],"vertical_alignment":"top"},{"box":[{"style":"column","width":"1","image":"","title":"","add_title_background":"","text":"","text_style":"standard","show_checklist":["yes"],"checklist":[{"checklist_item":"Funciones de 4 d\u00edas a la semana"},{"checklist_item":"Pensi\u00f3n de empresa"},{"checklist_item":"Empresa familiar"},{"checklist_item":"Oportunidades de promoci\u00f3n"},{"checklist_item":"Prestaci\u00f3n de asistencia sanitaria galardonada"},{"checklist_item":"Salarios competitivos"},{"checklist_item":"160 a\u00f1os en el negocio"},{"checklist_item":"Aparcamiento en el centro de la ciudad"}],"show_buttons":"","button_link":"","button_text":""}],"vertical_alignment":"top"}]},{"acf_fc_layout":"vacancies","background":"dark","show_content_before_vacancies":["yes"],"title":"Vacantes","description":{"show_description":"","description_text":""},"content":"","vacancies":null},{"acf_fc_layout":"shortcode_content","id":"CV","background":"light:","show_content_before_rows":["yes"],"title":"Env\u00edanos tu CV","description_to_the_side_of_title":{"show_description":"","description_text":""},"content":"","shortcode":"[contact-form-7 id=\"\" title=\"Enviar CV\"]"},{"acf_fc_layout":"columns","id":"","background":"light:","show_content_before_columns":["yes"],"title":"Acreditaciones","description":{"show_description":"","description_text":""},"content":"","column":[{"col_image":4926,"col_title":"","add_title_background":"","col_text":"","add_link":"","link":"","add_link_to_image":[],"show_button":[],"button_text":"","images":null,"images_style":"row"},{"col_image":4931,"col_title":"","add_title_background":"","col_text":"","add_link":"","link":"","add_link_to_image":[],"show_button":[],"button_text":"","images":null,"images_style":"row"},{"col_image":4921,"col_title":"","add_title_background":"","col_text":"","add_link":"","link":"","add_link_to_image":[],"show_button":[],"button_text":"","images":null,"images_style":"row"},{"col_image":4936,"col_title":"","add_title_background":"","col_text":"","add_link":"","link":"","add_link_to_image":[],"show_button":[],"button_text":"","images":null,"images_style":"row"}],"col_display":"four_col","images_full_width_of_column":"","show_large_text":"","line_1":"","line_2":""},{"acf_fc_layout":"shortcode_content","id":"","background":"dark","show_content_before_rows":["yes"],"title":"Contacta con nosotros","description_to_the_side_of_title":{"show_description":"","description_text":""},"content":"","shortcode":"[contact-form-7 id=\"\" title=\"Formulario de contacto\"]"}]},"yoast_head":"<!-- This site is optimized with the Yoast SEO plugin v27.4 - https:\/\/yoast.com\/product\/yoast-seo-wordpress\/ -->\n<title>- Broadbent<\/title>\n<meta name=\"description\" content=\"Broadbent Recruitment: las \u00faltimas vacantes e informaci\u00f3n sobre carreras profesionales de Broadbent, incluido c\u00f3mo solicitar nuestros puestos de trabajo y aprendizaje.\" \/>\n<meta name=\"robots\" content=\"index, follow, max-snippet:-1, max-image-preview:large, max-video-preview:-1\" \/>\n<link rel=\"canonical\" href=\"https:\/\/broadbent.co.uk\/es\/contratacion\/\" \/>\n<meta property=\"og:locale\" content=\"es_ES\" \/>\n<meta property=\"og:type\" content=\"article\" \/>\n<meta property=\"og:title\" content=\"- Broadbent\" \/>\n<meta property=\"og:description\" content=\"Broadbent Recruitment: las \u00faltimas vacantes e informaci\u00f3n sobre carreras profesionales de Broadbent, incluido c\u00f3mo solicitar nuestros puestos de trabajo y aprendizaje.\" \/>\n<meta property=\"og:url\" content=\"https:\/\/broadbent.co.uk\/es\/contratacion\/\" \/>\n<meta property=\"og:site_name\" content=\"Broadbent\" \/>\n<meta property=\"article:modified_time\" content=\"2025-07-16T15:22:24+00:00\" \/>\n<meta property=\"og:image\" content=\"https:\/\/broadbent.co.uk\/wp-content\/uploads\/2023\/12\/logo-broadbent.jpg\" \/>\n\t<meta property=\"og:image:width\" content=\"973\" \/>\n\t<meta property=\"og:image:height\" content=\"345\" \/>\n\t<meta property=\"og:image:type\" content=\"image\/jpeg\" \/>\n<meta name=\"twitter:card\" content=\"summary_large_image\" \/>\n<script type=\"application\/ld+json\" class=\"yoast-schema-graph\">{\"@context\":\"https:\\\/\\\/schema.org\",\"@graph\":[{\"@type\":\"WebPage\",\"@id\":\"https:\\\/\\\/broadbent.co.uk\\\/es\\\/contratacion\\\/\",\"url\":\"https:\\\/\\\/broadbent.co.uk\\\/es\\\/contratacion\\\/\",\"name\":\"- Broadbent\",\"isPartOf\":{\"@id\":\"https:\\\/\\\/broadbent.co.uk\\\/#website\"},\"datePublished\":\"2024-09-08T15:14:19+00:00\",\"dateModified\":\"2025-07-16T15:22:24+00:00\",\"description\":\"Broadbent Recruitment: las \u00faltimas vacantes e informaci\u00f3n sobre carreras profesionales de Broadbent, incluido c\u00f3mo solicitar nuestros puestos de trabajo y aprendizaje.\",\"breadcrumb\":{\"@id\":\"https:\\\/\\\/broadbent.co.uk\\\/es\\\/contratacion\\\/#breadcrumb\"},\"inLanguage\":\"es\",\"potentialAction\":[{\"@type\":\"ReadAction\",\"target\":[\"https:\\\/\\\/broadbent.co.uk\\\/es\\\/contratacion\\\/\"]}]},{\"@type\":\"BreadcrumbList\",\"@id\":\"https:\\\/\\\/broadbent.co.uk\\\/es\\\/contratacion\\\/#breadcrumb\",\"itemListElement\":[{\"@type\":\"ListItem\",\"position\":1,\"name\":\"Home\",\"item\":\"https:\\\/\\\/broadbent.co.uk\\\/es\\\/\"},{\"@type\":\"ListItem\",\"position\":2,\"name\":\"Contrataci\u00f3n\"}]},{\"@type\":\"WebSite\",\"@id\":\"https:\\\/\\\/broadbent.co.uk\\\/#website\",\"url\":\"https:\\\/\\\/broadbent.co.uk\\\/\",\"name\":\"Broadbent\",\"description\":\"Thomas Broadbent - Centrifugal machines\",\"publisher\":{\"@id\":\"https:\\\/\\\/broadbent.co.uk\\\/#organization\"},\"alternateName\":\"Thomas Broadbent\",\"potentialAction\":[{\"@type\":\"SearchAction\",\"target\":{\"@type\":\"EntryPoint\",\"urlTemplate\":\"https:\\\/\\\/broadbent.co.uk\\\/?s={search_term_string}\"},\"query-input\":{\"@type\":\"PropertyValueSpecification\",\"valueRequired\":true,\"valueName\":\"search_term_string\"}}],\"inLanguage\":\"es\"},{\"@type\":\"Organization\",\"@id\":\"https:\\\/\\\/broadbent.co.uk\\\/#organization\",\"name\":\"Thomas Broadbent & Sons Ltd\",\"alternateName\":\"Broadbent\",\"url\":\"https:\\\/\\\/broadbent.co.uk\\\/\",\"logo\":{\"@type\":\"ImageObject\",\"inLanguage\":\"es\",\"@id\":\"https:\\\/\\\/broadbent.co.uk\\\/#\\\/schema\\\/logo\\\/image\\\/\",\"url\":\"https:\\\/\\\/broadbent.co.uk\\\/wp-content\\\/uploads\\\/2024\\\/09\\\/LogoLogoWorld-400x250-1.jpg\",\"contentUrl\":\"https:\\\/\\\/broadbent.co.uk\\\/wp-content\\\/uploads\\\/2024\\\/09\\\/LogoLogoWorld-400x250-1.jpg\",\"width\":400,\"height\":250,\"caption\":\"Thomas Broadbent & Sons Ltd\"},\"image\":{\"@id\":\"https:\\\/\\\/broadbent.co.uk\\\/#\\\/schema\\\/logo\\\/image\\\/\"},\"sameAs\":[\"https:\\\/\\\/www.linkedin.com\\\/company\\\/broadbent-centrifuges\\\/posts\\\/?feedView=all\"]}]}<\/script>\n<!-- \/ Yoast SEO plugin. -->","yoast_head_json":{"title":"- Broadbent","description":"Broadbent Recruitment: las \u00faltimas vacantes e informaci\u00f3n sobre carreras profesionales de Broadbent, incluido c\u00f3mo solicitar nuestros puestos de trabajo y aprendizaje.","robots":{"index":"index","follow":"follow","max-snippet":"max-snippet:-1","max-image-preview":"max-image-preview:large","max-video-preview":"max-video-preview:-1"},"canonical":"https:\/\/broadbent.co.uk\/es\/contratacion\/","og_locale":"es_ES","og_type":"article","og_title":"- Broadbent","og_description":"Broadbent Recruitment: las \u00faltimas vacantes e informaci\u00f3n sobre carreras profesionales de Broadbent, incluido c\u00f3mo solicitar nuestros puestos de trabajo y aprendizaje.","og_url":"https:\/\/broadbent.co.uk\/es\/contratacion\/","og_site_name":"Broadbent","article_modified_time":"2025-07-16T15:22:24+00:00","og_image":[{"width":973,"height":345,"url":"https:\/\/broadbent.co.uk\/wp-content\/uploads\/2023\/12\/logo-broadbent.jpg","type":"image\/jpeg"}],"twitter_card":"summary_large_image","schema":{"@context":"https:\/\/schema.org","@graph":[{"@type":"WebPage","@id":"https:\/\/broadbent.co.uk\/es\/contratacion\/","url":"https:\/\/broadbent.co.uk\/es\/contratacion\/","name":"- Broadbent","isPartOf":{"@id":"https:\/\/broadbent.co.uk\/#website"},"datePublished":"2024-09-08T15:14:19+00:00","dateModified":"2025-07-16T15:22:24+00:00","description":"Broadbent Recruitment: las \u00faltimas vacantes e informaci\u00f3n sobre carreras profesionales de Broadbent, incluido c\u00f3mo solicitar nuestros puestos de trabajo y aprendizaje.","breadcrumb":{"@id":"https:\/\/broadbent.co.uk\/es\/contratacion\/#breadcrumb"},"inLanguage":"es","potentialAction":[{"@type":"ReadAction","target":["https:\/\/broadbent.co.uk\/es\/contratacion\/"]}]},{"@type":"BreadcrumbList","@id":"https:\/\/broadbent.co.uk\/es\/contratacion\/#breadcrumb","itemListElement":[{"@type":"ListItem","position":1,"name":"Home","item":"https:\/\/broadbent.co.uk\/es\/"},{"@type":"ListItem","position":2,"name":"Contrataci\u00f3n"}]},{"@type":"WebSite","@id":"https:\/\/broadbent.co.uk\/#website","url":"https:\/\/broadbent.co.uk\/","name":"Broadbent","description":"Thomas Broadbent - Centrifugal machines","publisher":{"@id":"https:\/\/broadbent.co.uk\/#organization"},"alternateName":"Thomas Broadbent","potentialAction":[{"@type":"SearchAction","target":{"@type":"EntryPoint","urlTemplate":"https:\/\/broadbent.co.uk\/?s={search_term_string}"},"query-input":{"@type":"PropertyValueSpecification","valueRequired":true,"valueName":"search_term_string"}}],"inLanguage":"es"},{"@type":"Organization","@id":"https:\/\/broadbent.co.uk\/#organization","name":"Thomas Broadbent & Sons Ltd","alternateName":"Broadbent","url":"https:\/\/broadbent.co.uk\/","logo":{"@type":"ImageObject","inLanguage":"es","@id":"https:\/\/broadbent.co.uk\/#\/schema\/logo\/image\/","url":"https:\/\/broadbent.co.uk\/wp-content\/uploads\/2024\/09\/LogoLogoWorld-400x250-1.jpg","contentUrl":"https:\/\/broadbent.co.uk\/wp-content\/uploads\/2024\/09\/LogoLogoWorld-400x250-1.jpg","width":400,"height":250,"caption":"Thomas Broadbent & Sons Ltd"},"image":{"@id":"https:\/\/broadbent.co.uk\/#\/schema\/logo\/image\/"},"sameAs":["https:\/\/www.linkedin.com\/company\/broadbent-centrifuges\/posts\/?feedView=all"]}]}},"_links":{"self":[{"href":"https:\/\/broadbent.co.uk\/es\/wp-json\/wp\/v2\/pages\/7055","targetHints":{"allow":["GET"]}}],"collection":[{"href":"https:\/\/broadbent.co.uk\/es\/wp-json\/wp\/v2\/pages"}],"about":[{"href":"https:\/\/broadbent.co.uk\/es\/wp-json\/wp\/v2\/types\/page"}],"author":[{"embeddable":true,"href":"https:\/\/broadbent.co.uk\/es\/wp-json\/wp\/v2\/users\/1"}],"replies":[{"embeddable":true,"href":"https:\/\/broadbent.co.uk\/es\/wp-json\/wp\/v2\/comments?post=7055"}],"version-history":[{"count":1,"href":"https:\/\/broadbent.co.uk\/es\/wp-json\/wp\/v2\/pages\/7055\/revisions"}],"predecessor-version":[{"id":7081,"href":"https:\/\/broadbent.co.uk\/es\/wp-json\/wp\/v2\/pages\/7055\/revisions\/7081"}],"wp:attachment":[{"href":"https:\/\/broadbent.co.uk\/es\/wp-json\/wp\/v2\/media?parent=7055"}],"curies":[{"name":"wp","href":"https:\/\/api.w.org\/{rel}","templated":true}]}}