{"id":7056,"date":"2023-12-29T09:55:00","date_gmt":"2023-12-29T09:55:00","guid":{"rendered":"https:\/\/broadbent.co.uk\/nuestra-historia\/"},"modified":"2023-12-29T09:55:00","modified_gmt":"2023-12-29T09:55:00","slug":"nuestra-historia","status":"publish","type":"page","link":"https:\/\/broadbent.co.uk\/es\/nuestra-historia\/","title":{"rendered":"Nuestra historia"},"content":{"rendered":"","protected":false},"excerpt":{"rendered":"","protected":false},"author":1,"featured_media":0,"parent":0,"menu_order":0,"comment_status":"closed","ping_status":"closed","template":"","meta":{"_acf_changed":false,"footnotes":""},"class_list":["post-7056","page","type-page","status-publish","hentry"],"acf":{"content":[{"acf_fc_layout":"heading_block","id":"","slide":[{"background":"dark","title_heading":"h3","title":"Thomas Broadbents Established in 1864 - 160 years and counting","title_font_size":"grande","title_text_align":"centre","show_content":[],"content":"","content_align":"left","show_background_image":"","background_image":null,"show_divider":"","text_below":{"show_text_below":"","show_buttons":"","buttons":null,"button_align":"left","text_columns":null},"vertical_align":"top"}]},{"acf_fc_layout":"timeline_block","event":[{"year":"1864","title":"Aged 31","subtitle":"","description":"Thomas Broadbent establece su propio negocio como ingeniero general y constructor de molinos en un modesto taller de Huddersfield, West Yorkshire.","image":4986,"alignment":"left"},{"year":"1870","title":"1st Centrifuge","subtitle":"","description":"Thomas Broadbent fabrica su primera centrifugadora para la extracci\u00f3n de agua de la lana y el pa\u00f1o lavados.","image":5006,"alignment":"right"},{"year":"1874","title":"Steam engines","subtitle":"","description":"Grandes m\u00e1quinas de vapor para accionar f\u00e1bricas textiles.","image":4991,"alignment":"left"},{"year":"1875","title":"1st steam-driven Hydro-Extractor.","subtitle":"","description":"La Corona concede a Thomas la patente del primer Hidroextractor a vapor de la historia.","image":4996,"alignment":"right"},{"year":"1880","title":"Thomas Broadbent dies","subtitle":"","description":"Thomas muere a los 47 a\u00f1os. Su esposa, Ellen, dirige con \u00e9xito el negocio sin ayuda hasta que sus hijos, William y Horace, pueden hacerse cargo. ","image":5086,"alignment":"left"},{"year":"1888 - 1889","title":"Melbourne exhibition","subtitle":"","description":"Horace Broadbent asiste a la exposici\u00f3n internacional del centenario en Melbourne.","image":5001,"alignment":"right"},{"year":"1895","title":"Thomas Broadbent & Sons Ltd","subtitle":"","description":"La empresa est\u00e1 registrada oficialmente como Thomas Broadbent & Sons Ltd. La empresa fabrica el primer extractor centr\u00edfugo accionado el\u00e9ctricamente y vende las primeras centrifugadoras de az\u00facar.","image":5011,"alignment":"left"},{"year":"1901","title":"A new type 4 machine","subtitle":"","description":"Horace Broadbent patenta una innovadora m\u00e1quina de tipo 4 con embragues centr\u00edfugos (precursora de muchos embragues de accionamiento que a\u00fan se utilizan hoy en d\u00eda).","image":5016,"alignment":"right"},{"year":"1914 - 1945","title":"Supporting the WWII effort","subtitle":"","description":"Broadbent fabricaba centrifugadoras para la producci\u00f3n de explosivos y productos qu\u00edmicos. Con una plantilla cualificada de 500 trabajadores, la empresa tambi\u00e9n recibi\u00f3 el encargo de apoyar el esfuerzo b\u00e9lico fabricando elevadores de municiones y submarinos. ","image":5021,"alignment":"left"},{"year":"1930 - 1932","title":"Centrifuges for the laundry industry","subtitle":"","description":"Se introducen por primera vez centrifugadoras para la industria de lavander\u00eda y limpieza en seco. Se introdujo el primer extractor del Reino Unido en la industria de la limpieza en seco: el Bantam 7LB. ","image":5026,"alignment":"right"},{"year":"1937","title":"A new under-driven centrifuge","subtitle":"","description":"Broadbent instala la primera centrifugadora subimpulsada para la industria textil: la Jelly Belly 39 de 36\". Una nueva generaci\u00f3n de centrifugadoras subimpulsadas que mejorar\u00eda la eficacia de la industria textil. ","image":5031,"alignment":"left"},{"year":"1939 - 1945","title":"The main manufacturer of the X-craft ","subtitle":"","description":"Broadbent fue el principal fabricante de los peque\u00f1os submarinos monomotores X-craft.\n\n4000 lanzadores de bombas ligeras Black Bombard.\n\n2490 ca\u00f1ones antitanque MK10 de 2 libras producidos al mes.","image":5036,"alignment":"right"},{"year":"1948","title":"Mobile Mounted laundry","subtitle":"","description":"Se fabric\u00f3 la primera lavadora extractora suspendida por muelles y de alta velocidad.","image":5041,"alignment":"left"},{"year":"1959","title":"Fully Automated","subtitle":"","description":"M\u00e1quinas de alimentaci\u00f3n y arado totalmente automatizadas.","image":5076,"alignment":"right"},{"year":"1960 - 1970","title":"JBW horizontal drums installed","subtitle":"","description":"Lavadoras autom\u00e1ticas horizontales de tambor JBW instaladas en la mayor\u00eda de las lavander\u00edas comerciales.","image":5081,"alignment":"left"},{"year":"1964","title":"A Centenary invite","subtitle":"","description":"Broadbent's celebra su centenario invitando a sus empleados a un viaje en tren a la costa este.","image":5051,"alignment":"right"},{"year":"1980 - 1990","title":"Manufacturer Partnerships","subtitle":"","description":"Asociaci\u00f3n con fabricantes cuidadosamente seleccionados para ofrecer una gama completa de instalaciones y equipos para el sector de la lavander\u00eda.","image":5056,"alignment":"left"},{"year":"1990","title":"Geo-Tech","subtitle":"","description":"Investigaci\u00f3n y producci\u00f3n de vigas centr\u00edfugas geot\u00e9cnicas.","image":5061,"alignment":"right"},{"year":"2000's","title":"Capacities up to 60 T\/H","subtitle":"","description":"Las capacidades de las centrifugadoras discontinuas de az\u00facar alcanzan hasta 60 T\/H.","image":5066,"alignment":"left"},{"year":"2010 - 2020","title":"Global expansion","subtitle":"","description":"Expansi\u00f3n mundial a EEUU, Tailandia, China e India.","image":5071,"alignment":"right"}]},{"acf_fc_layout":"video","id":"","embed_code":"<iframe src=\"https:\/\/player.vimeo.com\/video\/1075612571?h=a59a2f5423\" width=\"640\" height=\"360\" frameborder=\"0\" allow=\"autoplay; fullscreen; picture-in-picture\" allowfullscreen><\/iframe>"}]},"yoast_head":"<!-- This site is optimized with the Yoast SEO plugin v27.4 - https:\/\/yoast.com\/product\/yoast-seo-wordpress\/ -->\n<title>- Broadbent<\/title>\n<meta name=\"description\" content=\"Broadbent - Nuestra historia: la historia de Broadbent, incluida una cronolog\u00eda. Thomas Broadbent fund\u00f3 la empresa en Huddersfield en 1864, a la edad de 31 a\u00f1os.\" \/>\n<meta name=\"robots\" content=\"index, follow, max-snippet:-1, max-image-preview:large, max-video-preview:-1\" \/>\n<link rel=\"canonical\" href=\"https:\/\/broadbent.co.uk\/es\/nuestra-historia\/\" \/>\n<meta property=\"og:locale\" content=\"es_ES\" \/>\n<meta property=\"og:type\" content=\"article\" \/>\n<meta property=\"og:title\" content=\"- Broadbent\" \/>\n<meta property=\"og:description\" content=\"Broadbent - Nuestra historia: la historia de Broadbent, incluida una cronolog\u00eda. Thomas Broadbent fund\u00f3 la empresa en Huddersfield en 1864, a la edad de 31 a\u00f1os.\" \/>\n<meta property=\"og:url\" content=\"https:\/\/broadbent.co.uk\/es\/nuestra-historia\/\" \/>\n<meta property=\"og:site_name\" content=\"Broadbent\" \/>\n<meta property=\"og:image\" content=\"https:\/\/broadbent.co.uk\/wp-content\/uploads\/2023\/12\/logo-broadbent.jpg\" \/>\n\t<meta property=\"og:image:width\" content=\"973\" \/>\n\t<meta property=\"og:image:height\" content=\"345\" \/>\n\t<meta property=\"og:image:type\" content=\"image\/jpeg\" \/>\n<meta name=\"twitter:card\" content=\"summary_large_image\" \/>\n<script type=\"application\/ld+json\" class=\"yoast-schema-graph\">{\"@context\":\"https:\\\/\\\/schema.org\",\"@graph\":[{\"@type\":\"WebPage\",\"@id\":\"https:\\\/\\\/broadbent.co.uk\\\/es\\\/nuestra-historia\\\/\",\"url\":\"https:\\\/\\\/broadbent.co.uk\\\/es\\\/nuestra-historia\\\/\",\"name\":\"- Broadbent\",\"isPartOf\":{\"@id\":\"https:\\\/\\\/broadbent.co.uk\\\/#website\"},\"datePublished\":\"2023-12-29T09:55:00+00:00\",\"description\":\"Broadbent - Nuestra historia: la historia de Broadbent, incluida una cronolog\u00eda. Thomas Broadbent fund\u00f3 la empresa en Huddersfield en 1864, a la edad de 31 a\u00f1os.\",\"breadcrumb\":{\"@id\":\"https:\\\/\\\/broadbent.co.uk\\\/es\\\/nuestra-historia\\\/#breadcrumb\"},\"inLanguage\":\"es\",\"potentialAction\":[{\"@type\":\"ReadAction\",\"target\":[\"https:\\\/\\\/broadbent.co.uk\\\/es\\\/nuestra-historia\\\/\"]}]},{\"@type\":\"BreadcrumbList\",\"@id\":\"https:\\\/\\\/broadbent.co.uk\\\/es\\\/nuestra-historia\\\/#breadcrumb\",\"itemListElement\":[{\"@type\":\"ListItem\",\"position\":1,\"name\":\"Home\",\"item\":\"https:\\\/\\\/broadbent.co.uk\\\/es\\\/\"},{\"@type\":\"ListItem\",\"position\":2,\"name\":\"Nuestra historia\"}]},{\"@type\":\"WebSite\",\"@id\":\"https:\\\/\\\/broadbent.co.uk\\\/#website\",\"url\":\"https:\\\/\\\/broadbent.co.uk\\\/\",\"name\":\"Broadbent\",\"description\":\"Thomas Broadbent - Centrifugal machines\",\"publisher\":{\"@id\":\"https:\\\/\\\/broadbent.co.uk\\\/#organization\"},\"alternateName\":\"Thomas Broadbent\",\"potentialAction\":[{\"@type\":\"SearchAction\",\"target\":{\"@type\":\"EntryPoint\",\"urlTemplate\":\"https:\\\/\\\/broadbent.co.uk\\\/?s={search_term_string}\"},\"query-input\":{\"@type\":\"PropertyValueSpecification\",\"valueRequired\":true,\"valueName\":\"search_term_string\"}}],\"inLanguage\":\"es\"},{\"@type\":\"Organization\",\"@id\":\"https:\\\/\\\/broadbent.co.uk\\\/#organization\",\"name\":\"Thomas Broadbent & Sons Ltd\",\"alternateName\":\"Broadbent\",\"url\":\"https:\\\/\\\/broadbent.co.uk\\\/\",\"logo\":{\"@type\":\"ImageObject\",\"inLanguage\":\"es\",\"@id\":\"https:\\\/\\\/broadbent.co.uk\\\/#\\\/schema\\\/logo\\\/image\\\/\",\"url\":\"https:\\\/\\\/broadbent.co.uk\\\/wp-content\\\/uploads\\\/2024\\\/09\\\/LogoLogoWorld-400x250-1.jpg\",\"contentUrl\":\"https:\\\/\\\/broadbent.co.uk\\\/wp-content\\\/uploads\\\/2024\\\/09\\\/LogoLogoWorld-400x250-1.jpg\",\"width\":400,\"height\":250,\"caption\":\"Thomas Broadbent & Sons Ltd\"},\"image\":{\"@id\":\"https:\\\/\\\/broadbent.co.uk\\\/#\\\/schema\\\/logo\\\/image\\\/\"},\"sameAs\":[\"https:\\\/\\\/www.linkedin.com\\\/company\\\/broadbent-centrifuges\\\/posts\\\/?feedView=all\"]}]}<\/script>\n<!-- \/ Yoast SEO plugin. -->","yoast_head_json":{"title":"- Broadbent","description":"Broadbent - Nuestra historia: la historia de Broadbent, incluida una cronolog\u00eda. Thomas Broadbent fund\u00f3 la empresa en Huddersfield en 1864, a la edad de 31 a\u00f1os.","robots":{"index":"index","follow":"follow","max-snippet":"max-snippet:-1","max-image-preview":"max-image-preview:large","max-video-preview":"max-video-preview:-1"},"canonical":"https:\/\/broadbent.co.uk\/es\/nuestra-historia\/","og_locale":"es_ES","og_type":"article","og_title":"- Broadbent","og_description":"Broadbent - Nuestra historia: la historia de Broadbent, incluida una cronolog\u00eda. Thomas Broadbent fund\u00f3 la empresa en Huddersfield en 1864, a la edad de 31 a\u00f1os.","og_url":"https:\/\/broadbent.co.uk\/es\/nuestra-historia\/","og_site_name":"Broadbent","og_image":[{"width":973,"height":345,"url":"https:\/\/broadbent.co.uk\/wp-content\/uploads\/2023\/12\/logo-broadbent.jpg","type":"image\/jpeg"}],"twitter_card":"summary_large_image","schema":{"@context":"https:\/\/schema.org","@graph":[{"@type":"WebPage","@id":"https:\/\/broadbent.co.uk\/es\/nuestra-historia\/","url":"https:\/\/broadbent.co.uk\/es\/nuestra-historia\/","name":"- Broadbent","isPartOf":{"@id":"https:\/\/broadbent.co.uk\/#website"},"datePublished":"2023-12-29T09:55:00+00:00","description":"Broadbent - Nuestra historia: la historia de Broadbent, incluida una cronolog\u00eda. Thomas Broadbent fund\u00f3 la empresa en Huddersfield en 1864, a la edad de 31 a\u00f1os.","breadcrumb":{"@id":"https:\/\/broadbent.co.uk\/es\/nuestra-historia\/#breadcrumb"},"inLanguage":"es","potentialAction":[{"@type":"ReadAction","target":["https:\/\/broadbent.co.uk\/es\/nuestra-historia\/"]}]},{"@type":"BreadcrumbList","@id":"https:\/\/broadbent.co.uk\/es\/nuestra-historia\/#breadcrumb","itemListElement":[{"@type":"ListItem","position":1,"name":"Home","item":"https:\/\/broadbent.co.uk\/es\/"},{"@type":"ListItem","position":2,"name":"Nuestra historia"}]},{"@type":"WebSite","@id":"https:\/\/broadbent.co.uk\/#website","url":"https:\/\/broadbent.co.uk\/","name":"Broadbent","description":"Thomas Broadbent - Centrifugal machines","publisher":{"@id":"https:\/\/broadbent.co.uk\/#organization"},"alternateName":"Thomas Broadbent","potentialAction":[{"@type":"SearchAction","target":{"@type":"EntryPoint","urlTemplate":"https:\/\/broadbent.co.uk\/?s={search_term_string}"},"query-input":{"@type":"PropertyValueSpecification","valueRequired":true,"valueName":"search_term_string"}}],"inLanguage":"es"},{"@type":"Organization","@id":"https:\/\/broadbent.co.uk\/#organization","name":"Thomas Broadbent & Sons Ltd","alternateName":"Broadbent","url":"https:\/\/broadbent.co.uk\/","logo":{"@type":"ImageObject","inLanguage":"es","@id":"https:\/\/broadbent.co.uk\/#\/schema\/logo\/image\/","url":"https:\/\/broadbent.co.uk\/wp-content\/uploads\/2024\/09\/LogoLogoWorld-400x250-1.jpg","contentUrl":"https:\/\/broadbent.co.uk\/wp-content\/uploads\/2024\/09\/LogoLogoWorld-400x250-1.jpg","width":400,"height":250,"caption":"Thomas Broadbent & Sons Ltd"},"image":{"@id":"https:\/\/broadbent.co.uk\/#\/schema\/logo\/image\/"},"sameAs":["https:\/\/www.linkedin.com\/company\/broadbent-centrifuges\/posts\/?feedView=all"]}]}},"_links":{"self":[{"href":"https:\/\/broadbent.co.uk\/es\/wp-json\/wp\/v2\/pages\/7056","targetHints":{"allow":["GET"]}}],"collection":[{"href":"https:\/\/broadbent.co.uk\/es\/wp-json\/wp\/v2\/pages"}],"about":[{"href":"https:\/\/broadbent.co.uk\/es\/wp-json\/wp\/v2\/types\/page"}],"author":[{"embeddable":true,"href":"https:\/\/broadbent.co.uk\/es\/wp-json\/wp\/v2\/users\/1"}],"replies":[{"embeddable":true,"href":"https:\/\/broadbent.co.uk\/es\/wp-json\/wp\/v2\/comments?post=7056"}],"version-history":[{"count":0,"href":"https:\/\/broadbent.co.uk\/es\/wp-json\/wp\/v2\/pages\/7056\/revisions"}],"wp:attachment":[{"href":"https:\/\/broadbent.co.uk\/es\/wp-json\/wp\/v2\/media?parent=7056"}],"curies":[{"name":"wp","href":"https:\/\/api.w.org\/{rel}","templated":true}]}}