{"id":7057,"date":"2024-09-02T15:42:33","date_gmt":"2024-09-02T14:42:33","guid":{"rendered":"https:\/\/broadbent.co.uk\/divisiones\/"},"modified":"2025-07-16T16:23:21","modified_gmt":"2025-07-16T15:23:21","slug":"divisiones","status":"publish","type":"page","link":"https:\/\/broadbent.co.uk\/es\/divisiones\/","title":{"rendered":"Divisiones"},"content":{"rendered":"","protected":false},"excerpt":{"rendered":"","protected":false},"author":5,"featured_media":0,"parent":0,"menu_order":0,"comment_status":"closed","ping_status":"closed","template":"","meta":{"_acf_changed":false,"footnotes":""},"class_list":["post-7057","page","type-page","status-publish","hentry"],"acf":{"content":[{"acf_fc_layout":"hero_content_v3","id":"header","hero-slide-v2":[{"title":"Divisiones de Broadbent","text":"Broadbent da servicio a varias industrias a trav\u00e9s de siete divisiones, entre las que se incluyen Procesos Industriales, FEED, Servicios de Lavander\u00eda, Fabricaci\u00f3n, Pruebas de Laboratorio, Recambios y Reparaciones, y Servicios in situ.","button":"yes","button_text":"Contacta con nosotros","button_link":"#contactform","background_image":5896}]},{"acf_fc_layout":"columns","id":"","background":"grey","show_content_before_columns":["yes"],"title":"\u00bfQu\u00e9 buscas?","description":{"show_description":"","description_text":""},"content":"","column":[{"col_image":5981,"col_title":"Procesado industrial","add_title_background":["yes"],"col_text":"Divisi\u00f3n de Procesos Industriales de Broadbent - un recurso de ingenier\u00eda \u00fanico: dise\u00f1o, pruebas, fabricaci\u00f3n y asistencia","add_link":["yes"],"link":"https:\/\/broadbent.co.uk\/es\/division-de-procesos-industriales\/","add_link_to_image":["yes"],"show_button":"","button_text":"","images":null,"images_style":"row"},{"col_image":5986,"col_title":"Alimentaci\u00f3n, Medio Ambiente, Experimental","add_title_background":["yes"],"col_text":"Divisi\u00f3n Alimentaria, Medioambiental y Experimental - capacidad de primera clase en Centrifugadoras discontinuas y continuas","add_link":["yes"],"link":"https:\/\/broadbent.co.uk\/es\/division-de-alimentacion-medio-ambiente-y-experimentacion\/","add_link_to_image":["yes"],"show_button":"","button_text":"","images":null,"images_style":"row"},{"col_image":6001,"col_title":"Recambios y reparaciones de centrifugadoras","add_title_background":["yes"],"col_text":"Recambios y reparaciones - productos OEM de calidad a precios competitivos, para mantener tus centrifugadoras en funcionamiento","add_link":["yes"],"link":"https:\/\/broadbent.co.uk\/es\/recambios-y-reparaciones\/","add_link_to_image":["yes"],"show_button":"","button_text":"","images":null,"images_style":"row"},{"col_image":5996,"col_title":"Servicios de centrifugado in situ","add_title_background":["yes"],"col_text":"Asistencia en caso de aver\u00eda por parte de nuestros ingenieros especializados, equipados con repuestos completos para mantenerte en funcionamiento","add_link":["yes"],"link":"https:\/\/broadbent.co.uk\/es\/servicios-de-centrifugado-in-situ\/","add_link_to_image":["yes"],"show_button":"","button_text":"","images":null,"images_style":"row"},{"col_image":6011,"col_title":"Servicios de fabricaci\u00f3n","add_title_background":["yes"],"col_text":"Divisi\u00f3n de Fabricaci\u00f3n de Broadbent - soluciones completas de subcontrataci\u00f3n: desde fabricaci\u00f3n y mecanizado hasta montaje y pruebas","add_link":["yes"],"link":"https:\/\/broadbent.co.uk\/es\/servicios-de-fabricacion\/","add_link_to_image":["yes"],"show_button":"","button_text":"","images":null,"images_style":"row"},{"col_image":6006,"col_title":"Pruebas de laboratorio y de concepto","add_title_background":["yes"],"col_text":"Laboratorio de Procesos de Broadbent: un entorno de pruebas altamente especializado","add_link":["yes"],"link":"https:\/\/broadbent.co.uk\/es\/pruebas-de-laboratorio-y-de-concepto\/","add_link_to_image":["yes"],"show_button":"","button_text":"","images":null,"images_style":"row"},{"col_image":5991,"col_title":"Sistemas de lavander\u00eda","add_title_background":["yes"],"col_text":"Divisi\u00f3n de Servicios de Lavander\u00eda: mayor productividad, calidad y rentabilidad para tu negocio de lavander\u00eda","add_link":["yes"],"link":"https:\/\/broadbent.co.uk\/es\/servicios-de-lavanderia\/","add_link_to_image":["yes"],"show_button":"","button_text":"","images":null,"images_style":"row"},{"col_image":6016,"col_title":"Contrataci\u00f3n y aprendizaje","add_title_background":["yes"],"col_text":"Carreras y Aprendizajes en Broadbent - puestos de trabajo en Broadbent, en nuestras diferentes Divisiones","add_link":["yes"],"link":"https:\/\/broadbent.co.uk\/es\/contratacion\/","add_link_to_image":["yes"],"show_button":"","button_text":"","images":null,"images_style":"row"}],"col_display":"two_col","images_full_width_of_column":["yes"],"show_large_text":"","line_1":"","line_2":""},{"acf_fc_layout":"text_and_image_content","id":"","title_heading":"h2","title":"\u00bfPor qu\u00e9 Broadbent?","content":"<strong>M\u00e1s de 160 a\u00f1os de soluciones de separaci\u00f3n.<\/strong>\r\n\r\nDesde sus inicios a mediados del siglo XIX, Broadbent ha liderado la excelencia en la separaci\u00f3n de procesos.\r\n\r\nDise\u00f1adas y fabricadas originalmente para apoyar la floreciente industria textil de Yorkshire, las centrifugadoras Broadbent ofrecen ahora soluciones innovadoras de separaci\u00f3n a clientes de las industrias qu\u00edmica, mineral, farmac\u00e9utica, del az\u00facar y los edulcorantes, de lavander\u00eda, de transformaci\u00f3n y geot\u00e9cnica de todo el mundo.\r\n\r\nCon la capacidad y la perspicacia necesarias para abordar problemas de separaci\u00f3n de procesos de cualquier tipo, los expertos ingenieros actuales de Broadbent aspiran a convertirse en tus asesores y socios de confianza, trabajando juntos para lograr soluciones excepcionales, tanto est\u00e1ndar como a medida. La disponibilidad de los equipos es primordial. Para que tus centrifugadoras funcionen a la perfecci\u00f3n 24 horas al d\u00eda, 7 d\u00edas a la semana, a\u00f1o tras a\u00f1o, puedes confiar en Broadbent para un servicio r\u00e1pido y especializado, repuestos y reparaciones en cualquier parte del mundo.  \r\n\r\nBas\u00e1ndonos en nuestro legado y aprovechando las ilimitadas oportunidades de la tecnolog\u00eda avanzada, nos hemos ganado una reputaci\u00f3n mundial en nuestro campo por ayudar a organizaciones como la tuya a alcanzar tus objetivos de separaci\u00f3n de procesos.","text_align":"left","add_image":"no","image":null,"image_align":false,"image_width":"w50","background_colour":"none","add_background_image":"no","background_image":null,"button":"no","button_links":null,"remove_padding_top":""},{"acf_fc_layout":"faq_content","background":"grey","id":"","title":"PREGUNTAS FRECUENTES","questions_answers":[{"question":"\u00bfC\u00f3mo puedo ponerme en contacto con la Divisi\u00f3n de Procesos Industriales de Broadbent?","answer":"La Divisi\u00f3n de Procesos Industriales est\u00e1 formada por un equipo muy experimentado que ofrece a los clientes una respuesta r\u00e1pida y eficaz. Tus consultas sobre ventas o asistencia t\u00e9cnica siempre se dirigir\u00e1n de inmediato al personal pertinente para que las eval\u00fae y formule recomendaciones. \r\n\r\nThomas Broadbent & Sons Ltd\r\nQueen Street South\r\nHuddersfield\r\nWest Yorkshire\r\nHD1 3EA\r\n\r\nT: <a href=\"tel:+441484477292\">+44 (0)1484 477292<\/a>\r\nE: <a href=\"mailto:ipd@broadbent.co.uk\">ipd@broadbent.co.uk<\/a>"},{"question":"\u00bfQu\u00e9 \u00e1reas de negocio cubre la Divisi\u00f3n de Procesos Industriales de Broadbent?","answer":"<h3>Ventas<\/h3>\r\n<ul>\r\n \t<li>Interpretaci\u00f3n de las consultas de los clientes<\/li>\r\n \t<li>Preparaci\u00f3n de presupuestos<\/li>\r\n \t<li>Negociaci\u00f3n y control de contratos<\/li>\r\n<\/ul>\r\n<h3>Dise\u00f1o del proceso<\/h3>\r\n<ul>\r\n \t<li>Predicciones del rendimiento del proceso a trav\u00e9s de nuestro laboratorio de procesos<\/li>\r\n \t<li>Organizaci\u00f3n de pruebas de proceso piloto \/ de laboratorio, seg\u00fan sea necesario<\/li>\r\n<\/ul>\r\n<h3>Compras<\/h3>\r\nAdquisici\u00f3n de todos los materiales comprados necesarios para completar el pedido de un cliente.\r\n<h3>Ingenier\u00eda<\/h3>\r\n<ul>\r\n \t<li>Soporte t\u00e9cnico<\/li>\r\n \t<li>Especificaci\u00f3n de los componentes<\/li>\r\n \t<li>Dise\u00f1o de sistemas mec\u00e1nicos, el\u00e9ctricos y de control<\/li>\r\n \t<li>Preparaci\u00f3n de listas de materiales<\/li>\r\n<\/ul>"},{"question":"\u00bfD\u00f3nde puedo conseguir recambios?","answer":"You can visit our dedicated Spares and repairs page here: <a href=\"https:\/\/broadbent.co.uk\/es\/recambios-y-reparaciones\/\">https:\/\/broadbent.co.uk\/spares-and-repairs\/<\/a>\r\n<h3>Equipo de asistencia de recambios del Reino Unido<\/h3>\r\nPara repuestos de la industria qu\u00edmica, farmac\u00e9utica, mineral, azucarera y de procesos, ponte en contacto con:\r\n\r\nWill Morrison Director de Recambios - <a href=\"mailto:wmorrison@broadbent.co.uk\">wmorrison@broadbent.co.uk<\/a>\r\nT<a href=\"tel:01484477327\">:01484 477327<\/a>\r\n\r\nMike Kerr Procesador Senior de Recambios - <a href=\"mailto:mkerr@broadbent.co.uk\">mkerr@broadbent.co.uk<\/a>\r\nT<a href=\"tel:01484477303\">:01484 477303<\/a>\r\n\r\nEquipo de Servicio T\u00e9cnico del Reino Unido - aver\u00edas y llamadas\r\nRob Johnson - Director de Servicio - <a href=\"mailto:rjohnson@broadbent.co.uk\">rjohnson@broadbent.co.uk<\/a>\r\nT<a href=\"tel:01484477283\">:01484 477283<\/a>\r\n\r\nEquipo de servicio t\u00e9cnico del Reino Unido: reparaciones internas, reformas, reacondicionamiento y proyectos de actualizaci\u00f3n.\r\n\r\n<strong>Para centrifugadoras:<\/strong>\r\n\r\nCharlie Beaumont - Jefe de Equipo de Recambios y Reparaciones - <a href=\"mailto:cbeaumont@broadbent.co.uk\">cbeaumont@broadbent.co.uk<\/a>\r\nT: <a href=\"tel:01484477296\">01484 477296<\/a>\r\n\r\nAndrew Selway - Ingeniero de Proyectos Especiales - <a href=\"mailto:aselway@broadbent.co.uk\">aselway@broadbent.co.uk<\/a>\r\nT<a href=\"tel:01484477295\">:01484 477295<\/a>\r\n\r\nRob Johnson - Jefe de Servicio - <a href=\"mailto:rjohnson@broadbent.co.uk\">rjohnson@broadbent.co.uk<\/a>\r\nT<a href=\"tel:01484477283\">:01484 477283<\/a>\r\n<h3>EE.UU.<\/h3>\r\n<h4>Broadbent Incorporated USA - Servicio<\/h4>\r\nRichard Walker <a href=\"mailto:rwalker@broadbent-americas.com\">rwalker@broadbent-americas.com<\/a>\r\nT:   <a href=\"tel:+18177734494\">+1 817 773 4494<\/a>\r\n<h4>Broadbent Incorporated USA - Recambios<\/h4>\r\nTimothy O'Brien <a href=\"mailto:general@broadbent-americas.com\">general@broadbent-americas.com<\/a>\r\nT:   <a href=\"tel:+18177734494\">+1 817 773 4494<\/a>\r\n<h3>China<\/h3>\r\n<h4>Broadbent China - servicio<\/h4>\r\nBCSL Weihong Zhao <a href=\"mailto:wzhao@broadbent-asia.com\">wzhao@broadbent-asia.com<\/a>\r\nT: <a href=\"tel:+8651487871962\">+ 86 (0)514 8787 1962<\/a>\r\n\r\nJenny Xi <a href=\"mailto:jennyxi@broadbent-asia.com\">jennyxi@broadbent-asia.com<\/a>\r\nT: <a href=\"tel:+8613952525718\">+86 (0)139 525 25718<\/a>\r\n<h3>Tailandia<\/h3>\r\n<h4>Broadbent Tailandia - servicio<\/h4>\r\nRobert Capewell <a href=\"mailto:rcapewell@broadbent-asia.com\">rcapewell@broadbent-asia.com<\/a>\r\nT: <a href=\"tel:+6623729262\">+66 (0)2372 9262<\/a>\r\n\r\nTim Sellars <a href=\"mailto:tsellars@broadbent-asia.com\">tsellars@broadbent-asia.com<\/a>\r\nT: <a href=\"tel:+66857044626\">+66 (0)857 044626<\/a>\r\n<h3>Polonia<\/h3>\r\n<h4>Broadbent Polonia - servicio<\/h4>\r\nRadoslaw Witkowski <a href=\"mailto:rwitkoswski@broadbent.co.uk\">rwitkoswski@broadbent.co.uk<\/a>\r\nT:   <a href=\"tel:+48512577902\">+48 (0)512 577 902<\/a>"},{"question":"\u00bfC\u00f3mo me pongo en contacto con la Divisi\u00f3n de Servicio y Recambios fuera del horario laboral normal?","answer":"Oficina del Reino Unido - (UK) <a href=\"tel:+441484477200\">+44 (0)1484 477200<\/a>\r\n\r\nDatos de contacto del servicio fuera de horario (REINO UNIDO) <a href=\"tel:+447967237170\">+44 (0)7967 237170<\/a> \r\n\r\nPara llamadas despu\u00e9s de las 19:00 horas y antes de las 07:00 horas, deja un mensaje. Te devolveremos la llamada lo antes posible. \r\n\r\nCuando te devolvamos la llamada, te pediremos lo siguiente:\r\n<ul>\r\n \t<li>Nombre del cliente<\/li>\r\n \t<li>Datos de contacto<\/li>\r\n \t<li>Naturaleza del problema (por ejemplo, piezas de repuesto, asistencia t\u00e9cnica o solicitud de un ingeniero)<\/li>\r\n \t<li>Detalles de la m\u00e1quina<\/li>\r\n \t<li>PO si procede.<\/li>\r\n<\/ul>\r\n\u00a0\r\n<h2>Asistencia t\u00e9cnica<\/h2>\r\nSi necesitas asistencia t\u00e9cnica o la visita de un ingeniero, te pondremos en contacto con un ingeniero para que te asesore t\u00e9cnicamente o concierte una visita.\r\n\r\nSi lo que necesitas son recambios, ind\u00edcanos el n\u00famero de pieza. Si tenemos tus recambios en stock, ofrecemos una opci\u00f3n de mensajer\u00eda de emergencia para pedidos urgentes, adem\u00e1s de la entrega est\u00e1ndar. Tambi\u00e9n puedes recoger tu pedido en nuestra f\u00e1brica.  \r\n\r\nTen en cuenta que, fuera del horario laboral, tu llamada ser\u00e1 atendida por uno de los miembros del equipo del Servicio Broadbent. Si no hay nadie disponible en ese momento, deja un mensaje que ser\u00e1 atendido lo antes posible. \r\n\r\nLos n\u00fameros de contacto alternativos para asistencia en Asia o Am\u00e9rica son:\r\n<h3>EE.UU.<\/h3>\r\nZona horaria GMT -6 horas. El contacto para todas las centrifugadoras es <a href=\"tel:+18175952411\">+1 817 5952411<\/a> \r\n<h3>China<\/h3>\r\nZona horaria GMT +8 horas. El contacto para todas las centrifugadoras es <a href=\"tel:+8651487871962\">+ 86 (0)514 8787 1962<\/a>\r\nPara asistencia sobre centrifugadoras de az\u00facar en China, ponte en contacto con <a href=\"tel:+867715602695\">+ 86 (0)771 5602695<\/a> \r\n<h3>Tailandia<\/h3>\r\nZona horaria GMT +7 horas. El contacto para todas las centrifugadoras es <a href=\"tel:+66857044626\">+66 (0)857 044626<\/a> "},{"question":"\u00bfD\u00f3nde puedo comprar centrifugadoras Broadbent usadas, reacondicionadas y renovadas?","answer":"<h3>Centrifugadoras de az\u00facar usadas, reacondicionadas y renovadas<\/h3>\r\nSi necesitas adquirir o sustituir tus Centrifugadoras de Az\u00facar, las unidades reacondicionadas pueden ser una alternativa rentable a la compra de equipos nuevos. Nuestros ingenieros mec\u00e1nicos y el\u00e9ctricos pueden actualizar y mejorar el rendimiento de la mayor\u00eda de las marcas de Centrifugadoras de Az\u00facar por una fracci\u00f3n del coste de comprar una nueva. \r\n\r\nPuedes encontrar listados de nuestras centrifugadoras restauradas, reacondicionadas y usadas poni\u00e9ndote en contacto con nuestro departamento de reparaciones a trav\u00e9s de la <a href=\"https:\/\/broadbent.co.uk\/es\/recambios-y-reparaciones\/\">p\u00e1gina dedicada a recambios y reparaciones Broadbent aqu\u00ed<\/a>."},{"question":"\u00bfD\u00f3nde puedo conseguir manuales de centrifugadoras Broadbent?","answer":"Puedes encontrar Manuales, Folletos y Fichas T\u00e9cnicas en PDF de muchos de nuestros productos de centrifugado y equipos relacionados aqu\u00ed, en nuestro sitio web.\r\n\r\nLas categor\u00edas incluyen:\r\n- nuestro folleto de la empresa Broadbent Ltd\r\n- folletos de los productos de la Divisi\u00f3n de Procesos de Broadbent (centrifugadoras decantadoras y discontinuas para las industrias de procesos)\r\n- folletos de las centrifugadoras geot\u00e9cnicas de Broadbent para las industrias de investigaci\u00f3n y construcci\u00f3n\r\n- folletos de la gama de centrifugadoras discontinuas y continuas de Broadbent para las industrias azucarera y de edulcorantes\r\n- folletos de los productos del Sistema de Lavander\u00eda de Broadbent\r\n- hojas de datos de los productos del Sistema de Lavander\u00eda de Broadbent\r\n- informaci\u00f3n sobre asistencia t\u00e9cnica y art\u00edculos publicados"},{"question":"\u00bfQu\u00e9 puestos de trabajo hay disponibles en las distintas divisiones de Broadbent?","answer":"Si te apasiona la ingenier\u00eda y est\u00e1s comprometido con la calidad, considera la posibilidad de unirte a nuestro equipo de profesionales cualificados. Juntos, daremos forma al futuro de los est\u00e1ndares de la industria. \r\n\r\nEl equipo de Broadbent est\u00e1 formado actualmente por unas 140 personas con una gran riqueza de habilidades, conocimientos, experiencia y perspicacia. Y lo que es m\u00e1s importante, a nuestro personal tambi\u00e9n le mueve el compromiso de apoyar a nuestros clientes y resolver sus problemas de procesos. La experiencia de Broadbent abarca todas las disciplinas principales, como la ingenier\u00eda de procesos, el dise\u00f1o mec\u00e1nico y el\u00e9ctrico, los controles industriales y la ingenier\u00eda de producci\u00f3n. Tambi\u00e9n invertimos en nuestra base de competencias con un programa continuo de aprendices de oficios y aprendizajes.   \r\n\r\nConsulta <a href=\"https:\/\/broadbent.co.uk\/es\/recambios-y-reparaciones\/\">nuestra p\u00e1gina de Contrataci\u00f3n<\/a> para conocer nuestras vacantes actuales."}],"button":"no","button_text":"","button_link":"","button_colour":false,"button_icon":"life_ring_icon"},{"acf_fc_layout":"shortcode_content","id":"contactform","background":"dark","show_content_before_rows":["yes"],"title":"Contacta con nosotros","description_to_the_side_of_title":{"show_description":"","description_text":""},"content":"","shortcode":"[contact-form-7 id=\"\" title=\"Formulario de contacto\"]"}]},"yoast_head":"<!-- This site is optimized with the Yoast SEO plugin v27.6 - https:\/\/yoast.com\/product\/yoast-seo-wordpress\/ -->\n<title>- Broadbent<\/title>\n<meta name=\"description\" content=\"Divisiones de Broadbent: las distintas divisiones de Broadbent, como Proceso Industrial, Az\u00facar, Lavander\u00eda, Servicio y Mantenimiento, etc.\" \/>\n<meta name=\"robots\" content=\"index, follow, max-snippet:-1, max-image-preview:large, max-video-preview:-1\" \/>\n<link rel=\"canonical\" href=\"https:\/\/broadbent.co.uk\/es\/divisiones\/\" \/>\n<meta property=\"og:locale\" content=\"es_ES\" \/>\n<meta property=\"og:type\" content=\"article\" \/>\n<meta property=\"og:title\" content=\"- Broadbent\" \/>\n<meta property=\"og:description\" content=\"Divisiones de Broadbent: las distintas divisiones de Broadbent, como Proceso Industrial, Az\u00facar, Lavander\u00eda, Servicio y Mantenimiento, etc.\" \/>\n<meta property=\"og:url\" content=\"https:\/\/broadbent.co.uk\/es\/divisiones\/\" \/>\n<meta property=\"og:site_name\" content=\"Broadbent\" \/>\n<meta property=\"article:modified_time\" content=\"2025-07-16T15:23:21+00:00\" \/>\n<meta property=\"og:image\" content=\"https:\/\/broadbent.co.uk\/wp-content\/uploads\/2023\/12\/logo-broadbent.jpg\" \/>\n\t<meta property=\"og:image:width\" content=\"973\" \/>\n\t<meta property=\"og:image:height\" content=\"345\" \/>\n\t<meta property=\"og:image:type\" content=\"image\/jpeg\" \/>\n<meta name=\"twitter:card\" content=\"summary_large_image\" \/>\n<script type=\"application\/ld+json\" class=\"yoast-schema-graph\">{\"@context\":\"https:\\\/\\\/schema.org\",\"@graph\":[{\"@type\":\"WebPage\",\"@id\":\"https:\\\/\\\/broadbent.co.uk\\\/es\\\/divisiones\\\/\",\"url\":\"https:\\\/\\\/broadbent.co.uk\\\/es\\\/divisiones\\\/\",\"name\":\"- Broadbent\",\"isPartOf\":{\"@id\":\"https:\\\/\\\/broadbent.co.uk\\\/#website\"},\"datePublished\":\"2024-09-02T14:42:33+00:00\",\"dateModified\":\"2025-07-16T15:23:21+00:00\",\"description\":\"Divisiones de Broadbent: las distintas divisiones de Broadbent, como Proceso Industrial, Az\u00facar, Lavander\u00eda, Servicio y Mantenimiento, etc.\",\"breadcrumb\":{\"@id\":\"https:\\\/\\\/broadbent.co.uk\\\/es\\\/divisiones\\\/#breadcrumb\"},\"inLanguage\":\"es\",\"potentialAction\":[{\"@type\":\"ReadAction\",\"target\":[\"https:\\\/\\\/broadbent.co.uk\\\/es\\\/divisiones\\\/\"]}]},{\"@type\":\"BreadcrumbList\",\"@id\":\"https:\\\/\\\/broadbent.co.uk\\\/es\\\/divisiones\\\/#breadcrumb\",\"itemListElement\":[{\"@type\":\"ListItem\",\"position\":1,\"name\":\"Home\",\"item\":\"https:\\\/\\\/broadbent.co.uk\\\/es\\\/\"},{\"@type\":\"ListItem\",\"position\":2,\"name\":\"Divisiones\"}]},{\"@type\":\"WebSite\",\"@id\":\"https:\\\/\\\/broadbent.co.uk\\\/#website\",\"url\":\"https:\\\/\\\/broadbent.co.uk\\\/\",\"name\":\"Broadbent\",\"description\":\"Thomas Broadbent - Centrifugal machines\",\"publisher\":{\"@id\":\"https:\\\/\\\/broadbent.co.uk\\\/#organization\"},\"alternateName\":\"Thomas Broadbent\",\"potentialAction\":[{\"@type\":\"SearchAction\",\"target\":{\"@type\":\"EntryPoint\",\"urlTemplate\":\"https:\\\/\\\/broadbent.co.uk\\\/?s={search_term_string}\"},\"query-input\":{\"@type\":\"PropertyValueSpecification\",\"valueRequired\":true,\"valueName\":\"search_term_string\"}}],\"inLanguage\":\"es\"},{\"@type\":\"Organization\",\"@id\":\"https:\\\/\\\/broadbent.co.uk\\\/#organization\",\"name\":\"Thomas Broadbent & Sons Ltd\",\"alternateName\":\"Broadbent\",\"url\":\"https:\\\/\\\/broadbent.co.uk\\\/\",\"logo\":{\"@type\":\"ImageObject\",\"inLanguage\":\"es\",\"@id\":\"https:\\\/\\\/broadbent.co.uk\\\/#\\\/schema\\\/logo\\\/image\\\/\",\"url\":\"https:\\\/\\\/broadbent.co.uk\\\/wp-content\\\/uploads\\\/2024\\\/09\\\/LogoLogoWorld-400x250-1.jpg\",\"contentUrl\":\"https:\\\/\\\/broadbent.co.uk\\\/wp-content\\\/uploads\\\/2024\\\/09\\\/LogoLogoWorld-400x250-1.jpg\",\"width\":400,\"height\":250,\"caption\":\"Thomas Broadbent & Sons Ltd\"},\"image\":{\"@id\":\"https:\\\/\\\/broadbent.co.uk\\\/#\\\/schema\\\/logo\\\/image\\\/\"},\"sameAs\":[\"https:\\\/\\\/www.linkedin.com\\\/company\\\/broadbent-centrifuges\\\/posts\\\/?feedView=all\"]}]}<\/script>\n<!-- \/ Yoast SEO plugin. -->","yoast_head_json":{"title":"- Broadbent","description":"Divisiones de Broadbent: las distintas divisiones de Broadbent, como Proceso Industrial, Az\u00facar, Lavander\u00eda, Servicio y Mantenimiento, etc.","robots":{"index":"index","follow":"follow","max-snippet":"max-snippet:-1","max-image-preview":"max-image-preview:large","max-video-preview":"max-video-preview:-1"},"canonical":"https:\/\/broadbent.co.uk\/es\/divisiones\/","og_locale":"es_ES","og_type":"article","og_title":"- Broadbent","og_description":"Divisiones de Broadbent: las distintas divisiones de Broadbent, como Proceso Industrial, Az\u00facar, Lavander\u00eda, Servicio y Mantenimiento, etc.","og_url":"https:\/\/broadbent.co.uk\/es\/divisiones\/","og_site_name":"Broadbent","article_modified_time":"2025-07-16T15:23:21+00:00","og_image":[{"width":973,"height":345,"url":"https:\/\/broadbent.co.uk\/wp-content\/uploads\/2023\/12\/logo-broadbent.jpg","type":"image\/jpeg"}],"twitter_card":"summary_large_image","schema":{"@context":"https:\/\/schema.org","@graph":[{"@type":"WebPage","@id":"https:\/\/broadbent.co.uk\/es\/divisiones\/","url":"https:\/\/broadbent.co.uk\/es\/divisiones\/","name":"- Broadbent","isPartOf":{"@id":"https:\/\/broadbent.co.uk\/#website"},"datePublished":"2024-09-02T14:42:33+00:00","dateModified":"2025-07-16T15:23:21+00:00","description":"Divisiones de Broadbent: las distintas divisiones de Broadbent, como Proceso Industrial, Az\u00facar, Lavander\u00eda, Servicio y Mantenimiento, etc.","breadcrumb":{"@id":"https:\/\/broadbent.co.uk\/es\/divisiones\/#breadcrumb"},"inLanguage":"es","potentialAction":[{"@type":"ReadAction","target":["https:\/\/broadbent.co.uk\/es\/divisiones\/"]}]},{"@type":"BreadcrumbList","@id":"https:\/\/broadbent.co.uk\/es\/divisiones\/#breadcrumb","itemListElement":[{"@type":"ListItem","position":1,"name":"Home","item":"https:\/\/broadbent.co.uk\/es\/"},{"@type":"ListItem","position":2,"name":"Divisiones"}]},{"@type":"WebSite","@id":"https:\/\/broadbent.co.uk\/#website","url":"https:\/\/broadbent.co.uk\/","name":"Broadbent","description":"Thomas Broadbent - Centrifugal machines","publisher":{"@id":"https:\/\/broadbent.co.uk\/#organization"},"alternateName":"Thomas Broadbent","potentialAction":[{"@type":"SearchAction","target":{"@type":"EntryPoint","urlTemplate":"https:\/\/broadbent.co.uk\/?s={search_term_string}"},"query-input":{"@type":"PropertyValueSpecification","valueRequired":true,"valueName":"search_term_string"}}],"inLanguage":"es"},{"@type":"Organization","@id":"https:\/\/broadbent.co.uk\/#organization","name":"Thomas Broadbent & Sons Ltd","alternateName":"Broadbent","url":"https:\/\/broadbent.co.uk\/","logo":{"@type":"ImageObject","inLanguage":"es","@id":"https:\/\/broadbent.co.uk\/#\/schema\/logo\/image\/","url":"https:\/\/broadbent.co.uk\/wp-content\/uploads\/2024\/09\/LogoLogoWorld-400x250-1.jpg","contentUrl":"https:\/\/broadbent.co.uk\/wp-content\/uploads\/2024\/09\/LogoLogoWorld-400x250-1.jpg","width":400,"height":250,"caption":"Thomas Broadbent & Sons Ltd"},"image":{"@id":"https:\/\/broadbent.co.uk\/#\/schema\/logo\/image\/"},"sameAs":["https:\/\/www.linkedin.com\/company\/broadbent-centrifuges\/posts\/?feedView=all"]}]}},"_links":{"self":[{"href":"https:\/\/broadbent.co.uk\/es\/wp-json\/wp\/v2\/pages\/7057","targetHints":{"allow":["GET"]}}],"collection":[{"href":"https:\/\/broadbent.co.uk\/es\/wp-json\/wp\/v2\/pages"}],"about":[{"href":"https:\/\/broadbent.co.uk\/es\/wp-json\/wp\/v2\/types\/page"}],"author":[{"embeddable":true,"href":"https:\/\/broadbent.co.uk\/es\/wp-json\/wp\/v2\/users\/5"}],"replies":[{"embeddable":true,"href":"https:\/\/broadbent.co.uk\/es\/wp-json\/wp\/v2\/comments?post=7057"}],"version-history":[{"count":1,"href":"https:\/\/broadbent.co.uk\/es\/wp-json\/wp\/v2\/pages\/7057\/revisions"}],"predecessor-version":[{"id":7082,"href":"https:\/\/broadbent.co.uk\/es\/wp-json\/wp\/v2\/pages\/7057\/revisions\/7082"}],"wp:attachment":[{"href":"https:\/\/broadbent.co.uk\/es\/wp-json\/wp\/v2\/media?parent=7057"}],"curies":[{"name":"wp","href":"https:\/\/api.w.org\/{rel}","templated":true}]}}