{"id":7064,"date":"2023-12-29T10:00:00","date_gmt":"2023-12-29T10:00:00","guid":{"rendered":"https:\/\/broadbent.co.uk\/contacta-con-nosotros\/"},"modified":"2025-08-14T11:40:06","modified_gmt":"2025-08-14T10:40:06","slug":"contacta-con-nosotros","status":"publish","type":"page","link":"https:\/\/broadbent.co.uk\/es\/contacta-con-nosotros\/","title":{"rendered":"Contacta con nosotros"},"content":{"rendered":"","protected":false},"excerpt":{"rendered":"","protected":false},"author":1,"featured_media":0,"parent":0,"menu_order":0,"comment_status":"closed","ping_status":"closed","template":"","meta":{"_acf_changed":false,"footnotes":""},"class_list":["post-7064","page","type-page","status-publish","hentry"],"acf":{"content":[{"acf_fc_layout":"hero_content_v3","id":"hero","hero-slide-v2":[{"title":"Contacta con Broadbent","text":"Broadbent tiene sedes en el Reino Unido, China, India, Tailandia y Estados Unidos. Utiliza el siguiente formulario de contacto e indica si quieres ponerte en contacto con una de nuestras sedes fuera del Reino Unido. O haz clic en el bot\u00f3n de abajo para saber c\u00f3mo llamarnos. ","button":"yes","button_text":"N\u00fameros de tel\u00e9fono","button_link":"#telephone","background_image":6056}]},{"acf_fc_layout":"shortcode_content","id":"Contact","background":"dark","show_content_before_rows":["yes"],"title":"Formulario de contacto","description_to_the_side_of_title":{"show_description":"","description_text":""},"content":"","shortcode":"[contact-form-7 id=\"\" title=\"Formulario de contacto\"]"},{"acf_fc_layout":"text_and_image_content","id":"telephone","title_heading":"h2","title":"N\u00fameros de tel\u00e9fono","content":"\u00a0\r\nOficina del Reino Unido - (UK) <a href=\"tel:+441484477200\">+44 (0)1484 477200<\/a>\r\n\r\nDatos de contacto del servicio fuera de horario (REINO UNIDO) <a href=\"tel:+447967237170\">+44 (0)7967 237170<\/a> \r\n\r\nPara llamadas despu\u00e9s de las 19:00 horas y antes de las 07:00 horas, deja un mensaje. Te devolveremos la llamada lo antes posible. \r\n\r\nCuando te devolvamos la llamada, te pediremos lo siguiente:\r\n<ul>\r\n \t<li>Nombre del cliente<\/li>\r\n \t<li>Datos de contacto<\/li>\r\n \t<li>Naturaleza del problema (por ejemplo, piezas de repuesto, asistencia t\u00e9cnica o solicitud de un ingeniero)<\/li>\r\n \t<li>Detalles de la m\u00e1quina<\/li>\r\n \t<li>PO si procede.<\/li>\r\n<\/ul>","text_align":"left","add_image":"no","image":null,"image_align":false,"image_width":"w50","background_colour":"none","add_background_image":"no","background_image":null,"button":"no","button_links":null,"remove_padding_top":""},{"acf_fc_layout":"text_and_image_content","id":"ukcontacts","title_heading":"h2","title":"Contactos directos del Departamento del Reino Unido","content":"\u00a0\r\n<h3>Departamento IPD<\/h3>\r\nN\u00fameros de contacto: <a href=\"tel:07980757632\">07980757632<\/a> \/ <a href=\"tel:01484477292\">01484477292<\/a>\r\nDirecci\u00f3n de correo electr\u00f3nico:    <a href=\"mailto:ipd@broadbent.co.uk\">ipd@broadbent.co.uk<\/a>\r\n<h3>Departamento FEED<\/h3>\r\nN\u00fameros de contacto: <a href=\"tel:07970431246\">07970431246<\/a> \/ <a href=\"tel:01484477261\">01484477261<\/a>\r\nDirecci\u00f3n de correo electr\u00f3nico:    <a href=\"mailto:feed@broadbent.co.uk\">feed@broadbent.co.uk<\/a>\r\n<h3>Departamento de Recambios<\/h3>\r\nN\u00fameros de contacto: <a href=\"tel:07967237232\">07967237232<\/a> \/ <a href=\"tel:01484477327\">01484477327<\/a>\r\nDirecci\u00f3n de correo electr\u00f3nico:    <a href=\"mailto:wmorrison@broadbent.co.uk\">wmorrison@broadbent.co.uk<\/a>\r\n<h3>Departamento de Reparaciones<\/h3>\r\nN\u00fameros de contacto: <a href=\"tel:07914539208\">07914539208<\/a> \/ <a href=\"tel:01484477296\">01484477296<\/a>\r\nDirecci\u00f3n de correo electr\u00f3nico:    <a href=\"mailto:cbeaumont@broadbent.co.uk\">cbeaumont@broadbent.co.uk<\/a>\r\n<h3>Servicios in situ<\/h3>\r\nN\u00fameros de contacto: <a href=\"tel:07967238144\">07967238144<\/a> \/ <a href=\"tel:01484477283\">01484477283<\/a>\r\nDirecci\u00f3n de correo electr\u00f3nico:    <a href=\"mailto:rjohnson@broadbent.co.uk\">rjohnson@broadbent.co.uk<\/a>\r\n<h3>Servicios de fabricaci\u00f3n<\/h3>\r\nN\u00fameros de contacto: <a href=\"tel:07970431253\">07970431253<\/a> \/ <a href=\"tel:01484477271\">01484477271<\/a>\r\nDirecci\u00f3n de correo electr\u00f3nico:    <a href=\"mailto:awhite@broadbent.co.uk\">awhite@broadbent.co.uk<\/a>\r\n<h3>Pruebas de laboratorio \/ prueba de concepto<\/h3>\r\nN\u00fameros de contacto: <a href=\"tel:07800685212\">07800685212<\/a> \/ <a href=\"tel:01484477236\">01484477236<\/a>\r\nDirecci\u00f3n de correo electr\u00f3nico:    <a href=\"mailto:nhaigh@broadbent.co.uk\">nhaigh@broadbent.co.uk<\/a>\r\n<h3>Departamento de lavander\u00eda<\/h3>\r\nN\u00fameros de contacto: <a href=\"tel:07970463819\">07970463819<\/a> \/ <a href=\"tel:01484477262\">01484477262<\/a>\r\nDirecci\u00f3n de correo electr\u00f3nico:    <a href=\"mailto:BCSL@broadbent.co.uk\">BCSL@broadbent.co.uk<\/a>\r\n<h3>Carreras \/ Aprendizaje<\/h3>\r\nN\u00fameros de contacto: <a href=\"tel:07811941256\">07811941256<\/a> \/ <a href=\"tel:01484477228\">01484477228<\/a>\r\nDirecci\u00f3n de correo electr\u00f3nico:    <a href=\"mailto:cilkiw@broadbent.co.uk\">cilkiw@broadbent.co.uk<\/a>\r\n\u00a0\r\n<h2>Asistencia t\u00e9cnica<\/h2>\r\n\u00a0\r\nSi necesitas asistencia t\u00e9cnica o la visita de un ingeniero, te pondremos en contacto con un ingeniero para que te asesore t\u00e9cnicamente o concierte una visita.\r\n\r\nSi lo que necesitas son recambios, ind\u00edcanos el n\u00famero de pieza. Si tenemos tus recambios en stock, ofrecemos una opci\u00f3n de mensajer\u00eda de emergencia para pedidos urgentes, adem\u00e1s de la entrega est\u00e1ndar. Tambi\u00e9n puedes recoger tu pedido en nuestra f\u00e1brica.  \r\n\r\nTen en cuenta que, fuera del horario laboral, tu llamada ser\u00e1 atendida por uno de los miembros del equipo del Servicio Broadbent. Si no hay nadie disponible en ese momento, deja un mensaje que ser\u00e1 atendido lo antes posible. \r\n\r\nLos n\u00fameros de contacto alternativos para asistencia en Asia o Am\u00e9rica son:\r\n<h3>EE.UU.<\/h3>\r\n<h4>Broadbent Incorporated USA - Servicio y Reparaciones<\/h4>\r\nRichard Walker <a href=\"mailto:rwalker@broadbent-americas.com\">rwalker@broadbent-americas.com<\/a>\r\nT:   <a href=\"tel:+18177734494\">+1 817 773 4494<\/a>\r\n<h4>Broadbent Incorporated USA - Recambios<\/h4>\r\nTimothy O'Brien <a href=\"mailto:general@broadbent-americas.com\">general@broadbent-americas.com<\/a>\r\nT:   <a href=\"tel:+18175952411\">+1 817 595 2411<\/a>\r\n<h3>China<\/h3>\r\n<h4>Broadbent China - Recambios y servicio<\/h4>\r\nJenny Xi <a href=\"mailto:jennyxi@broadbent-asia.com\">jennyxi@broadbent-asia.com<\/a>\r\nT: <a href=\"tel:+8651487871962\">+ 86 (0)514 8787 1962<\/a>\r\n<h3>Tailandia<\/h3>\r\n<h4>Broadbent Tailandia - Recambios y servicio IPD<\/h4>\r\nAunchinee Ponghiyanon <a href=\"mailto:aunchinee@broadbent-asia.com\">aunchinee@broadbent-asia.com<\/a>\r\nT: <a href=\"tel:+66864244229\">+66 (0)86 424 4229<\/a>\r\n<h4>Recambios y servicio para el az\u00facar<\/h4>\r\nGannawee Lertpeerakorn <a href=\"mailto:gannawee@broadbent.co.uk\">gannawee@broadbent.co.uk<\/a>\r\nT:   <a href=\"tel:+66891119113\">+66 (0)89 111 9113<\/a>\r\n<h3>India<\/h3>\r\n<h4>Broadbent India - Ventas y Posventa<\/h4>\r\nSourabh Kamal <a href=\"mailto:Ksourabh@broadbent-india.com\">Ksourabh@broadbent-india.com<\/a>\r\nT:   <a href=\"tel:+918349543233\">+91 (0)834 954 3233<\/a>\r\n<h3>Polonia<\/h3>\r\n<h4>Broadbent Polonia - Recambios y Servicio<\/h4>\r\nRadoslaw Witkowski <a href=\"mailto:rwitkoswski@broadbent.co.uk\">rwitkoswski@broadbent.co.uk<\/a>\r\nT:   <a href=\"tel:+48512577902\">+48 (0)512 577 902<\/a>","text_align":"left","add_image":"no","image":null,"image_align":false,"image_width":"w50","background_colour":"none","add_background_image":"no","background_image":null,"button":"no","button_links":null,"remove_padding_top":["yes"]}]},"yoast_head":"<!-- This site is optimized with the Yoast SEO plugin v27.6 - https:\/\/yoast.com\/product\/yoast-seo-wordpress\/ -->\n<title>- Broadbent<\/title>\n<meta name=\"description\" content=\"Ponte en contacto con Broadbent, proporciona soluciones completas llave en mano para todas tus necesidades de soluciones de separaci\u00f3n por centrifugaci\u00f3n.\" \/>\n<meta name=\"robots\" content=\"index, follow, max-snippet:-1, max-image-preview:large, max-video-preview:-1\" \/>\n<link rel=\"canonical\" href=\"https:\/\/broadbent.co.uk\/es\/contacta-con-nosotros\/\" \/>\n<meta property=\"og:locale\" content=\"es_ES\" \/>\n<meta property=\"og:type\" content=\"article\" \/>\n<meta property=\"og:title\" content=\"- Broadbent\" \/>\n<meta property=\"og:description\" content=\"Ponte en contacto con Broadbent, proporciona soluciones completas llave en mano para todas tus necesidades de soluciones de separaci\u00f3n por centrifugaci\u00f3n.\" \/>\n<meta property=\"og:url\" content=\"https:\/\/broadbent.co.uk\/es\/contacta-con-nosotros\/\" \/>\n<meta property=\"og:site_name\" content=\"Broadbent\" \/>\n<meta property=\"article:modified_time\" content=\"2025-08-14T10:40:06+00:00\" \/>\n<meta property=\"og:image\" content=\"https:\/\/broadbent.co.uk\/wp-content\/uploads\/2023\/12\/logo-broadbent.jpg\" \/>\n\t<meta property=\"og:image:width\" content=\"973\" \/>\n\t<meta property=\"og:image:height\" content=\"345\" \/>\n\t<meta property=\"og:image:type\" content=\"image\/jpeg\" \/>\n<meta name=\"twitter:card\" content=\"summary_large_image\" \/>\n<script type=\"application\/ld+json\" class=\"yoast-schema-graph\">{\"@context\":\"https:\\\/\\\/schema.org\",\"@graph\":[{\"@type\":\"WebPage\",\"@id\":\"https:\\\/\\\/broadbent.co.uk\\\/es\\\/contacta-con-nosotros\\\/\",\"url\":\"https:\\\/\\\/broadbent.co.uk\\\/es\\\/contacta-con-nosotros\\\/\",\"name\":\"- Broadbent\",\"isPartOf\":{\"@id\":\"https:\\\/\\\/broadbent.co.uk\\\/#website\"},\"datePublished\":\"2023-12-29T10:00:00+00:00\",\"dateModified\":\"2025-08-14T10:40:06+00:00\",\"description\":\"Ponte en contacto con Broadbent, proporciona soluciones completas llave en mano para todas tus necesidades de soluciones de separaci\u00f3n por centrifugaci\u00f3n.\",\"breadcrumb\":{\"@id\":\"https:\\\/\\\/broadbent.co.uk\\\/es\\\/contacta-con-nosotros\\\/#breadcrumb\"},\"inLanguage\":\"es\",\"potentialAction\":[{\"@type\":\"ReadAction\",\"target\":[\"https:\\\/\\\/broadbent.co.uk\\\/es\\\/contacta-con-nosotros\\\/\"]}]},{\"@type\":\"BreadcrumbList\",\"@id\":\"https:\\\/\\\/broadbent.co.uk\\\/es\\\/contacta-con-nosotros\\\/#breadcrumb\",\"itemListElement\":[{\"@type\":\"ListItem\",\"position\":1,\"name\":\"Home\",\"item\":\"https:\\\/\\\/broadbent.co.uk\\\/es\\\/\"},{\"@type\":\"ListItem\",\"position\":2,\"name\":\"Contacta con nosotros\"}]},{\"@type\":\"WebSite\",\"@id\":\"https:\\\/\\\/broadbent.co.uk\\\/#website\",\"url\":\"https:\\\/\\\/broadbent.co.uk\\\/\",\"name\":\"Broadbent\",\"description\":\"Thomas Broadbent - Centrifugal machines\",\"publisher\":{\"@id\":\"https:\\\/\\\/broadbent.co.uk\\\/#organization\"},\"alternateName\":\"Thomas Broadbent\",\"potentialAction\":[{\"@type\":\"SearchAction\",\"target\":{\"@type\":\"EntryPoint\",\"urlTemplate\":\"https:\\\/\\\/broadbent.co.uk\\\/?s={search_term_string}\"},\"query-input\":{\"@type\":\"PropertyValueSpecification\",\"valueRequired\":true,\"valueName\":\"search_term_string\"}}],\"inLanguage\":\"es\"},{\"@type\":\"Organization\",\"@id\":\"https:\\\/\\\/broadbent.co.uk\\\/#organization\",\"name\":\"Thomas Broadbent & Sons Ltd\",\"alternateName\":\"Broadbent\",\"url\":\"https:\\\/\\\/broadbent.co.uk\\\/\",\"logo\":{\"@type\":\"ImageObject\",\"inLanguage\":\"es\",\"@id\":\"https:\\\/\\\/broadbent.co.uk\\\/#\\\/schema\\\/logo\\\/image\\\/\",\"url\":\"https:\\\/\\\/broadbent.co.uk\\\/wp-content\\\/uploads\\\/2024\\\/09\\\/LogoLogoWorld-400x250-1.jpg\",\"contentUrl\":\"https:\\\/\\\/broadbent.co.uk\\\/wp-content\\\/uploads\\\/2024\\\/09\\\/LogoLogoWorld-400x250-1.jpg\",\"width\":400,\"height\":250,\"caption\":\"Thomas Broadbent & Sons Ltd\"},\"image\":{\"@id\":\"https:\\\/\\\/broadbent.co.uk\\\/#\\\/schema\\\/logo\\\/image\\\/\"},\"sameAs\":[\"https:\\\/\\\/www.linkedin.com\\\/company\\\/broadbent-centrifuges\\\/posts\\\/?feedView=all\"]}]}<\/script>\n<!-- \/ Yoast SEO plugin. -->","yoast_head_json":{"title":"- Broadbent","description":"Ponte en contacto con Broadbent, proporciona soluciones completas llave en mano para todas tus necesidades de soluciones de separaci\u00f3n por centrifugaci\u00f3n.","robots":{"index":"index","follow":"follow","max-snippet":"max-snippet:-1","max-image-preview":"max-image-preview:large","max-video-preview":"max-video-preview:-1"},"canonical":"https:\/\/broadbent.co.uk\/es\/contacta-con-nosotros\/","og_locale":"es_ES","og_type":"article","og_title":"- Broadbent","og_description":"Ponte en contacto con Broadbent, proporciona soluciones completas llave en mano para todas tus necesidades de soluciones de separaci\u00f3n por centrifugaci\u00f3n.","og_url":"https:\/\/broadbent.co.uk\/es\/contacta-con-nosotros\/","og_site_name":"Broadbent","article_modified_time":"2025-08-14T10:40:06+00:00","og_image":[{"width":973,"height":345,"url":"https:\/\/broadbent.co.uk\/wp-content\/uploads\/2023\/12\/logo-broadbent.jpg","type":"image\/jpeg"}],"twitter_card":"summary_large_image","schema":{"@context":"https:\/\/schema.org","@graph":[{"@type":"WebPage","@id":"https:\/\/broadbent.co.uk\/es\/contacta-con-nosotros\/","url":"https:\/\/broadbent.co.uk\/es\/contacta-con-nosotros\/","name":"- Broadbent","isPartOf":{"@id":"https:\/\/broadbent.co.uk\/#website"},"datePublished":"2023-12-29T10:00:00+00:00","dateModified":"2025-08-14T10:40:06+00:00","description":"Ponte en contacto con Broadbent, proporciona soluciones completas llave en mano para todas tus necesidades de soluciones de separaci\u00f3n por centrifugaci\u00f3n.","breadcrumb":{"@id":"https:\/\/broadbent.co.uk\/es\/contacta-con-nosotros\/#breadcrumb"},"inLanguage":"es","potentialAction":[{"@type":"ReadAction","target":["https:\/\/broadbent.co.uk\/es\/contacta-con-nosotros\/"]}]},{"@type":"BreadcrumbList","@id":"https:\/\/broadbent.co.uk\/es\/contacta-con-nosotros\/#breadcrumb","itemListElement":[{"@type":"ListItem","position":1,"name":"Home","item":"https:\/\/broadbent.co.uk\/es\/"},{"@type":"ListItem","position":2,"name":"Contacta con nosotros"}]},{"@type":"WebSite","@id":"https:\/\/broadbent.co.uk\/#website","url":"https:\/\/broadbent.co.uk\/","name":"Broadbent","description":"Thomas Broadbent - Centrifugal machines","publisher":{"@id":"https:\/\/broadbent.co.uk\/#organization"},"alternateName":"Thomas Broadbent","potentialAction":[{"@type":"SearchAction","target":{"@type":"EntryPoint","urlTemplate":"https:\/\/broadbent.co.uk\/?s={search_term_string}"},"query-input":{"@type":"PropertyValueSpecification","valueRequired":true,"valueName":"search_term_string"}}],"inLanguage":"es"},{"@type":"Organization","@id":"https:\/\/broadbent.co.uk\/#organization","name":"Thomas Broadbent & Sons Ltd","alternateName":"Broadbent","url":"https:\/\/broadbent.co.uk\/","logo":{"@type":"ImageObject","inLanguage":"es","@id":"https:\/\/broadbent.co.uk\/#\/schema\/logo\/image\/","url":"https:\/\/broadbent.co.uk\/wp-content\/uploads\/2024\/09\/LogoLogoWorld-400x250-1.jpg","contentUrl":"https:\/\/broadbent.co.uk\/wp-content\/uploads\/2024\/09\/LogoLogoWorld-400x250-1.jpg","width":400,"height":250,"caption":"Thomas Broadbent & Sons Ltd"},"image":{"@id":"https:\/\/broadbent.co.uk\/#\/schema\/logo\/image\/"},"sameAs":["https:\/\/www.linkedin.com\/company\/broadbent-centrifuges\/posts\/?feedView=all"]}]}},"_links":{"self":[{"href":"https:\/\/broadbent.co.uk\/es\/wp-json\/wp\/v2\/pages\/7064","targetHints":{"allow":["GET"]}}],"collection":[{"href":"https:\/\/broadbent.co.uk\/es\/wp-json\/wp\/v2\/pages"}],"about":[{"href":"https:\/\/broadbent.co.uk\/es\/wp-json\/wp\/v2\/types\/page"}],"author":[{"embeddable":true,"href":"https:\/\/broadbent.co.uk\/es\/wp-json\/wp\/v2\/users\/1"}],"replies":[{"embeddable":true,"href":"https:\/\/broadbent.co.uk\/es\/wp-json\/wp\/v2\/comments?post=7064"}],"version-history":[{"count":2,"href":"https:\/\/broadbent.co.uk\/es\/wp-json\/wp\/v2\/pages\/7064\/revisions"}],"predecessor-version":[{"id":7096,"href":"https:\/\/broadbent.co.uk\/es\/wp-json\/wp\/v2\/pages\/7064\/revisions\/7096"}],"wp:attachment":[{"href":"https:\/\/broadbent.co.uk\/es\/wp-json\/wp\/v2\/media?parent=7064"}],"curies":[{"name":"wp","href":"https:\/\/api.w.org\/{rel}","templated":true}]}}