{"id":6156,"date":"2023-12-29T09:55:00","date_gmt":"2023-12-29T09:55:00","guid":{"rendered":"https:\/\/broadbent.bnodeltd.co.uk\/notre-histoire\/"},"modified":"2025-04-30T12:05:37","modified_gmt":"2025-04-30T11:05:37","slug":"notre-histoire","status":"publish","type":"page","link":"https:\/\/broadbent.co.uk\/fr\/notre-histoire\/","title":{"rendered":"Notre histoire"},"content":{"rendered":"","protected":false},"excerpt":{"rendered":"","protected":false},"author":1,"featured_media":0,"parent":0,"menu_order":0,"comment_status":"closed","ping_status":"closed","template":"","meta":{"_acf_changed":false,"footnotes":""},"class_list":["post-6156","page","type-page","status-publish","hentry"],"acf":{"content":[{"acf_fc_layout":"heading_block","id":"","slide":[{"background":"dark","title_heading":"h3","title":"Thomas Broadbents \u00c9tabli en 1864 - 160 ans et ce n'est pas fini","title_font_size":"grande","title_text_align":"centre","show_content":"","content":"","content_align":"left","show_background_image":"","background_image":null,"show_divider":"","text_below":{"show_text_below":"","show_buttons":"","buttons":null,"button_align":"left","text_columns":null},"vertical_align":"top"}]},{"acf_fc_layout":"timeline_block","event":[{"year":"1864","title":"Ag\u00e9 de 31 ans","subtitle":"","description":"Thomas Broadbent cr\u00e9e sa propre entreprise d'ing\u00e9nieur g\u00e9n\u00e9ral et de m\u00e9canicien-monteur dans un modeste atelier \u00e0 Huddersfield, dans le West Yorkshire.","image":4982,"alignment":"left"},{"year":"1870","title":"1\u00e8re centrifugeuse","subtitle":"","description":"Thomas Broadbent produit sa premi\u00e8re centrifugeuse pour l'extraction de l'eau de la laine et du tissu lav\u00e9s.","image":5002,"alignment":"right"},{"year":"1874","title":"Moteurs \u00e0 vapeur","subtitle":"","description":"Grandes machines \u00e0 vapeur pour l'entra\u00eenement des usines textiles.","image":4987,"alignment":"left"},{"year":"1875","title":"1er hydro-extracteur \u00e0 vapeur.","subtitle":"","description":"La Couronne accorde \u00e0 Thomas un brevet pour le premier hydro-extracteur \u00e0 vapeur.","image":4992,"alignment":"right"},{"year":"1880","title":"D\u00e9c\u00e8s de Thomas Broadbent","subtitle":"","description":"Thomas meurt \u00e0 l'\u00e2ge de 47 ans. Sa femme, Ellen, dirige l'entreprise sans aide jusqu'\u00e0 ce que leurs fils, William et Horace, soient en mesure de prendre la rel\u00e8ve. ","image":5082,"alignment":"left"},{"year":"1888 - 1889","title":"Exposition \u00e0 Melbourne","subtitle":"","description":"Horace Broadbent assiste \u00e0 l'exposition internationale du centenaire \u00e0 Melbourne.","image":4997,"alignment":"right"},{"year":"1895","title":"Thomas Broadbent & Sons Ltd","subtitle":"","description":"L'entreprise est officiellement enregistr\u00e9e sous le nom de Thomas Broadbent & Sons Ltd. L'entreprise produit le premier extracteur centrifuge \u00e0 entra\u00eenement \u00e9lectrique et vend les premi\u00e8res centrifugeuses \u00e0 sucre.","image":5007,"alignment":"left"},{"year":"1901","title":"Une nouvelle machine de type 4","subtitle":"","description":"Horace Broadbent fait breveter une nouvelle machine innovante de type 4 dot\u00e9e d'un embrayage centrifuge (pr\u00e9curseur de nombreux embrayages d'entra\u00eenement encore utilis\u00e9s aujourd'hui).","image":5012,"alignment":"right"},{"year":"1914 - 1945","title":"Soutenir l'effort de la Seconde Guerre mondiale","subtitle":"","description":"Broadbent fabriquait des centrifugeuses pour la production d'explosifs et de produits chimiques. Avec une main-d'\u0153uvre qualifi\u00e9e de 500 personnes, l'entreprise a \u00e9galement \u00e9t\u00e9 charg\u00e9e de soutenir l'effort de guerre en fabriquant des treuils \u00e0 munitions et des sous-marins. ","image":5017,"alignment":"left"},{"year":"1930 - 1932","title":"Centrifugeuses pour l'industrie de la blanchisserie","subtitle":"","description":"Introduction des centrifugeuses pour l'industrie de la blanchisserie et du nettoyage \u00e0 sec. Le premier extracteur du Royaume-Uni a \u00e9t\u00e9 introduit dans l'industrie du nettoyage \u00e0 sec - le Bantam 7LB. ","image":5022,"alignment":"right"},{"year":"1937","title":"Une nouvelle centrifugeuse sous-entra\u00een\u00e9e","subtitle":"","description":"Broadbent installe la premi\u00e8re centrifugeuse sous entra\u00eenement pour l'industrie textile - la Jelly Belly 39 de 36 pouces. Une nouvelle g\u00e9n\u00e9ration de centrifugeuses sous-entra\u00een\u00e9es qui am\u00e9liorerait l'efficacit\u00e9 de l'industrie textile. ","image":5027,"alignment":"left"},{"year":"1939 - 1945","title":"Le principal fabricant du X-craft  ","subtitle":"","description":"Broadbent \u00e9tait le principal fabricant des petits sous-marins de haute mer \u00e0 moteur unique X-craft.\n\n4000 bombardiers l\u00e9gers black bombard.\n\n2490 canons antichars MK10 de 2 livres produits par mois.","image":5032,"alignment":"right"},{"year":"1948","title":"Blanchisserie mobile mont\u00e9e","subtitle":"","description":"La premi\u00e8re laveuse-essoreuse suspendue au printemps a \u00e9t\u00e9 produite \u00e0 grande vitesse.","image":5037,"alignment":"left"},{"year":"1959","title":"Enti\u00e8rement automatis\u00e9","subtitle":"","description":"Machines d'alimentation et de labourage enti\u00e8rement automatis\u00e9es.","image":5072,"alignment":"right"},{"year":"1960 - 1970","title":"Installation de tambours horizontaux JBW","subtitle":"","description":"Machines \u00e0 laver automatiques \u00e0 tambour horizontal JBW install\u00e9es dans la plupart des blanchisseries commerciales.","image":5077,"alignment":"left"},{"year":"1964","title":"Une invitation pour le centenaire","subtitle":"","description":"Broadbent's c\u00e9l\u00e8bre son centenaire en invitant ses employ\u00e9s \u00e0 un voyage en train sur la c\u00f4te est.","image":5047,"alignment":"right"},{"year":"1980 - 1990","title":"Partenariats avec les fabricants","subtitle":"","description":"Partenariat avec des fabricants soigneusement s\u00e9lectionn\u00e9s pour offrir une gamme compl\u00e8te d'installations et d'\u00e9quipements pour le secteur de la blanchisserie.","image":5052,"alignment":"left"},{"year":"1990","title":"Geo-Tech","subtitle":"","description":"Recherche et production de poutres centrifuges g\u00e9otechniques.","image":5057,"alignment":"right"},{"year":"2000's","title":"Capacit\u00e9s jusqu'\u00e0 60 T\/H","subtitle":"","description":"Les capacit\u00e9s des centrifugeuses discontinues pour le sucre atteignent jusqu'\u00e0 60 T\/H.","image":5062,"alignment":"left"},{"year":"2010 - 2020","title":"Expansion mondiale","subtitle":"","description":"Expansion mondiale aux \u00c9tats-Unis, en Tha\u00eflande, en Chine et en Inde.","image":5067,"alignment":"right"}]},{"acf_fc_layout":"video","id":"","embed_code":"<iframe src=\"https:\/\/player.vimeo.com\/video\/1075612571?h=a59a2f5423\" width=\"640\" height=\"360\" frameborder=\"0\" allow=\"autoplay; fullscreen; picture-in-picture\" allowfullscreen><\/iframe>"}]},"yoast_head":"<!-- This site is optimized with the Yoast SEO plugin v27.4 - https:\/\/yoast.com\/product\/yoast-seo-wordpress\/ -->\n<title>- Broadbent<\/title>\n<meta name=\"description\" content=\"Broadbent - Notre histoire : l&#039;histoire de Broadbent, y compris une chronologie. Thomas Broadbent a fond\u00e9 la soci\u00e9t\u00e9 \u00e0 Huddersfield en 1864, \u00e0 l&#039;\u00e2ge de 31 ans.\" \/>\n<meta name=\"robots\" content=\"index, follow, max-snippet:-1, max-image-preview:large, max-video-preview:-1\" \/>\n<link rel=\"canonical\" href=\"https:\/\/broadbent.co.uk\/our-story\/\" \/>\n<meta property=\"og:locale\" content=\"fr_FR\" \/>\n<meta property=\"og:type\" content=\"article\" \/>\n<meta property=\"og:title\" content=\"- Broadbent\" \/>\n<meta property=\"og:description\" content=\"Broadbent - Notre histoire : l&#039;histoire de Broadbent, y compris une chronologie. Thomas Broadbent a fond\u00e9 la soci\u00e9t\u00e9 \u00e0 Huddersfield en 1864, \u00e0 l&#039;\u00e2ge de 31 ans.\" \/>\n<meta property=\"og:url\" content=\"https:\/\/broadbent.co.uk\/our-story\/\" \/>\n<meta property=\"og:site_name\" content=\"Broadbent\" \/>\n<meta property=\"article:modified_time\" content=\"2025-04-30T11:05:37+00:00\" \/>\n<meta property=\"og:image\" content=\"https:\/\/broadbent.co.uk\/wp-content\/uploads\/2023\/12\/logo-broadbent.jpg\" \/>\n\t<meta property=\"og:image:width\" content=\"973\" \/>\n\t<meta property=\"og:image:height\" content=\"345\" \/>\n\t<meta property=\"og:image:type\" content=\"image\/jpeg\" \/>\n<meta name=\"twitter:card\" content=\"summary_large_image\" \/>\n<script type=\"application\/ld+json\" class=\"yoast-schema-graph\">{\"@context\":\"https:\\\/\\\/schema.org\",\"@graph\":[{\"@type\":\"WebPage\",\"@id\":\"https:\\\/\\\/broadbent.co.uk\\\/our-story\\\/\",\"url\":\"https:\\\/\\\/broadbent.co.uk\\\/our-story\\\/\",\"name\":\"- Broadbent\",\"isPartOf\":{\"@id\":\"https:\\\/\\\/broadbent.co.uk\\\/#website\"},\"datePublished\":\"2023-12-29T09:55:00+00:00\",\"dateModified\":\"2025-04-30T11:05:37+00:00\",\"description\":\"Broadbent - Notre histoire : l'histoire de Broadbent, y compris une chronologie. Thomas Broadbent a fond\u00e9 la soci\u00e9t\u00e9 \u00e0 Huddersfield en 1864, \u00e0 l'\u00e2ge de 31 ans.\",\"breadcrumb\":{\"@id\":\"https:\\\/\\\/broadbent.co.uk\\\/our-story\\\/#breadcrumb\"},\"inLanguage\":\"fr-FR\",\"potentialAction\":[{\"@type\":\"ReadAction\",\"target\":[\"https:\\\/\\\/broadbent.co.uk\\\/our-story\\\/\"]}]},{\"@type\":\"BreadcrumbList\",\"@id\":\"https:\\\/\\\/broadbent.co.uk\\\/our-story\\\/#breadcrumb\",\"itemListElement\":[{\"@type\":\"ListItem\",\"position\":1,\"name\":\"Home\",\"item\":\"https:\\\/\\\/broadbent.co.uk\\\/fr\\\/\"},{\"@type\":\"ListItem\",\"position\":2,\"name\":\"Notre histoire\"}]},{\"@type\":\"WebSite\",\"@id\":\"https:\\\/\\\/broadbent.co.uk\\\/#website\",\"url\":\"https:\\\/\\\/broadbent.co.uk\\\/\",\"name\":\"Broadbent\",\"description\":\"Thomas Broadbent - Centrifugal machines\",\"publisher\":{\"@id\":\"https:\\\/\\\/broadbent.co.uk\\\/#organization\"},\"alternateName\":\"Thomas Broadbent\",\"potentialAction\":[{\"@type\":\"SearchAction\",\"target\":{\"@type\":\"EntryPoint\",\"urlTemplate\":\"https:\\\/\\\/broadbent.co.uk\\\/?s={search_term_string}\"},\"query-input\":{\"@type\":\"PropertyValueSpecification\",\"valueRequired\":true,\"valueName\":\"search_term_string\"}}],\"inLanguage\":\"fr-FR\"},{\"@type\":\"Organization\",\"@id\":\"https:\\\/\\\/broadbent.co.uk\\\/#organization\",\"name\":\"Thomas Broadbent & Sons Ltd\",\"alternateName\":\"Broadbent\",\"url\":\"https:\\\/\\\/broadbent.co.uk\\\/\",\"logo\":{\"@type\":\"ImageObject\",\"inLanguage\":\"fr-FR\",\"@id\":\"https:\\\/\\\/broadbent.co.uk\\\/#\\\/schema\\\/logo\\\/image\\\/\",\"url\":\"https:\\\/\\\/broadbent.co.uk\\\/wp-content\\\/uploads\\\/2024\\\/09\\\/LogoLogoWorld-400x250-1.jpg\",\"contentUrl\":\"https:\\\/\\\/broadbent.co.uk\\\/wp-content\\\/uploads\\\/2024\\\/09\\\/LogoLogoWorld-400x250-1.jpg\",\"width\":400,\"height\":250,\"caption\":\"Thomas Broadbent & Sons Ltd\"},\"image\":{\"@id\":\"https:\\\/\\\/broadbent.co.uk\\\/#\\\/schema\\\/logo\\\/image\\\/\"},\"sameAs\":[\"https:\\\/\\\/www.linkedin.com\\\/company\\\/broadbent-centrifuges\\\/posts\\\/?feedView=all\"]}]}<\/script>\n<!-- \/ Yoast SEO plugin. -->","yoast_head_json":{"title":"- Broadbent","description":"Broadbent - Notre histoire : l'histoire de Broadbent, y compris une chronologie. Thomas Broadbent a fond\u00e9 la soci\u00e9t\u00e9 \u00e0 Huddersfield en 1864, \u00e0 l'\u00e2ge de 31 ans.","robots":{"index":"index","follow":"follow","max-snippet":"max-snippet:-1","max-image-preview":"max-image-preview:large","max-video-preview":"max-video-preview:-1"},"canonical":"https:\/\/broadbent.co.uk\/our-story\/","og_locale":"fr_FR","og_type":"article","og_title":"- Broadbent","og_description":"Broadbent - Notre histoire : l'histoire de Broadbent, y compris une chronologie. Thomas Broadbent a fond\u00e9 la soci\u00e9t\u00e9 \u00e0 Huddersfield en 1864, \u00e0 l'\u00e2ge de 31 ans.","og_url":"https:\/\/broadbent.co.uk\/our-story\/","og_site_name":"Broadbent","article_modified_time":"2025-04-30T11:05:37+00:00","og_image":[{"width":973,"height":345,"url":"https:\/\/broadbent.co.uk\/wp-content\/uploads\/2023\/12\/logo-broadbent.jpg","type":"image\/jpeg"}],"twitter_card":"summary_large_image","schema":{"@context":"https:\/\/schema.org","@graph":[{"@type":"WebPage","@id":"https:\/\/broadbent.co.uk\/our-story\/","url":"https:\/\/broadbent.co.uk\/our-story\/","name":"- Broadbent","isPartOf":{"@id":"https:\/\/broadbent.co.uk\/#website"},"datePublished":"2023-12-29T09:55:00+00:00","dateModified":"2025-04-30T11:05:37+00:00","description":"Broadbent - Notre histoire : l'histoire de Broadbent, y compris une chronologie. Thomas Broadbent a fond\u00e9 la soci\u00e9t\u00e9 \u00e0 Huddersfield en 1864, \u00e0 l'\u00e2ge de 31 ans.","breadcrumb":{"@id":"https:\/\/broadbent.co.uk\/our-story\/#breadcrumb"},"inLanguage":"fr-FR","potentialAction":[{"@type":"ReadAction","target":["https:\/\/broadbent.co.uk\/our-story\/"]}]},{"@type":"BreadcrumbList","@id":"https:\/\/broadbent.co.uk\/our-story\/#breadcrumb","itemListElement":[{"@type":"ListItem","position":1,"name":"Home","item":"https:\/\/broadbent.co.uk\/fr\/"},{"@type":"ListItem","position":2,"name":"Notre histoire"}]},{"@type":"WebSite","@id":"https:\/\/broadbent.co.uk\/#website","url":"https:\/\/broadbent.co.uk\/","name":"Broadbent","description":"Thomas Broadbent - Centrifugal machines","publisher":{"@id":"https:\/\/broadbent.co.uk\/#organization"},"alternateName":"Thomas Broadbent","potentialAction":[{"@type":"SearchAction","target":{"@type":"EntryPoint","urlTemplate":"https:\/\/broadbent.co.uk\/?s={search_term_string}"},"query-input":{"@type":"PropertyValueSpecification","valueRequired":true,"valueName":"search_term_string"}}],"inLanguage":"fr-FR"},{"@type":"Organization","@id":"https:\/\/broadbent.co.uk\/#organization","name":"Thomas Broadbent & Sons Ltd","alternateName":"Broadbent","url":"https:\/\/broadbent.co.uk\/","logo":{"@type":"ImageObject","inLanguage":"fr-FR","@id":"https:\/\/broadbent.co.uk\/#\/schema\/logo\/image\/","url":"https:\/\/broadbent.co.uk\/wp-content\/uploads\/2024\/09\/LogoLogoWorld-400x250-1.jpg","contentUrl":"https:\/\/broadbent.co.uk\/wp-content\/uploads\/2024\/09\/LogoLogoWorld-400x250-1.jpg","width":400,"height":250,"caption":"Thomas Broadbent & Sons Ltd"},"image":{"@id":"https:\/\/broadbent.co.uk\/#\/schema\/logo\/image\/"},"sameAs":["https:\/\/www.linkedin.com\/company\/broadbent-centrifuges\/posts\/?feedView=all"]}]}},"_links":{"self":[{"href":"https:\/\/broadbent.co.uk\/fr\/wp-json\/wp\/v2\/pages\/6156","targetHints":{"allow":["GET"]}}],"collection":[{"href":"https:\/\/broadbent.co.uk\/fr\/wp-json\/wp\/v2\/pages"}],"about":[{"href":"https:\/\/broadbent.co.uk\/fr\/wp-json\/wp\/v2\/types\/page"}],"author":[{"embeddable":true,"href":"https:\/\/broadbent.co.uk\/fr\/wp-json\/wp\/v2\/users\/1"}],"replies":[{"embeddable":true,"href":"https:\/\/broadbent.co.uk\/fr\/wp-json\/wp\/v2\/comments?post=6156"}],"version-history":[{"count":2,"href":"https:\/\/broadbent.co.uk\/fr\/wp-json\/wp\/v2\/pages\/6156\/revisions"}],"predecessor-version":[{"id":6308,"href":"https:\/\/broadbent.co.uk\/fr\/wp-json\/wp\/v2\/pages\/6156\/revisions\/6308"}],"wp:attachment":[{"href":"https:\/\/broadbent.co.uk\/fr\/wp-json\/wp\/v2\/media?parent=6156"}],"curies":[{"name":"wp","href":"https:\/\/api.w.org\/{rel}","templated":true}]}}