{"id":6167,"date":"2023-12-29T10:00:00","date_gmt":"2023-12-29T10:00:00","guid":{"rendered":"https:\/\/broadbent.bnodeltd.co.uk\/contactez-nous\/"},"modified":"2025-08-14T11:38:20","modified_gmt":"2025-08-14T10:38:20","slug":"contactez-nous","status":"publish","type":"page","link":"https:\/\/broadbent.co.uk\/fr\/contactez-nous\/","title":{"rendered":"Contactez nous"},"content":{"rendered":"","protected":false},"excerpt":{"rendered":"","protected":false},"author":1,"featured_media":0,"parent":0,"menu_order":0,"comment_status":"closed","ping_status":"closed","template":"","meta":{"_acf_changed":false,"footnotes":""},"class_list":["post-6167","page","type-page","status-publish","hentry"],"acf":{"content":[{"acf_fc_layout":"hero_content_v3","id":"hero","hero-slide-v2":[{"title":"Contacter Broadbent","text":"Broadbent est pr\u00e9sent au Royaume-Uni, en Chine, en Inde, en Tha\u00eflande et aux \u00c9tats-Unis. Veuillez utiliser le formulaire de contact ci-dessous et pr\u00e9ciser si vous souhaitez entrer en contact avec l'un de nos sites hors Royaume-Uni. Ou cliquez sur le bouton ci-dessous pour savoir comment nous appeler. ","button":"yes","button_text":"Num\u00e9ros de t\u00e9l\u00e9phone","button_link":"#telephone","background_image":6052}]},{"acf_fc_layout":"shortcode_content","id":"Contact","background":"dark","show_content_before_rows":["yes"],"title":"Formulaire de contact","description_to_the_side_of_title":{"show_description":"","description_text":""},"content":"","shortcode":"[contact-form-7 id=\"\" title=\"Formulaire de contact\"]"},{"acf_fc_layout":"text_and_image_content","id":"telephone","title_heading":"h2","title":"Num\u00e9ros de t\u00e9l\u00e9phone","content":"\u00a0\r\nBureau du Royaume-Uni - (UK) <a href=\"tel:+441484477200\">+44 (0)1484 477200<\/a>\r\n\r\nCoordonn\u00e9es du service en dehors des heures de bureau. (UK) <a href=\"tel:+447967237170\">+44 (0)7967 237170<\/a> \r\n\r\nPour les appels apr\u00e8s 19 heures et avant 7 heures, veuillez laisser un message. Nous vous rappellerons d\u00e8s que possible. \r\n\r\nLorsque nous vous rappellerons, nous vous demanderons les informations suivantes :\r\n<ul>\r\n \t<li>Nom du client<\/li>\r\n \t<li>Coordonn\u00e9es de la personne \u00e0 contacter<\/li>\r\n \t<li>Nature du probl\u00e8me (par exemple pi\u00e8ces d\u00e9tach\u00e9es, assistance technique ou demande d'un ing\u00e9nieur)<\/li>\r\n \t<li>D\u00e9tails de la machine<\/li>\r\n \t<li>PO le cas \u00e9ch\u00e9ant.<\/li>\r\n<\/ul>","text_align":"left","add_image":"no","image":null,"image_align":false,"image_width":"w50","background_colour":"none","add_background_image":"no","background_image":null,"button":"no","button_links":null,"remove_padding_top":""},{"acf_fc_layout":"text_and_image_content","id":"ukcontacts","title_heading":"h2","title":"Contacts directs avec les d\u00e9partements du Royaume-Uni","content":"\u00a0\r\n<h3>D\u00e9partement IPD<\/h3>\r\nNum\u00e9ros de contact : <a href=\"tel:07980757632\">07980757632<\/a> \/ <a href=\"tel:01484477292\">01484477292<\/a>\r\nAdresse \u00e9lectronique :    <a href=\"mailto:ipd@broadbent.co.uk\">ipd@broadbent.co.uk<\/a>\r\n<h3>D\u00e9partement FEED<\/h3>\r\nNum\u00e9ros de contact : <a href=\"tel:07970431246\">07970431246<\/a> \/ <a href=\"tel:01484477261\">01484477261<\/a>\r\nAdresse \u00e9lectronique :    <a href=\"mailto:feed@broadbent.co.uk\">feed@broadbent.co.uk<\/a>\r\n<h3>Service des pi\u00e8ces d\u00e9tach\u00e9es<\/h3>\r\nNum\u00e9ros de contact : <a href=\"tel:07967237232\">07967237232<\/a> \/ <a href=\"tel:01484477327\">01484477327<\/a>\r\nAdresse \u00e9lectronique :    <a href=\"mailto:wmorrison@broadbent.co.uk\">wmorrison@broadbent.co.uk<\/a>\r\n<h3>Service des r\u00e9parations<\/h3>\r\nNum\u00e9ros de contact : <a href=\"tel:07914539208\">07914539208<\/a> \/ <a href=\"tel:01484477296\">01484477296<\/a>\r\nAdresse \u00e9lectronique :    <a href=\"mailto:cbeaumont@broadbent.co.uk\">cbeaumont@broadbent.co.uk<\/a>\r\n<h3>Services sur site<\/h3>\r\nNum\u00e9ros de contact : <a href=\"tel:07967238144\">07967238144<\/a> \/ <a href=\"tel:01484477283\">01484477283<\/a>\r\nAdresse \u00e9lectronique :    <a href=\"mailto:rjohnson@broadbent.co.uk\">rjohnson@broadbent.co.uk<\/a>\r\n<h3>Services de fabrication<\/h3>\r\nNum\u00e9ros de contact : <a href=\"tel:07970431253\">07970431253<\/a> \/ <a href=\"tel:01484477271\">01484477271<\/a>\r\nAdresse \u00e9lectronique :    <a href=\"mailto:awhite@broadbent.co.uk\">awhite@broadbent.co.uk<\/a>\r\n<h3>Essais en laboratoire \/ preuve de concept<\/h3>\r\nNum\u00e9ros de contact : <a href=\"tel:07800685212\">07800685212<\/a> \/ <a href=\"tel:01484477236\">01484477236<\/a>\r\nAdresse \u00e9lectronique :    <a href=\"mailto:nhaigh@broadbent.co.uk\">nhaigh@broadbent.co.uk<\/a>\r\n<h3>Service de blanchisserie<\/h3>\r\nNum\u00e9ros de contact : <a href=\"tel:07970463819\">07970463819<\/a> \/ <a href=\"tel:01484477262\">01484477262<\/a>\r\nAdresse \u00e9lectronique :    <a href=\"mailto:BCSL@broadbent.co.uk\">BCSL@broadbent.co.uk<\/a>\r\n<h3>Carri\u00e8res \/ Apprentissages<\/h3>\r\nNum\u00e9ros de contact : <a href=\"tel:07811941256\">07811941256<\/a> \/ <a href=\"tel:01484477228\">01484477228<\/a>\r\nAdresse \u00e9lectronique :    <a href=\"mailto:cilkiw@broadbent.co.uk\">cilkiw@broadbent.co.uk<\/a>\r\n\u00a0\r\n<h2>Assistance technique<\/h2>\r\n\u00a0\r\nSi vous avez besoin d'une assistance technique ou de la visite d'un ing\u00e9nieur, nous vous mettrons en contact avec un ing\u00e9nieur pour obtenir des conseils techniques ou organiser une visite.\r\n\r\nSi vous avez besoin de pi\u00e8ces de rechange, veuillez fournir un num\u00e9ro de pi\u00e8ce. Si nous avons vos pi\u00e8ces en stock, nous proposons une option de courrier d'urgence pour les commandes urgentes ainsi qu'une livraison standard. Vous pouvez \u00e9galement venir chercher votre commande \u00e0 notre usine.  \r\n\r\nVeuillez noter qu'en dehors des heures de travail, votre appel sera pris en charge par l'un des membres de l'\u00e9quipe du service Broadbent. Si personne n'est disponible \u00e0 ce moment pr\u00e9cis, veuillez laisser un message qui recevra notre attention dans les plus brefs d\u00e9lais. \r\n\r\nLes autres num\u00e9ros de contact pour l'assistance en Asie ou en Am\u00e9rique sont les suivants :\r\n<h3>\u00c9TATS-UNIS<\/h3>\r\n<h4>Broadbent Incorporated USA - Service et r\u00e9parations<\/h4>\r\nRichard Walker <a href=\"mailto:rwalker@broadbent-americas.com\">rwalker@broadbent-americas.com<\/a>\r\nT :   <a href=\"tel:+18177734494\">+1 817 773 4494<\/a>\r\n<h4>Broadbent Incorporated USA - Pi\u00e8ces d\u00e9tach\u00e9es<\/h4>\r\nTimothy O'Brien <a href=\"mailto:general@broadbent-americas.com\">general@broadbent-americas.com<\/a>\r\nT :   <a href=\"tel:+18175952411\">+1 817 595 2411<\/a>\r\n<h3>Chine<\/h3>\r\n<h4>Broadbent China - Pi\u00e8ces d\u00e9tach\u00e9es et service apr\u00e8s-vente<\/h4>\r\nJenny Xi <a href=\"mailto:jennyxi@broadbent-asia.com\">jennyxi@broadbent-asia.com<\/a>\r\nT : <a href=\"tel:+8651487871962\">+ 86 (0)514 8787 1962<\/a>\r\n<h3>Tha\u00eflande<\/h3>\r\n<h4>Broadbent Thailand - IPD Spares and Service<\/h4>\r\nAunchinee Ponghiyanon <a href=\"mailto:aunchinee@broadbent-asia.com\">aunchinee@broadbent-asia.com<\/a>\r\nT : <a href=\"tel:+66864244229\">+66 (0)86 424 4229<\/a>\r\n<h4>Pi\u00e8ces d\u00e9tach\u00e9es et service apr\u00e8s-vente pour le sucre<\/h4>\r\nGannawee Lertpeerakorn <a href=\"mailto:gannawee@broadbent.co.uk\">gannawee@broadbent.co.uk<\/a>\r\nT :   <a href=\"tel:+66891119113\">+66 (0)89 111 9113<\/a>\r\n<h3>Inde<\/h3>\r\n<h4>Broadbent India - Ventes et apr\u00e8s-vente<\/h4>\r\nSourabh Kamal <a href=\"mailto:Ksourabh@broadbent-india.com\">Ksourabh@broadbent-india.com<\/a>\r\nT :   <a href=\"tel:+918349543233\">+91 (0)834 954 3233<\/a>\r\n<h3>Pologne<\/h3>\r\n<h4>Broadbent Poland - Pi\u00e8ces d\u00e9tach\u00e9es et service apr\u00e8s-vente<\/h4>\r\nRadoslaw Witkowski <a href=\"mailto:rwitkoswski@broadbent.co.uk\">rwitkoswski@broadbent.co.uk<\/a>\r\nT :   <a href=\"tel:+48512577902\">+48 (0)512 577 902<\/a>","text_align":"left","add_image":"no","image":null,"image_align":false,"image_width":"w50","background_colour":"none","add_background_image":"no","background_image":null,"button":"no","button_links":null,"remove_padding_top":["yes"]}]},"yoast_head":"<!-- This site is optimized with the Yoast SEO plugin v27.4 - https:\/\/yoast.com\/product\/yoast-seo-wordpress\/ -->\n<title>- Broadbent<\/title>\n<meta name=\"description\" content=\"Contactez Broadbent, fournisseur de solutions compl\u00e8tes cl\u00e9 en main pour tous vos besoins en solutions de s\u00e9paration par centrifugation.\" \/>\n<meta name=\"robots\" content=\"index, follow, max-snippet:-1, max-image-preview:large, max-video-preview:-1\" \/>\n<link rel=\"canonical\" href=\"https:\/\/broadbent.co.uk\/fr\/contactez-nous\/\" \/>\n<meta property=\"og:locale\" content=\"fr_FR\" \/>\n<meta property=\"og:type\" content=\"article\" \/>\n<meta property=\"og:title\" content=\"- Broadbent\" \/>\n<meta property=\"og:description\" content=\"Contactez Broadbent, fournisseur de solutions compl\u00e8tes cl\u00e9 en main pour tous vos besoins en solutions de s\u00e9paration par centrifugation.\" \/>\n<meta property=\"og:url\" content=\"https:\/\/broadbent.co.uk\/fr\/contactez-nous\/\" \/>\n<meta property=\"og:site_name\" content=\"Broadbent\" \/>\n<meta property=\"article:modified_time\" content=\"2025-08-14T10:38:20+00:00\" \/>\n<meta property=\"og:image\" content=\"https:\/\/broadbent.co.uk\/wp-content\/uploads\/2023\/12\/logo-broadbent.jpg\" \/>\n\t<meta property=\"og:image:width\" content=\"973\" \/>\n\t<meta property=\"og:image:height\" content=\"345\" \/>\n\t<meta property=\"og:image:type\" content=\"image\/jpeg\" \/>\n<meta name=\"twitter:card\" content=\"summary_large_image\" \/>\n<script type=\"application\/ld+json\" class=\"yoast-schema-graph\">{\"@context\":\"https:\\\/\\\/schema.org\",\"@graph\":[{\"@type\":\"WebPage\",\"@id\":\"https:\\\/\\\/broadbent.co.uk\\\/fr\\\/contactez-nous\\\/\",\"url\":\"https:\\\/\\\/broadbent.co.uk\\\/fr\\\/contactez-nous\\\/\",\"name\":\"- Broadbent\",\"isPartOf\":{\"@id\":\"https:\\\/\\\/broadbent.co.uk\\\/#website\"},\"datePublished\":\"2023-12-29T10:00:00+00:00\",\"dateModified\":\"2025-08-14T10:38:20+00:00\",\"description\":\"Contactez Broadbent, fournisseur de solutions compl\u00e8tes cl\u00e9 en main pour tous vos besoins en solutions de s\u00e9paration par centrifugation.\",\"breadcrumb\":{\"@id\":\"https:\\\/\\\/broadbent.co.uk\\\/fr\\\/contactez-nous\\\/#breadcrumb\"},\"inLanguage\":\"fr-FR\",\"potentialAction\":[{\"@type\":\"ReadAction\",\"target\":[\"https:\\\/\\\/broadbent.co.uk\\\/fr\\\/contactez-nous\\\/\"]}]},{\"@type\":\"BreadcrumbList\",\"@id\":\"https:\\\/\\\/broadbent.co.uk\\\/fr\\\/contactez-nous\\\/#breadcrumb\",\"itemListElement\":[{\"@type\":\"ListItem\",\"position\":1,\"name\":\"Home\",\"item\":\"https:\\\/\\\/broadbent.co.uk\\\/fr\\\/\"},{\"@type\":\"ListItem\",\"position\":2,\"name\":\"Contactez nous\"}]},{\"@type\":\"WebSite\",\"@id\":\"https:\\\/\\\/broadbent.co.uk\\\/#website\",\"url\":\"https:\\\/\\\/broadbent.co.uk\\\/\",\"name\":\"Broadbent\",\"description\":\"Thomas Broadbent - Centrifugal machines\",\"publisher\":{\"@id\":\"https:\\\/\\\/broadbent.co.uk\\\/#organization\"},\"alternateName\":\"Thomas Broadbent\",\"potentialAction\":[{\"@type\":\"SearchAction\",\"target\":{\"@type\":\"EntryPoint\",\"urlTemplate\":\"https:\\\/\\\/broadbent.co.uk\\\/?s={search_term_string}\"},\"query-input\":{\"@type\":\"PropertyValueSpecification\",\"valueRequired\":true,\"valueName\":\"search_term_string\"}}],\"inLanguage\":\"fr-FR\"},{\"@type\":\"Organization\",\"@id\":\"https:\\\/\\\/broadbent.co.uk\\\/#organization\",\"name\":\"Thomas Broadbent & Sons Ltd\",\"alternateName\":\"Broadbent\",\"url\":\"https:\\\/\\\/broadbent.co.uk\\\/\",\"logo\":{\"@type\":\"ImageObject\",\"inLanguage\":\"fr-FR\",\"@id\":\"https:\\\/\\\/broadbent.co.uk\\\/#\\\/schema\\\/logo\\\/image\\\/\",\"url\":\"https:\\\/\\\/broadbent.co.uk\\\/wp-content\\\/uploads\\\/2024\\\/09\\\/LogoLogoWorld-400x250-1.jpg\",\"contentUrl\":\"https:\\\/\\\/broadbent.co.uk\\\/wp-content\\\/uploads\\\/2024\\\/09\\\/LogoLogoWorld-400x250-1.jpg\",\"width\":400,\"height\":250,\"caption\":\"Thomas Broadbent & Sons Ltd\"},\"image\":{\"@id\":\"https:\\\/\\\/broadbent.co.uk\\\/#\\\/schema\\\/logo\\\/image\\\/\"},\"sameAs\":[\"https:\\\/\\\/www.linkedin.com\\\/company\\\/broadbent-centrifuges\\\/posts\\\/?feedView=all\"]}]}<\/script>\n<!-- \/ Yoast SEO plugin. -->","yoast_head_json":{"title":"- Broadbent","description":"Contactez Broadbent, fournisseur de solutions compl\u00e8tes cl\u00e9 en main pour tous vos besoins en solutions de s\u00e9paration par centrifugation.","robots":{"index":"index","follow":"follow","max-snippet":"max-snippet:-1","max-image-preview":"max-image-preview:large","max-video-preview":"max-video-preview:-1"},"canonical":"https:\/\/broadbent.co.uk\/fr\/contactez-nous\/","og_locale":"fr_FR","og_type":"article","og_title":"- Broadbent","og_description":"Contactez Broadbent, fournisseur de solutions compl\u00e8tes cl\u00e9 en main pour tous vos besoins en solutions de s\u00e9paration par centrifugation.","og_url":"https:\/\/broadbent.co.uk\/fr\/contactez-nous\/","og_site_name":"Broadbent","article_modified_time":"2025-08-14T10:38:20+00:00","og_image":[{"width":973,"height":345,"url":"https:\/\/broadbent.co.uk\/wp-content\/uploads\/2023\/12\/logo-broadbent.jpg","type":"image\/jpeg"}],"twitter_card":"summary_large_image","schema":{"@context":"https:\/\/schema.org","@graph":[{"@type":"WebPage","@id":"https:\/\/broadbent.co.uk\/fr\/contactez-nous\/","url":"https:\/\/broadbent.co.uk\/fr\/contactez-nous\/","name":"- Broadbent","isPartOf":{"@id":"https:\/\/broadbent.co.uk\/#website"},"datePublished":"2023-12-29T10:00:00+00:00","dateModified":"2025-08-14T10:38:20+00:00","description":"Contactez Broadbent, fournisseur de solutions compl\u00e8tes cl\u00e9 en main pour tous vos besoins en solutions de s\u00e9paration par centrifugation.","breadcrumb":{"@id":"https:\/\/broadbent.co.uk\/fr\/contactez-nous\/#breadcrumb"},"inLanguage":"fr-FR","potentialAction":[{"@type":"ReadAction","target":["https:\/\/broadbent.co.uk\/fr\/contactez-nous\/"]}]},{"@type":"BreadcrumbList","@id":"https:\/\/broadbent.co.uk\/fr\/contactez-nous\/#breadcrumb","itemListElement":[{"@type":"ListItem","position":1,"name":"Home","item":"https:\/\/broadbent.co.uk\/fr\/"},{"@type":"ListItem","position":2,"name":"Contactez nous"}]},{"@type":"WebSite","@id":"https:\/\/broadbent.co.uk\/#website","url":"https:\/\/broadbent.co.uk\/","name":"Broadbent","description":"Thomas Broadbent - Centrifugal machines","publisher":{"@id":"https:\/\/broadbent.co.uk\/#organization"},"alternateName":"Thomas Broadbent","potentialAction":[{"@type":"SearchAction","target":{"@type":"EntryPoint","urlTemplate":"https:\/\/broadbent.co.uk\/?s={search_term_string}"},"query-input":{"@type":"PropertyValueSpecification","valueRequired":true,"valueName":"search_term_string"}}],"inLanguage":"fr-FR"},{"@type":"Organization","@id":"https:\/\/broadbent.co.uk\/#organization","name":"Thomas Broadbent & Sons Ltd","alternateName":"Broadbent","url":"https:\/\/broadbent.co.uk\/","logo":{"@type":"ImageObject","inLanguage":"fr-FR","@id":"https:\/\/broadbent.co.uk\/#\/schema\/logo\/image\/","url":"https:\/\/broadbent.co.uk\/wp-content\/uploads\/2024\/09\/LogoLogoWorld-400x250-1.jpg","contentUrl":"https:\/\/broadbent.co.uk\/wp-content\/uploads\/2024\/09\/LogoLogoWorld-400x250-1.jpg","width":400,"height":250,"caption":"Thomas Broadbent & Sons Ltd"},"image":{"@id":"https:\/\/broadbent.co.uk\/#\/schema\/logo\/image\/"},"sameAs":["https:\/\/www.linkedin.com\/company\/broadbent-centrifuges\/posts\/?feedView=all"]}]}},"_links":{"self":[{"href":"https:\/\/broadbent.co.uk\/fr\/wp-json\/wp\/v2\/pages\/6167","targetHints":{"allow":["GET"]}}],"collection":[{"href":"https:\/\/broadbent.co.uk\/fr\/wp-json\/wp\/v2\/pages"}],"about":[{"href":"https:\/\/broadbent.co.uk\/fr\/wp-json\/wp\/v2\/types\/page"}],"author":[{"embeddable":true,"href":"https:\/\/broadbent.co.uk\/fr\/wp-json\/wp\/v2\/users\/1"}],"replies":[{"embeddable":true,"href":"https:\/\/broadbent.co.uk\/fr\/wp-json\/wp\/v2\/comments?post=6167"}],"version-history":[{"count":6,"href":"https:\/\/broadbent.co.uk\/fr\/wp-json\/wp\/v2\/pages\/6167\/revisions"}],"predecessor-version":[{"id":7093,"href":"https:\/\/broadbent.co.uk\/fr\/wp-json\/wp\/v2\/pages\/6167\/revisions\/7093"}],"wp:attachment":[{"href":"https:\/\/broadbent.co.uk\/fr\/wp-json\/wp\/v2\/media?parent=6167"}],"curies":[{"name":"wp","href":"https:\/\/api.w.org\/{rel}","templated":true}]}}