{"id":6170,"date":"2024-09-08T16:14:19","date_gmt":"2024-09-08T15:14:19","guid":{"rendered":"https:\/\/broadbent.bnodeltd.co.uk\/le-recrutement\/"},"modified":"2025-05-16T11:21:44","modified_gmt":"2025-05-16T10:21:44","slug":"le-recrutement","status":"publish","type":"page","link":"https:\/\/broadbent.co.uk\/fr\/le-recrutement\/","title":{"rendered":"Le recrutement"},"content":{"rendered":"","protected":false},"excerpt":{"rendered":"","protected":false},"author":1,"featured_media":0,"parent":0,"menu_order":0,"comment_status":"closed","ping_status":"closed","template":"","meta":{"_acf_changed":false,"footnotes":""},"class_list":["post-6170","page","type-page","status-publish","hentry"],"acf":{"content":[{"acf_fc_layout":"hero_content_v3","id":"hero","hero-slide-v2":[{"title":"Rejoignez Broadbent's","text":"Broadbent's, un h\u00e9ritage d'innovation et d'excellence. Si vous \u00eates passionn\u00e9 par l'ing\u00e9nierie et attach\u00e9 \u00e0 la qualit\u00e9, envisagez de rejoindre notre \u00e9quipe de professionnels qualifi\u00e9s. Ensemble, nous fa\u00e7onnerons l'avenir des normes industrielles.  ","button":"yes","button_text":"Envoyez-nous votre CV","button_link":"#CV","background_image":5927}]},{"acf_fc_layout":"rows","id":"","background":"grey","show_content_before_rows":["yes"],"title":"Une journ\u00e9e dans la vie de Broadbent","description":{"show_description":["yes"],"description_text":"L'\u00e9quipe de Broadbent se compose d'environ 140 personnes dot\u00e9es d'une grande richesse de comp\u00e9tences, de connaissances, d'exp\u00e9riences et de points de vue. Nos collaborateurs sont \u00e9galement motiv\u00e9s par l'engagement de soutenir nos clients et de r\u00e9soudre leurs probl\u00e8mes de processus. "},"content":"","row":[{"box":[{"style":"column","width":"1\/2","image":6077,"title":"","add_title_background":"","text":"","text_style":"standard","show_checklist":"","checklist":null,"show_buttons":"","button_link":"","button_text":""},{"style":"column","width":"1\/2","image":"","title":"","add_title_background":"","text":"L'expertise de Broadbent couvre toutes les disciplines principales, y compris l'ing\u00e9nierie des proc\u00e9d\u00e9s, la conception m\u00e9canique et \u00e9lectrique, les contr\u00f4les industriels et l'ing\u00e9nierie de production. Nous investissons \u00e9galement dans notre base de comp\u00e9tences avec un programme continu d'apprentis artisans. \n\nNos \u00e9quipes d'ing\u00e9nieurs peuvent prendre en charge des projets de grande envergure li\u00e9s \u00e0 l'installation de batteries compl\u00e8tes de centrifugeuses, ainsi qu'\u00e0 la sp\u00e9cification et \u00e0 la fourniture d'\u00e9quipements auxiliaires tels que des sous-structures, des r\u00e9servoirs d'alimentation, des convoyeurs et des pompes, etc.","text_style":"standard","show_checklist":"","checklist":null,"show_buttons":"","button_link":"","button_text":""}],"vertical_alignment":"top"},{"box":[{"style":"column","width":"1","image":"","title":"","add_title_background":"","text":"","text_style":"standard","show_checklist":["yes"],"checklist":[{"checklist_item":"4-day week roles"},{"checklist_item":"Company pension"},{"checklist_item":"Family run business"},{"checklist_item":"Promotion opportunities"},{"checklist_item":"Award-winning healthcare provision"},{"checklist_item":"Competitive salaries"},{"checklist_item":"160 years in business"},{"checklist_item":"On-site town centre parking"}],"show_buttons":"","button_link":"","button_text":""}],"vertical_alignment":"top"}]},{"acf_fc_layout":"vacancies","background":"dark","show_content_before_vacancies":["yes"],"title":"Postes vacants","description":{"show_description":"","description_text":""},"content":"","vacancies":[{"title":"No Current Vacancies","address":"Queen Street South, Huddersfield","salary":"N\/A","description":"Il n'y a pas de poste vacant en ce moment.\n\nGardez l'\u0153il ouvert et n'h\u00e9sitez pas \u00e0 nous envoyer votre CV ci-dessous.","link":"#CV"}]},{"acf_fc_layout":"shortcode_content","id":"CV","background":"light:","show_content_before_rows":["yes"],"title":"Envoyez-nous votre CV","description_to_the_side_of_title":{"show_description":"","description_text":""},"content":"","shortcode":"[contact-form-7 id=\"57cf694\" title=\"Send CV Form\"]"},{"acf_fc_layout":"columns","id":"","background":"light:","show_content_before_columns":["yes"],"title":"Accr\u00e9ditations","description":{"show_description":"","description_text":""},"content":"","column":[{"col_image":4922,"col_title":"","add_title_background":"","col_text":"","add_link":"","link":"","add_link_to_image":[],"show_button":[],"button_text":"","images":null,"images_style":"row"},{"col_image":4927,"col_title":"","add_title_background":"","col_text":"","add_link":"","link":"","add_link_to_image":[],"show_button":[],"button_text":"","images":null,"images_style":"row"},{"col_image":4917,"col_title":"","add_title_background":"","col_text":"","add_link":"","link":"","add_link_to_image":[],"show_button":[],"button_text":"","images":null,"images_style":"row"},{"col_image":4932,"col_title":"","add_title_background":"","col_text":"","add_link":"","link":"","add_link_to_image":[],"show_button":[],"button_text":"","images":null,"images_style":"row"}],"col_display":"four_col","images_full_width_of_column":"","show_large_text":"","line_1":"","line_2":""},{"acf_fc_layout":"shortcode_content","id":"","background":"dark","show_content_before_rows":["yes"],"title":"Contactez nous","description_to_the_side_of_title":{"show_description":"","description_text":""},"content":"","shortcode":"[contact-form-7 id=\"9f61392\" title=\"Contact Form\"]"}]},"yoast_head":"<!-- This site is optimized with the Yoast SEO plugin v27.5 - https:\/\/yoast.com\/product\/yoast-seo-wordpress\/ -->\n<title>- Broadbent<\/title>\n<meta name=\"description\" content=\"Broadbent Recruitment : les derni\u00e8res offres d&#039;emploi et informations sur les carri\u00e8res chez Broadbent, y compris la mani\u00e8re de postuler \u00e0 nos emplois et apprentissages.\" \/>\n<meta name=\"robots\" content=\"index, follow, max-snippet:-1, max-image-preview:large, max-video-preview:-1\" \/>\n<link rel=\"canonical\" href=\"https:\/\/broadbent.co.uk\/fr\/le-recrutement\/\" \/>\n<meta property=\"og:locale\" content=\"fr_FR\" \/>\n<meta property=\"og:type\" content=\"article\" \/>\n<meta property=\"og:title\" content=\"- Broadbent\" \/>\n<meta property=\"og:description\" content=\"Broadbent Recruitment : les derni\u00e8res offres d&#039;emploi et informations sur les carri\u00e8res chez Broadbent, y compris la mani\u00e8re de postuler \u00e0 nos emplois et apprentissages.\" \/>\n<meta property=\"og:url\" content=\"https:\/\/broadbent.co.uk\/fr\/le-recrutement\/\" \/>\n<meta property=\"og:site_name\" content=\"Broadbent\" \/>\n<meta property=\"article:modified_time\" content=\"2025-05-16T10:21:44+00:00\" \/>\n<meta property=\"og:image\" content=\"https:\/\/broadbent.co.uk\/wp-content\/uploads\/2023\/12\/logo-broadbent.jpg\" \/>\n\t<meta property=\"og:image:width\" content=\"973\" \/>\n\t<meta property=\"og:image:height\" content=\"345\" \/>\n\t<meta property=\"og:image:type\" content=\"image\/jpeg\" \/>\n<meta name=\"twitter:card\" content=\"summary_large_image\" \/>\n<script type=\"application\/ld+json\" class=\"yoast-schema-graph\">{\"@context\":\"https:\\\/\\\/schema.org\",\"@graph\":[{\"@type\":\"WebPage\",\"@id\":\"https:\\\/\\\/broadbent.co.uk\\\/fr\\\/le-recrutement\\\/\",\"url\":\"https:\\\/\\\/broadbent.co.uk\\\/fr\\\/le-recrutement\\\/\",\"name\":\"- Broadbent\",\"isPartOf\":{\"@id\":\"https:\\\/\\\/broadbent.co.uk\\\/#website\"},\"datePublished\":\"2024-09-08T15:14:19+00:00\",\"dateModified\":\"2025-05-16T10:21:44+00:00\",\"description\":\"Broadbent Recruitment : les derni\u00e8res offres d'emploi et informations sur les carri\u00e8res chez Broadbent, y compris la mani\u00e8re de postuler \u00e0 nos emplois et apprentissages.\",\"breadcrumb\":{\"@id\":\"https:\\\/\\\/broadbent.co.uk\\\/fr\\\/le-recrutement\\\/#breadcrumb\"},\"inLanguage\":\"fr-FR\",\"potentialAction\":[{\"@type\":\"ReadAction\",\"target\":[\"https:\\\/\\\/broadbent.co.uk\\\/fr\\\/le-recrutement\\\/\"]}]},{\"@type\":\"BreadcrumbList\",\"@id\":\"https:\\\/\\\/broadbent.co.uk\\\/fr\\\/le-recrutement\\\/#breadcrumb\",\"itemListElement\":[{\"@type\":\"ListItem\",\"position\":1,\"name\":\"Home\",\"item\":\"https:\\\/\\\/broadbent.co.uk\\\/fr\\\/\"},{\"@type\":\"ListItem\",\"position\":2,\"name\":\"Le recrutement\"}]},{\"@type\":\"WebSite\",\"@id\":\"https:\\\/\\\/broadbent.co.uk\\\/#website\",\"url\":\"https:\\\/\\\/broadbent.co.uk\\\/\",\"name\":\"Broadbent\",\"description\":\"Thomas Broadbent - Centrifugal machines\",\"publisher\":{\"@id\":\"https:\\\/\\\/broadbent.co.uk\\\/#organization\"},\"alternateName\":\"Thomas Broadbent\",\"potentialAction\":[{\"@type\":\"SearchAction\",\"target\":{\"@type\":\"EntryPoint\",\"urlTemplate\":\"https:\\\/\\\/broadbent.co.uk\\\/?s={search_term_string}\"},\"query-input\":{\"@type\":\"PropertyValueSpecification\",\"valueRequired\":true,\"valueName\":\"search_term_string\"}}],\"inLanguage\":\"fr-FR\"},{\"@type\":\"Organization\",\"@id\":\"https:\\\/\\\/broadbent.co.uk\\\/#organization\",\"name\":\"Thomas Broadbent & Sons Ltd\",\"alternateName\":\"Broadbent\",\"url\":\"https:\\\/\\\/broadbent.co.uk\\\/\",\"logo\":{\"@type\":\"ImageObject\",\"inLanguage\":\"fr-FR\",\"@id\":\"https:\\\/\\\/broadbent.co.uk\\\/#\\\/schema\\\/logo\\\/image\\\/\",\"url\":\"https:\\\/\\\/broadbent.co.uk\\\/wp-content\\\/uploads\\\/2024\\\/09\\\/LogoLogoWorld-400x250-1.jpg\",\"contentUrl\":\"https:\\\/\\\/broadbent.co.uk\\\/wp-content\\\/uploads\\\/2024\\\/09\\\/LogoLogoWorld-400x250-1.jpg\",\"width\":400,\"height\":250,\"caption\":\"Thomas Broadbent & Sons Ltd\"},\"image\":{\"@id\":\"https:\\\/\\\/broadbent.co.uk\\\/#\\\/schema\\\/logo\\\/image\\\/\"},\"sameAs\":[\"https:\\\/\\\/www.linkedin.com\\\/company\\\/broadbent-centrifuges\\\/posts\\\/?feedView=all\"]}]}<\/script>\n<!-- \/ Yoast SEO plugin. -->","yoast_head_json":{"title":"- Broadbent","description":"Broadbent Recruitment : les derni\u00e8res offres d'emploi et informations sur les carri\u00e8res chez Broadbent, y compris la mani\u00e8re de postuler \u00e0 nos emplois et apprentissages.","robots":{"index":"index","follow":"follow","max-snippet":"max-snippet:-1","max-image-preview":"max-image-preview:large","max-video-preview":"max-video-preview:-1"},"canonical":"https:\/\/broadbent.co.uk\/fr\/le-recrutement\/","og_locale":"fr_FR","og_type":"article","og_title":"- Broadbent","og_description":"Broadbent Recruitment : les derni\u00e8res offres d'emploi et informations sur les carri\u00e8res chez Broadbent, y compris la mani\u00e8re de postuler \u00e0 nos emplois et apprentissages.","og_url":"https:\/\/broadbent.co.uk\/fr\/le-recrutement\/","og_site_name":"Broadbent","article_modified_time":"2025-05-16T10:21:44+00:00","og_image":[{"width":973,"height":345,"url":"https:\/\/broadbent.co.uk\/wp-content\/uploads\/2023\/12\/logo-broadbent.jpg","type":"image\/jpeg"}],"twitter_card":"summary_large_image","schema":{"@context":"https:\/\/schema.org","@graph":[{"@type":"WebPage","@id":"https:\/\/broadbent.co.uk\/fr\/le-recrutement\/","url":"https:\/\/broadbent.co.uk\/fr\/le-recrutement\/","name":"- Broadbent","isPartOf":{"@id":"https:\/\/broadbent.co.uk\/#website"},"datePublished":"2024-09-08T15:14:19+00:00","dateModified":"2025-05-16T10:21:44+00:00","description":"Broadbent Recruitment : les derni\u00e8res offres d'emploi et informations sur les carri\u00e8res chez Broadbent, y compris la mani\u00e8re de postuler \u00e0 nos emplois et apprentissages.","breadcrumb":{"@id":"https:\/\/broadbent.co.uk\/fr\/le-recrutement\/#breadcrumb"},"inLanguage":"fr-FR","potentialAction":[{"@type":"ReadAction","target":["https:\/\/broadbent.co.uk\/fr\/le-recrutement\/"]}]},{"@type":"BreadcrumbList","@id":"https:\/\/broadbent.co.uk\/fr\/le-recrutement\/#breadcrumb","itemListElement":[{"@type":"ListItem","position":1,"name":"Home","item":"https:\/\/broadbent.co.uk\/fr\/"},{"@type":"ListItem","position":2,"name":"Le recrutement"}]},{"@type":"WebSite","@id":"https:\/\/broadbent.co.uk\/#website","url":"https:\/\/broadbent.co.uk\/","name":"Broadbent","description":"Thomas Broadbent - Centrifugal machines","publisher":{"@id":"https:\/\/broadbent.co.uk\/#organization"},"alternateName":"Thomas Broadbent","potentialAction":[{"@type":"SearchAction","target":{"@type":"EntryPoint","urlTemplate":"https:\/\/broadbent.co.uk\/?s={search_term_string}"},"query-input":{"@type":"PropertyValueSpecification","valueRequired":true,"valueName":"search_term_string"}}],"inLanguage":"fr-FR"},{"@type":"Organization","@id":"https:\/\/broadbent.co.uk\/#organization","name":"Thomas Broadbent & Sons Ltd","alternateName":"Broadbent","url":"https:\/\/broadbent.co.uk\/","logo":{"@type":"ImageObject","inLanguage":"fr-FR","@id":"https:\/\/broadbent.co.uk\/#\/schema\/logo\/image\/","url":"https:\/\/broadbent.co.uk\/wp-content\/uploads\/2024\/09\/LogoLogoWorld-400x250-1.jpg","contentUrl":"https:\/\/broadbent.co.uk\/wp-content\/uploads\/2024\/09\/LogoLogoWorld-400x250-1.jpg","width":400,"height":250,"caption":"Thomas Broadbent & Sons Ltd"},"image":{"@id":"https:\/\/broadbent.co.uk\/#\/schema\/logo\/image\/"},"sameAs":["https:\/\/www.linkedin.com\/company\/broadbent-centrifuges\/posts\/?feedView=all"]}]}},"_links":{"self":[{"href":"https:\/\/broadbent.co.uk\/fr\/wp-json\/wp\/v2\/pages\/6170","targetHints":{"allow":["GET"]}}],"collection":[{"href":"https:\/\/broadbent.co.uk\/fr\/wp-json\/wp\/v2\/pages"}],"about":[{"href":"https:\/\/broadbent.co.uk\/fr\/wp-json\/wp\/v2\/types\/page"}],"author":[{"embeddable":true,"href":"https:\/\/broadbent.co.uk\/fr\/wp-json\/wp\/v2\/users\/1"}],"replies":[{"embeddable":true,"href":"https:\/\/broadbent.co.uk\/fr\/wp-json\/wp\/v2\/comments?post=6170"}],"version-history":[{"count":3,"href":"https:\/\/broadbent.co.uk\/fr\/wp-json\/wp\/v2\/pages\/6170\/revisions"}],"predecessor-version":[{"id":6286,"href":"https:\/\/broadbent.co.uk\/fr\/wp-json\/wp\/v2\/pages\/6170\/revisions\/6286"}],"wp:attachment":[{"href":"https:\/\/broadbent.co.uk\/fr\/wp-json\/wp\/v2\/media?parent=6170"}],"curies":[{"name":"wp","href":"https:\/\/api.w.org\/{rel}","templated":true}]}}