{"id":6174,"date":"2024-09-09T13:18:53","date_gmt":"2024-09-09T12:18:53","guid":{"rendered":"https:\/\/broadbent.bnodeltd.co.uk\/pieces-detachees-et-reparations\/"},"modified":"2025-05-16T10:54:05","modified_gmt":"2025-05-16T09:54:05","slug":"pieces-detachees-et-reparations","status":"publish","type":"page","link":"https:\/\/broadbent.co.uk\/fr\/pieces-detachees-et-reparations\/","title":{"rendered":"Pi\u00e8ces d\u00e9tach\u00e9es et r\u00e9parations"},"content":{"rendered":"","protected":false},"excerpt":{"rendered":"","protected":false},"author":6,"featured_media":0,"parent":0,"menu_order":0,"comment_status":"closed","ping_status":"closed","template":"","meta":{"_acf_changed":false,"footnotes":""},"class_list":["post-6174","page","type-page","status-publish","hentry"],"acf":{"content":[{"acf_fc_layout":"hero_content_v3","id":"page-top","hero-slide-v2":[{"title":"Pi\u00e8ces d\u00e9tach\u00e9es et r\u00e9parations pour centrifugeuses","text":"Un service apr\u00e8s-vente efficace, qui minimise vos temps d'arr\u00eat en proposant des pi\u00e8ces de rechange et des r\u00e9parations OEM rapides, fiables et de qualit\u00e9, \u00e0 des prix comp\u00e9titifs. Des pi\u00e8ces d'origine OEM pour pr\u00e9server les performances de vos machines, prolonger leur dur\u00e9e de vie et r\u00e9duire les co\u00fbts de maintenance \u00e0 long terme. ","button":"yes","button_text":"R\u00e9parations de centrifugeuses","button_link":"#refurb","background_image":5912},{"title":"R\u00e9tro-ing\u00e9nierie","text":"R\u00e9tro-ing\u00e9nierie de pi\u00e8ces pour des machines concurrentes, vous permettant de mettre \u00e0 niveau, d'am\u00e9liorer et d'optimiser vos syst\u00e8mes actuels. Des solutions adapt\u00e9es \u00e0 vos besoins op\u00e9rationnels sp\u00e9cifiques, vous aidant \u00e0 garder une longueur d'avance sur la concurrence. ","button":"yes","button_text":"Pi\u00e8ces issues de l'ing\u00e9nierie inverse","button_link":"#reverse","background_image":6132},{"title":"Pi\u00e8ces d\u00e9tach\u00e9es","text":"En ce qui concerne les pi\u00e8ces de rechange pour centrifugeuses, nous disposons d'un stock de plus de 3 millions de livres sterling, et nous sommes situ\u00e9s \u00e0 proximit\u00e9 de tous les principaux ports a\u00e9riens et maritimes du Royaume-Uni. Ainsi, si vous \u00eates confront\u00e9 \u00e0 un temps d'arr\u00eat impr\u00e9vu, nous pouvons garantir que vos op\u00e9rations reprennent avec un minimum de perturbations.","button":"yes","button_text":"Pi\u00e8ces d\u00e9tach\u00e9es","button_link":"#spares","background_image":6042}]},{"acf_fc_layout":"rows","id":"","background":"light:","show_content_before_rows":"","title":"","description":{"show_description":"","description_text":""},"content":"","row":[{"box":[{"style":"column","width":"1\/2","image":5087,"title":"","add_title_background":"","text":"","text_style":"standard","show_checklist":"","checklist":null,"show_buttons":"","button_link":"","button_text":""},{"style":"column","width":"1\/2","image":"","title":"","add_title_background":"","text":"<h3>Pi\u00e8ces d\u00e9tach\u00e9es et r\u00e9parations<\/h3>\nChez Thomas Broadbent, notre division Pi\u00e8ces d\u00e9tach\u00e9es et R\u00e9parations se consacre \u00e0 la fourniture d'un service \u00e0 la client\u00e8le exceptionnel, garantissant une assistance rapide et efficace \u00e0 chaque client. Gr\u00e2ce \u00e0 nos nombreux sites r\u00e9partis dans le monde entier, nous sommes bien \u00e9quip\u00e9s pour r\u00e9pondre \u00e0 vos besoins, o\u00f9 que vous soyez, en vous offrant un acc\u00e8s fiable \u00e0 un stock complet de pi\u00e8ces d\u00e9tach\u00e9es de haute qualit\u00e9 et \u00e0 des r\u00e9parations effectu\u00e9es par des experts. Notre \u00e9quipe de sp\u00e9cialistes s'engage \u00e0 maintenir les performances optimales de votre \u00e9quipement, \u00e0 minimiser les temps d'arr\u00eat et \u00e0 am\u00e9liorer l'efficacit\u00e9 op\u00e9rationnelle en se conformant \u00e0 la qualit\u00e9 et au service les plus \u00e9lev\u00e9s auxquels vous pouvez faire confiance.  ","text_style":"standard","show_checklist":"","checklist":null,"show_buttons":"","button_link":"","button_text":""}],"vertical_alignment":"top"},{"box":null,"vertical_alignment":"top"}]},{"acf_fc_layout":"rows","id":"","background":"light:","show_content_before_rows":"","title":"","description":{"show_description":"","description_text":""},"content":"","row":[{"box":[{"style":"column","width":"1\/3","image":5612,"title":"","add_title_background":"","text":"","text_style":"standard","show_checklist":"","checklist":null,"show_buttons":"","button_link":"","button_text":""},{"style":"column","width":"1\/3","image":4392,"title":"","add_title_background":"","text":"","text_style":"standard","show_checklist":"","checklist":null,"show_buttons":"","button_link":"","button_text":""},{"style":"column","width":"1\/3","image":4387,"title":"","add_title_background":"","text":"","text_style":"standard","show_checklist":"","checklist":null,"show_buttons":"","button_link":"","button_text":""}],"vertical_alignment":"top"}]},{"acf_fc_layout":"columns","id":"spares","background":"grey","show_content_before_columns":["yes"],"title":"Pi\u00e8ces d\u00e9tach\u00e9es","description":{"show_description":"","description_text":""},"content":"\u00a0\nNotre engagement \u00e0 fournir des pi\u00e8ces de rechange d'origine OEM signifie que vous b\u00e9n\u00e9ficiez de composants con\u00e7us pour am\u00e9liorer l'efficacit\u00e9, la productivit\u00e9 et la long\u00e9vit\u00e9 de vos syst\u00e8mes de centrifugation. Ces pi\u00e8ces sont fabriqu\u00e9es selon les sp\u00e9cifications les plus strictes et adapt\u00e9es pr\u00e9cis\u00e9ment aux besoins de votre \u00e9quipement, ce qui garantit une int\u00e9gration parfaite et des performances fiables. ","column":[{"col_image":5332,"col_title":"","add_title_background":"","col_text":"","add_link":"","link":"","add_link_to_image":[],"show_button":[],"button_text":"","images":null,"images_style":"column"},{"col_image":"","col_title":"","add_title_background":"","col_text":"En choisissant des pi\u00e8ces d'origine OEM, vous pr\u00e9servez non seulement les performances de vos machines, mais vous prolongez \u00e9galement leur dur\u00e9e de vie, r\u00e9duisant ainsi les co\u00fbts d'entretien \u00e0 long terme.\n\nEn outre, notre \u00e9quipe d'experts peut vous recommander les pi\u00e8ces de rechange essentielles \u00e0 conserver sur place, ce qui vous permet de r\u00e9soudre rapidement tout probl\u00e8me potentiel et d'\u00e9viter les retards caus\u00e9s par l'approvisionnement en pi\u00e8ces \u00e0 court terme. Notre \u00e9quipe est l\u00e0 pour soutenir votre continuit\u00e9 op\u00e9rationnelle avec des conseils d'experts et un acc\u00e8s rapide aux pi\u00e8ces dont vous avez besoin. \n\nPour plus de flexibilit\u00e9, nous pouvons \u00e9galement fournir des pi\u00e8ces d\u00e9tach\u00e9es pour les machines de nos concurrents, ce qui vous permet de b\u00e9n\u00e9ficier d'une assistance compl\u00e8te sous un m\u00eame toit.\n\nPour toute assistance ou pour demander un devis, veuillez contacter un membre de notre service des pi\u00e8ces d\u00e9tach\u00e9es - <a href=\"mailto:SSR@broadbent.co.uk\">SSR@broadbent.co.uk<\/a>","add_link":"","link":"","add_link_to_image":[],"show_button":[],"button_text":"","images":null,"images_style":"column"}],"col_display":"two_col","images_full_width_of_column":["yes"],"show_large_text":"","line_1":"","line_2":""},{"acf_fc_layout":"columns","id":"","background":"dark","show_content_before_columns":["yes"],"title":"Pi\u00e8ces d\u00e9tach\u00e9es","description":{"show_description":["yes"],"description_text":"Il est toujours utile de nous contacter pour toute demande de pi\u00e8ces d\u00e9tach\u00e9es pour les centrifugeuses Broadbent. Nous offrons un service d'assistance complet \u00e0 l'industrie sucri\u00e8re, \u00e0 l'industrie de la blanchisserie et \u00e0 d'autres secteurs, 24 heures sur 24 et 365 jours par an. Dans tout le Royaume-Uni, en Europe, aux \u00c9tats-Unis et dans le monde entier. Nos magasins au Royaume-Uni et aux \u00c9tats-Unis disposent de stocks importants d'articles essentiels, de consommables et d'articles \u00e0 demande r\u00e9guli\u00e8re pour la gamme compl\u00e8te des centrifugeuses Broadbent \u00e0 fonctionnement discontinu et continu.     "},"content":"","column":[{"col_image":5302,"col_title":"","add_title_background":"","col_text":"","add_link":"","link":"","add_link_to_image":[],"show_button":[],"button_text":"","images":null,"images_style":"row"},{"col_image":5307,"col_title":"","add_title_background":"","col_text":"","add_link":"","link":"","add_link_to_image":[],"show_button":[],"button_text":"","images":null,"images_style":"row"},{"col_image":5312,"col_title":"","add_title_background":"","col_text":"","add_link":"","link":"","add_link_to_image":[],"show_button":[],"button_text":"","images":null,"images_style":"row"},{"col_image":5317,"col_title":"","add_title_background":"","col_text":"","add_link":"","link":"","add_link_to_image":[],"show_button":[],"button_text":"","images":null,"images_style":"row"},{"col_image":5322,"col_title":"","add_title_background":"","col_text":"","add_link":"","link":"","add_link_to_image":[],"show_button":[],"button_text":"","images":null,"images_style":"row"},{"col_image":5327,"col_title":"","add_title_background":"","col_text":"","add_link":"","link":"","add_link_to_image":[],"show_button":[],"button_text":"","images":null,"images_style":"row"}],"col_display":"four_col","images_full_width_of_column":["yes"],"show_large_text":["yes"],"line_1":"Appelez notre \u00e9quipe de pi\u00e8ces d\u00e9tach\u00e9es d\u00e8s aujourd'hui au","line_2":"+44 (0)1484 477 305"},{"acf_fc_layout":"text_and_image_content","id":"brands-supplied","title_heading":"h2","title":"Quelques marques que nous fournissons","content":"\u00a0\nNous proposons une gamme compl\u00e8te de pi\u00e8ces de rechange de haute qualit\u00e9, non seulement pour nos propres centrifugeuses, mais aussi pour une large s\u00e9lection de machines de nos concurrents. Notre inventaire comprend des pi\u00e8ces de rechange compatibles avec les unit\u00e9s fabriqu\u00e9es par Ferrum, Western States, KHD, Andritz, Flottweg, Krauss-Maffei, Alfa Laval et Henkel. Gr\u00e2ce \u00e0 notre vaste r\u00e9seau et \u00e0 notre expertise industrielle, nous pouvons assurer la maintenance continue et les r\u00e9parations d'urgence, ce qui permet de minimiser les temps d'arr\u00eat et de garantir des performances optimales pour une grande vari\u00e9t\u00e9 de mod\u00e8les de centrifugeuses.  ","text_align":"left","add_image":"no","image":null,"image_align":false,"image_width":"w50","background_colour":"none","add_background_image":"no","background_image":null,"button":"no","button_links":null,"remove_padding_top":""},{"acf_fc_layout":"columns","id":"reverse","background":"light:","show_content_before_columns":["yes"],"title":"Pi\u00e8ces issues de l'ing\u00e9nierie inverse","description":{"show_description":"","description_text":""},"content":"","column":[{"col_image":"","col_title":"","add_title_background":"","col_text":"","add_link":"","link":"","add_link_to_image":[],"show_button":[],"button_text":"","images":[{"image":5262},{"image":5267},{"image":5272},{"image":5277},{"image":5282}],"images_style":"column"},{"col_image":"","col_title":"Nous proposons des services d'ing\u00e9nierie inverse sur les machines de nos concurrents, ce qui vous permet d'am\u00e9liorer et d'optimiser vos syst\u00e8mes actuels.","add_title_background":"","col_text":"Notre \u00e9quipe peut analyser en profondeur, d\u00e9monter et comprendre la fonctionnalit\u00e9 de n'importe quel \u00e9quipement, garantissant ainsi une reproduction pr\u00e9cise des pi\u00e8ces ou des conceptions de syst\u00e8mes complets.\n\nEn utilisant une technologie de pointe et notre connaissance approfondie de l'industrie, nous pouvons fournir des solutions adapt\u00e9es \u00e0 vos besoins op\u00e9rationnels sp\u00e9cifiques, vous aidant ainsi \u00e0 garder une longueur d'avance sur la concurrence.\n\nQu'il s'agisse d'am\u00e9liorer l'efficacit\u00e9 ou de trouver des composants difficiles \u00e0 trouver, nous garantissons des r\u00e9sultats fiables et pr\u00e9cis qui maximisent le potentiel de votre \u00e9quipement.","add_link":"","link":"","add_link_to_image":[],"show_button":[],"button_text":"","images":[{"image":5292},{"image":5287}],"images_style":"column"}],"col_display":"two_col","images_full_width_of_column":["yes"],"show_large_text":"","line_1":"","line_2":""},{"acf_fc_layout":"columns","id":"refurb","background":"grey","show_content_before_columns":["yes"],"title":"R\u00e9parations de centrifugeuses","description":{"show_description":"","description_text":""},"content":"\u00a0\nNotre service de r\u00e9paration est \u00e9quip\u00e9 d'un atelier ultramoderne et d'ing\u00e9nieurs tr\u00e8s exp\u00e9riment\u00e9s, pr\u00eats \u00e0 r\u00e9pondre \u00e0 tous vos besoins en mati\u00e8re de r\u00e9paration et de remise \u00e0 neuf. Qu'il s'agisse d'une r\u00e9paration mineure ou d'une r\u00e9vision compl\u00e8te, notre \u00e9quipe qualifi\u00e9e veille \u00e0 ce que votre \u00e9quipement retrouve ses performances optimales avec un temps d'immobilisation minimal. ","column":[{"col_image":"","col_title":"","add_title_background":"","col_text":"","add_link":"","link":"","add_link_to_image":[],"show_button":[],"button_text":"","images":[{"image":5337}],"images_style":"column"},{"col_image":"","col_title":"","add_title_background":"","col_text":"Le choix de la r\u00e9paration ou de la remise \u00e0 neuf permet non seulement de prolonger la dur\u00e9e de vie de vos machines, mais aussi de r\u00e9aliser des \u00e9conomies significatives par rapport \u00e0 l'achat d'\u00e9quipements neufs. En outre, les pi\u00e8ces et les syst\u00e8mes remis \u00e0 neuf fonctionnent souvent comme s'ils \u00e9taient neufs, ce qui am\u00e9liore l'efficacit\u00e9 tout en r\u00e9duisant les d\u00e9chets et en contribuant \u00e0 une exploitation plus durable. Faites confiance \u00e0 notre expertise pour remettre vos syst\u00e8mes en service rapidement, avec une garantie de qualit\u00e9 et de pr\u00e9cision. Nous proposons \u00e9galement des inspections compl\u00e8tes, y compris des essais non destructifs (END), avec des rapports complets pour garantir l'int\u00e9grit\u00e9 et la performance de votre \u00e9quipement. Ce service est disponible \u00e0 la fois dans notre atelier et sur site, si possible, afin de vous offrir flexibilit\u00e9 et commodit\u00e9 et de r\u00e9pondre \u00e0 vos besoins op\u00e9rationnels.    ","add_link":"","link":"","add_link_to_image":[],"show_button":[],"button_text":"","images":null,"images_style":"row"}],"col_display":"two_col","images_full_width_of_column":"","show_large_text":"","line_1":"","line_2":""},{"acf_fc_layout":"columns","id":"refurbished","background":"light:","show_content_before_columns":["yes"],"title":"\u00c9quipement remis \u00e0 neuf","description":{"show_description":"","description_text":""},"content":"<h3>R\u00e9duire les co\u00fbts sans compromettre la qualit\u00e9<\/h3>","column":[{"col_image":"","col_title":"","add_title_background":"","col_text":"Lorsque le co\u00fbt d'un \u00e9quipement neuf d\u00e9passe le budget d'un projet, une unit\u00e9 remise \u00e0 neuf, d'occasion ou une remise \u00e0 neuf de votre unit\u00e9 existante peut constituer une pr\u00e9cieuse bou\u00e9e de sauvetage pour votre projet. La division SSR de Broadbent propose des machines enti\u00e8rement remises \u00e0 neuf et reconditionn\u00e9es pour une fraction du prix d'un \u00e9quipement neuf - et souvent dans des d\u00e9lais plus courts que pour un \u00e9quipement neuf. \n\n<strong>Broadbent - renomm\u00e9e mondiale pour ses capacit\u00e9s et sa gamme de produits<\/strong>\n\nNos locaux modernes, nos machines-outils et nos capacit\u00e9s de soudage, de fabrication et d'\u00e9quilibrage dynamique r\u00e9pondent \u00e0 une multitude de besoins de remise \u00e0 neuf ou de reconditionnement de vos centrifugeuses et autres machines ou \u00e9quipements, quelle qu'en soit l'ampleur. Nous sommes fiers que Broadbent SSR b\u00e9n\u00e9ficie de la confiance non seulement des utilisateurs de nos propres machines, mais aussi d'un nombre croissant d'utilisateurs d'autres marques de machines centrifuges. ","add_link":"","link":"","add_link_to_image":[],"show_button":[],"button_text":"","images":null,"images_style":"column"},{"col_image":"","col_title":"","add_title_background":"","col_text":"","add_link":"","link":"","add_link_to_image":[],"show_button":[],"button_text":"","images":[{"image":5297}],"images_style":"column"}],"col_display":"two_col","images_full_width_of_column":["yes"],"show_large_text":"","line_1":"","line_2":""},{"acf_fc_layout":"shortcode_content","id":"","background":"dark","show_content_before_rows":["yes"],"title":"Contactez nous","description_to_the_side_of_title":{"show_description":"","description_text":""},"content":"","shortcode":"[contact-form-7 id=\"9f61392\" title=\"Contact Form\"]"}]},"yoast_head":"<!-- This site is optimized with the Yoast SEO plugin v27.5 - https:\/\/yoast.com\/product\/yoast-seo-wordpress\/ -->\n<title>- Broadbent<\/title>\n<meta name=\"description\" content=\"Notre service d\u00e9di\u00e9 aux pi\u00e8ces d\u00e9tach\u00e9es et aux r\u00e9parations offre un soutien apr\u00e8s-vente rapide et efficace, en proposant des produits OEM de qualit\u00e9 \u00e0 des prix comp\u00e9titifs.\" \/>\n<meta name=\"robots\" content=\"index, follow, max-snippet:-1, max-image-preview:large, max-video-preview:-1\" \/>\n<link rel=\"canonical\" href=\"https:\/\/broadbent.co.uk\/fr\/pieces-detachees-et-reparations\/\" \/>\n<meta property=\"og:locale\" content=\"fr_FR\" \/>\n<meta property=\"og:type\" content=\"article\" \/>\n<meta property=\"og:title\" content=\"- Broadbent\" \/>\n<meta property=\"og:description\" content=\"Notre service d\u00e9di\u00e9 aux pi\u00e8ces d\u00e9tach\u00e9es et aux r\u00e9parations offre un soutien apr\u00e8s-vente rapide et efficace, en proposant des produits OEM de qualit\u00e9 \u00e0 des prix comp\u00e9titifs.\" \/>\n<meta property=\"og:url\" content=\"https:\/\/broadbent.co.uk\/fr\/pieces-detachees-et-reparations\/\" \/>\n<meta property=\"og:site_name\" content=\"Broadbent\" \/>\n<meta property=\"article:modified_time\" content=\"2025-05-16T09:54:05+00:00\" \/>\n<meta property=\"og:image\" content=\"https:\/\/broadbent.co.uk\/wp-content\/uploads\/2023\/12\/logo-broadbent.jpg\" \/>\n\t<meta property=\"og:image:width\" content=\"973\" \/>\n\t<meta property=\"og:image:height\" content=\"345\" \/>\n\t<meta property=\"og:image:type\" content=\"image\/jpeg\" \/>\n<meta name=\"twitter:card\" content=\"summary_large_image\" \/>\n<script type=\"application\/ld+json\" class=\"yoast-schema-graph\">{\"@context\":\"https:\\\/\\\/schema.org\",\"@graph\":[{\"@type\":\"WebPage\",\"@id\":\"https:\\\/\\\/broadbent.co.uk\\\/fr\\\/pieces-detachees-et-reparations\\\/\",\"url\":\"https:\\\/\\\/broadbent.co.uk\\\/fr\\\/pieces-detachees-et-reparations\\\/\",\"name\":\"- Broadbent\",\"isPartOf\":{\"@id\":\"https:\\\/\\\/broadbent.co.uk\\\/#website\"},\"datePublished\":\"2024-09-09T12:18:53+00:00\",\"dateModified\":\"2025-05-16T09:54:05+00:00\",\"description\":\"Notre service d\u00e9di\u00e9 aux pi\u00e8ces d\u00e9tach\u00e9es et aux r\u00e9parations offre un soutien apr\u00e8s-vente rapide et efficace, en proposant des produits OEM de qualit\u00e9 \u00e0 des prix comp\u00e9titifs.\",\"breadcrumb\":{\"@id\":\"https:\\\/\\\/broadbent.co.uk\\\/fr\\\/pieces-detachees-et-reparations\\\/#breadcrumb\"},\"inLanguage\":\"fr-FR\",\"potentialAction\":[{\"@type\":\"ReadAction\",\"target\":[\"https:\\\/\\\/broadbent.co.uk\\\/fr\\\/pieces-detachees-et-reparations\\\/\"]}]},{\"@type\":\"BreadcrumbList\",\"@id\":\"https:\\\/\\\/broadbent.co.uk\\\/fr\\\/pieces-detachees-et-reparations\\\/#breadcrumb\",\"itemListElement\":[{\"@type\":\"ListItem\",\"position\":1,\"name\":\"Home\",\"item\":\"https:\\\/\\\/broadbent.co.uk\\\/fr\\\/\"},{\"@type\":\"ListItem\",\"position\":2,\"name\":\"Pi\u00e8ces d\u00e9tach\u00e9es et r\u00e9parations\"}]},{\"@type\":\"WebSite\",\"@id\":\"https:\\\/\\\/broadbent.co.uk\\\/#website\",\"url\":\"https:\\\/\\\/broadbent.co.uk\\\/\",\"name\":\"Broadbent\",\"description\":\"Thomas Broadbent - Centrifugal machines\",\"publisher\":{\"@id\":\"https:\\\/\\\/broadbent.co.uk\\\/#organization\"},\"alternateName\":\"Thomas Broadbent\",\"potentialAction\":[{\"@type\":\"SearchAction\",\"target\":{\"@type\":\"EntryPoint\",\"urlTemplate\":\"https:\\\/\\\/broadbent.co.uk\\\/?s={search_term_string}\"},\"query-input\":{\"@type\":\"PropertyValueSpecification\",\"valueRequired\":true,\"valueName\":\"search_term_string\"}}],\"inLanguage\":\"fr-FR\"},{\"@type\":\"Organization\",\"@id\":\"https:\\\/\\\/broadbent.co.uk\\\/#organization\",\"name\":\"Thomas Broadbent & Sons Ltd\",\"alternateName\":\"Broadbent\",\"url\":\"https:\\\/\\\/broadbent.co.uk\\\/\",\"logo\":{\"@type\":\"ImageObject\",\"inLanguage\":\"fr-FR\",\"@id\":\"https:\\\/\\\/broadbent.co.uk\\\/#\\\/schema\\\/logo\\\/image\\\/\",\"url\":\"https:\\\/\\\/broadbent.co.uk\\\/wp-content\\\/uploads\\\/2024\\\/09\\\/LogoLogoWorld-400x250-1.jpg\",\"contentUrl\":\"https:\\\/\\\/broadbent.co.uk\\\/wp-content\\\/uploads\\\/2024\\\/09\\\/LogoLogoWorld-400x250-1.jpg\",\"width\":400,\"height\":250,\"caption\":\"Thomas Broadbent & Sons Ltd\"},\"image\":{\"@id\":\"https:\\\/\\\/broadbent.co.uk\\\/#\\\/schema\\\/logo\\\/image\\\/\"},\"sameAs\":[\"https:\\\/\\\/www.linkedin.com\\\/company\\\/broadbent-centrifuges\\\/posts\\\/?feedView=all\"]}]}<\/script>\n<!-- \/ Yoast SEO plugin. -->","yoast_head_json":{"title":"- Broadbent","description":"Notre service d\u00e9di\u00e9 aux pi\u00e8ces d\u00e9tach\u00e9es et aux r\u00e9parations offre un soutien apr\u00e8s-vente rapide et efficace, en proposant des produits OEM de qualit\u00e9 \u00e0 des prix comp\u00e9titifs.","robots":{"index":"index","follow":"follow","max-snippet":"max-snippet:-1","max-image-preview":"max-image-preview:large","max-video-preview":"max-video-preview:-1"},"canonical":"https:\/\/broadbent.co.uk\/fr\/pieces-detachees-et-reparations\/","og_locale":"fr_FR","og_type":"article","og_title":"- Broadbent","og_description":"Notre service d\u00e9di\u00e9 aux pi\u00e8ces d\u00e9tach\u00e9es et aux r\u00e9parations offre un soutien apr\u00e8s-vente rapide et efficace, en proposant des produits OEM de qualit\u00e9 \u00e0 des prix comp\u00e9titifs.","og_url":"https:\/\/broadbent.co.uk\/fr\/pieces-detachees-et-reparations\/","og_site_name":"Broadbent","article_modified_time":"2025-05-16T09:54:05+00:00","og_image":[{"width":973,"height":345,"url":"https:\/\/broadbent.co.uk\/wp-content\/uploads\/2023\/12\/logo-broadbent.jpg","type":"image\/jpeg"}],"twitter_card":"summary_large_image","schema":{"@context":"https:\/\/schema.org","@graph":[{"@type":"WebPage","@id":"https:\/\/broadbent.co.uk\/fr\/pieces-detachees-et-reparations\/","url":"https:\/\/broadbent.co.uk\/fr\/pieces-detachees-et-reparations\/","name":"- Broadbent","isPartOf":{"@id":"https:\/\/broadbent.co.uk\/#website"},"datePublished":"2024-09-09T12:18:53+00:00","dateModified":"2025-05-16T09:54:05+00:00","description":"Notre service d\u00e9di\u00e9 aux pi\u00e8ces d\u00e9tach\u00e9es et aux r\u00e9parations offre un soutien apr\u00e8s-vente rapide et efficace, en proposant des produits OEM de qualit\u00e9 \u00e0 des prix comp\u00e9titifs.","breadcrumb":{"@id":"https:\/\/broadbent.co.uk\/fr\/pieces-detachees-et-reparations\/#breadcrumb"},"inLanguage":"fr-FR","potentialAction":[{"@type":"ReadAction","target":["https:\/\/broadbent.co.uk\/fr\/pieces-detachees-et-reparations\/"]}]},{"@type":"BreadcrumbList","@id":"https:\/\/broadbent.co.uk\/fr\/pieces-detachees-et-reparations\/#breadcrumb","itemListElement":[{"@type":"ListItem","position":1,"name":"Home","item":"https:\/\/broadbent.co.uk\/fr\/"},{"@type":"ListItem","position":2,"name":"Pi\u00e8ces d\u00e9tach\u00e9es et r\u00e9parations"}]},{"@type":"WebSite","@id":"https:\/\/broadbent.co.uk\/#website","url":"https:\/\/broadbent.co.uk\/","name":"Broadbent","description":"Thomas Broadbent - Centrifugal machines","publisher":{"@id":"https:\/\/broadbent.co.uk\/#organization"},"alternateName":"Thomas Broadbent","potentialAction":[{"@type":"SearchAction","target":{"@type":"EntryPoint","urlTemplate":"https:\/\/broadbent.co.uk\/?s={search_term_string}"},"query-input":{"@type":"PropertyValueSpecification","valueRequired":true,"valueName":"search_term_string"}}],"inLanguage":"fr-FR"},{"@type":"Organization","@id":"https:\/\/broadbent.co.uk\/#organization","name":"Thomas Broadbent & Sons Ltd","alternateName":"Broadbent","url":"https:\/\/broadbent.co.uk\/","logo":{"@type":"ImageObject","inLanguage":"fr-FR","@id":"https:\/\/broadbent.co.uk\/#\/schema\/logo\/image\/","url":"https:\/\/broadbent.co.uk\/wp-content\/uploads\/2024\/09\/LogoLogoWorld-400x250-1.jpg","contentUrl":"https:\/\/broadbent.co.uk\/wp-content\/uploads\/2024\/09\/LogoLogoWorld-400x250-1.jpg","width":400,"height":250,"caption":"Thomas Broadbent & Sons Ltd"},"image":{"@id":"https:\/\/broadbent.co.uk\/#\/schema\/logo\/image\/"},"sameAs":["https:\/\/www.linkedin.com\/company\/broadbent-centrifuges\/posts\/?feedView=all"]}]}},"_links":{"self":[{"href":"https:\/\/broadbent.co.uk\/fr\/wp-json\/wp\/v2\/pages\/6174","targetHints":{"allow":["GET"]}}],"collection":[{"href":"https:\/\/broadbent.co.uk\/fr\/wp-json\/wp\/v2\/pages"}],"about":[{"href":"https:\/\/broadbent.co.uk\/fr\/wp-json\/wp\/v2\/types\/page"}],"author":[{"embeddable":true,"href":"https:\/\/broadbent.co.uk\/fr\/wp-json\/wp\/v2\/users\/6"}],"replies":[{"embeddable":true,"href":"https:\/\/broadbent.co.uk\/fr\/wp-json\/wp\/v2\/comments?post=6174"}],"version-history":[{"count":4,"href":"https:\/\/broadbent.co.uk\/fr\/wp-json\/wp\/v2\/pages\/6174\/revisions"}],"predecessor-version":[{"id":6355,"href":"https:\/\/broadbent.co.uk\/fr\/wp-json\/wp\/v2\/pages\/6174\/revisions\/6355"}],"wp:attachment":[{"href":"https:\/\/broadbent.co.uk\/fr\/wp-json\/wp\/v2\/media?parent=6174"}],"curies":[{"name":"wp","href":"https:\/\/api.w.org\/{rel}","templated":true}]}}