{"id":6179,"date":"2024-11-14T17:19:50","date_gmt":"2024-11-14T17:19:50","guid":{"rendered":"https:\/\/broadbent.bnodeltd.co.uk\/services-de-fabrication\/"},"modified":"2025-05-16T11:09:59","modified_gmt":"2025-05-16T10:09:59","slug":"services-de-fabrication","status":"publish","type":"page","link":"https:\/\/broadbent.co.uk\/fr\/services-de-fabrication\/","title":{"rendered":"Services de fabrication"},"content":{"rendered":"","protected":false},"excerpt":{"rendered":"","protected":false},"author":6,"featured_media":0,"parent":0,"menu_order":0,"comment_status":"closed","ping_status":"closed","template":"","meta":{"_acf_changed":false,"footnotes":""},"class_list":["post-6179","page","type-page","status-publish","hentry"],"acf":{"content":[{"acf_fc_layout":"hero_content_v3","id":"page-top","hero-slide-v2":[{"title":"Division de la fabrication","text":"L'\u00e9quipe de production polyvalente de Broadbent Manufacturing, Machining, Subcontracting & White Labelling excelle dans la fabrication de centrifugeuses. Elle propose \u00e9galement des services de sous-traitance rentables aux utilisateurs ext\u00e9rieurs de composants techniques complexes et de grande taille. Nous nous r\u00e9jouissons de l'occasion qui nous est donn\u00e9e de vous soumettre un devis pour vos besoins.  ","button":"yes","button_text":"Contactez nous","button_link":"#contact-form","background_image":5922},{"title":"Fabrication - Capacit\u00e9","text":"Vous pouvez t\u00e9l\u00e9charger notre liste compl\u00e8te de capacit\u00e9s ci-dessous, qui pr\u00e9sente nos machines de fabrication internes et contient des informations sur leurs possibilit\u00e9s et les capacit\u00e9s de chacune d'entre elles.","button":"yes","button_text":"T\u00e9l\u00e9chargez notre brochure sur les capacit\u00e9s","button_link":"\/wp-content\/uploads\/2025\/03\/manufacturing-capacities-2025-for-web.pdf","background_image":6087},{"title":"Fabrication - Fabrication","text":"Le d\u00e9partement de fabrication est \u00e9quip\u00e9 d'une large s\u00e9lection d'installations permettant de r\u00e9pondre aux exigences de fabrication moyennes \u00e0 lourdes des centrifugeuses et des \u00e9quipements similaires.  ","button":"yes","button_text":"T\u00e9l\u00e9chargez notre brochure de fabrication","button_link":"\/wp-content\/uploads\/2024\/10\/Thomas-Broadbent-Capacity-List-Updated.pdf","background_image":6022}]},{"acf_fc_layout":"columns","id":"video","background":"light:","show_content_before_columns":"","title":"","description":{"show_description":"","description_text":""},"content":"","column":[{"col_image":"","col_title":"","add_title_background":"","col_text":"<iframe src=\"https:\/\/player.vimeo.com\/video\/1075058124?h=95f9c02741\" width=\"640\" height=\"360\" frameborder=\"0\" allowfullscreen=\"allowfullscreen\"><\/iframe>","add_link":"","link":"","add_link_to_image":[],"show_button":[],"button_text":"","images":null,"images_style":"row"},{"col_image":"","col_title":"","add_title_background":"","col_text":"<h3>Fabrication, soudage et fabrication, usinage, assemblage et essais sp\u00e9cialis\u00e9s<\/h3>\n<h4>Des installations de classe mondiale<\/h4>\nNos locaux de 85 000 pieds carr\u00e9s (8 000 m2) sont de classe mondiale et comprennent trois baies de fabrication principales avec un acc\u00e8s de 20 x 20 pieds (6 x 6 m) et des installations de levage jusqu'\u00e0 25 tonnes. Nos services de pr\u00e9cision comprennent \n\n*fabrication *usinage *assemblage *\u00e9quilibrage dynamique *sablage *peinture *essais","add_link":"","link":"","add_link_to_image":[],"show_button":[],"button_text":"","images":null,"images_style":"row"}],"col_display":"two_col","images_full_width_of_column":"","show_large_text":"","line_1":"","line_2":""},{"acf_fc_layout":"text_and_image_content","id":"","title_heading":"h4","title":"Une large gamme de mat\u00e9riaux","content":"La division rassemble une exp\u00e9rience et une expertise impressionnantes dans le travail d'une vaste gamme de mat\u00e9riaux, des plus traditionnels aux plus exotiques. Nous traitons tous les mat\u00e9riaux, des aciers doux aux aciers inoxydables de la s\u00e9rie 300, duplex et super duplex, en passant par le nickel, le Monel, l'Hastelloy et le titane, qui peuvent tous \u00eatre transform\u00e9s en composants fabriqu\u00e9s et usin\u00e9s. ","text_align":"left","add_image":"no","image":null,"image_align":false,"image_width":"w50","background_colour":"none","add_background_image":"no","background_image":null,"button":"no","button_links":null,"remove_padding_top":["yes"]},{"acf_fc_layout":"rows","id":"","background":"light:","show_content_before_rows":"","title":"","description":{"show_description":"","description_text":""},"content":"","row":[{"box":[{"style":"column","width":"1\/3","image":5427,"title":"","add_title_background":"","text":"<h4>Fabrication<\/h4>\nBas\u00e9e \u00e0 Huddersfield, dans le West Yorkshire, la division Fabrication de Broadbent propose une solution de sous-traitance compl\u00e8te dans toutes les disciplines de l'ing\u00e9nierie, de la fabrication et de l'usinage \u00e0 l'assemblage et aux essais. Notre main-d'\u0153uvre hautement qualifi\u00e9e et form\u00e9e par apprentissage excelle dans la fabrication de pr\u00e9cision, la fabrication, l'usinage, l'assemblage et l'essai des grandes centrifugeuses industrielles de Broadbent selon les tol\u00e9rances et les normes rigoureuses exig\u00e9es par nos clients. ","text_style":"standard","show_checklist":"","checklist":null,"show_buttons":"","button_link":"","button_text":""},{"style":"column","width":"1\/3","image":5737,"title":"","add_title_background":"","text":"<h4>Fabrications<\/h4>\nLe d\u00e9partement de fabrication est \u00e9quip\u00e9 d'une large s\u00e9lection d'installations permettant de r\u00e9pondre aux exigences de fabrication moyennes \u00e0 lourdes des centrifugeuses et des \u00e9quipements similaires. Le personnel form\u00e9 par les apprentis est qualifi\u00e9 selon ASME IX, NACE sur SMAW, GTAW, SAW, GMAW & FCAW sur une large gamme de mat\u00e9riaux, y compris 2205, 2507, Zeron et Hastelloy. Soudage conforme \u00e0 l'accr\u00e9ditation ISO3834. ","text_style":"standard","show_checklist":"","checklist":null,"show_buttons":"","button_link":"","button_text":""},{"style":"column","width":"1\/3","image":5432,"title":"","add_title_background":"","text":"<h4>Usinage<\/h4>\nNotre d\u00e9partement d'usinage est sp\u00e9cialis\u00e9 dans le tournage vertical et horizontal, le brochage, le per\u00e7age et le fraisage. La comp\u00e9tence particuli\u00e8re de Broadbent r\u00e9side dans l'usinage de grands composants complexes aux tol\u00e9rances \u00e9troites requises pour les centrifugeuses industrielles \u00e0 grande \u00e9chelle et les produits similaires. ","text_style":"standard","show_checklist":"","checklist":null,"show_buttons":"","button_link":"","button_text":""}],"vertical_alignment":"top"},{"box":[{"style":"column","width":"1\/3","image":5422,"title":"","add_title_background":"","text":"<h4>Assembl\u00e9e<\/h4>\nBroadbent dispose d'une vaste zone d'assemblage spacieuse avec des installations de levage a\u00e9rien pouvant atteindre 25 tonnes. Le personnel bien form\u00e9 ma\u00eetrise les techniques d'assemblage pneumatique, hydraulique, m\u00e9canique et \u00e9lectrique. ","text_style":"standard","show_checklist":"","checklist":null,"show_buttons":"","button_link":"","button_text":""},{"style":"column","width":"1\/3","image":5417,"title":"","add_title_background":"","text":"<h4>\u00c9quilibre<\/h4>\nCapacit\u00e9 d'\u00e9quilibrage dynamique :\nPoids maximum 6 tonnes\nLongueur maximale 3050mms\nDiam\u00e8tre maximum 2030mms\n\u00c9lectronique avanc\u00e9e d'\u00e9quilibrage \u00e0 deux plans","text_style":"standard","show_checklist":"","checklist":null,"show_buttons":"","button_link":"","button_text":""},{"style":"column","width":"1\/3","image":5412,"title":"","add_title_background":"","text":"<h4>Essais<\/h4>\nNotre installation d'essai sp\u00e9cialement con\u00e7ue \u00e0 cet effet offre une s\u00e9lection d'environnements d'essai permettant d'effectuer des essais m\u00e9caniques\/\u00e9lectriques finaux repr\u00e9sentatifs sur tous les produits.","text_style":"standard","show_checklist":"","checklist":null,"show_buttons":"","button_link":"","button_text":""}],"vertical_alignment":"top"}]},{"acf_fc_layout":"columns","id":"","background":"grey","show_content_before_columns":["yes"],"title":"Solution cl\u00e9 en main","description":{"show_description":"","description_text":""},"content":"","column":[{"col_image":5432,"col_title":"","add_title_background":"","col_text":"","add_link":"","link":"","add_link_to_image":[],"show_button":[],"button_text":"","images":null,"images_style":"column"},{"col_image":"","col_title":"Chez Broadbent, nous disposons d'une grande vari\u00e9t\u00e9 de machines qui peuvent \u00eatre utilis\u00e9es pour r\u00e9pondre \u00e0 vos besoins de fabrication en sous-traitance.","add_title_background":"","col_text":"Vous pouvez t\u00e9l\u00e9charger notre liste compl\u00e8te de capacit\u00e9s ci-dessous, qui pr\u00e9sente nos machines de fabrication internes et contient des informations sur leurs possibilit\u00e9s et les capacit\u00e9s de chacune d'entre elles.","add_link":["yes"],"link":"\/wp-content\/uploads\/2024\/10\/Thomas-Broadbent-Capacity-List-Updated.pdf","add_link_to_image":"","show_button":["yes"],"button_text":"T\u00e9l\u00e9chargez notre liste de capacit\u00e9s ici","images":null,"images_style":"row"}],"col_display":"two_col","images_full_width_of_column":["yes"],"show_large_text":"","line_1":"","line_2":""},{"acf_fc_layout":"rows","id":"","background":"light:","show_content_before_rows":["yes"],"title":"Secteurs couverts par Broadbent","description":{"show_description":"","description_text":""},"content":"","row":[{"box":[{"style":"column","width":"1\/2","image":5387,"title":"Oil and Gas","add_title_background":["yes"],"text":"","text_style":"standard","show_checklist":"","checklist":null,"show_buttons":"","button_link":"","button_text":""},{"style":"column","width":"1\/2","image":5397,"title":"Renewable Energy","add_title_background":["yes"],"text":"","text_style":"standard","show_checklist":"","checklist":null,"show_buttons":"","button_link":"","button_text":""},{"style":"column","width":"1\/2","image":6258,"title":"MOD","add_title_background":["yes"],"text":"","text_style":"standard","show_checklist":"","checklist":null,"show_buttons":"","button_link":"","button_text":""},{"style":"column","width":"1\/2","image":5392,"title":"Nuclear","add_title_background":["yes"],"text":"","text_style":"standard","show_checklist":"","checklist":null,"show_buttons":"","button_link":"","button_text":""},{"style":"column","width":"1\/2","image":6252,"title":"Marine","add_title_background":["yes"],"text":"","text_style":"standard","show_checklist":"","checklist":null,"show_buttons":"","button_link":"","button_text":""},{"style":"column","width":"1\/2","image":6246,"title":"Aerospace","add_title_background":["yes"],"text":"","text_style":"standard","show_checklist":"","checklist":null,"show_buttons":"","button_link":"","button_text":""}],"vertical_alignment":"top"}]},{"acf_fc_layout":"shortcode_content","id":"contact-form","background":"dark","show_content_before_rows":["yes"],"title":"Contactez nous","description_to_the_side_of_title":{"show_description":"","description_text":""},"content":"","shortcode":"[contact-form-7 id=\"9f61392\" title=\"Contact Form\"]"}]},"yoast_head":"<!-- This site is optimized with the Yoast SEO plugin v27.4 - https:\/\/yoast.com\/product\/yoast-seo-wordpress\/ -->\n<title>- Broadbent<\/title>\n<meta name=\"description\" content=\"Broadbent Manufacturing Services : services rentables d&#039;usinage de pi\u00e8ces pour les utilisateurs externes de grandes machines d&#039;ing\u00e9nierie complexes.\" \/>\n<meta name=\"robots\" content=\"index, follow, max-snippet:-1, max-image-preview:large, max-video-preview:-1\" \/>\n<link rel=\"canonical\" href=\"https:\/\/broadbent.co.uk\/fr\/services-de-fabrication\/\" \/>\n<meta property=\"og:locale\" content=\"fr_FR\" \/>\n<meta property=\"og:type\" content=\"article\" \/>\n<meta property=\"og:title\" content=\"- Broadbent\" \/>\n<meta property=\"og:description\" content=\"Broadbent Manufacturing Services : services rentables d&#039;usinage de pi\u00e8ces pour les utilisateurs externes de grandes machines d&#039;ing\u00e9nierie complexes.\" \/>\n<meta property=\"og:url\" content=\"https:\/\/broadbent.co.uk\/fr\/services-de-fabrication\/\" \/>\n<meta property=\"og:site_name\" content=\"Broadbent\" \/>\n<meta property=\"article:modified_time\" content=\"2025-05-16T10:09:59+00:00\" \/>\n<meta property=\"og:image\" content=\"https:\/\/broadbent.co.uk\/wp-content\/uploads\/2023\/12\/logo-broadbent.jpg\" \/>\n\t<meta property=\"og:image:width\" content=\"973\" \/>\n\t<meta property=\"og:image:height\" content=\"345\" \/>\n\t<meta property=\"og:image:type\" content=\"image\/jpeg\" \/>\n<meta name=\"twitter:card\" content=\"summary_large_image\" \/>\n<script type=\"application\/ld+json\" class=\"yoast-schema-graph\">{\"@context\":\"https:\\\/\\\/schema.org\",\"@graph\":[{\"@type\":\"WebPage\",\"@id\":\"https:\\\/\\\/broadbent.co.uk\\\/fr\\\/services-de-fabrication\\\/\",\"url\":\"https:\\\/\\\/broadbent.co.uk\\\/fr\\\/services-de-fabrication\\\/\",\"name\":\"- Broadbent\",\"isPartOf\":{\"@id\":\"https:\\\/\\\/broadbent.co.uk\\\/#website\"},\"datePublished\":\"2024-11-14T17:19:50+00:00\",\"dateModified\":\"2025-05-16T10:09:59+00:00\",\"description\":\"Broadbent Manufacturing Services : services rentables d'usinage de pi\u00e8ces pour les utilisateurs externes de grandes machines d'ing\u00e9nierie complexes.\",\"breadcrumb\":{\"@id\":\"https:\\\/\\\/broadbent.co.uk\\\/fr\\\/services-de-fabrication\\\/#breadcrumb\"},\"inLanguage\":\"fr-FR\",\"potentialAction\":[{\"@type\":\"ReadAction\",\"target\":[\"https:\\\/\\\/broadbent.co.uk\\\/fr\\\/services-de-fabrication\\\/\"]}]},{\"@type\":\"BreadcrumbList\",\"@id\":\"https:\\\/\\\/broadbent.co.uk\\\/fr\\\/services-de-fabrication\\\/#breadcrumb\",\"itemListElement\":[{\"@type\":\"ListItem\",\"position\":1,\"name\":\"Home\",\"item\":\"https:\\\/\\\/broadbent.co.uk\\\/fr\\\/\"},{\"@type\":\"ListItem\",\"position\":2,\"name\":\"Services de fabrication\"}]},{\"@type\":\"WebSite\",\"@id\":\"https:\\\/\\\/broadbent.co.uk\\\/#website\",\"url\":\"https:\\\/\\\/broadbent.co.uk\\\/\",\"name\":\"Broadbent\",\"description\":\"Thomas Broadbent - Centrifugal machines\",\"publisher\":{\"@id\":\"https:\\\/\\\/broadbent.co.uk\\\/#organization\"},\"alternateName\":\"Thomas Broadbent\",\"potentialAction\":[{\"@type\":\"SearchAction\",\"target\":{\"@type\":\"EntryPoint\",\"urlTemplate\":\"https:\\\/\\\/broadbent.co.uk\\\/?s={search_term_string}\"},\"query-input\":{\"@type\":\"PropertyValueSpecification\",\"valueRequired\":true,\"valueName\":\"search_term_string\"}}],\"inLanguage\":\"fr-FR\"},{\"@type\":\"Organization\",\"@id\":\"https:\\\/\\\/broadbent.co.uk\\\/#organization\",\"name\":\"Thomas Broadbent & Sons Ltd\",\"alternateName\":\"Broadbent\",\"url\":\"https:\\\/\\\/broadbent.co.uk\\\/\",\"logo\":{\"@type\":\"ImageObject\",\"inLanguage\":\"fr-FR\",\"@id\":\"https:\\\/\\\/broadbent.co.uk\\\/#\\\/schema\\\/logo\\\/image\\\/\",\"url\":\"https:\\\/\\\/broadbent.co.uk\\\/wp-content\\\/uploads\\\/2024\\\/09\\\/LogoLogoWorld-400x250-1.jpg\",\"contentUrl\":\"https:\\\/\\\/broadbent.co.uk\\\/wp-content\\\/uploads\\\/2024\\\/09\\\/LogoLogoWorld-400x250-1.jpg\",\"width\":400,\"height\":250,\"caption\":\"Thomas Broadbent & Sons Ltd\"},\"image\":{\"@id\":\"https:\\\/\\\/broadbent.co.uk\\\/#\\\/schema\\\/logo\\\/image\\\/\"},\"sameAs\":[\"https:\\\/\\\/www.linkedin.com\\\/company\\\/broadbent-centrifuges\\\/posts\\\/?feedView=all\"]}]}<\/script>\n<!-- \/ Yoast SEO plugin. -->","yoast_head_json":{"title":"- Broadbent","description":"Broadbent Manufacturing Services : services rentables d'usinage de pi\u00e8ces pour les utilisateurs externes de grandes machines d'ing\u00e9nierie complexes.","robots":{"index":"index","follow":"follow","max-snippet":"max-snippet:-1","max-image-preview":"max-image-preview:large","max-video-preview":"max-video-preview:-1"},"canonical":"https:\/\/broadbent.co.uk\/fr\/services-de-fabrication\/","og_locale":"fr_FR","og_type":"article","og_title":"- Broadbent","og_description":"Broadbent Manufacturing Services : services rentables d'usinage de pi\u00e8ces pour les utilisateurs externes de grandes machines d'ing\u00e9nierie complexes.","og_url":"https:\/\/broadbent.co.uk\/fr\/services-de-fabrication\/","og_site_name":"Broadbent","article_modified_time":"2025-05-16T10:09:59+00:00","og_image":[{"width":973,"height":345,"url":"https:\/\/broadbent.co.uk\/wp-content\/uploads\/2023\/12\/logo-broadbent.jpg","type":"image\/jpeg"}],"twitter_card":"summary_large_image","schema":{"@context":"https:\/\/schema.org","@graph":[{"@type":"WebPage","@id":"https:\/\/broadbent.co.uk\/fr\/services-de-fabrication\/","url":"https:\/\/broadbent.co.uk\/fr\/services-de-fabrication\/","name":"- Broadbent","isPartOf":{"@id":"https:\/\/broadbent.co.uk\/#website"},"datePublished":"2024-11-14T17:19:50+00:00","dateModified":"2025-05-16T10:09:59+00:00","description":"Broadbent Manufacturing Services : services rentables d'usinage de pi\u00e8ces pour les utilisateurs externes de grandes machines d'ing\u00e9nierie complexes.","breadcrumb":{"@id":"https:\/\/broadbent.co.uk\/fr\/services-de-fabrication\/#breadcrumb"},"inLanguage":"fr-FR","potentialAction":[{"@type":"ReadAction","target":["https:\/\/broadbent.co.uk\/fr\/services-de-fabrication\/"]}]},{"@type":"BreadcrumbList","@id":"https:\/\/broadbent.co.uk\/fr\/services-de-fabrication\/#breadcrumb","itemListElement":[{"@type":"ListItem","position":1,"name":"Home","item":"https:\/\/broadbent.co.uk\/fr\/"},{"@type":"ListItem","position":2,"name":"Services de fabrication"}]},{"@type":"WebSite","@id":"https:\/\/broadbent.co.uk\/#website","url":"https:\/\/broadbent.co.uk\/","name":"Broadbent","description":"Thomas Broadbent - Centrifugal machines","publisher":{"@id":"https:\/\/broadbent.co.uk\/#organization"},"alternateName":"Thomas Broadbent","potentialAction":[{"@type":"SearchAction","target":{"@type":"EntryPoint","urlTemplate":"https:\/\/broadbent.co.uk\/?s={search_term_string}"},"query-input":{"@type":"PropertyValueSpecification","valueRequired":true,"valueName":"search_term_string"}}],"inLanguage":"fr-FR"},{"@type":"Organization","@id":"https:\/\/broadbent.co.uk\/#organization","name":"Thomas Broadbent & Sons Ltd","alternateName":"Broadbent","url":"https:\/\/broadbent.co.uk\/","logo":{"@type":"ImageObject","inLanguage":"fr-FR","@id":"https:\/\/broadbent.co.uk\/#\/schema\/logo\/image\/","url":"https:\/\/broadbent.co.uk\/wp-content\/uploads\/2024\/09\/LogoLogoWorld-400x250-1.jpg","contentUrl":"https:\/\/broadbent.co.uk\/wp-content\/uploads\/2024\/09\/LogoLogoWorld-400x250-1.jpg","width":400,"height":250,"caption":"Thomas Broadbent & Sons Ltd"},"image":{"@id":"https:\/\/broadbent.co.uk\/#\/schema\/logo\/image\/"},"sameAs":["https:\/\/www.linkedin.com\/company\/broadbent-centrifuges\/posts\/?feedView=all"]}]}},"_links":{"self":[{"href":"https:\/\/broadbent.co.uk\/fr\/wp-json\/wp\/v2\/pages\/6179","targetHints":{"allow":["GET"]}}],"collection":[{"href":"https:\/\/broadbent.co.uk\/fr\/wp-json\/wp\/v2\/pages"}],"about":[{"href":"https:\/\/broadbent.co.uk\/fr\/wp-json\/wp\/v2\/types\/page"}],"author":[{"embeddable":true,"href":"https:\/\/broadbent.co.uk\/fr\/wp-json\/wp\/v2\/users\/6"}],"replies":[{"embeddable":true,"href":"https:\/\/broadbent.co.uk\/fr\/wp-json\/wp\/v2\/comments?post=6179"}],"version-history":[{"count":3,"href":"https:\/\/broadbent.co.uk\/fr\/wp-json\/wp\/v2\/pages\/6179\/revisions"}],"predecessor-version":[{"id":6336,"href":"https:\/\/broadbent.co.uk\/fr\/wp-json\/wp\/v2\/pages\/6179\/revisions\/6336"}],"wp:attachment":[{"href":"https:\/\/broadbent.co.uk\/fr\/wp-json\/wp\/v2\/media?parent=6179"}],"curies":[{"name":"wp","href":"https:\/\/api.w.org\/{rel}","templated":true}]}}