{"id":6182,"date":"2024-09-16T12:19:18","date_gmt":"2024-09-16T11:19:18","guid":{"rendered":"https:\/\/broadbent.bnodeltd.co.uk\/essais-en-laboratoire-et-validation-du-concept\/"},"modified":"2025-05-16T11:06:23","modified_gmt":"2025-05-16T10:06:23","slug":"essais-en-laboratoire-et-validation-du-concept","status":"publish","type":"page","link":"https:\/\/broadbent.co.uk\/fr\/essais-en-laboratoire-et-validation-du-concept\/","title":{"rendered":"Essais en laboratoire et validation du concept"},"content":{"rendered":"","protected":false},"excerpt":{"rendered":"","protected":false},"author":6,"featured_media":0,"parent":0,"menu_order":0,"comment_status":"closed","ping_status":"closed","template":"","meta":{"_acf_changed":false,"footnotes":""},"class_list":["post-6182","page","type-page","status-publish","hentry"],"acf":{"content":[{"acf_fc_layout":"hero_content_v3","id":"page-top","hero-slide-v2":[{"title":"Essais en laboratoire et validation du concept","text":"La capacit\u00e9 de Broadbent \u00e0 r\u00e9soudre les probl\u00e8mes de s\u00e9paration des processus de toutes sortes est ancr\u00e9e dans les comp\u00e9tences, l'exp\u00e9rience et l'\u00e9thique de son personnel, ainsi que dans la port\u00e9e exceptionnelle de son laboratoire de processus.  ","button":"yes","button_text":"Contactez nous","button_link":"#contactform","background_image":5917}]},{"acf_fc_layout":"text_and_image_content","id":"","title_heading":"h4","title":"","content":"<h3>Laboratoire de proc\u00e9d\u00e9s<\/h3>\nUn environnement d'essai sp\u00e9cialis\u00e9 qui fournit des informations d\u00e9taill\u00e9es sur le processus afin de faciliter la mise \u00e0 l'\u00e9chelle d'un processus jusqu'\u00e0 l'exploitation compl\u00e8te de l'usine.\n\nNous vous proposons une large gamme d'\u00e9quipements et de services, notamment :\n<ul>\n<li>Test complet des caract\u00e9ristiques du processus de vos \u00e9chantillons<\/li>\n<li>Testez des centrifugeuses de toutes tailles, du banc d'essai \u00e0 la petite unit\u00e9 de production.<\/li>\n<li>Analyse des particules et des boues<\/li>\n<li>Laboratoire d'essai construit \u00e0 cet effet avec une grande baie d'extraction des fum\u00e9es et un statut \u00e9lectrique de zone 2.<\/li>\n<li>Essais en interne ou dans l'usine de l'utilisateur final<\/li>\n<li>Service complet de formation, d'optimisation et d'assistance \u00e0 la mise en service sur site<\/li>\n<\/ul>","text_align":"left","add_image":"yes","image":4502,"image_align":"left","image_width":"w50","background_colour":"none","add_background_image":"no","background_image":null,"button":"no","button_links":null,"remove_padding_top":""},{"acf_fc_layout":"text_and_image_content","id":"","title_heading":"h4","title":"","content":"<h3>Recherche et technologie<\/h3>\nNotre importante \u00e9quipe interne de recherche et de technologie a con\u00e7u, mis au point et test\u00e9 des milliers d'\u00e9chantillons de s\u00e9paration solide-liquide au fil des ans et nous nous engageons \u00e0 fournir des r\u00e9sultats exceptionnels \u00e0 chaque nouvelle occasion. Nous sommes en contact et collaborons avec d'autres sp\u00e9cialistes dans des centres d'excellence universitaires et industriels, notamment : \n<ul>\n \t<li><a href=\"http:\/\/www.eng.cam.ac.uk\/\" target=\"_blank\" rel=\"noopener\">D\u00e9partement d'ing\u00e9nierie, Universit\u00e9 de Cambridge<\/a><\/li>\n \t<li><a href=\"https:\/\/www-geo.eng.cam.ac.uk\/\" target=\"_blank\" rel=\"noopener\">Groupe de recherche g\u00e9otechnique et environnementale, Universit\u00e9 de Cambridge<\/a><\/li>\n \t<li><a href=\"https:\/\/www.wfius.org\/items-1\/the-filtration-society\/\" target=\"_blank\" rel=\"noopener\">La soci\u00e9t\u00e9 de filtration<\/a><\/li>\n \t<li><a href=\"https:\/\/www.tsa-uk.org\/\" target=\"_blank\" rel=\"noopener\">Association des services textiles<\/a> (TSA)<\/li>\n \t<li><a href=\"https:\/\/www.bsigroup.com\/\" target=\"_blank\" rel=\"noopener\">British Standards Institution<\/a> (BSI)<\/li>\n \t<li><a href=\"https:\/\/www.twi-global.com\/\" target=\"_blank\" rel=\"noopener\">L'Institut de soudure<\/a> (TWI)<\/li>\n<\/ul>","text_align":"left","add_image":"yes","image":5372,"image_align":"left","image_width":"w50","background_colour":"none","add_background_image":"no","background_image":null,"button":"no","button_links":null,"remove_padding_top":["yes"]},{"acf_fc_layout":"columns","id":"turnkey","background":"dark","show_content_before_columns":["yes"],"title":"Solutions cl\u00e9s en main","description":{"show_description":"","description_text":""},"content":"","column":[{"col_image":5342,"col_title":"Concept","add_title_background":"","col_text":"Conceptualisation et prototypage en interne","add_link":"","link":"","add_link_to_image":[],"show_button":[],"button_text":"","images":null,"images_style":"column"},{"col_image":4972,"col_title":"Conception","add_title_background":"","col_text":"Capacit\u00e9s internes en mati\u00e8re de conception m\u00e9canique, de processus et d'\u00e9lectricit\u00e9","add_link":"","link":"","add_link_to_image":[],"show_button":[],"button_text":"","images":null,"images_style":"row"},{"col_image":5347,"col_title":"Ing\u00e9nierie","add_title_background":"","col_text":"Capacit\u00e9s d'ing\u00e9nierie compl\u00e8tes, en interne et sur site","add_link":"","link":"","add_link_to_image":[],"show_button":[],"button_text":"","images":null,"images_style":"row"},{"col_image":5352,"col_title":"Fabrication","add_title_background":"","col_text":"Fabrication et usinage, assemblage et essais","add_link":"","link":"","add_link_to_image":[],"show_button":[],"button_text":"","images":null,"images_style":"row"}],"col_display":"four_col","images_full_width_of_column":["yes"],"show_large_text":"","line_1":"","line_2":""},{"acf_fc_layout":"columns","id":"","background":"light:","show_content_before_columns":["yes"],"title":"Capacit\u00e9 technique et de conception","description":{"show_description":"","description_text":""},"content":"","column":[{"col_image":"","col_title":"","add_title_background":"","col_text":"","add_link":"","link":"","add_link_to_image":[],"show_button":[],"button_text":"","images":[{"image":4727}],"images_style":"column"},{"col_image":"","col_title":"","add_title_background":"","col_text":"Depuis plus de 150 ans, la grande majorit\u00e9 des produits fournis par Broadbent aux march\u00e9s de la s\u00e9paration solide-liquide, des effluents et de la r\u00e9cup\u00e9ration de l'eau ont \u00e9t\u00e9 con\u00e7us et fabriqu\u00e9s par nos propres \u00e9quipes, ici dans nos locaux de Huddersfield, au Royaume-Uni.\n\nNotre succ\u00e8s durable sur ces march\u00e9s t\u00e9moigne de notre engagement sans compromis en faveur d'une excellente conception des produits.\n\nNos capacit\u00e9s comprennent\n<ul>\n \t<li>Conception interne compl\u00e8te de la m\u00e9canique, du processus et de l'\u00e9lectricit\u00e9<\/li>\n \t<li>Syst\u00e8mes 3D-CAE pour la conception technique, la mod\u00e9lisation, le dessin, la vibration et l'analyse FEA, modale et ODS<\/li>\n \t<li>Syst\u00e8mes 3D-CAM pour machines-outils \u00e0 commande num\u00e9rique multi-axes<\/li>\n \t<li>Conception pour l'\u00e9valuation des dangers, l'analyse des risques, la certification GAMP, ATEX, etc.<\/li>\n \t<li>Programmation pour une large gamme de syst\u00e8mes PLC standard de l'industrie<\/li>\n \t<li>Installations d'essai compl\u00e8tes avec enregistrement informatis\u00e9 des donn\u00e9es, analyse des vibrations, intensit\u00e9 du son\/de la puissance et conformit\u00e9 CEM<\/li>\n<\/ul>","add_link":"","link":"","add_link_to_image":[],"show_button":[],"button_text":"","images":null,"images_style":"row"}],"col_display":"two_col","images_full_width_of_column":["yes"],"show_large_text":"","line_1":"","line_2":""},{"acf_fc_layout":"columns","id":"","background":"light:","show_content_before_columns":["yes"],"title":"Collaboration en mati\u00e8re de R&D","description":{"show_description":"","description_text":""},"content":"","column":[{"col_image":"","col_title":"Recherche et d\u00e9veloppement","add_title_background":"","col_text":"Nous allons toujours de l'avant avec la recherche et le d\u00e9veloppement (R&D) afin de cr\u00e9er de nouveaux produits et services et d'am\u00e9liorer ceux qui existent d\u00e9j\u00e0. Nous le faisons en interne, mais nous pouvons \u00e9galement l'offrir en tant que service ou en partenariat. \n<h3>Partenariats<\/h3>\nGr\u00e2ce \u00e0 une recherche active et \u00e0 nos alliances mutuelles \u00e9troites avec des institutions universitaires de premier plan, d'autres organismes de recherche externes et des experts de l'industrie, nous restons constamment au sommet de notre art.\n\nCes liens avec des institutions externes nous donnent \u00e9galement un acc\u00e8s suppl\u00e9mentaire \u00e0 des connaissances, des \u00e9quipements, des techniques et des installations sp\u00e9cialis\u00e9s, ce qui permet \u00e0 Broadbent de rester \u00e0 la pointe de la technologie en mati\u00e8re de s\u00e9paration industrielle.\n<h3>Universit\u00e9s<\/h3>\nNous travaillons avec des universit\u00e9s et des institutions acad\u00e9miques de premier plan, notamment le d\u00e9partement d'ing\u00e9nierie de l'universit\u00e9 de Cambridge et le groupe de recherche g\u00e9otechnique et environnementale de l'universit\u00e9 de Cambridge.","add_link":"","link":"","add_link_to_image":[],"show_button":[],"button_text":"","images":null,"images_style":"row"},{"col_image":"","col_title":"","add_title_background":"","col_text":"","add_link":"","link":"","add_link_to_image":[],"show_button":[],"button_text":"","images":[{"image":4852},{"image":5367}],"images_style":"column"}],"col_display":"two_col","images_full_width_of_column":"","show_large_text":"","line_1":"Appelez notre \u00e9quipe d\u00e8s aujourd'hui, au :","line_2":"+44 (0) 1484 477 236"},{"acf_fc_layout":"columns","id":"innovate","background":"grey","show_content_before_columns":["yes"],"title":"Innovez avec nous : <br>Essais en laboratoire et recherche","description":{"show_description":"","description_text":""},"content":"","column":[{"col_image":"","col_title":"","add_title_background":"","col_text":"","add_link":"","link":"","add_link_to_image":[],"show_button":[],"button_text":"","images":[{"image":4967}],"images_style":"column"},{"col_image":"","col_title":"","add_title_background":"","col_text":"<h3>Tests en laboratoire<\/h3>\nL'une de nos rares sp\u00e9cialit\u00e9s est la capacit\u00e9 de cr\u00e9er et de concevoir des centrifugeuses uniques qui r\u00e9pondent aux exigences pr\u00e9cises et individuelles des utilisateurs de syst\u00e8mes de s\u00e9paration dans le monde entier.\n\nNotre service de traitement vous propose :\n\n- Essais de processus en interne en laboratoire et \u00e0 l'\u00e9chelle pilote\n\n- Essais pilotes sur le site du client\n\n- Formation compl\u00e8te sur site, mise en service du processus et service d'optimisation\n\n\u00a0\n<h3>Appelez notre \u00e9quipe aujourd'hui, sur :\n +44<a href=\"tel:+441484477236\">(0) 1484 477 236<\/a><\/h3>","add_link":"","link":"","add_link_to_image":[],"show_button":[],"button_text":"","images":null,"images_style":"row"}],"col_display":"two_col","images_full_width_of_column":"","show_large_text":"","line_1":"Appelez notre \u00e9quipe d\u00e8s aujourd'hui, au :","line_2":"+44 (0) 1484 477 236"},{"acf_fc_layout":"shortcode_content","id":"contactform","background":"dark","show_content_before_rows":["yes"],"title":"Contactez nous","description_to_the_side_of_title":{"show_description":"","description_text":""},"content":"","shortcode":"[contact-form-7 id=\"9f61392\" title=\"Contact Form\"]"}]},"yoast_head":"<!-- This site is optimized with the Yoast SEO plugin v27.6 - https:\/\/yoast.com\/product\/yoast-seo-wordpress\/ -->\n<title>- Broadbent<\/title>\n<meta name=\"description\" content=\"Broadbent Lab Testing &amp; Proof of Concept : r\u00e9soudre les probl\u00e8mes de s\u00e9paration des processus gr\u00e2ce aux comp\u00e9tences, \u00e0 l&#039;exp\u00e9rience et \u00e0 l&#039;\u00e9thique de notre laboratoire de processus.\" \/>\n<meta name=\"robots\" content=\"index, follow, max-snippet:-1, max-image-preview:large, max-video-preview:-1\" \/>\n<link rel=\"canonical\" href=\"https:\/\/broadbent.co.uk\/fr\/essais-en-laboratoire-et-validation-du-concept\/\" \/>\n<meta property=\"og:locale\" content=\"fr_FR\" \/>\n<meta property=\"og:type\" content=\"article\" \/>\n<meta property=\"og:title\" content=\"- Broadbent\" \/>\n<meta property=\"og:description\" content=\"Broadbent Lab Testing &amp; Proof of Concept : r\u00e9soudre les probl\u00e8mes de s\u00e9paration des processus gr\u00e2ce aux comp\u00e9tences, \u00e0 l&#039;exp\u00e9rience et \u00e0 l&#039;\u00e9thique de notre laboratoire de processus.\" \/>\n<meta property=\"og:url\" content=\"https:\/\/broadbent.co.uk\/fr\/essais-en-laboratoire-et-validation-du-concept\/\" \/>\n<meta property=\"og:site_name\" content=\"Broadbent\" \/>\n<meta property=\"article:modified_time\" content=\"2025-05-16T10:06:23+00:00\" \/>\n<meta property=\"og:image\" content=\"https:\/\/broadbent.co.uk\/wp-content\/uploads\/2023\/12\/logo-broadbent.jpg\" \/>\n\t<meta property=\"og:image:width\" content=\"973\" \/>\n\t<meta property=\"og:image:height\" content=\"345\" \/>\n\t<meta property=\"og:image:type\" content=\"image\/jpeg\" \/>\n<meta name=\"twitter:card\" content=\"summary_large_image\" \/>\n<script type=\"application\/ld+json\" class=\"yoast-schema-graph\">{\"@context\":\"https:\\\/\\\/schema.org\",\"@graph\":[{\"@type\":\"WebPage\",\"@id\":\"https:\\\/\\\/broadbent.co.uk\\\/fr\\\/essais-en-laboratoire-et-validation-du-concept\\\/\",\"url\":\"https:\\\/\\\/broadbent.co.uk\\\/fr\\\/essais-en-laboratoire-et-validation-du-concept\\\/\",\"name\":\"- Broadbent\",\"isPartOf\":{\"@id\":\"https:\\\/\\\/broadbent.co.uk\\\/#website\"},\"datePublished\":\"2024-09-16T11:19:18+00:00\",\"dateModified\":\"2025-05-16T10:06:23+00:00\",\"description\":\"Broadbent Lab Testing & Proof of Concept : r\u00e9soudre les probl\u00e8mes de s\u00e9paration des processus gr\u00e2ce aux comp\u00e9tences, \u00e0 l'exp\u00e9rience et \u00e0 l'\u00e9thique de notre laboratoire de processus.\",\"breadcrumb\":{\"@id\":\"https:\\\/\\\/broadbent.co.uk\\\/fr\\\/essais-en-laboratoire-et-validation-du-concept\\\/#breadcrumb\"},\"inLanguage\":\"fr-FR\",\"potentialAction\":[{\"@type\":\"ReadAction\",\"target\":[\"https:\\\/\\\/broadbent.co.uk\\\/fr\\\/essais-en-laboratoire-et-validation-du-concept\\\/\"]}]},{\"@type\":\"BreadcrumbList\",\"@id\":\"https:\\\/\\\/broadbent.co.uk\\\/fr\\\/essais-en-laboratoire-et-validation-du-concept\\\/#breadcrumb\",\"itemListElement\":[{\"@type\":\"ListItem\",\"position\":1,\"name\":\"Home\",\"item\":\"https:\\\/\\\/broadbent.co.uk\\\/fr\\\/\"},{\"@type\":\"ListItem\",\"position\":2,\"name\":\"Essais en laboratoire et validation du concept\"}]},{\"@type\":\"WebSite\",\"@id\":\"https:\\\/\\\/broadbent.co.uk\\\/#website\",\"url\":\"https:\\\/\\\/broadbent.co.uk\\\/\",\"name\":\"Broadbent\",\"description\":\"Thomas Broadbent - Centrifugal machines\",\"publisher\":{\"@id\":\"https:\\\/\\\/broadbent.co.uk\\\/#organization\"},\"alternateName\":\"Thomas Broadbent\",\"potentialAction\":[{\"@type\":\"SearchAction\",\"target\":{\"@type\":\"EntryPoint\",\"urlTemplate\":\"https:\\\/\\\/broadbent.co.uk\\\/?s={search_term_string}\"},\"query-input\":{\"@type\":\"PropertyValueSpecification\",\"valueRequired\":true,\"valueName\":\"search_term_string\"}}],\"inLanguage\":\"fr-FR\"},{\"@type\":\"Organization\",\"@id\":\"https:\\\/\\\/broadbent.co.uk\\\/#organization\",\"name\":\"Thomas Broadbent & Sons Ltd\",\"alternateName\":\"Broadbent\",\"url\":\"https:\\\/\\\/broadbent.co.uk\\\/\",\"logo\":{\"@type\":\"ImageObject\",\"inLanguage\":\"fr-FR\",\"@id\":\"https:\\\/\\\/broadbent.co.uk\\\/#\\\/schema\\\/logo\\\/image\\\/\",\"url\":\"https:\\\/\\\/broadbent.co.uk\\\/wp-content\\\/uploads\\\/2024\\\/09\\\/LogoLogoWorld-400x250-1.jpg\",\"contentUrl\":\"https:\\\/\\\/broadbent.co.uk\\\/wp-content\\\/uploads\\\/2024\\\/09\\\/LogoLogoWorld-400x250-1.jpg\",\"width\":400,\"height\":250,\"caption\":\"Thomas Broadbent & Sons Ltd\"},\"image\":{\"@id\":\"https:\\\/\\\/broadbent.co.uk\\\/#\\\/schema\\\/logo\\\/image\\\/\"},\"sameAs\":[\"https:\\\/\\\/www.linkedin.com\\\/company\\\/broadbent-centrifuges\\\/posts\\\/?feedView=all\"]}]}<\/script>\n<!-- \/ Yoast SEO plugin. -->","yoast_head_json":{"title":"- Broadbent","description":"Broadbent Lab Testing & Proof of Concept : r\u00e9soudre les probl\u00e8mes de s\u00e9paration des processus gr\u00e2ce aux comp\u00e9tences, \u00e0 l'exp\u00e9rience et \u00e0 l'\u00e9thique de notre laboratoire de processus.","robots":{"index":"index","follow":"follow","max-snippet":"max-snippet:-1","max-image-preview":"max-image-preview:large","max-video-preview":"max-video-preview:-1"},"canonical":"https:\/\/broadbent.co.uk\/fr\/essais-en-laboratoire-et-validation-du-concept\/","og_locale":"fr_FR","og_type":"article","og_title":"- Broadbent","og_description":"Broadbent Lab Testing & Proof of Concept : r\u00e9soudre les probl\u00e8mes de s\u00e9paration des processus gr\u00e2ce aux comp\u00e9tences, \u00e0 l'exp\u00e9rience et \u00e0 l'\u00e9thique de notre laboratoire de processus.","og_url":"https:\/\/broadbent.co.uk\/fr\/essais-en-laboratoire-et-validation-du-concept\/","og_site_name":"Broadbent","article_modified_time":"2025-05-16T10:06:23+00:00","og_image":[{"width":973,"height":345,"url":"https:\/\/broadbent.co.uk\/wp-content\/uploads\/2023\/12\/logo-broadbent.jpg","type":"image\/jpeg"}],"twitter_card":"summary_large_image","schema":{"@context":"https:\/\/schema.org","@graph":[{"@type":"WebPage","@id":"https:\/\/broadbent.co.uk\/fr\/essais-en-laboratoire-et-validation-du-concept\/","url":"https:\/\/broadbent.co.uk\/fr\/essais-en-laboratoire-et-validation-du-concept\/","name":"- Broadbent","isPartOf":{"@id":"https:\/\/broadbent.co.uk\/#website"},"datePublished":"2024-09-16T11:19:18+00:00","dateModified":"2025-05-16T10:06:23+00:00","description":"Broadbent Lab Testing & Proof of Concept : r\u00e9soudre les probl\u00e8mes de s\u00e9paration des processus gr\u00e2ce aux comp\u00e9tences, \u00e0 l'exp\u00e9rience et \u00e0 l'\u00e9thique de notre laboratoire de processus.","breadcrumb":{"@id":"https:\/\/broadbent.co.uk\/fr\/essais-en-laboratoire-et-validation-du-concept\/#breadcrumb"},"inLanguage":"fr-FR","potentialAction":[{"@type":"ReadAction","target":["https:\/\/broadbent.co.uk\/fr\/essais-en-laboratoire-et-validation-du-concept\/"]}]},{"@type":"BreadcrumbList","@id":"https:\/\/broadbent.co.uk\/fr\/essais-en-laboratoire-et-validation-du-concept\/#breadcrumb","itemListElement":[{"@type":"ListItem","position":1,"name":"Home","item":"https:\/\/broadbent.co.uk\/fr\/"},{"@type":"ListItem","position":2,"name":"Essais en laboratoire et validation du concept"}]},{"@type":"WebSite","@id":"https:\/\/broadbent.co.uk\/#website","url":"https:\/\/broadbent.co.uk\/","name":"Broadbent","description":"Thomas Broadbent - Centrifugal machines","publisher":{"@id":"https:\/\/broadbent.co.uk\/#organization"},"alternateName":"Thomas Broadbent","potentialAction":[{"@type":"SearchAction","target":{"@type":"EntryPoint","urlTemplate":"https:\/\/broadbent.co.uk\/?s={search_term_string}"},"query-input":{"@type":"PropertyValueSpecification","valueRequired":true,"valueName":"search_term_string"}}],"inLanguage":"fr-FR"},{"@type":"Organization","@id":"https:\/\/broadbent.co.uk\/#organization","name":"Thomas Broadbent & Sons Ltd","alternateName":"Broadbent","url":"https:\/\/broadbent.co.uk\/","logo":{"@type":"ImageObject","inLanguage":"fr-FR","@id":"https:\/\/broadbent.co.uk\/#\/schema\/logo\/image\/","url":"https:\/\/broadbent.co.uk\/wp-content\/uploads\/2024\/09\/LogoLogoWorld-400x250-1.jpg","contentUrl":"https:\/\/broadbent.co.uk\/wp-content\/uploads\/2024\/09\/LogoLogoWorld-400x250-1.jpg","width":400,"height":250,"caption":"Thomas Broadbent & Sons Ltd"},"image":{"@id":"https:\/\/broadbent.co.uk\/#\/schema\/logo\/image\/"},"sameAs":["https:\/\/www.linkedin.com\/company\/broadbent-centrifuges\/posts\/?feedView=all"]}]}},"_links":{"self":[{"href":"https:\/\/broadbent.co.uk\/fr\/wp-json\/wp\/v2\/pages\/6182","targetHints":{"allow":["GET"]}}],"collection":[{"href":"https:\/\/broadbent.co.uk\/fr\/wp-json\/wp\/v2\/pages"}],"about":[{"href":"https:\/\/broadbent.co.uk\/fr\/wp-json\/wp\/v2\/types\/page"}],"author":[{"embeddable":true,"href":"https:\/\/broadbent.co.uk\/fr\/wp-json\/wp\/v2\/users\/6"}],"replies":[{"embeddable":true,"href":"https:\/\/broadbent.co.uk\/fr\/wp-json\/wp\/v2\/comments?post=6182"}],"version-history":[{"count":3,"href":"https:\/\/broadbent.co.uk\/fr\/wp-json\/wp\/v2\/pages\/6182\/revisions"}],"predecessor-version":[{"id":6342,"href":"https:\/\/broadbent.co.uk\/fr\/wp-json\/wp\/v2\/pages\/6182\/revisions\/6342"}],"wp:attachment":[{"href":"https:\/\/broadbent.co.uk\/fr\/wp-json\/wp\/v2\/media?parent=6182"}],"curies":[{"name":"wp","href":"https:\/\/api.w.org\/{rel}","templated":true}]}}