{"id":6909,"date":"2024-09-02T15:42:33","date_gmt":"2024-09-02T14:42:33","guid":{"rendered":"https:\/\/broadbent.co.uk\/dywizje\/"},"modified":"2025-06-16T15:58:14","modified_gmt":"2025-06-16T14:58:14","slug":"dywizje","status":"publish","type":"page","link":"https:\/\/broadbent.co.uk\/pl\/dywizje\/","title":{"rendered":"Dywizje"},"content":{"rendered":"","protected":false},"excerpt":{"rendered":"","protected":false},"author":5,"featured_media":0,"parent":0,"menu_order":0,"comment_status":"closed","ping_status":"closed","template":"","meta":{"_acf_changed":false,"footnotes":""},"class_list":["post-6909","page","type-page","status-publish","hentry"],"acf":{"content":[{"acf_fc_layout":"hero_content_v3","id":"header","hero-slide-v2":[{"title":"Dywizje Broadbent","text":"Broadbent obs\u0142uguje r\u00f3\u017cne bran\u017ce za po\u015brednictwem siedmiu dzia\u0142\u00f3w, w tym proces\u00f3w przemys\u0142owych, FEED, us\u0142ug pralniczych, produkcji, test\u00f3w laboratoryjnych, cz\u0119\u015bci zamiennych i napraw oraz us\u0142ug na miejscu.","button":"yes","button_text":"Kontakt","button_link":"#contactform","background_image":5894}]},{"acf_fc_layout":"columns","id":"","background":"grey","show_content_before_columns":["yes"],"title":"Czego szukasz?","description":{"show_description":"","description_text":""},"content":"","column":[{"col_image":5979,"col_title":"Przetwarzanie przemys\u0142owe","add_title_background":["yes"],"col_text":"Broadbent Industrial Process Division - unikalne zasoby in\u017cynieryjne: projektowanie, testowanie, produkcja i wsparcie","add_link":["yes"],"link":"https:\/\/broadbent.co.uk\/pl\/dzial-procesow-przemyslowych\/","add_link_to_image":["yes"],"show_button":"","button_text":"","images":null,"images_style":"row"},{"col_image":5984,"col_title":"\u017bywno\u015b\u0107, \u015arodowisko, Eksperymentalne","add_title_background":["yes"],"col_text":"Dzia\u0142 \u017cywno\u015bci, \u015brodowiska i eksperyment\u00f3w - \u015bwiatowej klasy mo\u017cliwo\u015bci w zakresie wir\u00f3wek wsadowych i ci\u0105g\u0142ych","add_link":["yes"],"link":"https:\/\/broadbent.co.uk\/pl\/wydzial-zywnosci-srodowiska-i-doswiadczen\/","add_link_to_image":["yes"],"show_button":"","button_text":"","images":null,"images_style":"row"},{"col_image":5999,"col_title":"Cz\u0119\u015bci zamienne i naprawy wir\u00f3wek","add_title_background":["yes"],"col_text":"Cz\u0119\u015bci zamienne i naprawy - wysokiej jako\u015bci produkty OEM w konkurencyjnych cenach, aby utrzyma\u0107 wir\u00f3wki w ruchu.","add_link":["yes"],"link":"https:\/\/broadbent.co.uk\/pl\/czesci-zamienne-i-naprawy\/","add_link_to_image":["yes"],"show_button":"","button_text":"","images":null,"images_style":"row"},{"col_image":5994,"col_title":"Us\u0142ugi wir\u00f3wek na miejscu","add_title_background":["yes"],"col_text":"Wsparcie w przypadku awarii ze strony naszych wyspecjalizowanych in\u017cynier\u00f3w, wyposa\u017conych w kompleksowe cz\u0119\u015bci zamienne, aby zapewni\u0107 ci\u0105g\u0142o\u015b\u0107 dzia\u0142ania.","add_link":["yes"],"link":"https:\/\/broadbent.co.uk\/pl\/uslugi-wirowek-na-miejscu\/","add_link_to_image":["yes"],"show_button":"","button_text":"","images":null,"images_style":"row"},{"col_image":6009,"col_title":"Us\u0142ugi produkcyjne","add_title_background":["yes"],"col_text":"Broadbent's Manufacturing Division - kompletne rozwi\u0105zania w zakresie podwykonawstwa: od produkcji i obr\u00f3bki skrawaniem po monta\u017c i testowanie.","add_link":["yes"],"link":"https:\/\/broadbent.co.uk\/pl\/uslugi-produkcyjne\/","add_link_to_image":["yes"],"show_button":"","button_text":"","images":null,"images_style":"row"},{"col_image":6004,"col_title":"Testy laboratoryjne i weryfikacja koncepcji","add_title_background":["yes"],"col_text":"Laboratorium procesowe Broadbent - wysoce wyspecjalizowane \u015brodowisko testowe","add_link":["yes"],"link":"https:\/\/broadbent.co.uk\/pl\/testy-laboratoryjne-i-weryfikacja-koncepcji\/","add_link_to_image":["yes"],"show_button":"","button_text":"","images":null,"images_style":"row"},{"col_image":5989,"col_title":"Systemy pralnicze","add_title_background":["yes"],"col_text":"Dzia\u0142 us\u0142ug pralniczych - wi\u0119ksza wydajno\u015b\u0107, jako\u015b\u0107 i rentowno\u015b\u0107 dla pralni","add_link":["yes"],"link":"https:\/\/broadbent.co.uk\/pl\/uslugi-pralnicze\/","add_link_to_image":["yes"],"show_button":"","button_text":"","images":null,"images_style":"row"},{"col_image":6014,"col_title":"Rekrutacja i praktyki zawodowe","add_title_background":["yes"],"col_text":"Kariera i praktyki w Broadbent - stanowiska pracy w Broadbent, w naszych r\u00f3\u017cnych oddzia\u0142ach","add_link":["yes"],"link":"https:\/\/broadbent.co.uk\/pl\/rekrutacja\/","add_link_to_image":["yes"],"show_button":"","button_text":"","images":null,"images_style":"row"}],"col_display":"two_col","images_full_width_of_column":["yes"],"show_large_text":"","line_1":"","line_2":""},{"acf_fc_layout":"text_and_image_content","id":"","title_heading":"h2","title":"Dlaczego Broadbent?","content":"<strong>Ponad 160 lat rozwi\u0105za\u0144 w zakresie separacji.<\/strong>\r\n\r\nOd samego pocz\u0105tku w po\u0142owie XIX wieku firma Broadbent jest liderem w zakresie doskona\u0142o\u015bci separacji proces\u00f3w.\r\n\r\nPierwotnie zaprojektowane i wyprodukowane w celu wspierania kwitn\u0105cego przemys\u0142u tekstylnego w Yorkshire, wir\u00f3wki Broadbent dostarczaj\u0105 obecnie innowacyjne rozwi\u0105zania w zakresie separacji dla klient\u00f3w z bran\u017cy chemicznej, mineralnej, farmaceutycznej, cukrowniczej i s\u0142odzik\u00f3w, pralniczej, przetw\u00f3rczej i geotechnicznej na ca\u0142ym \u015bwiecie.\r\n\r\nDzi\u0119ki mo\u017cliwo\u015bciom i wnikliwo\u015bci w rozwi\u0105zywaniu wszelkiego rodzaju problem\u00f3w zwi\u0105zanych z separacj\u0105 procesow\u0105, wykwalifikowani in\u017cynierowie Broadbent d\u0105\u017c\u0105 do tego, aby sta\u0107 si\u0119 zaufanymi doradcami i partnerami, wsp\u00f3\u0142pracuj\u0105c w celu osi\u0105gni\u0119cia wyj\u0105tkowych rozwi\u0105za\u0144, zar\u00f3wno standardowych, jak i niestandardowych. Dost\u0119pno\u015b\u0107 sprz\u0119tu jest najwa\u017cniejsza. Aby wir\u00f3wki dzia\u0142a\u0142y bez zak\u0142\u00f3ce\u0144 24 godziny na dob\u0119, 7 dni w tygodniu, rok po roku, mo\u017cesz polega\u0107 na firmie Broadbent w zakresie szybkiego, specjalistycznego serwisu, cz\u0119\u015bci zamiennych i napraw w dowolnym miejscu na \u015bwiecie.\r\n\r\nOpieraj\u0105c si\u0119 na naszym dziedzictwie i wykorzystuj\u0105c nieograniczone mo\u017cliwo\u015bci zaawansowanej technologii, zdobyli\u015bmy globaln\u0105 reputacj\u0119 w naszej dziedzinie, pomagaj\u0105c organizacjom takim jak Twoja w osi\u0105ganiu cel\u00f3w zwi\u0105zanych z separacj\u0105 proces\u00f3w.","text_align":"left","add_image":"no","image":null,"image_align":false,"image_width":"w50","background_colour":"none","add_background_image":"no","background_image":null,"button":"no","button_links":null,"remove_padding_top":""},{"acf_fc_layout":"faq_content","background":"grey","id":"","title":"FAQ","questions_answers":[{"question":"Jak mog\u0119 skontaktowa\u0107 si\u0119 z dzia\u0142em proces\u00f3w przemys\u0142owych firmy Broadbent?","answer":"Dzia\u0142 Proces\u00f3w Przemys\u0142owych sk\u0142ada si\u0119 z wysoce do\u015bwiadczonego zespo\u0142u, kt\u00f3ry zapewnia klientom szybk\u0105 i skuteczn\u0105 reakcj\u0119. Zapytania dotycz\u0105ce sprzeda\u017cy lub wsparcia technicznego zawsze b\u0119d\u0105 natychmiast kierowane do odpowiedniego personelu w celu oceny i zalece\u0144.\r\n\r\nThomas Broadbent &amp; Sons Ltd\r\nQueen Street South\r\nHuddersfield\r\nWest Yorkshire\r\nHD1 3EA\r\n\r\nT: <a href=\"tel:+441484477292\">+44 (0)1484 477292<\/a>\r\nE: <a href=\"mailto:ipd@broadbent.co.uk\">ipd@broadbent.co.uk<\/a>"},{"question":"Jakie obszary dzia\u0142alno\u015bci obejmuje dzia\u0142 proces\u00f3w przemys\u0142owych firmy Broadbent?","answer":"<h3>Sprzeda\u017c<\/h3>\r\n<ul>\r\n \t<li>Interpretacja zapyta\u0144 klient\u00f3w<\/li>\r\n \t<li>Przygotowanie ofert<\/li>\r\n \t<li>Negocjacje i kontrola um\u00f3w<\/li>\r\n<\/ul>\r\n<h3>Projektowanie proces\u00f3w<\/h3>\r\n<ul>\r\n \t<li>Przewidywanie wydajno\u015bci procesu za po\u015brednictwem naszego laboratorium procesowego<\/li>\r\n \t<li>Organizacja test\u00f3w pilota\u017cowych \/ laboratoryjnych proces\u00f3w zgodnie z wymaganiami<\/li>\r\n<\/ul>\r\n<h3>Zakupy<\/h3>\r\nZakup wszystkich zakupionych materia\u0142\u00f3w wymaganych do realizacji zam\u00f3wienia klienta.\r\n<h3>In\u017cynieria<\/h3>\r\n<ul>\r\n \t<li>Wsparcie techniczne<\/li>\r\n \t<li>Specyfikacja komponent\u00f3w<\/li>\r\n \t<li>Projektowanie system\u00f3w mechanicznych, elektrycznych i sterowania<\/li>\r\n \t<li>Przygotowanie zestawie\u0144 materia\u0142\u00f3w<\/li>\r\n<\/ul>"},{"question":"Gdzie mog\u0119 uzyska\u0107 cz\u0119\u015bci zamienne?","answer":"Nasz\u0105 stron\u0119 po\u015bwi\u0119con\u0105 cz\u0119\u015bciom zamiennym i naprawom mo\u017cna odwiedzi\u0107 tutaj: <a href=\"https:\/\/broadbent.co.uk\/pl\/czesci-zamienne-i-naprawy\/\">https:\/\/broadbent.co.uk\/spares-and-repairs\/<\/a>.\r\n<h3>Zesp\u00f3\u0142 wsparcia technicznego ds. cz\u0119\u015bci zamiennych w Wielkiej Brytanii<\/h3>\r\nW przypadku cz\u0119\u015bci zamiennych dla przemys\u0142u chemicznego, farmaceutycznego, mineralnego, cukrowniczego i przetw\u00f3rczego prosimy o kontakt:\r\n\r\nWill Morrison Spares Manager - <a href=\"mailto:wmorrison@broadbent.co.uk\">wmorrison@broadbent.co.uk<\/a>\r\nT<a href=\"tel:01484477327\">:01484 477327<\/a>\r\n\r\nMike Kerr Spares Senior Processor - <a href=\"mailto:mkerr@broadbent.co.uk\">mkerr@broadbent.co.uk<\/a>\r\nT<a href=\"tel:01484477303\">:01484 477303<\/a>\r\n\r\nZesp\u00f3\u0142 serwisu technicznego w Wielkiej Brytanii - awarie i wezwania\r\nRob Johnson - kierownik serwisu - <a href=\"mailto:rjohnson@broadbent.co.uk\">rjohnson@broadbent.co.uk<\/a>\r\nT<a href=\"tel:01484477283\">:01484 477283<\/a>\r\n\r\nZesp\u00f3\u0142 serwisu technicznego w Wielkiej Brytanii - wewn\u0119trzne naprawy, remonty, regeneracje i projekty modernizacyjne.\r\n\r\n<strong>Dla wir\u00f3wek:<\/strong>\r\n\r\nCharlie Beaumont - Spares &amp; Repairs Team Leader - <a href=\"mailto:cbeaumont@broadbent.co.uk\">cbeaumont@broadbent.co.uk<\/a>\r\nT: <a href=\"tel:01484477296\">01484 477296<\/a>\r\n\r\nAndrew Selway - In\u017cynier ds. projekt\u00f3w specjalnych - <a href=\"mailto:aselway@broadbent.co.uk\">aselway@broadbent.co.uk<\/a>\r\nT<a href=\"tel:01484477295\">:01484 477295<\/a>\r\n\r\nRob Johnson - Service Manager - <a href=\"mailto:rjohnson@broadbent.co.uk\">rjohnson@broadbent.co.uk<\/a>\r\nT<a href=\"tel:01484477283\">:01484 477283<\/a>\r\n<h3>USA<\/h3>\r\n<h4>Broadbent Incorporated USA - Serwis<\/h4>\r\nRichard Walker <a href=\"mailto:rwalker@broadbent-americas.com\">rwalker@broadbent-americas.com<\/a>\r\nT: <a href=\"tel:+18177734494\">+1 817 773 4494<\/a>\r\n<h4>Broadbent Incorporated USA - Cz\u0119\u015bci zamienne<\/h4>\r\nTimothy O'Brien <a href=\"mailto:general@broadbent-americas.com\">general@broadbent-americas.com<\/a>\r\nT: <a href=\"tel:+18177734494\">+1 817 773 4494<\/a>\r\n<h3>Chiny<\/h3>\r\n<h4>Broadbent China - us\u0142ugi<\/h4>\r\nBCSL Weihong Zhao <a href=\"mailto:wzhao@broadbent-asia.com\">wzhao@broadbent-asia.com<\/a>\r\nT: <a href=\"tel:+8651487871962\">+ 86 (0)514 8787 1962<\/a>\r\n\r\nJenny Xi <a href=\"mailto:jennyxi@broadbent-asia.com\">jennyxi@broadbent-asia.com<\/a>\r\nT: <a href=\"tel:+8613952525718\">+86 (0)139 525 25718<\/a>\r\n<h3>Tajlandia<\/h3>\r\n<h4>Broadbent Thailand - us\u0142ugi<\/h4>\r\nRobert Capewell <a href=\"mailto:rcapewell@broadbent-asia.com\">rcapewell@broadbent-asia.com<\/a>\r\nT: <a href=\"tel:+6623729262\">+66 (0)2372 9262<\/a>\r\n\r\nTim Sellars <a href=\"mailto:tsellars@broadbent-asia.com\">tsellars@broadbent-asia.com<\/a>\r\nT: <a href=\"tel:+66857044626\">+66 (0)857 044626<\/a>\r\n<h3>Polska<\/h3>\r\n<h4>Broadbent Polska - serwis<\/h4>\r\nRados\u0142aw Witkowski <a href=\"mailto:rwitkoswski@broadbent.co.uk\">rwitkoswski@broadbent.co.uk<\/a>\r\nT: <a href=\"tel:+48512577902\">+48 (0)512 577 902<\/a>"},{"question":"Jak skontaktowa\u0107 si\u0119 z dzia\u0142em serwisu i cz\u0119\u015bci zamiennych poza normalnymi godzinami pracy?","answer":"Biuro w Wielkiej Brytanii - (Wielka Brytania) <a href=\"tel:+441484477200\">+44 (0)1484 477200<\/a>\r\n\r\nDane kontaktowe us\u0142ugi poza godzinami pracy. (UK) <a href=\"tel:+447967237170\">+44 (0)7967 237170<\/a>\r\n\r\nW przypadku po\u0142\u0105cze\u0144 po godzinie 19:00 i przed godzin\u0105 07:00 prosimy o pozostawienie wiadomo\u015bci. Oddzwonimy tak szybko, jak b\u0119dzie to mo\u017cliwe.\r\n\r\nGdy oddzwonimy, zostaniesz poproszony o podanie nast\u0119puj\u0105cych informacji:\r\n<ul>\r\n \t<li>Nazwa klienta<\/li>\r\n \t<li>Dane kontaktowe<\/li>\r\n \t<li>Charakter problemu (np. cz\u0119\u015bci zamienne, pomoc techniczna lub \u017c\u0105danie in\u017cyniera)<\/li>\r\n \t<li>Szczeg\u00f3\u0142y maszyny<\/li>\r\n \t<li>PO, je\u015bli dotyczy.<\/li>\r\n<\/ul>\r\n<h2>Pomoc techniczna<\/h2>\r\nJe\u015bli potrzebujesz pomocy technicznej lub wizyty in\u017cyniera na miejscu, po\u0142\u0105czymy Ci\u0119 z in\u017cynierem w celu uzyskania porady technicznej lub zorganizowania wizyty.\r\n\r\nJe\u015bli potrzebujesz cz\u0119\u015bci zamiennych, podaj numer cz\u0119\u015bci. Je\u015bli mamy cz\u0119\u015bci zamienne w magazynie, oferujemy opcj\u0119 kuriera awaryjnego dla pilnych zam\u00f3wie\u0144, a tak\u017ce standardow\u0105 dostaw\u0119. Alternatywnie, zapraszamy do odbioru zam\u00f3wienia z naszej fabryki.\r\n\r\nNale\u017cy pami\u0119ta\u0107, \u017ce poza godzinami pracy po\u0142\u0105czenie zostanie odebrane przez jednego z cz\u0142onk\u00f3w zespo\u0142u Broadbent Service. Je\u015bli nikt nie b\u0119dzie dost\u0119pny w danym czasie, prosimy o pozostawienie wiadomo\u015bci, kt\u00f3ra zostanie niezw\u0142ocznie rozpatrzona przy najbli\u017cszej okazji.\r\n\r\nAlternatywne numery kontaktowe dla wsparcia w Azji lub obu Amerykach to:\r\n<h3>USA<\/h3>\r\nStrefa czasowa GMT -6 godzin. Kontakt dla wszystkich wir\u00f3wek to: <a href=\"tel:+18175952411\">+1 817 5952411<\/a>\r\n<h3>Chiny<\/h3>\r\nStrefa czasowa GMT +8 godzin. Kontakt dla wszystkich wir\u00f3wek to: <a href=\"tel:+8651487871962\">+ 86<\/a> <a href=\"tel:+867715602695\">(<\/a> 0)514 8787 1962\r\nAby uzyska\u0107 wsparcie dotycz\u0105ce wir\u00f3wek do cukru w Chinach, prosimy o kontakt pod numerem + 86 (0)771 5602695.\r\n<h3>Tajlandia<\/h3>\r\nStrefa czasowa GMT +7 godzin. Kontakt dla wszystkich wir\u00f3wek to: <a href=\"tel:+66857044626\">+66 (0)857 044626<\/a>"},{"question":"Gdzie mog\u0119 kupi\u0107 u\u017cywane, regenerowane i odnowione wir\u00f3wki Broadbent?","answer":"<h3>U\u017cywane, regenerowane i odnawiane wir\u00f3wki do cukru<\/h3>\r\nJe\u015bli musisz naby\u0107 lub wymieni\u0107 wir\u00f3wki do cukru, regenerowane jednostki mog\u0105 by\u0107 op\u0142acaln\u0105 alternatyw\u0105 dla zakupu nowego sprz\u0119tu. Nasi in\u017cynierowie mechanicy i elektrycy mog\u0105 zmodernizowa\u0107 i poprawi\u0107 wydajno\u015b\u0107 wi\u0119kszo\u015bci marek wir\u00f3wek do cukru za u\u0142amek koszt\u00f3w zakupu nowego urz\u0105dzenia.\r\n\r\nList\u0119 naszych odnowionych, wyremontowanych i u\u017cywanych wir\u00f3wek mo\u017cna znale\u017a\u0107, kontaktuj\u0105c si\u0119 z naszym dzia\u0142em napraw za po\u015brednictwem dedykowanej <a href=\"https:\/\/broadbent.co.uk\/pl\/czesci-zamienne-i-naprawy\/\">strony z cz\u0119\u015bciami zamiennymi i naprawami Broadbent tutaj.<\/a>"},{"question":"Gdzie mog\u0119 uzyska\u0107 instrukcje obs\u0142ugi wir\u00f3wek Broadbent?","answer":"Na naszej stronie internetowej mo\u017cna znale\u017a\u0107 podr\u0119czniki PDF, broszury i arkusze danych dla wielu naszych produkt\u00f3w wir\u00f3wek i powi\u0105zanego sprz\u0119tu.\r\n\r\nKategorie obejmuj\u0105:\r\n- nasza broszura firmowa Broadbent Ltd\r\n- broszury dotycz\u0105ce produkt\u00f3w Broadbent Process Division (wir\u00f3wki dekantacyjne i wsadowe dla przemys\u0142u przetw\u00f3rczego)\r\n- broszury dotycz\u0105ce wir\u00f3wek geotechnicznych Broadbent dla przemys\u0142u badawczego i budowlanego\r\n- broszury dotycz\u0105ce gamy wir\u00f3wek wsadowych i ci\u0105g\u0142ych Broadbent dla przemys\u0142u cukrowniczego i s\u0142odz\u0105cego\r\n- broszury dotycz\u0105ce produkt\u00f3w Broadbent Laundry System\r\n- arkusze danych dotycz\u0105ce produkt\u00f3w Broadbent Laundry Systems\r\n- informacje dotycz\u0105ce wsparcia technicznego i opublikowane artyku\u0142y."},{"question":"Jakie stanowiska s\u0105 dost\u0119pne w r\u00f3\u017cnych oddzia\u0142ach Broadbent?","answer":"Je\u015bli jeste\u015b pasjonatem in\u017cynierii i dbasz o jako\u015b\u0107, rozwa\u017c do\u0142\u0105czenie do naszego zespo\u0142u wykwalifikowanych specjalist\u00f3w. Razem b\u0119dziemy kszta\u0142towa\u0107 przysz\u0142o\u015b\u0107 standard\u00f3w bran\u017cowych.\r\n\r\nZesp\u00f3\u0142 Broadbent liczy obecnie oko\u0142o 140 os\u00f3b z ogromnym bogactwem umiej\u0119tno\u015bci, wiedzy, do\u015bwiadczenia i wgl\u0105du. Co wa\u017cne, nasi pracownicy s\u0105 r\u00f3wnie\u017c zaanga\u017cowani we wspieranie naszych klient\u00f3w i rozwi\u0105zywanie ich problem\u00f3w procesowych. Do\u015bwiadczenie Broadbent obejmuje wszystkie g\u0142\u00f3wne dyscypliny, w tym in\u017cynieri\u0119 procesow\u0105, projektowanie mechaniczne i elektryczne, sterowanie przemys\u0142owe i in\u017cynieri\u0119 produkcji. Inwestujemy r\u00f3wnie\u017c w nasz\u0105 baz\u0119 umiej\u0119tno\u015bci dzi\u0119ki ci\u0105g\u0142emu programowi praktyk rzemie\u015blniczych i sta\u017cy.\r\n\r\nAktualne oferty pracy mo\u017cna znale\u017a\u0107 na <a href=\"https:\/\/broadbent.bnodeltd.co.uk\/recruitment\/\">naszej stronie Rekrutacja<\/a>."}],"button":"no","button_text":"","button_link":"","button_colour":false,"button_icon":"life_ring_icon"},{"acf_fc_layout":"shortcode_content","id":"contactform","background":"dark","show_content_before_rows":["yes"],"title":"Kontakt","description_to_the_side_of_title":{"show_description":"","description_text":""},"content":"","shortcode":"[contact-form-7 id=\"\" title=\"Formularz kontaktowy\"]"}]},"yoast_head":"<!-- This site is optimized with the Yoast SEO plugin v27.4 - https:\/\/yoast.com\/product\/yoast-seo-wordpress\/ -->\n<title>- Broadbent<\/title>\n<meta name=\"description\" content=\"Dywizje Broadbent: r\u00f3\u017cne dywizje w ramach Broadbent, w tym procesy przemys\u0142owe, cukier, pralnia, serwis i konserwacja itp.\" \/>\n<meta name=\"robots\" content=\"index, follow, max-snippet:-1, max-image-preview:large, max-video-preview:-1\" \/>\n<link rel=\"canonical\" href=\"https:\/\/broadbent.co.uk\/pl\/dywizje\/\" \/>\n<meta property=\"og:locale\" content=\"pl_PL\" \/>\n<meta property=\"og:type\" content=\"article\" \/>\n<meta property=\"og:title\" content=\"- Broadbent\" \/>\n<meta property=\"og:description\" content=\"Dywizje Broadbent: r\u00f3\u017cne dywizje w ramach Broadbent, w tym procesy przemys\u0142owe, cukier, pralnia, serwis i konserwacja itp.\" \/>\n<meta property=\"og:url\" content=\"https:\/\/broadbent.co.uk\/pl\/dywizje\/\" \/>\n<meta property=\"og:site_name\" content=\"Broadbent\" \/>\n<meta property=\"article:modified_time\" content=\"2025-06-16T14:58:14+00:00\" \/>\n<meta property=\"og:image\" content=\"https:\/\/broadbent.co.uk\/wp-content\/uploads\/2023\/12\/logo-broadbent.jpg\" \/>\n\t<meta property=\"og:image:width\" content=\"973\" \/>\n\t<meta property=\"og:image:height\" content=\"345\" \/>\n\t<meta property=\"og:image:type\" content=\"image\/jpeg\" \/>\n<meta name=\"twitter:card\" content=\"summary_large_image\" \/>\n<script type=\"application\/ld+json\" class=\"yoast-schema-graph\">{\"@context\":\"https:\\\/\\\/schema.org\",\"@graph\":[{\"@type\":\"WebPage\",\"@id\":\"https:\\\/\\\/broadbent.co.uk\\\/pl\\\/dywizje\\\/\",\"url\":\"https:\\\/\\\/broadbent.co.uk\\\/pl\\\/dywizje\\\/\",\"name\":\"- Broadbent\",\"isPartOf\":{\"@id\":\"https:\\\/\\\/broadbent.co.uk\\\/#website\"},\"datePublished\":\"2024-09-02T14:42:33+00:00\",\"dateModified\":\"2025-06-16T14:58:14+00:00\",\"description\":\"Dywizje Broadbent: r\u00f3\u017cne dywizje w ramach Broadbent, w tym procesy przemys\u0142owe, cukier, pralnia, serwis i konserwacja itp.\",\"breadcrumb\":{\"@id\":\"https:\\\/\\\/broadbent.co.uk\\\/pl\\\/dywizje\\\/#breadcrumb\"},\"inLanguage\":\"pl-PL\",\"potentialAction\":[{\"@type\":\"ReadAction\",\"target\":[\"https:\\\/\\\/broadbent.co.uk\\\/pl\\\/dywizje\\\/\"]}]},{\"@type\":\"BreadcrumbList\",\"@id\":\"https:\\\/\\\/broadbent.co.uk\\\/pl\\\/dywizje\\\/#breadcrumb\",\"itemListElement\":[{\"@type\":\"ListItem\",\"position\":1,\"name\":\"Home\",\"item\":\"https:\\\/\\\/broadbent.co.uk\\\/pl\\\/\"},{\"@type\":\"ListItem\",\"position\":2,\"name\":\"Dywizje\"}]},{\"@type\":\"WebSite\",\"@id\":\"https:\\\/\\\/broadbent.co.uk\\\/#website\",\"url\":\"https:\\\/\\\/broadbent.co.uk\\\/\",\"name\":\"Broadbent\",\"description\":\"Thomas Broadbent - Centrifugal machines\",\"publisher\":{\"@id\":\"https:\\\/\\\/broadbent.co.uk\\\/#organization\"},\"alternateName\":\"Thomas Broadbent\",\"potentialAction\":[{\"@type\":\"SearchAction\",\"target\":{\"@type\":\"EntryPoint\",\"urlTemplate\":\"https:\\\/\\\/broadbent.co.uk\\\/?s={search_term_string}\"},\"query-input\":{\"@type\":\"PropertyValueSpecification\",\"valueRequired\":true,\"valueName\":\"search_term_string\"}}],\"inLanguage\":\"pl-PL\"},{\"@type\":\"Organization\",\"@id\":\"https:\\\/\\\/broadbent.co.uk\\\/#organization\",\"name\":\"Thomas Broadbent & Sons Ltd\",\"alternateName\":\"Broadbent\",\"url\":\"https:\\\/\\\/broadbent.co.uk\\\/\",\"logo\":{\"@type\":\"ImageObject\",\"inLanguage\":\"pl-PL\",\"@id\":\"https:\\\/\\\/broadbent.co.uk\\\/#\\\/schema\\\/logo\\\/image\\\/\",\"url\":\"https:\\\/\\\/broadbent.co.uk\\\/wp-content\\\/uploads\\\/2024\\\/09\\\/LogoLogoWorld-400x250-1.jpg\",\"contentUrl\":\"https:\\\/\\\/broadbent.co.uk\\\/wp-content\\\/uploads\\\/2024\\\/09\\\/LogoLogoWorld-400x250-1.jpg\",\"width\":400,\"height\":250,\"caption\":\"Thomas Broadbent & Sons Ltd\"},\"image\":{\"@id\":\"https:\\\/\\\/broadbent.co.uk\\\/#\\\/schema\\\/logo\\\/image\\\/\"},\"sameAs\":[\"https:\\\/\\\/www.linkedin.com\\\/company\\\/broadbent-centrifuges\\\/posts\\\/?feedView=all\"]}]}<\/script>\n<!-- \/ Yoast SEO plugin. -->","yoast_head_json":{"title":"- Broadbent","description":"Dywizje Broadbent: r\u00f3\u017cne dywizje w ramach Broadbent, w tym procesy przemys\u0142owe, cukier, pralnia, serwis i konserwacja itp.","robots":{"index":"index","follow":"follow","max-snippet":"max-snippet:-1","max-image-preview":"max-image-preview:large","max-video-preview":"max-video-preview:-1"},"canonical":"https:\/\/broadbent.co.uk\/pl\/dywizje\/","og_locale":"pl_PL","og_type":"article","og_title":"- Broadbent","og_description":"Dywizje Broadbent: r\u00f3\u017cne dywizje w ramach Broadbent, w tym procesy przemys\u0142owe, cukier, pralnia, serwis i konserwacja itp.","og_url":"https:\/\/broadbent.co.uk\/pl\/dywizje\/","og_site_name":"Broadbent","article_modified_time":"2025-06-16T14:58:14+00:00","og_image":[{"width":973,"height":345,"url":"https:\/\/broadbent.co.uk\/wp-content\/uploads\/2023\/12\/logo-broadbent.jpg","type":"image\/jpeg"}],"twitter_card":"summary_large_image","schema":{"@context":"https:\/\/schema.org","@graph":[{"@type":"WebPage","@id":"https:\/\/broadbent.co.uk\/pl\/dywizje\/","url":"https:\/\/broadbent.co.uk\/pl\/dywizje\/","name":"- Broadbent","isPartOf":{"@id":"https:\/\/broadbent.co.uk\/#website"},"datePublished":"2024-09-02T14:42:33+00:00","dateModified":"2025-06-16T14:58:14+00:00","description":"Dywizje Broadbent: r\u00f3\u017cne dywizje w ramach Broadbent, w tym procesy przemys\u0142owe, cukier, pralnia, serwis i konserwacja itp.","breadcrumb":{"@id":"https:\/\/broadbent.co.uk\/pl\/dywizje\/#breadcrumb"},"inLanguage":"pl-PL","potentialAction":[{"@type":"ReadAction","target":["https:\/\/broadbent.co.uk\/pl\/dywizje\/"]}]},{"@type":"BreadcrumbList","@id":"https:\/\/broadbent.co.uk\/pl\/dywizje\/#breadcrumb","itemListElement":[{"@type":"ListItem","position":1,"name":"Home","item":"https:\/\/broadbent.co.uk\/pl\/"},{"@type":"ListItem","position":2,"name":"Dywizje"}]},{"@type":"WebSite","@id":"https:\/\/broadbent.co.uk\/#website","url":"https:\/\/broadbent.co.uk\/","name":"Broadbent","description":"Thomas Broadbent - Centrifugal machines","publisher":{"@id":"https:\/\/broadbent.co.uk\/#organization"},"alternateName":"Thomas Broadbent","potentialAction":[{"@type":"SearchAction","target":{"@type":"EntryPoint","urlTemplate":"https:\/\/broadbent.co.uk\/?s={search_term_string}"},"query-input":{"@type":"PropertyValueSpecification","valueRequired":true,"valueName":"search_term_string"}}],"inLanguage":"pl-PL"},{"@type":"Organization","@id":"https:\/\/broadbent.co.uk\/#organization","name":"Thomas Broadbent & Sons Ltd","alternateName":"Broadbent","url":"https:\/\/broadbent.co.uk\/","logo":{"@type":"ImageObject","inLanguage":"pl-PL","@id":"https:\/\/broadbent.co.uk\/#\/schema\/logo\/image\/","url":"https:\/\/broadbent.co.uk\/wp-content\/uploads\/2024\/09\/LogoLogoWorld-400x250-1.jpg","contentUrl":"https:\/\/broadbent.co.uk\/wp-content\/uploads\/2024\/09\/LogoLogoWorld-400x250-1.jpg","width":400,"height":250,"caption":"Thomas Broadbent & Sons Ltd"},"image":{"@id":"https:\/\/broadbent.co.uk\/#\/schema\/logo\/image\/"},"sameAs":["https:\/\/www.linkedin.com\/company\/broadbent-centrifuges\/posts\/?feedView=all"]}]}},"_links":{"self":[{"href":"https:\/\/broadbent.co.uk\/pl\/wp-json\/wp\/v2\/pages\/6909","targetHints":{"allow":["GET"]}}],"collection":[{"href":"https:\/\/broadbent.co.uk\/pl\/wp-json\/wp\/v2\/pages"}],"about":[{"href":"https:\/\/broadbent.co.uk\/pl\/wp-json\/wp\/v2\/types\/page"}],"author":[{"embeddable":true,"href":"https:\/\/broadbent.co.uk\/pl\/wp-json\/wp\/v2\/users\/5"}],"replies":[{"embeddable":true,"href":"https:\/\/broadbent.co.uk\/pl\/wp-json\/wp\/v2\/comments?post=6909"}],"version-history":[{"count":2,"href":"https:\/\/broadbent.co.uk\/pl\/wp-json\/wp\/v2\/pages\/6909\/revisions"}],"predecessor-version":[{"id":6953,"href":"https:\/\/broadbent.co.uk\/pl\/wp-json\/wp\/v2\/pages\/6909\/revisions\/6953"}],"wp:attachment":[{"href":"https:\/\/broadbent.co.uk\/pl\/wp-json\/wp\/v2\/media?parent=6909"}],"curies":[{"name":"wp","href":"https:\/\/api.w.org\/{rel}","templated":true}]}}