{"id":6922,"date":"2024-09-16T12:19:18","date_gmt":"2024-09-16T11:19:18","guid":{"rendered":"https:\/\/broadbent.co.uk\/testy-laboratoryjne-i-weryfikacja-koncepcji\/"},"modified":"2025-06-16T16:07:10","modified_gmt":"2025-06-16T15:07:10","slug":"testy-laboratoryjne-i-weryfikacja-koncepcji","status":"publish","type":"page","link":"https:\/\/broadbent.co.uk\/pl\/testy-laboratoryjne-i-weryfikacja-koncepcji\/","title":{"rendered":"Testy laboratoryjne i weryfikacja koncepcji"},"content":{"rendered":"","protected":false},"excerpt":{"rendered":"","protected":false},"author":6,"featured_media":0,"parent":0,"menu_order":0,"comment_status":"closed","ping_status":"closed","template":"","meta":{"_acf_changed":false,"footnotes":""},"class_list":["post-6922","page","type-page","status-publish","hentry"],"acf":{"content":[{"acf_fc_layout":"hero_content_v3","id":"page-top","hero-slide-v2":[{"title":"Testy laboratoryjne i weryfikacja koncepcji","text":"Zdolno\u015b\u0107 firmy Broadbent do rozwi\u0105zywania wszelkiego rodzaju wyzwa\u0144 zwi\u0105zanych z separacj\u0105 procesow\u0105 jest zakorzeniona w umiej\u0119tno\u015bciach, do\u015bwiadczeniu i etosie jej pracownik\u00f3w oraz wyj\u0105tkowym zakresie Laboratorium Procesowego.  ","button":"yes","button_text":"Kontakt","button_link":"#contactform","background_image":5919}]},{"acf_fc_layout":"text_and_image_content","id":"","title_heading":"h4","title":"","content":"<h3>Laboratorium procesowe<\/h3>\r\nSpecjalistyczne \u015brodowisko testowe, kt\u00f3re zapewnia szczeg\u00f3\u0142owe informacje o procesie, aby pom\u00f3c w skalowaniu procesu do pe\u0142nej pracy zak\u0142adu.\r\n\r\nOferujemy szeroki zakres udogodnie\u0144 i us\u0142ug, w tym:\r\n<ul>\r\n \t<li>Pe\u0142ne testowanie charakterystyki procesu pr\u00f3bek<\/li>\r\n \t<li>Testowanie wir\u00f3wek wszystkich rozmiar\u00f3w, od laboratoryjnych po ma\u0142e jednostki produkcyjne<\/li>\r\n \t<li>Analiza cz\u0105stek i zawiesiny<\/li>\r\n \t<li>Specjalnie zbudowane laboratorium testowe z du\u017c\u0105 komor\u0105 wyci\u0105gu opar\u00f3w i stref\u0105 elektryczn\u0105 2.<\/li>\r\n \t<li>Testowanie we w\u0142asnym zakresie lub w zak\u0142adzie u\u017cytkownika ko\u0144cowego<\/li>\r\n \t<li>Pe\u0142ne szkolenie na miejscu, wsparcie w zakresie optymalizacji i uruchomienia<\/li>\r\n<\/ul>","text_align":"left","add_image":"yes","image":4504,"image_align":"left","image_width":"w50","background_colour":"none","add_background_image":"no","background_image":null,"button":"no","button_links":null,"remove_padding_top":""},{"acf_fc_layout":"text_and_image_content","id":"","title_heading":"h4","title":"","content":"<h3>Badania i technologia<\/h3>\r\nNasz znacz\u0105cy wewn\u0119trzny zesp\u00f3\u0142 ds. bada\u0144 i technologii zaprojektowa\u0142, skonstruowa\u0142 i przetestowa\u0142 tysi\u0105ce pr\u00f3bek separacji cia\u0142o sta\u0142e-ciecz na przestrzeni lat i jeste\u015bmy zobowi\u0105zani do dostarczania doskona\u0142ych wynik\u00f3w przy ka\u017cdej nowej okazji. Wsp\u00f3\u0142pracujemy z innymi specjalistami w akademickich i przemys\u0142owych centrach doskona\u0142o\u015bci, w tym z:\r\n<ul>\r\n \t<li><a href=\"http:\/\/www.eng.cam.ac.uk\/\" target=\"_blank\" rel=\"noopener\">Wydzia\u0142 In\u017cynierii, Uniwersytet w Cambridge<\/a><\/li>\r\n \t<li><a href=\"https:\/\/www-geo.eng.cam.ac.uk\/\" target=\"_blank\" rel=\"noopener\">Grupa ds. bada\u0144 geotechnicznych i \u015brodowiskowych, Uniwersytet Cambridge<\/a><\/li>\r\n \t<li><a href=\"https:\/\/www.wfius.org\/items-1\/the-filtration-society\/\" target=\"_blank\" rel=\"noopener\">The Filtration Society<\/a><\/li>\r\n \t<li><a href=\"https:\/\/www.tsa-uk.org\/\" target=\"_blank\" rel=\"noopener\">Stowarzyszenie Us\u0142ug Tekstylnych<\/a> (TSA)<\/li>\r\n \t<li><a href=\"https:\/\/www.bsigroup.com\/\" target=\"_blank\" rel=\"noopener\">Brytyjska Instytucja Normalizacyjna<\/a> (BSI)<\/li>\r\n \t<li><a href=\"https:\/\/www.twi-global.com\/\" target=\"_blank\" rel=\"noopener\">Instytut Spawalnictwa<\/a> (TWI)<\/li>\r\n<\/ul>","text_align":"left","add_image":"yes","image":5374,"image_align":"left","image_width":"w50","background_colour":"none","add_background_image":"no","background_image":null,"button":"no","button_links":null,"remove_padding_top":["yes"]},{"acf_fc_layout":"columns","id":"turnkey","background":"dark","show_content_before_columns":["yes"],"title":"Kompletne rozwi\u0105zania pod klucz","description":{"show_description":"","description_text":""},"content":"","column":[{"col_image":5344,"col_title":"Concept","add_title_background":"","col_text":"W\u0142asna konceptualizacja i prototypowanie","add_link":"","link":"","add_link_to_image":[],"show_button":[],"button_text":"","images":null,"images_style":"column"},{"col_image":4974,"col_title":"Design","add_title_background":"","col_text":"W\u0142asne mo\u017cliwo\u015bci projektowania mechanicznego, procesowego i elektrycznego","add_link":"","link":"","add_link_to_image":[],"show_button":[],"button_text":"","images":null,"images_style":"row"},{"col_image":5349,"col_title":"Engineering","add_title_background":"","col_text":"Pe\u0142ne mo\u017cliwo\u015bci in\u017cynieryjne, wewn\u0119trzne i na miejscu","add_link":"","link":"","add_link_to_image":[],"show_button":[],"button_text":"","images":null,"images_style":"row"},{"col_image":5354,"col_title":"Manufacturing","add_title_background":"","col_text":"Produkcja i obr\u00f3bka skrawaniem do monta\u017cu i testowania","add_link":"","link":"","add_link_to_image":[],"show_button":[],"button_text":"","images":null,"images_style":"row"}],"col_display":"four_col","images_full_width_of_column":["yes"],"show_large_text":"","line_1":"","line_2":""},{"acf_fc_layout":"columns","id":"","background":"light:","show_content_before_columns":["yes"],"title":"Mo\u017cliwo\u015bci techniczne i projektowe","description":{"show_description":"","description_text":""},"content":"","column":[{"col_image":"","col_title":"","add_title_background":"","col_text":"","add_link":"","link":"","add_link_to_image":[],"show_button":[],"button_text":"","images":[{"image":4729}],"images_style":"column"},{"col_image":"","col_title":"","add_title_background":"","col_text":"Od ponad 150 lat zdecydowana wi\u0119kszo\u015b\u0107 produkt\u00f3w dostarczanych przez firm\u0119 Broadbent na rynki separacji cia\u0142 sta\u0142ych od cieczy, \u015bciek\u00f3w i odzyskiwania wody jest projektowana i produkowana przez nasze w\u0142asne zespo\u0142y w siedzibie w Huddersfield w Wielkiej Brytanii.\r\n\r\nNasz trwa\u0142y sukces na tych rynkach jest \u015bwiadectwem naszego bezkompromisowego zaanga\u017cowania w projektowanie doskona\u0142ych produkt\u00f3w.\r\n\r\nNasze mo\u017cliwo\u015bci obejmuj\u0105:\r\n<ul>\r\n \t<li>W pe\u0142ni mechaniczny, procesowy i elektryczny projekt wewn\u0119trzny<\/li>\r\n \t<li>Systemy 3D-CAE do projektowania in\u017cynieryjnego, modelowania, rysowania, analizy drga\u0144 i MES, analizy modalnej i ODS<\/li>\r\n \t<li>Systemy 3D-CAM dla wieloosiowych obrabiarek NC<\/li>\r\n \t<li>Projektowanie pod k\u0105tem oceny zagro\u017ce\u0144, analizy ryzyka, certyfikacji GAMP, ATEX itp.<\/li>\r\n \t<li>Programowanie dla szerokiej gamy standardowych system\u00f3w PLC<\/li>\r\n \t<li>Kompleksowe zaplecze testowe z komputerow\u0105 rejestracj\u0105 danych, analiz\u0105 drga\u0144, nat\u0119\u017ceniem d\u017awi\u0119ku\/mocy i zgodno\u015bci\u0105 EMC<\/li>\r\n<\/ul>","add_link":"","link":"","add_link_to_image":[],"show_button":[],"button_text":"","images":null,"images_style":"row"}],"col_display":"two_col","images_full_width_of_column":["yes"],"show_large_text":"","line_1":"","line_2":""},{"acf_fc_layout":"columns","id":"","background":"light:","show_content_before_columns":["yes"],"title":"Wsp\u00f3\u0142praca w zakresie bada\u0144 i rozwoju","description":{"show_description":"","description_text":""},"content":"","column":[{"col_image":"","col_title":"Badania i rozw\u00f3j","add_title_background":"","col_text":"Nieustannie pracujemy nad badaniami i rozwojem (R&amp;D), aby tworzy\u0107 nowe produkty i us\u0142ugi oraz ulepsza\u0107 ju\u017c istniej\u0105ce. Robimy to wewn\u0119trznie, ale mo\u017cemy r\u00f3wnie\u017c zaoferowa\u0107 to jako us\u0142ug\u0119 lub w ramach partnerstwa.\r\n<h3>Partnerstwa<\/h3>\r\nDzi\u0119ki aktywnym badaniom i \u015bcis\u0142ej wsp\u00f3\u0142pracy z wiod\u0105cymi instytucjami akademickimi, innymi zewn\u0119trznymi organami badawczymi i ekspertami bran\u017cowymi, stale pozostajemy na szczycie naszej gry.\r\n\r\nTe powi\u0105zania z instytucjami zewn\u0119trznymi daj\u0105 nam r\u00f3wnie\u017c dodatkowy dost\u0119p do specjalistycznej wiedzy, sprz\u0119tu, technik i udogodnie\u0144, kt\u00f3re utrzymuj\u0105 Broadbent w czo\u0142\u00f3wce technologii separacji przemys\u0142owej.\r\n<h3>Uniwersytety<\/h3>\r\nWsp\u00f3\u0142pracujemy z wiod\u0105cymi uniwersytetami i instytucjami akademickimi, w tym z Wydzia\u0142em In\u017cynierii Uniwersytetu w Cambridge oraz Grup\u0105 Bada\u0144 Geotechnicznych i \u015arodowiskowych Uniwersytetu w Cambridge.","add_link":"","link":"","add_link_to_image":[],"show_button":[],"button_text":"","images":null,"images_style":"row"},{"col_image":"","col_title":"","add_title_background":"","col_text":"","add_link":"","link":"","add_link_to_image":[],"show_button":[],"button_text":"","images":[{"image":4854},{"image":5369}],"images_style":"column"}],"col_display":"two_col","images_full_width_of_column":"","show_large_text":"","line_1":"Zadzwo\u0144 do naszego zespo\u0142u ju\u017c dzi\u015b:","line_2":"+44 (0) 1484 477 236"},{"acf_fc_layout":"columns","id":"innovate","background":"grey","show_content_before_columns":["yes"],"title":"Innovate with us: <br \/>Lab Testing & Research","description":{"show_description":"","description_text":""},"content":"","column":[{"col_image":"","col_title":"","add_title_background":"","col_text":"","add_link":"","link":"","add_link_to_image":[],"show_button":[],"button_text":"","images":[{"image":4969}],"images_style":"column"},{"col_image":"","col_title":"","add_title_background":"","col_text":"<h3>Testy laboratoryjne<\/h3>\r\nJedn\u0105 z naszych rzadkich specjalno\u015bci jest zdolno\u015b\u0107 do tworzenia i projektowania unikalnych wir\u00f3wek, kt\u00f3re spe\u0142niaj\u0105 precyzyjne, indywidualne wymagania u\u017cytkownik\u00f3w system\u00f3w separacji na ca\u0142ym \u015bwiecie.\r\n\r\nNasz dzia\u0142 procesowy oferuje:\r\n\r\n- Wewn\u0119trzne testy proces\u00f3w w skali laboratoryjnej i pilota\u017cowej\r\n\r\n- Testy pilota\u017cowe w zak\u0142adzie klienta\r\n\r\n- Pe\u0142ne szkolenie na miejscu, uruchomienie procesu i us\u0142uga optymalizacji\r\n<h3>Skontaktuj si\u0119 z naszym zespo\u0142em ju\u017c dzi\u015b:\r\n+44<a href=\"tel:+441484477236\">(0) 1484 477 236<\/a><\/h3>","add_link":"","link":"","add_link_to_image":[],"show_button":[],"button_text":"","images":null,"images_style":"row"}],"col_display":"two_col","images_full_width_of_column":"","show_large_text":"","line_1":"Zadzwo\u0144 do naszego zespo\u0142u ju\u017c dzi\u015b:","line_2":"+44 (0) 1484 477 236"},{"acf_fc_layout":"shortcode_content","id":"contactform","background":"dark","show_content_before_rows":["yes"],"title":"Kontakt","description_to_the_side_of_title":{"show_description":"","description_text":""},"content":"","shortcode":"[contact-form-7 id=\"\" title=\"Formularz kontaktowy\"]"}]},"yoast_head":"<!-- This site is optimized with the Yoast SEO plugin v27.5 - https:\/\/yoast.com\/product\/yoast-seo-wordpress\/ -->\n<title>- Broadbent<\/title>\n<meta name=\"description\" content=\"Broadbent Lab Testing &amp; Proof of Concept: rozwi\u0105zywanie wyzwa\u0144 zwi\u0105zanych z separacj\u0105 proces\u00f3w dzi\u0119ki umiej\u0119tno\u015bciom, do\u015bwiadczeniu i etosowi naszego laboratorium procesowego.\" \/>\n<meta name=\"robots\" content=\"index, follow, max-snippet:-1, max-image-preview:large, max-video-preview:-1\" \/>\n<link rel=\"canonical\" href=\"https:\/\/broadbent.co.uk\/pl\/testy-laboratoryjne-i-weryfikacja-koncepcji\/\" \/>\n<meta property=\"og:locale\" content=\"pl_PL\" \/>\n<meta property=\"og:type\" content=\"article\" \/>\n<meta property=\"og:title\" content=\"- Broadbent\" \/>\n<meta property=\"og:description\" content=\"Broadbent Lab Testing &amp; Proof of Concept: rozwi\u0105zywanie wyzwa\u0144 zwi\u0105zanych z separacj\u0105 proces\u00f3w dzi\u0119ki umiej\u0119tno\u015bciom, do\u015bwiadczeniu i etosowi naszego laboratorium procesowego.\" \/>\n<meta property=\"og:url\" content=\"https:\/\/broadbent.co.uk\/pl\/testy-laboratoryjne-i-weryfikacja-koncepcji\/\" \/>\n<meta property=\"og:site_name\" content=\"Broadbent\" \/>\n<meta property=\"article:modified_time\" content=\"2025-06-16T15:07:10+00:00\" \/>\n<meta property=\"og:image\" content=\"https:\/\/broadbent.co.uk\/wp-content\/uploads\/2023\/12\/logo-broadbent.jpg\" \/>\n\t<meta property=\"og:image:width\" content=\"973\" \/>\n\t<meta property=\"og:image:height\" content=\"345\" \/>\n\t<meta property=\"og:image:type\" content=\"image\/jpeg\" \/>\n<meta name=\"twitter:card\" content=\"summary_large_image\" \/>\n<script type=\"application\/ld+json\" class=\"yoast-schema-graph\">{\"@context\":\"https:\\\/\\\/schema.org\",\"@graph\":[{\"@type\":\"WebPage\",\"@id\":\"https:\\\/\\\/broadbent.co.uk\\\/pl\\\/testy-laboratoryjne-i-weryfikacja-koncepcji\\\/\",\"url\":\"https:\\\/\\\/broadbent.co.uk\\\/pl\\\/testy-laboratoryjne-i-weryfikacja-koncepcji\\\/\",\"name\":\"- Broadbent\",\"isPartOf\":{\"@id\":\"https:\\\/\\\/broadbent.co.uk\\\/#website\"},\"datePublished\":\"2024-09-16T11:19:18+00:00\",\"dateModified\":\"2025-06-16T15:07:10+00:00\",\"description\":\"Broadbent Lab Testing & Proof of Concept: rozwi\u0105zywanie wyzwa\u0144 zwi\u0105zanych z separacj\u0105 proces\u00f3w dzi\u0119ki umiej\u0119tno\u015bciom, do\u015bwiadczeniu i etosowi naszego laboratorium procesowego.\",\"breadcrumb\":{\"@id\":\"https:\\\/\\\/broadbent.co.uk\\\/pl\\\/testy-laboratoryjne-i-weryfikacja-koncepcji\\\/#breadcrumb\"},\"inLanguage\":\"pl-PL\",\"potentialAction\":[{\"@type\":\"ReadAction\",\"target\":[\"https:\\\/\\\/broadbent.co.uk\\\/pl\\\/testy-laboratoryjne-i-weryfikacja-koncepcji\\\/\"]}]},{\"@type\":\"BreadcrumbList\",\"@id\":\"https:\\\/\\\/broadbent.co.uk\\\/pl\\\/testy-laboratoryjne-i-weryfikacja-koncepcji\\\/#breadcrumb\",\"itemListElement\":[{\"@type\":\"ListItem\",\"position\":1,\"name\":\"Home\",\"item\":\"https:\\\/\\\/broadbent.co.uk\\\/pl\\\/\"},{\"@type\":\"ListItem\",\"position\":2,\"name\":\"Testy laboratoryjne i weryfikacja koncepcji\"}]},{\"@type\":\"WebSite\",\"@id\":\"https:\\\/\\\/broadbent.co.uk\\\/#website\",\"url\":\"https:\\\/\\\/broadbent.co.uk\\\/\",\"name\":\"Broadbent\",\"description\":\"Thomas Broadbent - Centrifugal machines\",\"publisher\":{\"@id\":\"https:\\\/\\\/broadbent.co.uk\\\/#organization\"},\"alternateName\":\"Thomas Broadbent\",\"potentialAction\":[{\"@type\":\"SearchAction\",\"target\":{\"@type\":\"EntryPoint\",\"urlTemplate\":\"https:\\\/\\\/broadbent.co.uk\\\/?s={search_term_string}\"},\"query-input\":{\"@type\":\"PropertyValueSpecification\",\"valueRequired\":true,\"valueName\":\"search_term_string\"}}],\"inLanguage\":\"pl-PL\"},{\"@type\":\"Organization\",\"@id\":\"https:\\\/\\\/broadbent.co.uk\\\/#organization\",\"name\":\"Thomas Broadbent & Sons Ltd\",\"alternateName\":\"Broadbent\",\"url\":\"https:\\\/\\\/broadbent.co.uk\\\/\",\"logo\":{\"@type\":\"ImageObject\",\"inLanguage\":\"pl-PL\",\"@id\":\"https:\\\/\\\/broadbent.co.uk\\\/#\\\/schema\\\/logo\\\/image\\\/\",\"url\":\"https:\\\/\\\/broadbent.co.uk\\\/wp-content\\\/uploads\\\/2024\\\/09\\\/LogoLogoWorld-400x250-1.jpg\",\"contentUrl\":\"https:\\\/\\\/broadbent.co.uk\\\/wp-content\\\/uploads\\\/2024\\\/09\\\/LogoLogoWorld-400x250-1.jpg\",\"width\":400,\"height\":250,\"caption\":\"Thomas Broadbent & Sons Ltd\"},\"image\":{\"@id\":\"https:\\\/\\\/broadbent.co.uk\\\/#\\\/schema\\\/logo\\\/image\\\/\"},\"sameAs\":[\"https:\\\/\\\/www.linkedin.com\\\/company\\\/broadbent-centrifuges\\\/posts\\\/?feedView=all\"]}]}<\/script>\n<!-- \/ Yoast SEO plugin. -->","yoast_head_json":{"title":"- Broadbent","description":"Broadbent Lab Testing & Proof of Concept: rozwi\u0105zywanie wyzwa\u0144 zwi\u0105zanych z separacj\u0105 proces\u00f3w dzi\u0119ki umiej\u0119tno\u015bciom, do\u015bwiadczeniu i etosowi naszego laboratorium procesowego.","robots":{"index":"index","follow":"follow","max-snippet":"max-snippet:-1","max-image-preview":"max-image-preview:large","max-video-preview":"max-video-preview:-1"},"canonical":"https:\/\/broadbent.co.uk\/pl\/testy-laboratoryjne-i-weryfikacja-koncepcji\/","og_locale":"pl_PL","og_type":"article","og_title":"- Broadbent","og_description":"Broadbent Lab Testing & Proof of Concept: rozwi\u0105zywanie wyzwa\u0144 zwi\u0105zanych z separacj\u0105 proces\u00f3w dzi\u0119ki umiej\u0119tno\u015bciom, do\u015bwiadczeniu i etosowi naszego laboratorium procesowego.","og_url":"https:\/\/broadbent.co.uk\/pl\/testy-laboratoryjne-i-weryfikacja-koncepcji\/","og_site_name":"Broadbent","article_modified_time":"2025-06-16T15:07:10+00:00","og_image":[{"width":973,"height":345,"url":"https:\/\/broadbent.co.uk\/wp-content\/uploads\/2023\/12\/logo-broadbent.jpg","type":"image\/jpeg"}],"twitter_card":"summary_large_image","schema":{"@context":"https:\/\/schema.org","@graph":[{"@type":"WebPage","@id":"https:\/\/broadbent.co.uk\/pl\/testy-laboratoryjne-i-weryfikacja-koncepcji\/","url":"https:\/\/broadbent.co.uk\/pl\/testy-laboratoryjne-i-weryfikacja-koncepcji\/","name":"- Broadbent","isPartOf":{"@id":"https:\/\/broadbent.co.uk\/#website"},"datePublished":"2024-09-16T11:19:18+00:00","dateModified":"2025-06-16T15:07:10+00:00","description":"Broadbent Lab Testing & Proof of Concept: rozwi\u0105zywanie wyzwa\u0144 zwi\u0105zanych z separacj\u0105 proces\u00f3w dzi\u0119ki umiej\u0119tno\u015bciom, do\u015bwiadczeniu i etosowi naszego laboratorium procesowego.","breadcrumb":{"@id":"https:\/\/broadbent.co.uk\/pl\/testy-laboratoryjne-i-weryfikacja-koncepcji\/#breadcrumb"},"inLanguage":"pl-PL","potentialAction":[{"@type":"ReadAction","target":["https:\/\/broadbent.co.uk\/pl\/testy-laboratoryjne-i-weryfikacja-koncepcji\/"]}]},{"@type":"BreadcrumbList","@id":"https:\/\/broadbent.co.uk\/pl\/testy-laboratoryjne-i-weryfikacja-koncepcji\/#breadcrumb","itemListElement":[{"@type":"ListItem","position":1,"name":"Home","item":"https:\/\/broadbent.co.uk\/pl\/"},{"@type":"ListItem","position":2,"name":"Testy laboratoryjne i weryfikacja koncepcji"}]},{"@type":"WebSite","@id":"https:\/\/broadbent.co.uk\/#website","url":"https:\/\/broadbent.co.uk\/","name":"Broadbent","description":"Thomas Broadbent - Centrifugal machines","publisher":{"@id":"https:\/\/broadbent.co.uk\/#organization"},"alternateName":"Thomas Broadbent","potentialAction":[{"@type":"SearchAction","target":{"@type":"EntryPoint","urlTemplate":"https:\/\/broadbent.co.uk\/?s={search_term_string}"},"query-input":{"@type":"PropertyValueSpecification","valueRequired":true,"valueName":"search_term_string"}}],"inLanguage":"pl-PL"},{"@type":"Organization","@id":"https:\/\/broadbent.co.uk\/#organization","name":"Thomas Broadbent & Sons Ltd","alternateName":"Broadbent","url":"https:\/\/broadbent.co.uk\/","logo":{"@type":"ImageObject","inLanguage":"pl-PL","@id":"https:\/\/broadbent.co.uk\/#\/schema\/logo\/image\/","url":"https:\/\/broadbent.co.uk\/wp-content\/uploads\/2024\/09\/LogoLogoWorld-400x250-1.jpg","contentUrl":"https:\/\/broadbent.co.uk\/wp-content\/uploads\/2024\/09\/LogoLogoWorld-400x250-1.jpg","width":400,"height":250,"caption":"Thomas Broadbent & Sons Ltd"},"image":{"@id":"https:\/\/broadbent.co.uk\/#\/schema\/logo\/image\/"},"sameAs":["https:\/\/www.linkedin.com\/company\/broadbent-centrifuges\/posts\/?feedView=all"]}]}},"_links":{"self":[{"href":"https:\/\/broadbent.co.uk\/pl\/wp-json\/wp\/v2\/pages\/6922","targetHints":{"allow":["GET"]}}],"collection":[{"href":"https:\/\/broadbent.co.uk\/pl\/wp-json\/wp\/v2\/pages"}],"about":[{"href":"https:\/\/broadbent.co.uk\/pl\/wp-json\/wp\/v2\/types\/page"}],"author":[{"embeddable":true,"href":"https:\/\/broadbent.co.uk\/pl\/wp-json\/wp\/v2\/users\/6"}],"replies":[{"embeddable":true,"href":"https:\/\/broadbent.co.uk\/pl\/wp-json\/wp\/v2\/comments?post=6922"}],"version-history":[{"count":1,"href":"https:\/\/broadbent.co.uk\/pl\/wp-json\/wp\/v2\/pages\/6922\/revisions"}],"predecessor-version":[{"id":6961,"href":"https:\/\/broadbent.co.uk\/pl\/wp-json\/wp\/v2\/pages\/6922\/revisions\/6961"}],"wp:attachment":[{"href":"https:\/\/broadbent.co.uk\/pl\/wp-json\/wp\/v2\/media?parent=6922"}],"curies":[{"name":"wp","href":"https:\/\/api.w.org\/{rel}","templated":true}]}}