{"id":6924,"date":"2024-09-08T16:14:19","date_gmt":"2024-09-08T15:14:19","guid":{"rendered":"https:\/\/broadbent.co.uk\/rekrutacja\/"},"modified":"2025-06-16T16:16:30","modified_gmt":"2025-06-16T15:16:30","slug":"rekrutacja","status":"publish","type":"page","link":"https:\/\/broadbent.co.uk\/pl\/rekrutacja\/","title":{"rendered":"Rekrutacja"},"content":{"rendered":"","protected":false},"excerpt":{"rendered":"","protected":false},"author":1,"featured_media":0,"parent":0,"menu_order":0,"comment_status":"closed","ping_status":"closed","template":"","meta":{"_acf_changed":false,"footnotes":""},"class_list":["post-6924","page","type-page","status-publish","hentry"],"acf":{"content":[{"acf_fc_layout":"hero_content_v3","id":"hero","hero-slide-v2":[{"title":"Do\u0142\u0105cz do Broadbent's","text":"Broadbent's to dziedzictwo innowacji i doskona\u0142o\u015bci. Je\u015bli jeste\u015b pasjonatem in\u017cynierii i stawiasz na jako\u015b\u0107, rozwa\u017c do\u0142\u0105czenie do naszego zespo\u0142u wykwalifikowanych specjalist\u00f3w. Razem b\u0119dziemy kszta\u0142towa\u0107 przysz\u0142o\u015b\u0107 standard\u00f3w bran\u017cowych.  ","button":"yes","button_text":"Wy\u015blij nam swoje CV","button_link":"#CV","background_image":5929}]},{"acf_fc_layout":"rows","id":"","background":"grey","show_content_before_rows":["yes"],"title":"Dzie\u0144 z \u017cycia Broadbenta","description":{"show_description":["yes"],"description_text":"Zesp\u00f3\u0142 Broadbent sk\u0142ada si\u0119 z oko\u0142o 140 os\u00f3b z ogromnym bogactwem umiej\u0119tno\u015bci, wiedzy, do\u015bwiadczenia i wgl\u0105du. Co wa\u017cne, nasi pracownicy s\u0105 r\u00f3wnie\u017c zaanga\u017cowani we wspieranie naszych klient\u00f3w i rozwi\u0105zywanie ich problem\u00f3w zwi\u0105zanych z procesami. "},"content":"","row":[{"box":[{"style":"column","width":"1\/2","image":6079,"title":"","add_title_background":"","text":"","text_style":"standard","show_checklist":"","checklist":null,"show_buttons":"","button_link":"","button_text":""},{"style":"column","width":"1\/2","image":"","title":"","add_title_background":"","text":"Do\u015bwiadczenie Broadbent obejmuje wszystkie g\u0142\u00f3wne dyscypliny, w tym in\u017cynieri\u0119 procesow\u0105, projektowanie mechaniczne i elektryczne, sterowanie przemys\u0142owe i in\u017cynieri\u0119 produkcji. Inwestujemy r\u00f3wnie\u017c w nasz\u0105 baz\u0119 umiej\u0119tno\u015bci dzi\u0119ki ci\u0105g\u0142emu programowi praktyk rzemie\u015blniczych.\r\n\r\nNasze zespo\u0142y in\u017cynieryjne mog\u0105 obs\u0142ugiwa\u0107 projekty na du\u017c\u0105 skal\u0119 zwi\u0105zane z instalacj\u0105 kompletnych baterii wir\u00f3wek oraz specyfikacj\u0105 i dostaw\u0105 urz\u0105dze\u0144 pomocniczych, takich jak konstrukcje wsporcze, zbiorniki zasilaj\u0105ce, przeno\u015bniki i pompy itp.","text_style":"standard","show_checklist":"","checklist":null,"show_buttons":"","button_link":"","button_text":""}],"vertical_alignment":"top"},{"box":[{"style":"column","width":"1","image":"","title":"","add_title_background":"","text":"","text_style":"standard","show_checklist":["yes"],"checklist":[{"checklist_item":"Role w 4-dniowym tygodniu"},{"checklist_item":"Emerytura firmowa"},{"checklist_item":"Firma rodzinna"},{"checklist_item":"Mo\u017cliwo\u015bci awansu"},{"checklist_item":"Nagradzana opieka zdrowotna"},{"checklist_item":"Konkurencyjne wynagrodzenia"},{"checklist_item":"160 lat w biznesie"},{"checklist_item":"Parking w centrum miasta"}],"show_buttons":"","button_link":"","button_text":""}],"vertical_alignment":"top"}]},{"acf_fc_layout":"vacancies","background":"dark","show_content_before_vacancies":["yes"],"title":"Wakaty","description":{"show_description":"","description_text":""},"content":"","vacancies":null},{"acf_fc_layout":"shortcode_content","id":"CV","background":"light:","show_content_before_rows":["yes"],"title":"Wy\u015blij nam swoje CV","description_to_the_side_of_title":{"show_description":"","description_text":""},"content":"","shortcode":"[contact-form-7 id=\"\" title=\"Wy\u015blij formularz CV\"]"},{"acf_fc_layout":"columns","id":"","background":"light:","show_content_before_columns":["yes"],"title":"Akredytacje","description":{"show_description":"","description_text":""},"content":"","column":[{"col_image":4924,"col_title":"","add_title_background":"","col_text":"","add_link":"","link":"","add_link_to_image":[],"show_button":[],"button_text":"","images":null,"images_style":"row"},{"col_image":4929,"col_title":"","add_title_background":"","col_text":"","add_link":"","link":"","add_link_to_image":[],"show_button":[],"button_text":"","images":null,"images_style":"row"},{"col_image":4919,"col_title":"","add_title_background":"","col_text":"","add_link":"","link":"","add_link_to_image":[],"show_button":[],"button_text":"","images":null,"images_style":"row"},{"col_image":4934,"col_title":"","add_title_background":"","col_text":"","add_link":"","link":"","add_link_to_image":[],"show_button":[],"button_text":"","images":null,"images_style":"row"}],"col_display":"four_col","images_full_width_of_column":"","show_large_text":"","line_1":"","line_2":""},{"acf_fc_layout":"shortcode_content","id":"","background":"dark","show_content_before_rows":["yes"],"title":"Kontakt","description_to_the_side_of_title":{"show_description":"","description_text":""},"content":"","shortcode":"[contact-form-7 id=\"\" title=\"Formularz kontaktowy\"]"}]},"yoast_head":"<!-- This site is optimized with the Yoast SEO plugin v27.5 - https:\/\/yoast.com\/product\/yoast-seo-wordpress\/ -->\n<title>- Broadbent<\/title>\n<meta name=\"description\" content=\"Broadbent Recruitment: najnowsze oferty pracy i informacje o karierze od Broadbent, w tym jak ubiega\u0107 si\u0119 o nasze stanowiska pracy i praktyki.\" \/>\n<meta name=\"robots\" content=\"index, follow, max-snippet:-1, max-image-preview:large, max-video-preview:-1\" \/>\n<link rel=\"canonical\" href=\"https:\/\/broadbent.co.uk\/pl\/rekrutacja\/\" \/>\n<meta property=\"og:locale\" content=\"pl_PL\" \/>\n<meta property=\"og:type\" content=\"article\" \/>\n<meta property=\"og:title\" content=\"- Broadbent\" \/>\n<meta property=\"og:description\" content=\"Broadbent Recruitment: najnowsze oferty pracy i informacje o karierze od Broadbent, w tym jak ubiega\u0107 si\u0119 o nasze stanowiska pracy i praktyki.\" \/>\n<meta property=\"og:url\" content=\"https:\/\/broadbent.co.uk\/pl\/rekrutacja\/\" \/>\n<meta property=\"og:site_name\" content=\"Broadbent\" \/>\n<meta property=\"article:modified_time\" content=\"2025-06-16T15:16:30+00:00\" \/>\n<meta property=\"og:image\" content=\"https:\/\/broadbent.co.uk\/wp-content\/uploads\/2023\/12\/logo-broadbent.jpg\" \/>\n\t<meta property=\"og:image:width\" content=\"973\" \/>\n\t<meta property=\"og:image:height\" content=\"345\" \/>\n\t<meta property=\"og:image:type\" content=\"image\/jpeg\" \/>\n<meta name=\"twitter:card\" content=\"summary_large_image\" \/>\n<script type=\"application\/ld+json\" class=\"yoast-schema-graph\">{\"@context\":\"https:\\\/\\\/schema.org\",\"@graph\":[{\"@type\":\"WebPage\",\"@id\":\"https:\\\/\\\/broadbent.co.uk\\\/pl\\\/rekrutacja\\\/\",\"url\":\"https:\\\/\\\/broadbent.co.uk\\\/pl\\\/rekrutacja\\\/\",\"name\":\"- Broadbent\",\"isPartOf\":{\"@id\":\"https:\\\/\\\/broadbent.co.uk\\\/#website\"},\"datePublished\":\"2024-09-08T15:14:19+00:00\",\"dateModified\":\"2025-06-16T15:16:30+00:00\",\"description\":\"Broadbent Recruitment: najnowsze oferty pracy i informacje o karierze od Broadbent, w tym jak ubiega\u0107 si\u0119 o nasze stanowiska pracy i praktyki.\",\"breadcrumb\":{\"@id\":\"https:\\\/\\\/broadbent.co.uk\\\/pl\\\/rekrutacja\\\/#breadcrumb\"},\"inLanguage\":\"pl-PL\",\"potentialAction\":[{\"@type\":\"ReadAction\",\"target\":[\"https:\\\/\\\/broadbent.co.uk\\\/pl\\\/rekrutacja\\\/\"]}]},{\"@type\":\"BreadcrumbList\",\"@id\":\"https:\\\/\\\/broadbent.co.uk\\\/pl\\\/rekrutacja\\\/#breadcrumb\",\"itemListElement\":[{\"@type\":\"ListItem\",\"position\":1,\"name\":\"Home\",\"item\":\"https:\\\/\\\/broadbent.co.uk\\\/pl\\\/\"},{\"@type\":\"ListItem\",\"position\":2,\"name\":\"Rekrutacja\"}]},{\"@type\":\"WebSite\",\"@id\":\"https:\\\/\\\/broadbent.co.uk\\\/#website\",\"url\":\"https:\\\/\\\/broadbent.co.uk\\\/\",\"name\":\"Broadbent\",\"description\":\"Thomas Broadbent - Centrifugal machines\",\"publisher\":{\"@id\":\"https:\\\/\\\/broadbent.co.uk\\\/#organization\"},\"alternateName\":\"Thomas Broadbent\",\"potentialAction\":[{\"@type\":\"SearchAction\",\"target\":{\"@type\":\"EntryPoint\",\"urlTemplate\":\"https:\\\/\\\/broadbent.co.uk\\\/?s={search_term_string}\"},\"query-input\":{\"@type\":\"PropertyValueSpecification\",\"valueRequired\":true,\"valueName\":\"search_term_string\"}}],\"inLanguage\":\"pl-PL\"},{\"@type\":\"Organization\",\"@id\":\"https:\\\/\\\/broadbent.co.uk\\\/#organization\",\"name\":\"Thomas Broadbent & Sons Ltd\",\"alternateName\":\"Broadbent\",\"url\":\"https:\\\/\\\/broadbent.co.uk\\\/\",\"logo\":{\"@type\":\"ImageObject\",\"inLanguage\":\"pl-PL\",\"@id\":\"https:\\\/\\\/broadbent.co.uk\\\/#\\\/schema\\\/logo\\\/image\\\/\",\"url\":\"https:\\\/\\\/broadbent.co.uk\\\/wp-content\\\/uploads\\\/2024\\\/09\\\/LogoLogoWorld-400x250-1.jpg\",\"contentUrl\":\"https:\\\/\\\/broadbent.co.uk\\\/wp-content\\\/uploads\\\/2024\\\/09\\\/LogoLogoWorld-400x250-1.jpg\",\"width\":400,\"height\":250,\"caption\":\"Thomas Broadbent & Sons Ltd\"},\"image\":{\"@id\":\"https:\\\/\\\/broadbent.co.uk\\\/#\\\/schema\\\/logo\\\/image\\\/\"},\"sameAs\":[\"https:\\\/\\\/www.linkedin.com\\\/company\\\/broadbent-centrifuges\\\/posts\\\/?feedView=all\"]}]}<\/script>\n<!-- \/ Yoast SEO plugin. -->","yoast_head_json":{"title":"- Broadbent","description":"Broadbent Recruitment: najnowsze oferty pracy i informacje o karierze od Broadbent, w tym jak ubiega\u0107 si\u0119 o nasze stanowiska pracy i praktyki.","robots":{"index":"index","follow":"follow","max-snippet":"max-snippet:-1","max-image-preview":"max-image-preview:large","max-video-preview":"max-video-preview:-1"},"canonical":"https:\/\/broadbent.co.uk\/pl\/rekrutacja\/","og_locale":"pl_PL","og_type":"article","og_title":"- Broadbent","og_description":"Broadbent Recruitment: najnowsze oferty pracy i informacje o karierze od Broadbent, w tym jak ubiega\u0107 si\u0119 o nasze stanowiska pracy i praktyki.","og_url":"https:\/\/broadbent.co.uk\/pl\/rekrutacja\/","og_site_name":"Broadbent","article_modified_time":"2025-06-16T15:16:30+00:00","og_image":[{"width":973,"height":345,"url":"https:\/\/broadbent.co.uk\/wp-content\/uploads\/2023\/12\/logo-broadbent.jpg","type":"image\/jpeg"}],"twitter_card":"summary_large_image","schema":{"@context":"https:\/\/schema.org","@graph":[{"@type":"WebPage","@id":"https:\/\/broadbent.co.uk\/pl\/rekrutacja\/","url":"https:\/\/broadbent.co.uk\/pl\/rekrutacja\/","name":"- Broadbent","isPartOf":{"@id":"https:\/\/broadbent.co.uk\/#website"},"datePublished":"2024-09-08T15:14:19+00:00","dateModified":"2025-06-16T15:16:30+00:00","description":"Broadbent Recruitment: najnowsze oferty pracy i informacje o karierze od Broadbent, w tym jak ubiega\u0107 si\u0119 o nasze stanowiska pracy i praktyki.","breadcrumb":{"@id":"https:\/\/broadbent.co.uk\/pl\/rekrutacja\/#breadcrumb"},"inLanguage":"pl-PL","potentialAction":[{"@type":"ReadAction","target":["https:\/\/broadbent.co.uk\/pl\/rekrutacja\/"]}]},{"@type":"BreadcrumbList","@id":"https:\/\/broadbent.co.uk\/pl\/rekrutacja\/#breadcrumb","itemListElement":[{"@type":"ListItem","position":1,"name":"Home","item":"https:\/\/broadbent.co.uk\/pl\/"},{"@type":"ListItem","position":2,"name":"Rekrutacja"}]},{"@type":"WebSite","@id":"https:\/\/broadbent.co.uk\/#website","url":"https:\/\/broadbent.co.uk\/","name":"Broadbent","description":"Thomas Broadbent - Centrifugal machines","publisher":{"@id":"https:\/\/broadbent.co.uk\/#organization"},"alternateName":"Thomas Broadbent","potentialAction":[{"@type":"SearchAction","target":{"@type":"EntryPoint","urlTemplate":"https:\/\/broadbent.co.uk\/?s={search_term_string}"},"query-input":{"@type":"PropertyValueSpecification","valueRequired":true,"valueName":"search_term_string"}}],"inLanguage":"pl-PL"},{"@type":"Organization","@id":"https:\/\/broadbent.co.uk\/#organization","name":"Thomas Broadbent & Sons Ltd","alternateName":"Broadbent","url":"https:\/\/broadbent.co.uk\/","logo":{"@type":"ImageObject","inLanguage":"pl-PL","@id":"https:\/\/broadbent.co.uk\/#\/schema\/logo\/image\/","url":"https:\/\/broadbent.co.uk\/wp-content\/uploads\/2024\/09\/LogoLogoWorld-400x250-1.jpg","contentUrl":"https:\/\/broadbent.co.uk\/wp-content\/uploads\/2024\/09\/LogoLogoWorld-400x250-1.jpg","width":400,"height":250,"caption":"Thomas Broadbent & Sons Ltd"},"image":{"@id":"https:\/\/broadbent.co.uk\/#\/schema\/logo\/image\/"},"sameAs":["https:\/\/www.linkedin.com\/company\/broadbent-centrifuges\/posts\/?feedView=all"]}]}},"_links":{"self":[{"href":"https:\/\/broadbent.co.uk\/pl\/wp-json\/wp\/v2\/pages\/6924","targetHints":{"allow":["GET"]}}],"collection":[{"href":"https:\/\/broadbent.co.uk\/pl\/wp-json\/wp\/v2\/pages"}],"about":[{"href":"https:\/\/broadbent.co.uk\/pl\/wp-json\/wp\/v2\/types\/page"}],"author":[{"embeddable":true,"href":"https:\/\/broadbent.co.uk\/pl\/wp-json\/wp\/v2\/users\/1"}],"replies":[{"embeddable":true,"href":"https:\/\/broadbent.co.uk\/pl\/wp-json\/wp\/v2\/comments?post=6924"}],"version-history":[{"count":2,"href":"https:\/\/broadbent.co.uk\/pl\/wp-json\/wp\/v2\/pages\/6924\/revisions"}],"predecessor-version":[{"id":6967,"href":"https:\/\/broadbent.co.uk\/pl\/wp-json\/wp\/v2\/pages\/6924\/revisions\/6967"}],"wp:attachment":[{"href":"https:\/\/broadbent.co.uk\/pl\/wp-json\/wp\/v2\/media?parent=6924"}],"curies":[{"name":"wp","href":"https:\/\/api.w.org\/{rel}","templated":true}]}}