{"id":6925,"date":"2023-12-29T09:55:00","date_gmt":"2023-12-29T09:55:00","guid":{"rendered":"https:\/\/broadbent.co.uk\/nasza-historia\/"},"modified":"2025-06-16T14:12:22","modified_gmt":"2025-06-16T13:12:22","slug":"nasza-historia","status":"publish","type":"page","link":"https:\/\/broadbent.co.uk\/pl\/nasza-historia\/","title":{"rendered":"Nasza historia"},"content":{"rendered":"","protected":false},"excerpt":{"rendered":"","protected":false},"author":1,"featured_media":0,"parent":0,"menu_order":0,"comment_status":"closed","ping_status":"closed","template":"","meta":{"_acf_changed":false,"footnotes":""},"class_list":["post-6925","page","type-page","status-publish","hentry"],"acf":{"content":[{"acf_fc_layout":"heading_block","id":"","slide":[{"background":"dark","title_heading":"h3","title":"Thomas Broadbents Established in 1864 - 160 years and counting","title_font_size":"du\u017cy","title_text_align":"centre","show_content":[],"content":"","content_align":"left","show_background_image":"","background_image":null,"show_divider":"","text_below":{"show_text_below":"","show_buttons":"","buttons":null,"button_align":"left","text_columns":null},"vertical_align":"top"}]},{"acf_fc_layout":"timeline_block","event":[{"year":"1864","title":"Aged 31","subtitle":"","description":"Thomas Broadbent zak\u0142ada w\u0142asn\u0105 firm\u0119 jako in\u017cynier i m\u0142ynarz w skromnym warsztacie w Huddersfield w hrabstwie West Yorkshire.","image":4984,"alignment":"left"},{"year":"1870","title":"1st Centrifuge","subtitle":"","description":"Thomas Broadbent produkuje pierwsz\u0105 wir\u00f3wk\u0119 do ekstrakcji wody z pranej we\u0142ny i tkanin.","image":5004,"alignment":"right"},{"year":"1874","title":"Steam engines","subtitle":"","description":"Du\u017ce silniki parowe do nap\u0119dzania zak\u0142ad\u00f3w w\u0142\u00f3kienniczych.","image":4989,"alignment":"left"},{"year":"1875","title":"1st steam-driven Hydro-Extractor.","subtitle":"","description":"Korona przyznaje Thomasowi patent na pierwszy w historii nap\u0119dzany par\u0105 Hydro-Extractor.","image":4994,"alignment":"right"},{"year":"1880","title":"Thomas Broadbent dies","subtitle":"","description":"Thomas umiera w wieku 47 lat. Jego \u017cona, Ellen, z powodzeniem prowadzi firm\u0119 samodzielnie, dop\u00f3ki ich synowie, William i Horace, nie s\u0105 w stanie jej przej\u0105\u0107. ","image":5084,"alignment":"left"},{"year":"1888 - 1889","title":"Melbourne exhibition","subtitle":"","description":"Horace Broadbent uczestniczy w mi\u0119dzynarodowej wystawie stulecia w Melbourne.","image":4999,"alignment":"right"},{"year":"1895","title":"Thomas Broadbent & Sons Ltd","subtitle":"","description":"Firma zosta\u0142a oficjalnie zarejestrowana jako Thomas Broadbent & Sons Ltd.. Firma produkuje pierwsz\u0105 w historii elektrycznie nap\u0119dzan\u0105 ekstraktor od\u015brodkowy i sprzedaje pierwsze wir\u00f3wki do cukru. ","image":5009,"alignment":"left"},{"year":"1901","title":"A new type 4 machine","subtitle":"","description":"Horace Broadbent opatentowa\u0142 innowacyjn\u0105 maszyn\u0119 typu 4 ze sprz\u0119g\u0142ami od\u015brodkowymi (prekursor wielu sprz\u0119gie\u0142 nap\u0119dowych u\u017cywanych do dzi\u015b).","image":5014,"alignment":"right"},{"year":"1914 - 1945","title":"Supporting the WWII effort","subtitle":"","description":"Broadbent produkowa\u0142 wir\u00f3wki do produkcji materia\u0142\u00f3w wybuchowych i chemikali\u00f3w. Zatrudniaj\u0105c 500 wykwalifikowanych pracownik\u00f3w, firmie zlecono r\u00f3wnie\u017c wsparcie dzia\u0142a\u0144 wojennych poprzez produkcj\u0119 podno\u015bnik\u00f3w amunicji i \u0142odzi podwodnych. ","image":5019,"alignment":"left"},{"year":"1930 - 1932","title":"Centrifuges for the laundry industry","subtitle":"","description":"Po raz pierwszy wprowadzono wir\u00f3wki dla pralni i pralni chemicznych. Pierwszy w Wielkiej Brytanii ekstraktor zosta\u0142 wprowadzony do bran\u017cy pralni chemicznych - Bantam 7LB. ","image":5024,"alignment":"right"},{"year":"1937","title":"A new under-driven centrifuge","subtitle":"","description":"Broadbent instaluje pierwsz\u0105 wir\u00f3wk\u0119 podnap\u0119dow\u0105 dla przemys\u0142u tekstylnego - 36-calow\u0105 Jelly Belly 39. Nowa generacja wir\u00f3wek podnap\u0119dowych, kt\u00f3re poprawi\u0142yby wydajno\u015b\u0107 przemys\u0142u tekstylnego. ","image":5029,"alignment":"left"},{"year":"1939 - 1945","title":"The main manufacturer of the X-craft ","subtitle":"","description":"Broadbent by\u0142 g\u0142\u00f3wnym producentem ma\u0142ych jednosilnikowych morskich \u0142odzi podwodnych X-craft.\n\n4000 lekkich miotaczy bomb BlackBombard.\n\n2490 2-funtowych dzia\u0142 przeciwczo\u0142gowych MK10 produkowanych miesi\u0119cznie.","image":5034,"alignment":"right"},{"year":"1948","title":"Mobile Mounted laundry","subtitle":"","description":"Wyprodukowano pierwszy spr\u0119\u017cynowy, wysokoobrotowy ekstraktor spryskiwaczy.","image":5039,"alignment":"left"},{"year":"1959","title":"Fully Automated","subtitle":"","description":"W pe\u0142ni zautomatyzowane maszyny do karmienia i orki.","image":5074,"alignment":"right"},{"year":"1960 - 1970","title":"JBW horizontal drums installed","subtitle":"","description":"Poziome pralki automatyczne typu b\u0119bnowego JBW instalowane w wi\u0119kszo\u015bci pralni komercyjnych.","image":5079,"alignment":"left"},{"year":"1964","title":"A Centenary invite","subtitle":"","description":"Broadbent's \u015bwi\u0119tuje swoje stulecie, zapraszaj\u0105c pracownik\u00f3w na wycieczk\u0119 poci\u0105giem na wschodnie wybrze\u017ce.","image":5049,"alignment":"right"},{"year":"1980 - 1990","title":"Manufacturer Partnerships","subtitle":"","description":"Partnerstwo ze starannie wybranymi producentami w celu zaoferowania pe\u0142nej gamy urz\u0105dze\u0144 i sprz\u0119tu dla sektora pralniczego.","image":5054,"alignment":"left"},{"year":"1990","title":"Geo-Tech","subtitle":"","description":"Badania i produkcja geotechnicznych belek od\u015brodkowych.","image":5059,"alignment":"right"},{"year":"2000's","title":"Capacities up to 60 T\/H","subtitle":"","description":"Wydajno\u015b\u0107 wir\u00f3wek wsadowych do cukru si\u0119ga 60 T\/H.","image":5064,"alignment":"left"},{"year":"2010 - 2020","title":"Global expansion","subtitle":"","description":"Globalna ekspansja w USA, Tajlandii, Chinach i Indiach.","image":5069,"alignment":"right"}]},{"acf_fc_layout":"video","id":"","embed_code":"<iframe src=\"https:\/\/player.vimeo.com\/video\/1075612571?h=a59a2f5423\" width=\"640\" height=\"360\" frameborder=\"0\" allow=\"autoplay; fullscreen; picture-in-picture\" allowfullscreen><\/iframe>"}]},"yoast_head":"<!-- This site is optimized with the Yoast SEO plugin v27.4 - https:\/\/yoast.com\/product\/yoast-seo-wordpress\/ -->\n<title>- Broadbent<\/title>\n<meta name=\"description\" content=\"Broadbent - Nasza historia: historia firmy Broadbent, w tym o\u015b czasu. Thomas Broadbent za\u0142o\u017cy\u0142 firm\u0119 w Huddersfield w 1864 roku, w wieku 31 lat.\" \/>\n<meta name=\"robots\" content=\"index, follow, max-snippet:-1, max-image-preview:large, max-video-preview:-1\" \/>\n<link rel=\"canonical\" href=\"https:\/\/broadbent.co.uk\/pl\/nasza-historia\/\" \/>\n<meta property=\"og:locale\" content=\"pl_PL\" \/>\n<meta property=\"og:type\" content=\"article\" \/>\n<meta property=\"og:title\" content=\"- Broadbent\" \/>\n<meta property=\"og:description\" content=\"Broadbent - Nasza historia: historia firmy Broadbent, w tym o\u015b czasu. Thomas Broadbent za\u0142o\u017cy\u0142 firm\u0119 w Huddersfield w 1864 roku, w wieku 31 lat.\" \/>\n<meta property=\"og:url\" content=\"https:\/\/broadbent.co.uk\/pl\/nasza-historia\/\" \/>\n<meta property=\"og:site_name\" content=\"Broadbent\" \/>\n<meta property=\"article:modified_time\" content=\"2025-06-16T13:12:22+00:00\" \/>\n<meta property=\"og:image\" content=\"https:\/\/broadbent.co.uk\/wp-content\/uploads\/2023\/12\/logo-broadbent.jpg\" \/>\n\t<meta property=\"og:image:width\" content=\"973\" \/>\n\t<meta property=\"og:image:height\" content=\"345\" \/>\n\t<meta property=\"og:image:type\" content=\"image\/jpeg\" \/>\n<meta name=\"twitter:card\" content=\"summary_large_image\" \/>\n<script type=\"application\/ld+json\" class=\"yoast-schema-graph\">{\"@context\":\"https:\\\/\\\/schema.org\",\"@graph\":[{\"@type\":\"WebPage\",\"@id\":\"https:\\\/\\\/broadbent.co.uk\\\/pl\\\/nasza-historia\\\/\",\"url\":\"https:\\\/\\\/broadbent.co.uk\\\/pl\\\/nasza-historia\\\/\",\"name\":\"- Broadbent\",\"isPartOf\":{\"@id\":\"https:\\\/\\\/broadbent.co.uk\\\/#website\"},\"datePublished\":\"2023-12-29T09:55:00+00:00\",\"dateModified\":\"2025-06-16T13:12:22+00:00\",\"description\":\"Broadbent - Nasza historia: historia firmy Broadbent, w tym o\u015b czasu. Thomas Broadbent za\u0142o\u017cy\u0142 firm\u0119 w Huddersfield w 1864 roku, w wieku 31 lat.\",\"breadcrumb\":{\"@id\":\"https:\\\/\\\/broadbent.co.uk\\\/pl\\\/nasza-historia\\\/#breadcrumb\"},\"inLanguage\":\"pl-PL\",\"potentialAction\":[{\"@type\":\"ReadAction\",\"target\":[\"https:\\\/\\\/broadbent.co.uk\\\/pl\\\/nasza-historia\\\/\"]}]},{\"@type\":\"BreadcrumbList\",\"@id\":\"https:\\\/\\\/broadbent.co.uk\\\/pl\\\/nasza-historia\\\/#breadcrumb\",\"itemListElement\":[{\"@type\":\"ListItem\",\"position\":1,\"name\":\"Home\",\"item\":\"https:\\\/\\\/broadbent.co.uk\\\/pl\\\/\"},{\"@type\":\"ListItem\",\"position\":2,\"name\":\"Nasza historia\"}]},{\"@type\":\"WebSite\",\"@id\":\"https:\\\/\\\/broadbent.co.uk\\\/#website\",\"url\":\"https:\\\/\\\/broadbent.co.uk\\\/\",\"name\":\"Broadbent\",\"description\":\"Thomas Broadbent - Centrifugal machines\",\"publisher\":{\"@id\":\"https:\\\/\\\/broadbent.co.uk\\\/#organization\"},\"alternateName\":\"Thomas Broadbent\",\"potentialAction\":[{\"@type\":\"SearchAction\",\"target\":{\"@type\":\"EntryPoint\",\"urlTemplate\":\"https:\\\/\\\/broadbent.co.uk\\\/?s={search_term_string}\"},\"query-input\":{\"@type\":\"PropertyValueSpecification\",\"valueRequired\":true,\"valueName\":\"search_term_string\"}}],\"inLanguage\":\"pl-PL\"},{\"@type\":\"Organization\",\"@id\":\"https:\\\/\\\/broadbent.co.uk\\\/#organization\",\"name\":\"Thomas Broadbent & Sons Ltd\",\"alternateName\":\"Broadbent\",\"url\":\"https:\\\/\\\/broadbent.co.uk\\\/\",\"logo\":{\"@type\":\"ImageObject\",\"inLanguage\":\"pl-PL\",\"@id\":\"https:\\\/\\\/broadbent.co.uk\\\/#\\\/schema\\\/logo\\\/image\\\/\",\"url\":\"https:\\\/\\\/broadbent.co.uk\\\/wp-content\\\/uploads\\\/2024\\\/09\\\/LogoLogoWorld-400x250-1.jpg\",\"contentUrl\":\"https:\\\/\\\/broadbent.co.uk\\\/wp-content\\\/uploads\\\/2024\\\/09\\\/LogoLogoWorld-400x250-1.jpg\",\"width\":400,\"height\":250,\"caption\":\"Thomas Broadbent & Sons Ltd\"},\"image\":{\"@id\":\"https:\\\/\\\/broadbent.co.uk\\\/#\\\/schema\\\/logo\\\/image\\\/\"},\"sameAs\":[\"https:\\\/\\\/www.linkedin.com\\\/company\\\/broadbent-centrifuges\\\/posts\\\/?feedView=all\"]}]}<\/script>\n<!-- \/ Yoast SEO plugin. -->","yoast_head_json":{"title":"- Broadbent","description":"Broadbent - Nasza historia: historia firmy Broadbent, w tym o\u015b czasu. Thomas Broadbent za\u0142o\u017cy\u0142 firm\u0119 w Huddersfield w 1864 roku, w wieku 31 lat.","robots":{"index":"index","follow":"follow","max-snippet":"max-snippet:-1","max-image-preview":"max-image-preview:large","max-video-preview":"max-video-preview:-1"},"canonical":"https:\/\/broadbent.co.uk\/pl\/nasza-historia\/","og_locale":"pl_PL","og_type":"article","og_title":"- Broadbent","og_description":"Broadbent - Nasza historia: historia firmy Broadbent, w tym o\u015b czasu. Thomas Broadbent za\u0142o\u017cy\u0142 firm\u0119 w Huddersfield w 1864 roku, w wieku 31 lat.","og_url":"https:\/\/broadbent.co.uk\/pl\/nasza-historia\/","og_site_name":"Broadbent","article_modified_time":"2025-06-16T13:12:22+00:00","og_image":[{"width":973,"height":345,"url":"https:\/\/broadbent.co.uk\/wp-content\/uploads\/2023\/12\/logo-broadbent.jpg","type":"image\/jpeg"}],"twitter_card":"summary_large_image","schema":{"@context":"https:\/\/schema.org","@graph":[{"@type":"WebPage","@id":"https:\/\/broadbent.co.uk\/pl\/nasza-historia\/","url":"https:\/\/broadbent.co.uk\/pl\/nasza-historia\/","name":"- Broadbent","isPartOf":{"@id":"https:\/\/broadbent.co.uk\/#website"},"datePublished":"2023-12-29T09:55:00+00:00","dateModified":"2025-06-16T13:12:22+00:00","description":"Broadbent - Nasza historia: historia firmy Broadbent, w tym o\u015b czasu. Thomas Broadbent za\u0142o\u017cy\u0142 firm\u0119 w Huddersfield w 1864 roku, w wieku 31 lat.","breadcrumb":{"@id":"https:\/\/broadbent.co.uk\/pl\/nasza-historia\/#breadcrumb"},"inLanguage":"pl-PL","potentialAction":[{"@type":"ReadAction","target":["https:\/\/broadbent.co.uk\/pl\/nasza-historia\/"]}]},{"@type":"BreadcrumbList","@id":"https:\/\/broadbent.co.uk\/pl\/nasza-historia\/#breadcrumb","itemListElement":[{"@type":"ListItem","position":1,"name":"Home","item":"https:\/\/broadbent.co.uk\/pl\/"},{"@type":"ListItem","position":2,"name":"Nasza historia"}]},{"@type":"WebSite","@id":"https:\/\/broadbent.co.uk\/#website","url":"https:\/\/broadbent.co.uk\/","name":"Broadbent","description":"Thomas Broadbent - Centrifugal machines","publisher":{"@id":"https:\/\/broadbent.co.uk\/#organization"},"alternateName":"Thomas Broadbent","potentialAction":[{"@type":"SearchAction","target":{"@type":"EntryPoint","urlTemplate":"https:\/\/broadbent.co.uk\/?s={search_term_string}"},"query-input":{"@type":"PropertyValueSpecification","valueRequired":true,"valueName":"search_term_string"}}],"inLanguage":"pl-PL"},{"@type":"Organization","@id":"https:\/\/broadbent.co.uk\/#organization","name":"Thomas Broadbent & Sons Ltd","alternateName":"Broadbent","url":"https:\/\/broadbent.co.uk\/","logo":{"@type":"ImageObject","inLanguage":"pl-PL","@id":"https:\/\/broadbent.co.uk\/#\/schema\/logo\/image\/","url":"https:\/\/broadbent.co.uk\/wp-content\/uploads\/2024\/09\/LogoLogoWorld-400x250-1.jpg","contentUrl":"https:\/\/broadbent.co.uk\/wp-content\/uploads\/2024\/09\/LogoLogoWorld-400x250-1.jpg","width":400,"height":250,"caption":"Thomas Broadbent & Sons Ltd"},"image":{"@id":"https:\/\/broadbent.co.uk\/#\/schema\/logo\/image\/"},"sameAs":["https:\/\/www.linkedin.com\/company\/broadbent-centrifuges\/posts\/?feedView=all"]}]}},"_links":{"self":[{"href":"https:\/\/broadbent.co.uk\/pl\/wp-json\/wp\/v2\/pages\/6925","targetHints":{"allow":["GET"]}}],"collection":[{"href":"https:\/\/broadbent.co.uk\/pl\/wp-json\/wp\/v2\/pages"}],"about":[{"href":"https:\/\/broadbent.co.uk\/pl\/wp-json\/wp\/v2\/types\/page"}],"author":[{"embeddable":true,"href":"https:\/\/broadbent.co.uk\/pl\/wp-json\/wp\/v2\/users\/1"}],"replies":[{"embeddable":true,"href":"https:\/\/broadbent.co.uk\/pl\/wp-json\/wp\/v2\/comments?post=6925"}],"version-history":[{"count":1,"href":"https:\/\/broadbent.co.uk\/pl\/wp-json\/wp\/v2\/pages\/6925\/revisions"}],"predecessor-version":[{"id":6926,"href":"https:\/\/broadbent.co.uk\/pl\/wp-json\/wp\/v2\/pages\/6925\/revisions\/6926"}],"wp:attachment":[{"href":"https:\/\/broadbent.co.uk\/pl\/wp-json\/wp\/v2\/media?parent=6925"}],"curies":[{"name":"wp","href":"https:\/\/api.w.org\/{rel}","templated":true}]}}